{"id":137,"date":"2020-01-15T17:56:15","date_gmt":"2020-01-15T08:56:15","guid":{"rendered":"https:\/\/nikkeischolarship.org\/es\/?page_id=137"},"modified":"2020-01-16T16:49:20","modified_gmt":"2020-01-16T07:49:20","slug":"oubo206","status":"publish","type":"page","link":"https:\/\/nikkeischolarship.org\/es\/oubo206\/","title":{"rendered":"Sobre estudio en Jap\u00f3n"},"content":{"rendered":"\n<h3 class=\"midashi02\"><font color=\"#FFFFFF\">Para estudiar en universidad, curso de post-grado o esculea especializada en Jap\u00f3n <\/font><\/h3>\n\n\n\n<p>En Jap\u00f3n un a\u00f1o escolar generalmente empieza en abril y termina en marzo del a\u00f1o siguiente. En la mayor\u00eda de las universidades o las escuelas especializadas japonesas, se ingresan en abril. En algunos cursos de post-grado, se pueden ingresar en septiembre o octubre. <br>\nPara ingresar en las universidades (facultades), las universidades de carrera corta o las escuelas especializadas japonesas, por principio, es necesario terminar el ciclo total de estudios de 12 a\u00f1os en ense\u00f1anza escolar regular. Aun cuando no ha cumplido los 12 a\u00f1os el ciclo de estudios en ense\u00f1anza escolar terminado en el pa\u00eds natal, es posible obtener el t\u00edtulo de ingresar en una universidad japonesa a trav\u00e9s de terminar antes del ingreso en esa universidad el ciclo de estudios en una esculea, como escuela del idioma japon\u00e9s, con curso de ense\u00f1anza preparatoria designada por el ministro de educaci\u00f3n, cultura, deporte, ciencia y tecnolog\u00eda de Jap\u00f3n.<br>\nRecientemente se est\u00e1 aumentando el n\u00famero de las universidades (facultades) en que se puede estudiar en el ingl\u00e9s. Sin embargo, en la mayor\u00eda se dan clases en el japon\u00e9s. Por lo tanto, es necesario probar que el cantidado tiene una capacidad del idioma japon\u00e9s de alto nivel, o sea, una m\u00e1s alta del grado Nivel 2 del Examen de Proficiencia de la Lengua Japonesa, a la hora de presentarse al examen de ingreso en la universidad. En el Nikkei Scholarship se puede aprender el idioma japon\u00e9s por 1 a\u00f1o como m\u00e1ximo despu\u00e9s de la llegada al Jap\u00f3n. Pero, es muy dif\u00edcil de alcanzar el Nivel 2 de dicho Examen dentro de menos de 1 a\u00f1o, si llega al Jap\u00f3n sin ninguna capacidad del idioma japon\u00e9s. Ser\u00e1 necesario para una persona que desee ingresar en una universidad (facultades) con cursos en el idioma japon\u00e9s estudiar bien el idioma japon\u00e9s antes de la llegada al Jap\u00f3n.  <br>\nPara ingresar en el curso de post-grado (master), generalmente es necesario terminar el ciclo total de estudios de 16 a\u00f1os en ense\u00f1anza escolar. En Jap\u00f3n, hay muchos cursos de estudios de post-grado (master y\/o doctorado) en que se puede apredner en el idioma ingl\u00e9s. Por lo tanto, en tales cursos no necesariamente se requiere una capacidad alta del idioma japon\u00e9s.  Para m\u00e1s detalle, vease la p\u00e1gina web de la Japan Student Services Organization (JASSO). Es recomendable que se preparen previamente por revisar cuidadosamente el \u201cStudent Guide to Japan\u201d. <\/p>\n\n\n\n<div class=\"box11\"><p style=\"padding-left:2em\"><strong>\u65e5\u672c\u7559\u5b66\u30ac\u30a4\u30c9\u30d6\u30c3\u30af\u201cStudent Guide to Japan\u201d<\/strong><br> \ud83c\udf10 <a href=\"https:\/\/www.jasso.go.jp\/ryugaku\/study_j\/sgtj.html\">https:\/\/www.jasso.go.jp\/ryugaku\/study_j\/sgtj.html<\/a><\/p><\/div>\n\n\n\n<h3 class=\"midashi02\"><font color=\"#FFFFFF\">Para buscar una escuela en que desee estudiar<\/font><\/h3>\n\n\n\n<p>Es posible buscar las escuelas japonesas (universidades, cursos de post-grado, universidades de carrera corta, etc.) en las p\u00e1ginas web abajo indicadas.<\/p>\n\n\n\n<div class=\"box11\"><p style=\"padding-left:2em\"><strong>\u65e5\u672c\u5b66\u751f\u652f\u63f4\u6a5f\u69cb\uff08JASSO\uff09<\/strong><br> \ud83c\udf10 <a href=\"https:\/\/www.jasso.go.jp\/ryugaku\/study_j\/search\/index.html\">https:\/\/www.jasso.go.jp\/ryugaku\/study_j\/search\/index.html<\/a><\/p><\/div>\n\n\n\n<div class=\"box11\"><p style=\"padding-left:2em\"><strong>JAPAN STUDY SUPPORT<\/strong><br> \ud83c\udf10 <a href=\"https:\/\/www.jpss.jp\/ja\/\">https:\/\/www.jpss.jp\/ja\/<\/a><\/p><\/div>\n\n\n\n<h3 class=\"midashi02\"><font color=\"#FFFFFF\">Para buscar un curso de post-grado en que desee estudiar <\/font><\/h3>\n\n\n\n<p>Para ingresar en un curso de post-grado en Jap\u00f3n, es recomendable que busque el curso o el tutor m\u00e1s adecuado para su objetivo despu\u00e9s de decidir claramente qu\u00e9 es lo que quiere estudiar en ese curso. En algunos cursos de post-grado, se requiere que obtenga el consentimiento privado del tutor sobre la aceptaci\u00f3n a trav\u00e9s de contactar con ese tutor por correo electr\u00f3nico antes de presentar formalmente la petici\u00f3n.<br>Es posible buscar los cursos en las p\u00e1ginas web abajo indicadas.  <\/p>\n\n\n\n<div class=\"box11\"><p style=\"padding-left:2em\"><strong>Researchmap<\/strong><br> \ud83c\udf10 <a href=\"https:\/\/researchmap.jp\/\">https:\/\/researchmap.jp\/<\/a><\/p><\/div>\n\n\n\n<div class=\"box11\"><p style=\"padding-left:2em\"><strong>CiNii Articles\uff08\u65e5\u672c\u306e\u8ad6\u6587\u3092\u3055\u304c\u3059\uff09<\/strong><br> \ud83c\udf10 <a href=\"https:\/\/ci.nii.ac.jp\/\">https:\/\/ci.nii.ac.jp\/<\/a><\/p><\/div>\n\n\n\n<figure class=\"wp-block-gallery columns-3 is-cropped\"><ul class=\"blocks-gallery-grid\"><li class=\"blocks-gallery-item\"><figure><img decoding=\"async\" src=\"https:\/\/nikkeischolarship.org\/jp\/wp\/wp-content\/uploads\/2019\/07\/photo10_natsu.jpg\" alt=\"\" data-id=\"858\" data-link=\"https:\/\/nikkeischolarship.org\/jp\/oubo206\/photo10_natsu-3\" class=\"wp-image-858\"><\/figure><\/li><li class=\"blocks-gallery-item\"><figure><img decoding=\"async\" src=\"https:\/\/nikkeischolarship.org\/jp\/wp\/wp-content\/uploads\/2019\/07\/tanji_nyugaku-683x1024.jpg\" alt=\"\" data-id=\"860\" data-link=\"https:\/\/nikkeischolarship.org\/jp\/oubo206\/tanji_nyugaku-3\" class=\"wp-image-860\"><\/figure><\/li><li class=\"blocks-gallery-item\"><figure><img decoding=\"async\" src=\"https:\/\/nikkeischolarship.org\/jp\/wp\/wp-content\/uploads\/2019\/07\/tamimeiji-1024x768.jpg\" alt=\"\" data-id=\"859\" data-link=\"https:\/\/nikkeischolarship.org\/jp\/oubo206\/tamimeiji\" class=\"wp-image-859\"><\/figure><\/li><li class=\"blocks-gallery-item\"><figure><img decoding=\"async\" src=\"https:\/\/nikkeischolarship.org\/jp\/wp\/wp-content\/uploads\/2019\/07\/mayumi_kenkyu-1024x768.jpg\" alt=\"\" data-id=\"857\" data-link=\"https:\/\/nikkeischolarship.org\/jp\/oubo206\/mayumi_kenkyu\" class=\"wp-image-857\"><\/figure><\/li><li class=\"blocks-gallery-item\"><figure><img decoding=\"async\" src=\"https:\/\/nikkeischolarship.org\/jp\/wp\/wp-content\/uploads\/2019\/07\/fernandos_kenkyu-1024x576.jpg\" alt=\"\" data-id=\"856\" data-link=\"https:\/\/nikkeischolarship.org\/jp\/oubo206\/fernandos_kenkyu\" class=\"wp-image-856\"><\/figure><\/li><\/ul><\/figure>\n","protected":false},"excerpt":{"rendered":"Para estudiar en universidad, curso de post-grado o esculea especializada en Jap\u00f3n En Jap\u00f3n un a\u00f1o e...","protected":false},"author":1,"featured_media":0,"parent":0,"menu_order":0,"comment_status":"closed","ping_status":"closed","template":"","meta":{"_s2mail":"yes","footnotes":""},"class_list":["post-137","page","type-page","status-publish","hentry"],"_links":{"self":[{"href":"https:\/\/nikkeischolarship.org\/es\/wp-json\/wp\/v2\/pages\/137","targetHints":{"allow":["GET"]}}],"collection":[{"href":"https:\/\/nikkeischolarship.org\/es\/wp-json\/wp\/v2\/pages"}],"about":[{"href":"https:\/\/nikkeischolarship.org\/es\/wp-json\/wp\/v2\/types\/page"}],"author":[{"embeddable":true,"href":"https:\/\/nikkeischolarship.org\/es\/wp-json\/wp\/v2\/users\/1"}],"replies":[{"embeddable":true,"href":"https:\/\/nikkeischolarship.org\/es\/wp-json\/wp\/v2\/comments?post=137"}],"version-history":[{"count":2,"href":"https:\/\/nikkeischolarship.org\/es\/wp-json\/wp\/v2\/pages\/137\/revisions"}],"predecessor-version":[{"id":139,"href":"https:\/\/nikkeischolarship.org\/es\/wp-json\/wp\/v2\/pages\/137\/revisions\/139"}],"wp:attachment":[{"href":"https:\/\/nikkeischolarship.org\/es\/wp-json\/wp\/v2\/media?parent=137"}],"curies":[{"name":"wp","href":"https:\/\/api.w.org\/{rel}","templated":true}]}}