{"id":140,"date":"2020-01-15T18:10:36","date_gmt":"2020-01-15T09:10:36","guid":{"rendered":"https:\/\/nikkeischolarship.org\/es\/?page_id=140"},"modified":"2022-06-15T11:14:11","modified_gmt":"2022-06-15T02:14:11","slug":"oubo413","status":"publish","type":"page","link":"https:\/\/nikkeischolarship.org\/es\/oubo413\/","title":{"rendered":"FAQ(Preguntas y Respuestas)"},"content":{"rendered":"\n<h3 class=\"midashi02\">Q: \u00bfPuedo postular sin dominar la lengua japonesa?<\/h3>\n\n\n\n<p>A: S\u00ed. Se puede estudiar en el ingl\u00e9s dependiendo del instituto acad\u00e9mico (universidad o curso de post-grado) en que ingresa. Adem\u00e1s, si usted desea puede frecuentar una escuela de lengua japonesa para estudiar el japon\u00e9s despu\u00e9s de la llegada al Jap\u00f3n. Pero aun en este caso, para llevar la vida en Jap\u00f3n, es recomendable tener una capacidad del idioma japon\u00e9s equivalente al Nivel 3 del Examen de Proficiencia de la Lengua Japonesa.<\/p>\n\n\n\n<h3 class=\"midashi02\">Q: \u00bfPuedo inscribirme sin tener la &#8220;Carta Informal de Consentimiento de Ingreso&#8221;?<\/h3>\n\n\n\n<p>A: S\u00ed. Usted puede definir la instituci\u00f3n educativa para la beca incluso en Jap\u00f3n. Despu\u00e9s de su llegada, usted puede gestionar el ingreso o rendir examen en la instituci\u00f3n educativa deseada y definir d\u00f3nde se realizar\u00e1 el estudio hasta fines de marzo de su primer a\u00f1o en Jap\u00f3n.<\/p>\n\n\n\n<figure class=\"wp-block-gallery has-nested-images columns-default is-cropped wp-block-gallery-1 is-layout-flex wp-block-gallery-is-layout-flex\">\n<figure class=\"wp-block-image size-large\"><img loading=\"lazy\" decoding=\"async\" width=\"960\" height=\"720\" data-id=\"400\" src=\"https:\/\/nikkeischolarship.org\/es\/wp\/wp-content\/uploads\/2022\/04\/chart_sp_2023.jpg\" alt=\"\" class=\"wp-image-400\" srcset=\"https:\/\/nikkeischolarship.org\/es\/wp\/wp-content\/uploads\/2022\/04\/chart_sp_2023.jpg 960w, https:\/\/nikkeischolarship.org\/es\/wp\/wp-content\/uploads\/2022\/04\/chart_sp_2023-300x225.jpg 300w, https:\/\/nikkeischolarship.org\/es\/wp\/wp-content\/uploads\/2022\/04\/chart_sp_2023-768x576.jpg 768w\" sizes=\"auto, (max-width: 960px) 100vw, 960px\" \/><\/figure>\n<\/figure>\n\n\n\n<h3 class=\"midashi02\">Q: No s\u00e9 llenar los formularios en japon\u00e9s.<\/h3>\n\n\n\n<p>A: Los formularios se pueden llenar en su lengua de origen.<\/p>\n\n\n\n<h3 class=\"midashi02\">Q: \u00bfPuedo inscribirme aunque resida en Jap\u00f3n?<\/h3>\n\n\n\n<p>A: Independientemente del lugar de residencia, si es nikkei nacido en Centroam\u00e9rica o Sudam\u00e9rica podr\u00e1 inscribirse.<\/p>\n\n\n\n<h3 class=\"midashi02\">Q: \u00bfPuede postular una persona con discapacidad?<\/h3>\n\n\n\n<p>A:S\u00ed es posible. Le recomendamos revisar con anticipaci\u00f3n el sistema de apoyo y organizaci\u00f3n que brinda la instituci\u00f3n donde piense postar.<\/p>\n\n\n\n<h3 class=\"midashi02\">Q: \u00bfEs necesario tener la Carta de Recomendaci\u00f3n de la Asociaci\u00f3n Nikkei??<\/h3>\n\n\n\n<p>A: S\u00ed, este documento es necesario para comprobar que el postulante es indicado para aplicar los conocimientos adquiridos durante la beca al desarrollo de la sociedad de su pa\u00eds de origen. No es necesario que este documento sea redactado en japon\u00e9s.<\/p>\n\n\n\n<h3 class=\"midashi02\">Q: \u00bfCu\u00e1ndo y en qu\u00e9 local se llevar\u00e1 a cabo la entrevista de selecci\u00f3n?<\/h3>\n\n\n\n<p>A: La entrevista se realizar\u00e1 desde los fines de septiembre hasta el comienzo de octubre en Tokio, S\u00e3o Paulo y algunos lugares en el mundo hispanohablante (principalmente, Lima), seg\u00fan el plan. Para los postulantes dentro de Jap\u00f3n, ser\u00e1n cubiertos los gastos de transporte. Para los candidatos del exterior, se cubrir\u00e1n los costos de transporte y hospedaje, y se les pagar\u00e1n jornales. <\/p>\n\n\n\n<h3 class=\"midashi02\">Q: \u00bfPuedo inscribirme aunque tenga la nacionalidad japonesa?<\/h3>\n\n\n\n<p>A: No se cuestionan la nacionalidad, la carrera acad\u00e9mica o la experiencia de haber visitado al Jap\u00f3n. Se requiere que el candidato sea Nikkei o una persona descendiente de inmigrantes japoneses. <\/p>\n\n\n\n<h3 class=\"midashi02\">Q: \u00bfC\u00f3mo puedo investigar un instituto acad\u00e9mico en que posiblemente ingrese?<\/h3>\n\n\n\n<p>A: Es recomendable sacar informaciones por las p\u00e1ginas web abajo indicadas al buscar la universidad, el curso de post-grado o el investigador japon\u00e9s.<\/p>\n\n\n\n<div class=\"box11\"><p style=\"padding-left:2em\"><strong>JASSO\/Japan Student Services Organization<\/strong><br>Se puede encontrar varias informaciones para estudiar en Jap\u00f3n como p\u00e1ginas web para buscar universidades, becas para estudiar en Jap\u00f3n, etc. <br><a href=\"https:\/\/www.jasso.go.jp\/en\/index.html\">\ud83c\udf10https:\/\/www.jasso.go.jp\/en\/index.html<\/a><\/p><\/div>\n\n\n\n<div class=\"box11\"><p style=\"padding-left:2em\"><strong>Researchmap<\/strong><br>Se puede buscar investigadores conforme al tema si introduce las palabras clave que le interesan. Se puede aclarar tambi\u00e9n la universidad a que pertenece el investigador, por lo tanto se puede aclarar cu\u00e1l universidad ser\u00e1 adecuada para realizar su estudio.<br><a href=\"https:\/\/researchmap.jp\/\">\ud83c\udf10https:\/\/researchmap.jp\/<\/a><\/p><\/div>\n\n\n\n<h3 class=\"midashi02\">Q: \u00bfPuedo capacitarme en empresas o organizaciones de otro tipo?<\/h3>\n\n\n\n<p>A: Puede. Pero es deseable que obtenga el consentimiento interno de la organizaci\u00f3n que le acepte para capacitaci\u00f3n. Ha habido los estudiantes Nikkei que se capacitaron en organizaciones como el National Cancer Center (Centro Nacional de C\u00e1ncer), el Teien Kenkyujo (Laboratorio de estudio de jard\u00edn) o la Nihon Taiko Renmei (Asociaci\u00f3n de tambor japon\u00e9s).<\/p>\n\n\n\n<div class=\"box8\">\n<h1 style=\"padding-left: 40px;\">\uff1cContacto\uff1e<\/h1>\n<p style=\"padding-left: 40px;\">2-3-1, Shinko, Naka-ku, Yokohama-shi, Kanagawa, 231-0001, Jap\u00f3n<br>\nJICA Yokohama 2F<br>\n&#8220;Kaigai Nikkeijin Kyokai \/ Nikkei Scholarship&#8221;<br>\nTEL :045-211-1788 FAX : 045-211-1781<br>\n<a href=\"https:\/\/jadesas.or.jp\/es\/agreement-scholar\/\">Contacto en E-mail<\/a><\/p>\n<\/div>\n","protected":false},"excerpt":{"rendered":"Q: \u00bfPuedo postular sin dominar la lengua japonesa? A: S\u00ed. Se puede estudiar en el ingl\u00e9s dependiendo...","protected":false},"author":1,"featured_media":0,"parent":0,"menu_order":0,"comment_status":"closed","ping_status":"closed","template":"","meta":{"_s2mail":"yes","footnotes":""},"class_list":["post-140","page","type-page","status-publish","hentry"],"_links":{"self":[{"href":"https:\/\/nikkeischolarship.org\/es\/wp-json\/wp\/v2\/pages\/140","targetHints":{"allow":["GET"]}}],"collection":[{"href":"https:\/\/nikkeischolarship.org\/es\/wp-json\/wp\/v2\/pages"}],"about":[{"href":"https:\/\/nikkeischolarship.org\/es\/wp-json\/wp\/v2\/types\/page"}],"author":[{"embeddable":true,"href":"https:\/\/nikkeischolarship.org\/es\/wp-json\/wp\/v2\/users\/1"}],"replies":[{"embeddable":true,"href":"https:\/\/nikkeischolarship.org\/es\/wp-json\/wp\/v2\/comments?post=140"}],"version-history":[{"count":6,"href":"https:\/\/nikkeischolarship.org\/es\/wp-json\/wp\/v2\/pages\/140\/revisions"}],"predecessor-version":[{"id":423,"href":"https:\/\/nikkeischolarship.org\/es\/wp-json\/wp\/v2\/pages\/140\/revisions\/423"}],"wp:attachment":[{"href":"https:\/\/nikkeischolarship.org\/es\/wp-json\/wp\/v2\/media?parent=140"}],"curies":[{"name":"wp","href":"https:\/\/api.w.org\/{rel}","templated":true}]}}