{"id":160,"date":"2020-01-15T20:34:56","date_gmt":"2020-01-15T11:34:56","guid":{"rendered":"https:\/\/nikkeischolarship.org\/es\/?page_id=160"},"modified":"2022-05-23T13:29:05","modified_gmt":"2022-05-23T04:29:05","slug":"sa421","status":"publish","type":"page","link":"https:\/\/nikkeischolarship.org\/es\/sa421\/","title":{"rendered":"Manual para crear carrera futura despu\u00e9s de la graduaci\u00f3n"},"content":{"rendered":"\n<p> Esta p\u00e1gina est\u00e1 en preparaci\u00f3n. <br>Discuplen y les rogamos que esperen un poco m\u00e1s <br> <a href=\"javascript:history.back()\">Volver a la p\u00e1gina anterior<\/a><br> <a href=\"https:\/\/nikkeischolarship.org\/es\/\">Ir arriba de la p\u00e1gina del Nikkei Scholarship<\/a>  <\/p>\n","protected":false},"excerpt":{"rendered":"Esta p\u00e1gina est\u00e1 en preparaci\u00f3n. Discuplen y les rogamos que esperen un poco m\u00e1s Volver a la p\u00e1gina ...","protected":false},"author":1,"featured_media":0,"parent":0,"menu_order":0,"comment_status":"closed","ping_status":"closed","template":"","meta":{"_s2mail":"yes","footnotes":""},"class_list":["post-160","page","type-page","status-publish","hentry"],"_links":{"self":[{"href":"https:\/\/nikkeischolarship.org\/es\/wp-json\/wp\/v2\/pages\/160","targetHints":{"allow":["GET"]}}],"collection":[{"href":"https:\/\/nikkeischolarship.org\/es\/wp-json\/wp\/v2\/pages"}],"about":[{"href":"https:\/\/nikkeischolarship.org\/es\/wp-json\/wp\/v2\/types\/page"}],"author":[{"embeddable":true,"href":"https:\/\/nikkeischolarship.org\/es\/wp-json\/wp\/v2\/users\/1"}],"replies":[{"embeddable":true,"href":"https:\/\/nikkeischolarship.org\/es\/wp-json\/wp\/v2\/comments?post=160"}],"version-history":[{"count":1,"href":"https:\/\/nikkeischolarship.org\/es\/wp-json\/wp\/v2\/pages\/160\/revisions"}],"predecessor-version":[{"id":161,"href":"https:\/\/nikkeischolarship.org\/es\/wp-json\/wp\/v2\/pages\/160\/revisions\/161"}],"wp:attachment":[{"href":"https:\/\/nikkeischolarship.org\/es\/wp-json\/wp\/v2\/media?parent=160"}],"curies":[{"name":"wp","href":"https:\/\/api.w.org\/{rel}","templated":true}]}}