{"id":166,"date":"2020-01-15T20:41:52","date_gmt":"2020-01-15T11:41:52","guid":{"rendered":"https:\/\/nikkeischolarship.org\/es\/?page_id=166"},"modified":"2025-05-19T15:54:06","modified_gmt":"2025-05-19T06:54:06","slug":"nfsa103","status":"publish","type":"page","link":"https:\/\/nikkeischolarship.org\/es\/nfsa103\/","title":{"rendered":"\u00bfQu\u00e9 es la Nippon Foundation Nikkei Scholars Association(NFSA)?"},"content":{"rendered":"\n<p>La NFSA es una asociaci\u00f3n de los estudiantes Nikkei que est\u00e1n estudiando en Jap\u00f3n a trav\u00e9s de la beca del Nikkei Scholarship &#8220;Proyecto de realizaci\u00f3n de sue\u00f1os&#8221; de la Nippon Foundation (Nippon Zaidan). <br>\nLos estudiantes Nikkei est\u00e1n realizando actividades con su propia voluntariedad para contribuir a la sociedad, haciendo esfuerzos de aprender en su \u00e1rea de especializaci\u00f3n en varias partes de Jap\u00f3n.<br>\nLos estudiantes Nikkei est\u00e1n planeando y tambi\u00e9n realizando personalmente varias actividades para contribuir a la sociedad con los prop\u00f3sitos de 1) apoyar la educaci\u00f3n de los ni\u00f1os de las personas Nikkei residentes en Jap\u00f3n, 2) apoyar la vida de las personas Nikkei residentes en Jap\u00f3n, 3) intercambiar con la sociedad japonesa, y 4) intercambiar con la sociedad Nikkei, para realizer \u201cla sociedad Nikkei que contribuye al desarrollo del pa\u00eds y las regiones\u201d y \u201cla sociedad Nikkei unida sin fronteras entre pa\u00edses o generaciones\u201d.  <br>\nEst\u00e1n desplegando las actividades que precisamente solo los estudiantes Nikkei pueden practicar, como visitar a las escuelas de los brasile\u00f1os, participar en los eventos internacionales, ejercer como voluntarios de traducci\u00f3n.      <br>\nSe est\u00e1n dedicando a varias actividades para que puedan contribuir al desarrollo de las organizaciones Nikkei de cada pa\u00eds, aprovechando el liderazgo o experiencias de proyectos obtenidos en las actividades para contribuir a la sociedad, despu\u00e9s de regreso al pa\u00eds natal.<\/p>\n\n\n\n<div class=\"box30\">\n    <div class=\"box-title\">Las actividades principales de NFSA<\/div>\n    <p>\u30fbCurso de capacitaci\u00f3n\u3000\u3000\u3000\u30fbParticipaci\u00f3n en la Convenci\u00f3n de Nikkeis y Japoneses en el Exterior\n<br>\u30fbCuncurso de discurso de NFSA\u3000\u3000\u3000\u30fbCuncurso de pintura de\u3000\u3000\u3000\u30fbNFSAProyectos escolares (curso ambulante), etc.<br>Se est\u00e1n realizando actividades aprovechando especialidades de los estudiantes Nikkei.<\/p>\n\n<\/div>\n\n\n\n<p>Para mayor informaci\u00f3n, por favor ver <a href=\"https:\/\/nikkeischolarship.org\/es\/nfsa219\">aqu\u00ed<\/a>.<\/p>\n\n\n\n<figure class=\"wp-block-gallery columns-2 is-cropped wp-block-gallery-1 is-layout-flex wp-block-gallery-is-layout-flex\"><ul class=\"blocks-gallery-grid\"><li class=\"blocks-gallery-item\"><figure><img loading=\"lazy\" decoding=\"async\" width=\"1024\" height=\"768\" src=\"https:\/\/nikkeischolarship.org\/es\/wp\/wp-content\/uploads\/2020\/01\/DSC02281-1024x768.jpg\" alt=\"\" data-id=\"101\" data-full-url=\"https:\/\/nikkeischolarship.org\/es\/wp\/wp-content\/uploads\/2020\/01\/DSC02281.jpg\" data-link=\"https:\/\/nikkeischolarship.org\/es\/dsc02281\/\" class=\"wp-image-101\" srcset=\"https:\/\/nikkeischolarship.org\/es\/wp\/wp-content\/uploads\/2020\/01\/DSC02281-1024x768.jpg 1024w, https:\/\/nikkeischolarship.org\/es\/wp\/wp-content\/uploads\/2020\/01\/DSC02281-300x225.jpg 300w, https:\/\/nikkeischolarship.org\/es\/wp\/wp-content\/uploads\/2020\/01\/DSC02281-768x576.jpg 768w, https:\/\/nikkeischolarship.org\/es\/wp\/wp-content\/uploads\/2020\/01\/DSC02281-1536x1152.jpg 1536w, https:\/\/nikkeischolarship.org\/es\/wp\/wp-content\/uploads\/2020\/01\/DSC02281.jpg 2048w\" sizes=\"auto, (max-width: 1024px) 100vw, 1024px\" \/><\/figure><\/li><li class=\"blocks-gallery-item\"><figure><img loading=\"lazy\" decoding=\"async\" width=\"1024\" height=\"683\" src=\"https:\/\/nikkeischolarship.org\/es\/wp\/wp-content\/uploads\/2020\/01\/photo-12-1024x683-1.jpg\" alt=\"\" data-id=\"171\" data-full-url=\"https:\/\/nikkeischolarship.org\/es\/wp\/wp-content\/uploads\/2020\/01\/photo-12-1024x683-1.jpg\" data-link=\"https:\/\/nikkeischolarship.org\/es\/nfsa103\/photo-12-1024x683\/\" class=\"wp-image-171\" srcset=\"https:\/\/nikkeischolarship.org\/es\/wp\/wp-content\/uploads\/2020\/01\/photo-12-1024x683-1.jpg 1024w, https:\/\/nikkeischolarship.org\/es\/wp\/wp-content\/uploads\/2020\/01\/photo-12-1024x683-1-300x200.jpg 300w, https:\/\/nikkeischolarship.org\/es\/wp\/wp-content\/uploads\/2020\/01\/photo-12-1024x683-1-768x512.jpg 768w, https:\/\/nikkeischolarship.org\/es\/wp\/wp-content\/uploads\/2020\/01\/photo-12-1024x683-1-600x400.jpg 600w\" sizes=\"auto, (max-width: 1024px) 100vw, 1024px\" \/><\/figure><\/li><\/ul><\/figure>\n","protected":false},"excerpt":{"rendered":"La NFSA es una asociaci\u00f3n de los estudiantes Nikkei que est\u00e1n estudiando en Jap\u00f3n a trav\u00e9s de la bec...","protected":false},"author":1,"featured_media":0,"parent":0,"menu_order":0,"comment_status":"closed","ping_status":"closed","template":"","meta":{"_s2mail":"yes","footnotes":""},"class_list":["post-166","page","type-page","status-publish","hentry"],"_links":{"self":[{"href":"https:\/\/nikkeischolarship.org\/es\/wp-json\/wp\/v2\/pages\/166","targetHints":{"allow":["GET"]}}],"collection":[{"href":"https:\/\/nikkeischolarship.org\/es\/wp-json\/wp\/v2\/pages"}],"about":[{"href":"https:\/\/nikkeischolarship.org\/es\/wp-json\/wp\/v2\/types\/page"}],"author":[{"embeddable":true,"href":"https:\/\/nikkeischolarship.org\/es\/wp-json\/wp\/v2\/users\/1"}],"replies":[{"embeddable":true,"href":"https:\/\/nikkeischolarship.org\/es\/wp-json\/wp\/v2\/comments?post=166"}],"version-history":[{"count":4,"href":"https:\/\/nikkeischolarship.org\/es\/wp-json\/wp\/v2\/pages\/166\/revisions"}],"predecessor-version":[{"id":313,"href":"https:\/\/nikkeischolarship.org\/es\/wp-json\/wp\/v2\/pages\/166\/revisions\/313"}],"wp:attachment":[{"href":"https:\/\/nikkeischolarship.org\/es\/wp-json\/wp\/v2\/media?parent=166"}],"curies":[{"name":"wp","href":"https:\/\/api.w.org\/{rel}","templated":true}]}}