{"id":173,"date":"2020-01-15T20:55:14","date_gmt":"2020-01-15T11:55:14","guid":{"rendered":"https:\/\/nikkeischolarship.org\/es\/?page_id=173"},"modified":"2020-02-05T20:01:01","modified_gmt":"2020-02-05T11:01:01","slug":"nfsa219","status":"publish","type":"page","link":"https:\/\/nikkeischolarship.org\/es\/nfsa219\/","title":{"rendered":"Las actividades de NFSA"},"content":{"rendered":"\n<h3 class=\"midashi02\">Curso de capacitaci\u00f3n<\/h3>\n\n\n\n<p>Se celebran los cursos de capacitaci\u00f3n 3 veces al a\u00f1o, en primavera, verano y invierno, para capacitar a los recursos humanos y establecer lazos entre los estudianetes Nikkei de NFSA con los prop\u00f3sitos de promover entendimiento entre el pa\u00eds en que viven y el Jap\u00f3n y contribuir al desarrollo de ese pa\u00eds y la sociedad regional.<br>  En dichos cursos, se tiene por objeto entender la cultura japonesa, aprender sobre los temas sociales del Jap\u00f3n y del pa\u00eds en que viven o aprender sobre la sociedad Nikkei. Se celebran las capacitaciones en varias partes de Jap\u00f3n encabezadas por la ciudad de Yokohama.<\/p>\n\n\n\n<figure class=\"wp-block-gallery columns-2 is-cropped wp-block-gallery-1 is-layout-flex wp-block-gallery-is-layout-flex\"><ul class=\"blocks-gallery-grid\"><li class=\"blocks-gallery-item\"><figure><img loading=\"lazy\" decoding=\"async\" width=\"1024\" height=\"768\" src=\"https:\/\/nikkeischolarship.org\/es\/wp\/wp-content\/uploads\/2020\/01\/IMG_6402-1024x768.jpg\" alt=\"\" data-id=\"95\" data-full-url=\"https:\/\/nikkeischolarship.org\/es\/wp\/wp-content\/uploads\/2020\/01\/IMG_6402-scaled.jpg\" data-link=\"https:\/\/nikkeischolarship.org\/es\/img_6402\/\" class=\"wp-image-95\" srcset=\"https:\/\/nikkeischolarship.org\/es\/wp\/wp-content\/uploads\/2020\/01\/IMG_6402-1024x768.jpg 1024w, https:\/\/nikkeischolarship.org\/es\/wp\/wp-content\/uploads\/2020\/01\/IMG_6402-300x225.jpg 300w, https:\/\/nikkeischolarship.org\/es\/wp\/wp-content\/uploads\/2020\/01\/IMG_6402-768x576.jpg 768w, https:\/\/nikkeischolarship.org\/es\/wp\/wp-content\/uploads\/2020\/01\/IMG_6402-1536x1152.jpg 1536w, https:\/\/nikkeischolarship.org\/es\/wp\/wp-content\/uploads\/2020\/01\/IMG_6402-2048x1536.jpg 2048w\" sizes=\"auto, (max-width: 1024px) 100vw, 1024px\" \/><figcaption class=\"blocks-gallery-item__caption\">Experiencia de la cultura tradicional japonesa<\/figcaption><\/figure><\/li><li class=\"blocks-gallery-item\"><figure><img loading=\"lazy\" decoding=\"async\" width=\"1024\" height=\"768\" src=\"https:\/\/nikkeischolarship.org\/es\/wp\/wp-content\/uploads\/2020\/01\/DSC02282-1024x768.jpg\" alt=\"\" data-id=\"94\" data-full-url=\"https:\/\/nikkeischolarship.org\/es\/wp\/wp-content\/uploads\/2020\/01\/DSC02282-scaled.jpg\" data-link=\"https:\/\/nikkeischolarship.org\/es\/dsc02282\/\" class=\"wp-image-94\" srcset=\"https:\/\/nikkeischolarship.org\/es\/wp\/wp-content\/uploads\/2020\/01\/DSC02282-1024x768.jpg 1024w, https:\/\/nikkeischolarship.org\/es\/wp\/wp-content\/uploads\/2020\/01\/DSC02282-300x225.jpg 300w, https:\/\/nikkeischolarship.org\/es\/wp\/wp-content\/uploads\/2020\/01\/DSC02282-768x576.jpg 768w, https:\/\/nikkeischolarship.org\/es\/wp\/wp-content\/uploads\/2020\/01\/DSC02282-1536x1152.jpg 1536w, https:\/\/nikkeischolarship.org\/es\/wp\/wp-content\/uploads\/2020\/01\/DSC02282-2048x1536.jpg 2048w\" sizes=\"auto, (max-width: 1024px) 100vw, 1024px\" \/><figcaption class=\"blocks-gallery-item__caption\">v<br>Visita al centro de apoyo de Paralimpiadas de la Nippon Foundation (Nippon Zaidan)<\/figcaption><\/figure><\/li><\/ul><\/figure>\n\n\n\n<h3 class=\"midashi02\">Participaci\u00f3n en la Convenci\u00f3n de Nikkeis y Japoneses en el Exterior<\/h3>\n\n\n\n<p>Ha participado en la Convenci\u00f3n de Nikkeis y Japoneses en el Exterior patrocinada por la asociaci\u00f3n Kaigai Nikkeijin Kyokai, y emitido de manera activa las opiniones de los j\u00f3venes Nikkei a trav\u00e9s de la discusi\u00f3n y recomendaci\u00f3n en la subcomisi\u00f3n de los j\u00f3venes Nikkei.<\/p>\n\n\n\n<figure class=\"wp-block-gallery columns-2 is-cropped wp-block-gallery-2 is-layout-flex wp-block-gallery-is-layout-flex\"><ul class=\"blocks-gallery-grid\"><li class=\"blocks-gallery-item\"><figure><img loading=\"lazy\" decoding=\"async\" width=\"516\" height=\"343\" src=\"https:\/\/nikkeischolarship.org\/es\/wp\/wp-content\/uploads\/2020\/01\/taikai_youth.png\" alt=\"\" data-id=\"63\" data-full-url=\"https:\/\/nikkeischolarship.org\/es\/wp\/wp-content\/uploads\/2020\/01\/taikai_youth.png\" data-link=\"https:\/\/nikkeischolarship.org\/es\/taikai_youth\/\" class=\"wp-image-63\" srcset=\"https:\/\/nikkeischolarship.org\/es\/wp\/wp-content\/uploads\/2020\/01\/taikai_youth.png 516w, https:\/\/nikkeischolarship.org\/es\/wp\/wp-content\/uploads\/2020\/01\/taikai_youth-300x199.png 300w\" sizes=\"auto, (max-width: 516px) 100vw, 516px\" \/><figcaption class=\"blocks-gallery-item__caption\">Dicusos de los representantes de los j\u00f3venes en la subcomisi\u00f3n de los j\u00f3venes Nikkei de la Convenci\u00f3n de Nikkeis y Japoneses en el Exterior<\/figcaption><\/figure><\/li><li class=\"blocks-gallery-item\"><figure><img loading=\"lazy\" decoding=\"async\" width=\"537\" height=\"358\" src=\"https:\/\/nikkeischolarship.org\/es\/wp\/wp-content\/uploads\/2020\/01\/taikai_youth2.png\" alt=\"\" data-id=\"62\" data-full-url=\"https:\/\/nikkeischolarship.org\/es\/wp\/wp-content\/uploads\/2020\/01\/taikai_youth2.png\" data-link=\"https:\/\/nikkeischolarship.org\/es\/taikai_youth2\/\" class=\"wp-image-62\" srcset=\"https:\/\/nikkeischolarship.org\/es\/wp\/wp-content\/uploads\/2020\/01\/taikai_youth2.png 537w, https:\/\/nikkeischolarship.org\/es\/wp\/wp-content\/uploads\/2020\/01\/taikai_youth2-300x200.png 300w\" sizes=\"auto, (max-width: 537px) 100vw, 537px\" \/><figcaption class=\"blocks-gallery-item__caption\">y en la Convenci\u00f3n de Nikkeis y Japoneses en el Exterior celebrada en Hawaii<\/figcaption><\/figure><\/li><\/ul><\/figure>\n\n\n\n<h3 class=\"midashi02\">Cuncurso de discurso de NFSA<\/h3>\n\n\n\n<p>Se celebraron durante 5 a\u00f1os consecutivos desde 2014 los concursos de discurso para los ni\u00f1os de origen de Am\u00e9rica latina, principalmente los alumnos de las esculeas para los brasile\u00f1os residentes en Jap\u00f3n, en el edificio de la Nippon Foundation (Nippon Zaidan).  <br>\nSe celebraron estos concursos para ofrececr a los ni\u00f1os de origen de Am\u00e9rica latina residentes en Jap\u00f3n las oportunidades importantes de presentar el resultado del aprendisaje cotidiano del idioma japon\u00e9s, y al mismo tiempo, en expectativa de promover el entendimiento mutuo y el intercacmbio entre los latinos residentes en Jap\u00f3n y los japoneses y otorgar un punto de vista nuevo a ambas partes, a trav\u00e9s de compartir varios pensamientos y experiencias sobre Jap\u00f3n y Am\u00e9rica latina entre los conferenciantes y los oyentes.  <br>\nHasta la fecha, los ni\u00f1os y los alumnos de m\u00e1s de 7 a\u00f1os y los estudiantes de bachilleratos, principalmente los alumnos de las escuelas para los brasile\u00f1os y los peranos residentes en Jap\u00f3n, han pronunciado sus discursos sobre los temas como \u201cYo, Am\u00e9rica latina y Jap\u00f3n\u201d, \u201cMi sue\u00f1o\u201d, \u201cCarta para yo en futuro\u201d, \u201cM\u00e9todo de crear un mundo mejor\u201d, y el ganador ha hecho una presentaci\u00f3n en la Convenci\u00f3n de Nikkeis y Japoneses en el Exterior que se celebr\u00f3 en el Kensei Kinenkan, una edificaci\u00f3n de exhibici\u00f3n. <\/p>\n\n\n\n<figure class=\"wp-block-gallery columns-1 is-cropped wp-block-gallery-3 is-layout-flex wp-block-gallery-is-layout-flex\"><ul class=\"blocks-gallery-grid\"><li class=\"blocks-gallery-item\"><figure><img loading=\"lazy\" decoding=\"async\" width=\"675\" height=\"379\" src=\"https:\/\/nikkeischolarship.org\/es\/wp\/wp-content\/uploads\/2020\/01\/speach_con.png\" alt=\"\" data-id=\"61\" data-full-url=\"https:\/\/nikkeischolarship.org\/es\/wp\/wp-content\/uploads\/2020\/01\/speach_con.png\" data-link=\"https:\/\/nikkeischolarship.org\/es\/speach_con\/\" class=\"wp-image-61\" srcset=\"https:\/\/nikkeischolarship.org\/es\/wp\/wp-content\/uploads\/2020\/01\/speach_con.png 675w, https:\/\/nikkeischolarship.org\/es\/wp\/wp-content\/uploads\/2020\/01\/speach_con-300x168.png 300w\" sizes=\"auto, (max-width: 675px) 100vw, 675px\" \/><\/figure><\/li><\/ul><\/figure>\n\n\n\n<h3 class=\"midashi02\">Cuncurso de pintura de NFSA<\/h3>\n\n\n\n<p>Se celebraron en 2009 el concurso titulado \u201cel Cuncurso de pintura &#8211; Mi mundo &#8211; \u00bfQu\u00e9 es mi Mery?\u201d con el fin de presentar a los ni\u00f1os que tienen relaci\u00f3n con los pa\u00edses extranjeros, principalmente a las personas Nikkei residentes en Jap\u00f3n, lugares para expresarse. Se planearon y realizaron este evento para que pudieran expresarse a trav\u00e9s de pinturas, sin dar importancia al nivel de capacidad del idioma japon\u00e9s, y tambi\u00e9n para que se dieran cuenta de la impotancia y el placer de expresarse.   <br>\nEn 2010, se planearon y realizaron la exhibici\u00f3n sobre este concurso de pintrura en la sal\u00f3n de exhibici\u00f3n del Museo de la Migraci\u00f3n Japonesa al Exterior de JICA. <br>\nAdem\u00e1s, como un evento relacionado, se realizaron el simposio abierto titulado \u201cel Presente de los Ni\u00f1os Nikkei\u201d planeado por los estudiantes Nikkei de NFSA. En este simposio se hicieron las presentaciones desde el punto de vista de los estudiantes Nikkei que estudian en Jap\u00f3n sobre el ambiente que rodea a los ni\u00f1os Nikkei residentes en Jap\u00f3n con temas al fondo de problemas en vida, escolarizaci\u00f3n no cumplida, relaci\u00f3n entre padres e hijos, o identidad, etc.<\/p>\n\n\n\n<figure class=\"wp-block-gallery columns-2 is-cropped wp-block-gallery-4 is-layout-flex wp-block-gallery-is-layout-flex\"><ul class=\"blocks-gallery-grid\"><li class=\"blocks-gallery-item\"><figure><img loading=\"lazy\" decoding=\"async\" width=\"477\" height=\"337\" src=\"https:\/\/nikkeischolarship.org\/es\/wp\/wp-content\/uploads\/2020\/01\/kaiga.png\" alt=\"\" data-id=\"60\" data-full-url=\"https:\/\/nikkeischolarship.org\/es\/wp\/wp-content\/uploads\/2020\/01\/kaiga.png\" data-link=\"https:\/\/nikkeischolarship.org\/es\/kaiga\/\" class=\"wp-image-60\" srcset=\"https:\/\/nikkeischolarship.org\/es\/wp\/wp-content\/uploads\/2020\/01\/kaiga.png 477w, https:\/\/nikkeischolarship.org\/es\/wp\/wp-content\/uploads\/2020\/01\/kaiga-300x212.png 300w\" sizes=\"auto, (max-width: 477px) 100vw, 477px\" \/><\/figure><\/li><li class=\"blocks-gallery-item\"><figure><img loading=\"lazy\" decoding=\"async\" width=\"460\" height=\"327\" src=\"https:\/\/nikkeischolarship.org\/es\/wp\/wp-content\/uploads\/2020\/01\/kaiga2.png\" alt=\"\" data-id=\"59\" data-full-url=\"https:\/\/nikkeischolarship.org\/es\/wp\/wp-content\/uploads\/2020\/01\/kaiga2.png\" data-link=\"https:\/\/nikkeischolarship.org\/es\/kaiga2\/\" class=\"wp-image-59\" srcset=\"https:\/\/nikkeischolarship.org\/es\/wp\/wp-content\/uploads\/2020\/01\/kaiga2.png 460w, https:\/\/nikkeischolarship.org\/es\/wp\/wp-content\/uploads\/2020\/01\/kaiga2-300x213.png 300w\" sizes=\"auto, (max-width: 460px) 100vw, 460px\" \/><\/figure><\/li><\/ul><\/figure>\n\n\n\n<h3 class=\"midashi02\">Proyect escolar (cursos ambulantes)<\/h3>\n\n\n\n<p>Los ni\u00f1os de las personas Nikkei residentes en Jap\u00f3n sufren de muchas dificultades provenientes de problemas econ\u00f3micos o de educaci\u00f3n basada en falta de capacidad del idioma japon\u00e9s. Por ejemplo, no pueden dise\u00f1ar los sue\u00f1os de su propio futuro. Para calmar tal inquitud de los ni\u00f1os de las personas Nikkei residentes en Jap\u00f3n lo m\u00e1s posible, y para que est\u00e9n motivados a estudiar y puedan concebir una esperanza del futuro a trav\u00e9s de conocer la importancia de tener una visi\u00f3n m\u00e1s amplia y sue\u00f1os sobre el futuro, los estudiantes Nikkei han visitado a las escuelas de los brasile\u00f1os y de los peruanos en Jap\u00f3n o a las escuelas p\u00fablicas japonesas para realizar las orientacioens para carrera futura o de ocupaci\u00f3n, la educaci\u00f3n sobre nutrici\u00f3n o varias actividades en talleres.<br>\nLos estudiantes Nikkei est\u00e1n desarrollando sus actividades, creyendo que como Nikkei de la misma ra\u00edz pueden animar a los ni\u00f1os a trav\u00e9s de mostrarles sus im\u00e1genes de actuar vigorosamente teniendo confianza en s\u00ed mismos y utilizando sus ventajas. <\/p>\n\n\n\n<figure class=\"wp-block-gallery columns-2 is-cropped wp-block-gallery-5 is-layout-flex wp-block-gallery-is-layout-flex\"><ul class=\"blocks-gallery-grid\"><li class=\"blocks-gallery-item\"><figure><img loading=\"lazy\" decoding=\"async\" width=\"514\" height=\"289\" src=\"https:\/\/nikkeischolarship.org\/es\/wp\/wp-content\/uploads\/2020\/01\/demae.png\" alt=\"\" data-id=\"55\" data-full-url=\"https:\/\/nikkeischolarship.org\/es\/wp\/wp-content\/uploads\/2020\/01\/demae.png\" data-link=\"https:\/\/nikkeischolarship.org\/es\/demae\/\" class=\"wp-image-55\" srcset=\"https:\/\/nikkeischolarship.org\/es\/wp\/wp-content\/uploads\/2020\/01\/demae.png 514w, https:\/\/nikkeischolarship.org\/es\/wp\/wp-content\/uploads\/2020\/01\/demae-300x169.png 300w\" sizes=\"auto, (max-width: 514px) 100vw, 514px\" \/><\/figure><\/li><li class=\"blocks-gallery-item\"><figure><img loading=\"lazy\" decoding=\"async\" width=\"499\" height=\"333\" src=\"https:\/\/nikkeischolarship.org\/es\/wp\/wp-content\/uploads\/2020\/01\/demae2.png\" alt=\"\" data-id=\"56\" data-full-url=\"https:\/\/nikkeischolarship.org\/es\/wp\/wp-content\/uploads\/2020\/01\/demae2.png\" data-link=\"https:\/\/nikkeischolarship.org\/es\/demae2\/\" class=\"wp-image-56\" srcset=\"https:\/\/nikkeischolarship.org\/es\/wp\/wp-content\/uploads\/2020\/01\/demae2.png 499w, https:\/\/nikkeischolarship.org\/es\/wp\/wp-content\/uploads\/2020\/01\/demae2-300x200.png 300w\" sizes=\"auto, (max-width: 499px) 100vw, 499px\" \/><\/figure><\/li><\/ul><\/figure>\n\n\n\n<h3 class=\"midashi02\">Tambi\u00e9n se est\u00e1n desarrollando varias otras actividades.<\/h3>\n\n\n\n<h4 class=\"wp-block-heading\">\u30fb<strong>Talleres y presentaciones de NFSA<\/strong><\/h4>\n\n\n\n<p>Ofrecen a los estudiantes Nikkei de NFSA las oportunidades para hacer presentaciones de sus estudios o aprender mutuamente. <\/p>\n\n\n\n<figure class=\"wp-block-gallery columns-2 is-cropped wp-block-gallery-6 is-layout-flex wp-block-gallery-is-layout-flex\"><ul class=\"blocks-gallery-grid\"><li class=\"blocks-gallery-item\"><figure><img loading=\"lazy\" decoding=\"async\" width=\"1024\" height=\"576\" src=\"https:\/\/nikkeischolarship.org\/es\/wp\/wp-content\/uploads\/2020\/01\/workshop1-1024x576.jpg\" alt=\"\" data-id=\"103\" data-full-url=\"https:\/\/nikkeischolarship.org\/es\/wp\/wp-content\/uploads\/2020\/01\/workshop1-scaled.jpg\" data-link=\"https:\/\/nikkeischolarship.org\/es\/workshop1\/\" class=\"wp-image-103\" srcset=\"https:\/\/nikkeischolarship.org\/es\/wp\/wp-content\/uploads\/2020\/01\/workshop1-1024x576.jpg 1024w, https:\/\/nikkeischolarship.org\/es\/wp\/wp-content\/uploads\/2020\/01\/workshop1-300x169.jpg 300w, https:\/\/nikkeischolarship.org\/es\/wp\/wp-content\/uploads\/2020\/01\/workshop1-768x432.jpg 768w, https:\/\/nikkeischolarship.org\/es\/wp\/wp-content\/uploads\/2020\/01\/workshop1-1536x864.jpg 1536w, https:\/\/nikkeischolarship.org\/es\/wp\/wp-content\/uploads\/2020\/01\/workshop1-2048x1151.jpg 2048w\" sizes=\"auto, (max-width: 1024px) 100vw, 1024px\" \/><\/figure><\/li><li class=\"blocks-gallery-item\"><figure><img loading=\"lazy\" decoding=\"async\" width=\"1024\" height=\"576\" src=\"https:\/\/nikkeischolarship.org\/es\/wp\/wp-content\/uploads\/2020\/01\/workshop2-1024x576.jpg\" alt=\"\" data-id=\"102\" data-full-url=\"https:\/\/nikkeischolarship.org\/es\/wp\/wp-content\/uploads\/2020\/01\/workshop2-scaled.jpg\" data-link=\"https:\/\/nikkeischolarship.org\/es\/workshop2\/\" class=\"wp-image-102\" srcset=\"https:\/\/nikkeischolarship.org\/es\/wp\/wp-content\/uploads\/2020\/01\/workshop2-1024x576.jpg 1024w, https:\/\/nikkeischolarship.org\/es\/wp\/wp-content\/uploads\/2020\/01\/workshop2-300x169.jpg 300w, https:\/\/nikkeischolarship.org\/es\/wp\/wp-content\/uploads\/2020\/01\/workshop2-768x432.jpg 768w, https:\/\/nikkeischolarship.org\/es\/wp\/wp-content\/uploads\/2020\/01\/workshop2-1536x864.jpg 1536w, https:\/\/nikkeischolarship.org\/es\/wp\/wp-content\/uploads\/2020\/01\/workshop2-2048x1151.jpg 2048w\" sizes=\"auto, (max-width: 1024px) 100vw, 1024px\" \/><\/figure><\/li><\/ul><\/figure>\n\n\n\n<h4 class=\"wp-block-heading\"><strong>\u30fb<\/strong>Proyectos de intercambio internacional en escuela especializada<\/h4>\n\n\n\n<p>Ofrecieron a los estudiantes japoneses que estudiaban en las escuelas especializadas las oportunidades para aprender sobre la historia de la imgraci\u00f3n japonesa o la sociedad Nikkei, y realizaron los intercambios con los estudiantes Nikkei.<\/p>\n\n\n\n<figure class=\"wp-block-gallery columns-2 is-cropped wp-block-gallery-7 is-layout-flex wp-block-gallery-is-layout-flex\"><ul class=\"blocks-gallery-grid\"><li class=\"blocks-gallery-item\"><figure><img loading=\"lazy\" decoding=\"async\" width=\"1024\" height=\"576\" src=\"https:\/\/nikkeischolarship.org\/es\/wp\/wp-content\/uploads\/2020\/01\/senmongakko1-1024x576.jpg\" alt=\"\" data-id=\"97\" data-full-url=\"https:\/\/nikkeischolarship.org\/es\/wp\/wp-content\/uploads\/2020\/01\/senmongakko1-scaled.jpg\" data-link=\"https:\/\/nikkeischolarship.org\/es\/senmongakko1\/\" class=\"wp-image-97\" srcset=\"https:\/\/nikkeischolarship.org\/es\/wp\/wp-content\/uploads\/2020\/01\/senmongakko1-1024x576.jpg 1024w, https:\/\/nikkeischolarship.org\/es\/wp\/wp-content\/uploads\/2020\/01\/senmongakko1-300x169.jpg 300w, https:\/\/nikkeischolarship.org\/es\/wp\/wp-content\/uploads\/2020\/01\/senmongakko1-768x432.jpg 768w, https:\/\/nikkeischolarship.org\/es\/wp\/wp-content\/uploads\/2020\/01\/senmongakko1-1536x864.jpg 1536w, https:\/\/nikkeischolarship.org\/es\/wp\/wp-content\/uploads\/2020\/01\/senmongakko1-2048x1151.jpg 2048w\" sizes=\"auto, (max-width: 1024px) 100vw, 1024px\" \/><\/figure><\/li><li class=\"blocks-gallery-item\"><figure><img loading=\"lazy\" decoding=\"async\" width=\"1024\" height=\"576\" src=\"https:\/\/nikkeischolarship.org\/es\/wp\/wp-content\/uploads\/2020\/01\/kokusaievent2-1024x576.jpg\" alt=\"\" data-id=\"96\" data-full-url=\"https:\/\/nikkeischolarship.org\/es\/wp\/wp-content\/uploads\/2020\/01\/kokusaievent2-scaled.jpg\" data-link=\"https:\/\/nikkeischolarship.org\/es\/kokusaievent2\/\" class=\"wp-image-96\" srcset=\"https:\/\/nikkeischolarship.org\/es\/wp\/wp-content\/uploads\/2020\/01\/kokusaievent2-1024x576.jpg 1024w, https:\/\/nikkeischolarship.org\/es\/wp\/wp-content\/uploads\/2020\/01\/kokusaievent2-300x169.jpg 300w, https:\/\/nikkeischolarship.org\/es\/wp\/wp-content\/uploads\/2020\/01\/kokusaievent2-768x432.jpg 768w, https:\/\/nikkeischolarship.org\/es\/wp\/wp-content\/uploads\/2020\/01\/kokusaievent2-1536x864.jpg 1536w, https:\/\/nikkeischolarship.org\/es\/wp\/wp-content\/uploads\/2020\/01\/kokusaievent2-2048x1151.jpg 2048w\" sizes=\"auto, (max-width: 1024px) 100vw, 1024px\" \/><\/figure><\/li><\/ul><\/figure>\n\n\n\n<h4 class=\"wp-block-heading\"><strong>\u30fbExhibici\u00f3n con stands en eventos internacionales<\/strong><\/h4>\n\n\n\n<p>Establecen los stands de NFSA en eventos internacionales que se celebran en varias partes de Jap\u00f3n como la Fiesta de Paraguay o la Fiesta Internacional de Kakegawa para realizar actividades de llamamiento amplio al p\u00fablico sobre las actividades de NFSA y las personas Nikkei. <\/p>\n\n\n\n<figure class=\"wp-block-gallery columns-2 is-cropped wp-block-gallery-8 is-layout-flex wp-block-gallery-is-layout-flex\"><ul class=\"blocks-gallery-grid\"><li class=\"blocks-gallery-item\"><figure><img loading=\"lazy\" decoding=\"async\" width=\"960\" height=\"540\" src=\"https:\/\/nikkeischolarship.org\/es\/wp\/wp-content\/uploads\/2020\/01\/kokusaievent1.jpg\" alt=\"\" data-id=\"57\" data-full-url=\"https:\/\/nikkeischolarship.org\/es\/wp\/wp-content\/uploads\/2020\/01\/kokusaievent1.jpg\" data-link=\"https:\/\/nikkeischolarship.org\/es\/kokusaievent1\/\" class=\"wp-image-57\" srcset=\"https:\/\/nikkeischolarship.org\/es\/wp\/wp-content\/uploads\/2020\/01\/kokusaievent1.jpg 960w, https:\/\/nikkeischolarship.org\/es\/wp\/wp-content\/uploads\/2020\/01\/kokusaievent1-300x169.jpg 300w, https:\/\/nikkeischolarship.org\/es\/wp\/wp-content\/uploads\/2020\/01\/kokusaievent1-768x432.jpg 768w\" sizes=\"auto, (max-width: 960px) 100vw, 960px\" \/><\/figure><\/li><li class=\"blocks-gallery-item\"><figure><img loading=\"lazy\" decoding=\"async\" width=\"640\" height=\"480\" src=\"https:\/\/nikkeischolarship.org\/es\/wp\/wp-content\/uploads\/2020\/01\/senmongakko2.jpg\" alt=\"\" data-id=\"58\" data-full-url=\"https:\/\/nikkeischolarship.org\/es\/wp\/wp-content\/uploads\/2020\/01\/senmongakko2.jpg\" data-link=\"https:\/\/nikkeischolarship.org\/es\/senmongakko2\/\" class=\"wp-image-58\" srcset=\"https:\/\/nikkeischolarship.org\/es\/wp\/wp-content\/uploads\/2020\/01\/senmongakko2.jpg 640w, https:\/\/nikkeischolarship.org\/es\/wp\/wp-content\/uploads\/2020\/01\/senmongakko2-300x225.jpg 300w\" sizes=\"auto, (max-width: 640px) 100vw, 640px\" \/><\/figure><\/li><\/ul><\/figure>\n","protected":false},"excerpt":{"rendered":"Curso de capacitaci\u00f3n Se celebran los cursos de capacitaci\u00f3n 3 veces al a\u00f1o, en primavera, verano y ...","protected":false},"author":1,"featured_media":0,"parent":0,"menu_order":0,"comment_status":"closed","ping_status":"closed","template":"","meta":{"_s2mail":"yes","footnotes":""},"class_list":["post-173","page","type-page","status-publish","hentry"],"_links":{"self":[{"href":"https:\/\/nikkeischolarship.org\/es\/wp-json\/wp\/v2\/pages\/173","targetHints":{"allow":["GET"]}}],"collection":[{"href":"https:\/\/nikkeischolarship.org\/es\/wp-json\/wp\/v2\/pages"}],"about":[{"href":"https:\/\/nikkeischolarship.org\/es\/wp-json\/wp\/v2\/types\/page"}],"author":[{"embeddable":true,"href":"https:\/\/nikkeischolarship.org\/es\/wp-json\/wp\/v2\/users\/1"}],"replies":[{"embeddable":true,"href":"https:\/\/nikkeischolarship.org\/es\/wp-json\/wp\/v2\/comments?post=173"}],"version-history":[{"count":8,"href":"https:\/\/nikkeischolarship.org\/es\/wp-json\/wp\/v2\/pages\/173\/revisions"}],"predecessor-version":[{"id":189,"href":"https:\/\/nikkeischolarship.org\/es\/wp-json\/wp\/v2\/pages\/173\/revisions\/189"}],"wp:attachment":[{"href":"https:\/\/nikkeischolarship.org\/es\/wp-json\/wp\/v2\/media?parent=173"}],"curies":[{"name":"wp","href":"https:\/\/api.w.org\/{rel}","templated":true}]}}