{"id":206,"date":"2020-03-04T19:25:47","date_gmt":"2020-03-04T10:25:47","guid":{"rendered":"https:\/\/nikkeischolarship.org\/es\/?page_id=206"},"modified":"2020-03-04T19:25:48","modified_gmt":"2020-03-04T10:25:48","slug":"01kitsutani","status":"publish","type":"page","link":"https:\/\/nikkeischolarship.org\/es\/01kitsutani\/","title":{"rendered":"01kitsutani"},"content":{"rendered":"\n<figure class=\"wp-block-gallery columns-1 is-cropped wp-block-gallery-1 is-layout-flex wp-block-gallery-is-layout-flex\"><ul class=\"blocks-gallery-grid\"><li class=\"blocks-gallery-item\"><figure><img loading=\"lazy\" decoding=\"async\" width=\"714\" height=\"536\" src=\"https:\/\/nikkeischolarship.org\/es\/wp\/wp-content\/uploads\/2020\/03\/1.1kitsutani_jissyuu.jpg\" alt=\"\" data-id=\"207\" data-full-url=\"https:\/\/nikkeischolarship.org\/es\/wp\/wp-content\/uploads\/2020\/03\/1.1kitsutani_jissyuu.jpg\" data-link=\"https:\/\/nikkeischolarship.org\/es\/?attachment_id=207\" class=\"wp-image-207\" srcset=\"https:\/\/nikkeischolarship.org\/es\/wp\/wp-content\/uploads\/2020\/03\/1.1kitsutani_jissyuu.jpg 714w, https:\/\/nikkeischolarship.org\/es\/wp\/wp-content\/uploads\/2020\/03\/1.1kitsutani_jissyuu-300x225.jpg 300w\" sizes=\"auto, (max-width: 714px) 100vw, 714px\" \/><figcaption class=\"blocks-gallery-item__caption\">Pr\u00e1ctica cl\u00ednica de acupuntura y moxibusti\u00f3n.<\/figcaption><\/figure><\/li><\/ul><\/figure>\n\n\n\n<h3 class=\"midashi01\">\u00bfPor qu\u00e9 quer\u00edas ir a estudiar en Jap\u00f3n?<\/strong><\/h3>\n\n\n\n<p>En el 2003 tuve la oportunidad de participar en un \u201cCurso Especial de Acupuntura y Moxibusti\u00f3n (2 meses)\u201d organizado por el Policl\u00ednico Emmanuel de la colectividad nikkei y eso me motiv\u00f3 a querer profundizar mis conocimientos. Lamentablemente el Per\u00fa no cuenta con institutos oficiales para estudiar Acupuntura y Moxibusti\u00f3n cl\u00ednica. En tal sentido estuve buscando la posibilidad de salir al exterior y me top\u00e9 con una nota de prensa sobre el nuevo sistema de becas de Nippon Foundation publicada en Per\u00fa Shimpo, decidi\u00e9ndome postular a la beca<\/p>\n\n\n\n<h3 class=\"midashi01\">\u00bfC\u00f3mo fue tu vida en Jap\u00f3n?<\/strong><\/h3>\n\n\n\n<p>Gracias a la beca de la Nippon Foundation puede mantener una excelente vida como becario en el Jap\u00f3n. Adem\u00e1s, se pudo construir una relaci\u00f3n como de familia con el grupo de becarios y de forma espont\u00e1nea se logr\u00f3 constituir la Asociaci\u00f3n de Becarios (NFSA). A trav\u00e9s de las actividades de la NFSA, logramos aprender muchas cosas, siendo muy positivo para nuestro crecimiento personal y profesional. Los 5 a\u00f1os pasaron volando y lo reconfortante es que hasta ahora mantenemos una relaci\u00f3n muy profunda con la Nippon Foundation y los ex becarios.  <\/p>\n\n\n\n<h3 class=\"midashi01\">\u00bfCu\u00e1l fue tu estudio o investigaci\u00f3n?<\/strong><\/h3>\n\n\n\n<p>Durante los 5 a\u00f1os de beca, logr\u00e9 terminar el Instituto de Acupuntura y Moxibusti\u00f3n, para luego continuar con una Maestr\u00eda en el tema. Una vez adquirido el t\u00edtulo de acupunturista pude practicar en el Centro de C\u00e1ncer de Tsukiji, logrando aprender diversas t\u00e9cnicas. La tesis de Maestr\u00eda la realice en el Centro de C\u00e1ncer, midiendo el efecto de la Acupuntura y Moxibusti\u00f3n en las neuropat\u00edas perif\u00e9ricas debido a los efectos secundarios de la quimioterapia en c\u00e1ncer al seno. <\/p>\n\n\n\n<h3 class=\"midashi01\">\u00bfMediante el estudio en el extranjero ha cambiado tu conciencia de ser nikkei?<\/strong><\/h3>\n\n\n\n<p>A trav\u00e9s de la beca y las actividades de la NFSA, logr\u00e9 conocer a muchos nikkeis de distintos pa\u00edses, sirvi\u00e9ndome como una gran oportunidad para pensar sobre la realidad de la sociedad Nikkei del Per\u00fa y del Mundo. Gracias a que contamos con varia oportunidades para discutir sobre la situaci\u00f3n de los nikkeis, adem\u00e1s de hablar sobre la sociedad nikkei peruana en p\u00fablico, siento que mi identidad se ha fortalecido. Todo esto me ha permitido mantener hasta hoy en d\u00eda, una estrecha relaci\u00f3n con la Asociaci\u00f3n Peruano Japonesa. <\/p>\n\n\n\n<h3 class=\"midashi01\">Tu pr\u00f3ximo paso despu\u00e9s de la graduaci\u00f3n.<\/strong><\/h3>\n\n\n\n<p>Luego de mi retorno al Per\u00fa he venido trabajando en la difusi\u00f3n del cultivo agroforestal de plantas medicinales amaz\u00f3nicas y el desarrollo de un comercio justo como ONG. Personalmente creo que al unir los efectos de la acupuntura y las plantas amaz\u00f3nicas se tendr\u00eda un efecto potenciador. Actualmente continuo con las plantaciones agroforestales y este a\u00f1o pienso abrir un consultorio que combine ambos conocimientos. <\/p>\n\n\n\n<h3 class=\"midashi01\">\u00a1Un mensaje para los que ahora o m\u00e1s adelante quisieran estudiar en el extranjero!<\/strong><\/h3>\n\n\n\n<p>Si resumimos en una palabra el sistema de becas de la Nippon Foundation ser\u00eda \u201cEXCELENTE\u201d. Si quieren ir a estudiar al Jap\u00f3n, no duden en postular a esta beca. <\/p>\n\n\n\n<figure class=\"wp-block-gallery columns-2 is-cropped wp-block-gallery-2 is-layout-flex wp-block-gallery-is-layout-flex\"><ul class=\"blocks-gallery-grid\"><li class=\"blocks-gallery-item\"><figure><img loading=\"lazy\" decoding=\"async\" width=\"665\" height=\"499\" src=\"https:\/\/nikkeischolarship.org\/es\/wp\/wp-content\/uploads\/2020\/03\/1.2kitsutani_sotsugyo.jpg\" alt=\"\" data-id=\"208\" data-full-url=\"https:\/\/nikkeischolarship.org\/es\/wp\/wp-content\/uploads\/2020\/03\/1.2kitsutani_sotsugyo.jpg\" data-link=\"https:\/\/nikkeischolarship.org\/es\/?attachment_id=208\" class=\"wp-image-208\" srcset=\"https:\/\/nikkeischolarship.org\/es\/wp\/wp-content\/uploads\/2020\/03\/1.2kitsutani_sotsugyo.jpg 665w, https:\/\/nikkeischolarship.org\/es\/wp\/wp-content\/uploads\/2020\/03\/1.2kitsutani_sotsugyo-300x225.jpg 300w\" sizes=\"auto, (max-width: 665px) 100vw, 665px\" \/><figcaption class=\"blocks-gallery-item__caption\">Graduaci\u00f3n de Maestr\u00eda en Acupuntura y Moxibusti\u00f3n Cl\u00ednica<\/figcaption><\/figure><\/li><li class=\"blocks-gallery-item\"><figure><img loading=\"lazy\" decoding=\"async\" width=\"645\" height=\"472\" src=\"https:\/\/nikkeischolarship.org\/es\/wp\/wp-content\/uploads\/2020\/03\/1.3kitsutani_amazon.jpg\" alt=\"\" data-id=\"209\" data-full-url=\"https:\/\/nikkeischolarship.org\/es\/wp\/wp-content\/uploads\/2020\/03\/1.3kitsutani_amazon.jpg\" data-link=\"https:\/\/nikkeischolarship.org\/es\/?attachment_id=209\" class=\"wp-image-209\" srcset=\"https:\/\/nikkeischolarship.org\/es\/wp\/wp-content\/uploads\/2020\/03\/1.3kitsutani_amazon.jpg 645w, https:\/\/nikkeischolarship.org\/es\/wp\/wp-content\/uploads\/2020\/03\/1.3kitsutani_amazon-300x220.jpg 300w\" sizes=\"auto, (max-width: 645px) 100vw, 645px\" \/><figcaption class=\"blocks-gallery-item__caption\">En el distrito de Masisea, departamento de Ucayali \u2013 Per\u00fa<br> Proyecto agroforestal de plantas amaz\u00f3nicas. <\/figcaption><\/figure><\/li><\/ul><\/figure>\n","protected":false},"excerpt":{"rendered":"\u00bfPor qu\u00e9 quer\u00edas ir a estudiar en Jap\u00f3n? En el 2003 tuve la oportunidad de participar en un \u201cCurso E...","protected":false},"author":1,"featured_media":0,"parent":0,"menu_order":0,"comment_status":"closed","ping_status":"closed","template":"","meta":{"_s2mail":"yes","footnotes":""},"class_list":["post-206","page","type-page","status-publish","hentry"],"_links":{"self":[{"href":"https:\/\/nikkeischolarship.org\/es\/wp-json\/wp\/v2\/pages\/206","targetHints":{"allow":["GET"]}}],"collection":[{"href":"https:\/\/nikkeischolarship.org\/es\/wp-json\/wp\/v2\/pages"}],"about":[{"href":"https:\/\/nikkeischolarship.org\/es\/wp-json\/wp\/v2\/types\/page"}],"author":[{"embeddable":true,"href":"https:\/\/nikkeischolarship.org\/es\/wp-json\/wp\/v2\/users\/1"}],"replies":[{"embeddable":true,"href":"https:\/\/nikkeischolarship.org\/es\/wp-json\/wp\/v2\/comments?post=206"}],"version-history":[{"count":1,"href":"https:\/\/nikkeischolarship.org\/es\/wp-json\/wp\/v2\/pages\/206\/revisions"}],"predecessor-version":[{"id":210,"href":"https:\/\/nikkeischolarship.org\/es\/wp-json\/wp\/v2\/pages\/206\/revisions\/210"}],"wp:attachment":[{"href":"https:\/\/nikkeischolarship.org\/es\/wp-json\/wp\/v2\/media?parent=206"}],"curies":[{"name":"wp","href":"https:\/\/api.w.org\/{rel}","templated":true}]}}