{"id":211,"date":"2020-03-04T19:29:09","date_gmt":"2020-03-04T10:29:09","guid":{"rendered":"https:\/\/nikkeischolarship.org\/es\/?page_id=211"},"modified":"2020-03-04T19:29:09","modified_gmt":"2020-03-04T10:29:09","slug":"03kishimoto","status":"publish","type":"page","link":"https:\/\/nikkeischolarship.org\/es\/03kishimoto\/","title":{"rendered":"03kishimoto"},"content":{"rendered":"\n<figure class=\"wp-block-gallery columns-1 is-cropped wp-block-gallery-1 is-layout-flex wp-block-gallery-is-layout-flex\"><ul class=\"blocks-gallery-grid\"><li class=\"blocks-gallery-item\"><figure><img loading=\"lazy\" decoding=\"async\" width=\"970\" height=\"1024\" src=\"https:\/\/nikkeischolarship.org\/es\/wp\/wp-content\/uploads\/2020\/03\/3.GKishimoto-970x1024.jpg\" alt=\"\" data-id=\"212\" data-full-url=\"https:\/\/nikkeischolarship.org\/es\/wp\/wp-content\/uploads\/2020\/03\/3.GKishimoto.jpg\" data-link=\"https:\/\/nikkeischolarship.org\/es\/?attachment_id=212\" class=\"wp-image-212\" srcset=\"https:\/\/nikkeischolarship.org\/es\/wp\/wp-content\/uploads\/2020\/03\/3.GKishimoto-970x1024.jpg 970w, https:\/\/nikkeischolarship.org\/es\/wp\/wp-content\/uploads\/2020\/03\/3.GKishimoto-284x300.jpg 284w, https:\/\/nikkeischolarship.org\/es\/wp\/wp-content\/uploads\/2020\/03\/3.GKishimoto-768x810.jpg 768w, https:\/\/nikkeischolarship.org\/es\/wp\/wp-content\/uploads\/2020\/03\/3.GKishimoto.jpg 1213w\" sizes=\"auto, (max-width: 970px) 100vw, 970px\" \/><\/figure><\/li><\/ul><\/figure>\n\n\n\n<h3 class=\"midashi01\">\u00bfPor qu\u00e9 quer\u00edas ir a estudiar en Jap\u00f3n?<\/strong><\/h3>\n\n\n\n<p>Mi pasi\u00f3n en la vida es ayudar a quienes ayudan a los dem\u00e1s. Una de las angustias m\u00e1s insoportables es la frustraci\u00f3n e impotencia frente al c\u00e1ncer. En Per\u00fa, la mortalidad m\u00e1s alta por c\u00e1ncer se debe a c\u00e1nceres avanzados del tracto digestivo. El mejor lugar del mundo para aprender a c\u00f3mo detectar y tratar estas neoplasias oportunamente es en el Centro Nacional del C\u00e1ncer en Tokio, Jap\u00f3n.<\/p>\n\n\n\n<h3 class=\"midashi01\">\u00bfC\u00f3mo fue tu vida en Jap\u00f3n?<\/strong><\/h3>\n\n\n\n<p>Mi experiencia en Jap\u00f3n es un hito en mi vida. Me ayud\u00f3 a fortalecer mis ra\u00edces, imaginarme a la persona que me gustar\u00eda ser y empujarme hacia ella.<br>\nSentirme bienvenido entre mis senpai, me alent\u00f3 mucho a adaptarme a un pa\u00eds, donde no pod\u00eda comunicarme bien. Si bien, el programa de becas me brind\u00f3 todas las facilidades y flexibilidad para hacer realidad mis sue\u00f1os, mi familia de NFSA me acogi\u00f3 y me apoy\u00f3 para cumplir mis objetivos durante mi estad\u00eda en Jap\u00f3n.<br>\nAdem\u00e1s, el programa de becas nos dio muchas oportunidades para aprender habilidades de gesti\u00f3n al estilo japon\u00e9s (a trav\u00e9s de seminarios, charlas, visitas a f\u00e1bricas, organizaci\u00f3n de concursos, intercambio cultural con estudiantes, etc.) para ser mejores l\u00edderes al regresar a nuestros pa\u00edses.<\/p>\n\n\n\n<h3 class=\"midashi01\">\u00bfCu\u00e1l fue tu estudio o investigaci\u00f3n?<\/strong><\/h3>\n\n\n\n<p>Actualmente, estoy enfocado en optimizar el camino de la detecci\u00f3n temprana y el tratamiento oportuno de los c\u00e1nceres gastrointestinales.<br>No es f\u00e1cil concentrarse en escribir y publicar art\u00edculos, pero s\u00e9 lo importante que es escribir ideas para mejorarlas m\u00e1s adelante.<br> De hecho, las publicaciones que pude hacer en Jap\u00f3n fueron decisivas para mi reintegraci\u00f3n despu\u00e9s de 6 a\u00f1os lejos de Per\u00fa.<\/p>\n\n\n\n<h3 class=\"midashi01\">\u00bfMediante el estudio en el extranjero ha cambiado tu conciencia de ser nikkei?<\/strong><\/h3>\n\n\n\n<p>Por supuesto. Mi experiencia en Jap\u00f3n cambi\u00f3 mi visi\u00f3n como Nikkei. Mientras crec\u00eda en Lima, no recuerdo haberme sentido orgulloso de tener ra\u00edces japonesas. Nunca estudi\u00e9 en una escuela Nikkei. Podr\u00eda decir que hasta sent\u00ed momentos de discriminaci\u00f3n racial.<br>Mi primer acercamiento a la comunidad Nikkei fue durante mi vida universitaria. Con mis mentores, el Dr. Jos\u00e9 Watanabe y el Dr. Juan Miyagui, pude fortalecer los valores aprendidos en casa. Gracias a ambos, pude conocer al Dr. Tatsuya Yamada, quien me dio la bienvenida en Jap\u00f3n y gui\u00f3 mis pasos. A trav\u00e9s del equipo de mis profesores Dres. Kunihisa Miyakawa y Yutaka Saito, conoc\u00ed c\u00f3mo los japoneses (que mor\u00edan de c\u00e1ncer despu\u00e9s de la Segunda Guerra Mundial) pudieron levantarse y liderar programas mundiales de detecci\u00f3n precoz del c\u00e1ncer.<br>Siempre me pregunt\u00e9, \u00bfc\u00f3mo podr\u00edan las personas, que no se conocen, colaborar juntas para un mejor futuro? El destino me respondi\u00f3 al experimentar el horror y el dolor de un devastador terremoto y tsunami en 2011. Cuando ayudamos a limpiar escombros en la zona de desastre de la prefectura de Miyagi, vi el coraje de los supervivientes y c\u00f3mo se ayudaban mutuamente , como una gran familia.<br>Esto me hizo entender que ayudar a aquellos que ayudan a muchos otros, basados en el desinter\u00e9s, la tolerancia, la empat\u00eda y la perseverancia; es un punto de partida para forjar un futuro mejor para las generaciones venideras. Creo que el concepto Nikkei agrega estos valores para ayudar a muchos pa\u00edses a prosperar.<\/p>\n\n\n\n<h3 class=\"midashi01\">Tu pr\u00f3ximo paso despu\u00e9s de la graduaci\u00f3n.<\/strong><\/h3>\n\n\n\n<p>Actualmente, soy un asistente gastroenter\u00f3logo en la Cl\u00ednica &#8220;Centenario&#8221; Peruano Japonesa y en la Policl\u00ednica Peruana Japonesa. Los departamentos de salud de la Asociaci\u00f3n Peruano Japonesa me ofrecen el mejor lugar para adaptar el m\u00e9todo japon\u00e9s de detecci\u00f3n temprana y cirug\u00eda endosc\u00f3pica oportuna.<\/p>\n\n\n\n<h3 class=\"midashi01\">\u00a1Un mensaje para los que ahora o m\u00e1s adelante quisieran estudiar en el extranjero!<\/strong><\/h3>\n\n\n\n<p>Hoy en d\u00eda, Jap\u00f3n ofrece muchas oportunidades para estudiar diversas carreras en japon\u00e9s y\/o ingl\u00e9s. Ofrece tambi\u00e9n la experiencia de convivir con respeto a la naturaleza y a los dem\u00e1s. Pienso, que es muy importante saber hacia d\u00f3nde queremos ir, y sopesar cu\u00e1nto nos ayudar\u00e1 para nuestro futuro esta experiencia en Jap\u00f3n . Creo, que es muy diferente querer conocer Jap\u00f3n, y ver despu\u00e9s qu\u00e9 hago con lo aprendido.<br>\nEn Jap\u00f3n, tuve la oportunidad de viajar, conocer, y sentir una forma diferente de vida, que me gustar\u00eda adaptar en mi pa\u00eds, para el beneficio de muchos. Creo que se puede aprender mucho de un pueblo, que sufre peri\u00f3dicamente de desastres naturales y ha surgido de las cenizas de una guerra nuclear.<\/p>\n","protected":false},"excerpt":{"rendered":"\u00bfPor qu\u00e9 quer\u00edas ir a estudiar en Jap\u00f3n? Mi pasi\u00f3n en la vida es ayudar a quienes ayudan a los dem\u00e1s...","protected":false},"author":1,"featured_media":0,"parent":0,"menu_order":0,"comment_status":"closed","ping_status":"closed","template":"","meta":{"_s2mail":"yes","footnotes":""},"class_list":["post-211","page","type-page","status-publish","hentry"],"_links":{"self":[{"href":"https:\/\/nikkeischolarship.org\/es\/wp-json\/wp\/v2\/pages\/211","targetHints":{"allow":["GET"]}}],"collection":[{"href":"https:\/\/nikkeischolarship.org\/es\/wp-json\/wp\/v2\/pages"}],"about":[{"href":"https:\/\/nikkeischolarship.org\/es\/wp-json\/wp\/v2\/types\/page"}],"author":[{"embeddable":true,"href":"https:\/\/nikkeischolarship.org\/es\/wp-json\/wp\/v2\/users\/1"}],"replies":[{"embeddable":true,"href":"https:\/\/nikkeischolarship.org\/es\/wp-json\/wp\/v2\/comments?post=211"}],"version-history":[{"count":1,"href":"https:\/\/nikkeischolarship.org\/es\/wp-json\/wp\/v2\/pages\/211\/revisions"}],"predecessor-version":[{"id":213,"href":"https:\/\/nikkeischolarship.org\/es\/wp-json\/wp\/v2\/pages\/211\/revisions\/213"}],"wp:attachment":[{"href":"https:\/\/nikkeischolarship.org\/es\/wp-json\/wp\/v2\/media?parent=211"}],"curies":[{"name":"wp","href":"https:\/\/api.w.org\/{rel}","templated":true}]}}