{"id":217,"date":"2020-03-04T19:49:50","date_gmt":"2020-03-04T10:49:50","guid":{"rendered":"https:\/\/nikkeischolarship.org\/es\/?page_id=217"},"modified":"2020-03-04T19:49:50","modified_gmt":"2020-03-04T10:49:50","slug":"11uchima","status":"publish","type":"page","link":"https:\/\/nikkeischolarship.org\/es\/11uchima\/","title":{"rendered":"11uchima"},"content":{"rendered":"\n<figure class=\"wp-block-gallery columns-1 is-cropped wp-block-gallery-1 is-layout-flex wp-block-gallery-is-layout-flex\"><ul class=\"blocks-gallery-grid\"><li class=\"blocks-gallery-item\"><figure><img loading=\"lazy\" decoding=\"async\" width=\"1024\" height=\"683\" src=\"https:\/\/nikkeischolarship.org\/es\/wp\/wp-content\/uploads\/2020\/03\/11.3uchima_kenkyugroup-1024x683.jpg\" alt=\"\" data-id=\"218\" data-full-url=\"https:\/\/nikkeischolarship.org\/es\/wp\/wp-content\/uploads\/2020\/03\/11.3uchima_kenkyugroup.jpg\" data-link=\"https:\/\/nikkeischolarship.org\/es\/?attachment_id=218\" class=\"wp-image-218\" srcset=\"https:\/\/nikkeischolarship.org\/es\/wp\/wp-content\/uploads\/2020\/03\/11.3uchima_kenkyugroup-1024x683.jpg 1024w, https:\/\/nikkeischolarship.org\/es\/wp\/wp-content\/uploads\/2020\/03\/11.3uchima_kenkyugroup-300x200.jpg 300w, https:\/\/nikkeischolarship.org\/es\/wp\/wp-content\/uploads\/2020\/03\/11.3uchima_kenkyugroup-768x512.jpg 768w, https:\/\/nikkeischolarship.org\/es\/wp\/wp-content\/uploads\/2020\/03\/11.3uchima_kenkyugroup-600x400.jpg 600w, https:\/\/nikkeischolarship.org\/es\/wp\/wp-content\/uploads\/2020\/03\/11.3uchima_kenkyugroup.jpg 1086w\" sizes=\"auto, (max-width: 1024px) 100vw, 1024px\" \/><figcaption class=\"blocks-gallery-item__caption\">Profesores de grupo de investigaci\u00f3n, Facultad de Odontolog\u00eda, Universidad Nacional Mayor de San Marcos<br> Professors of the research group, Faculty of Dentistry, National University of San Marcos<\/figcaption><\/figure><\/li><\/ul><\/figure>\n\n\n\n<h3 class=\"midashi01\">\u00bfPor qu\u00e9 quer\u00edas ir a estudiar en Jap\u00f3n?<\/strong><\/h3>\n\n\n\n<p>En Per\u00fa falta mucho para mejorar la salud oral. Quer\u00eda especializarme en mi \u00e1rea (ortodoncia) y obtener un PhD para poder ser profesora en la universidad y poder mejorar la salud oral en Per\u00fa. Jap\u00f3n tiene varios avances tecnol\u00f3gicos, de materiales y t\u00e9cnicas en mi carrera novedosas. Adem\u00e1s permite realizar investigaciones de alto nivel con el que se puede publicar a nivel internacional y aportar en la carrera. Tener la oportunidad de estudiar un posgrado era muy importante, pues es la tendencia actual en mi carrera, y poder estudiar en pa\u00edses avanzados donde se puede aprender cosas muy diferentes a las que podr\u00eda aprender en Per\u00fa. Las oportunidades de poder realizar grandes investigaciones que puedan aportar conocimiento en la carrera pueden ser alcanzadas en Jap\u00f3n, por lo que consider\u00e9 que el aprendizaje iba a ser mayor. En Per\u00fa no hay muchos PhD, por lo que sab\u00eda que si estudiaba mucho iba a poder aportar bastante a mi universidad. Adem\u00e1s, quer\u00eda tener la oportunidad que poder vivir en Jap\u00f3n y aprender un poco m\u00e1s de su cultura y valores para poder ampliar mi visi\u00f3n. <\/p>\n\n\n\n<h3 class=\"midashi01\">\u00bfC\u00f3mo fue tu vida en Jap\u00f3n?<\/strong><\/h3>\n\n\n\n<p>Jap\u00f3n tiene una cultura, costumbres, valores y forma de vida muy diferente de Per\u00fa. Al principio fue dif\u00edcil adaptarme no solo por el idioma, o por estar solo en otro pa\u00eds tan lejano, sino que la forma de trabajo y la convivencia con los japoneses es muy diferente. El poder entender la interacci\u00f3n con los japoneses fue dif\u00edcil porque es muy distinto y la forma de expresarse de ellos es lo opuesto a los latinos, donde la expresi\u00f3n es m\u00e1s directa, lo cual puede provocar una gran dificultad de adaptaci\u00f3n. Adem\u00e1s al principio hubo un poco de dificultades para poder ver pacientes en la universidad. Sin embargo poco a poco pude ir avanzando tanto en la formaci\u00f3n cl\u00ednica como en la investigaci\u00f3n. En Jap\u00f3n los valores y comportamientos son bien marcados, y sobretodo el orden, el respeto y la responsabilidad son lo m\u00e1s notorio que hace que uno pueda vivir tranquilo y aprender bastante en Jap\u00f3n. Una vez que me adapt\u00e9 y acostumbre a la universidad, pude aprender bastante no solo de mi parte profesional sino tambi\u00e9n de mi parte personal, tratando de tomar lo mejor de mi ambiente universitario. En todo este proceso de adaptaci\u00f3n y convivencia, el tener a toda la familia de NFSA fue muy importante, y puedo decir que mis mejores amigos y mi apoyo que tuve en Jap\u00f3n son de NFSA. El poder no solo compartir con ellos, sino tambi\u00e9n tener que realizar los kenshus y todas las actividades de la beca me ense\u00f1aron muchas cosas y me unieron m\u00e1s al grupo, haciendo mi vida en Jap\u00f3n mucho mejor.<\/p>\n\n\n\n<h3 class=\"midashi01\">\u00bfCu\u00e1l fue tu estudio o investigaci\u00f3n?<\/strong><\/h3>\n\n\n\n<p>Realic\u00e9 mi investigaci\u00f3n en el \u00e1rea de ortodoncia, con un estudio en animales. Mi experimento fue sobre la influencia de la obstrucci\u00f3n nasal en la musculatura de la lengua. Evalu\u00e9 las caracter\u00edsticas de los m\u00fasculos, su funci\u00f3n, fisiolog\u00eda e histolog\u00eda luego de cambios en el patr\u00f3n de respiraci\u00f3n debido a la obstrucci\u00f3n nasal. Este tema es importante porque los cambios en la musculatura de la boca afectan la posici\u00f3n de los dientes, as\u00ed como las funciones de masticaci\u00f3n, habla, respiraci\u00f3n, degluci\u00f3n, etc. El experimento se centr\u00f3 en la etapa de crecimiento, que es donde los problemas respiratorios suelen empezar, donde los cambios musculares agravan los problemas en el correcto desarrollo de las estructuras de la cara, causando los problemas bucales que m\u00e1s adelante presentan los pacientes. Este tipo de pacientes con problemas respiratorios suelen tener problemas dentales, por lo que es importante poder conocer m\u00e1s sobre estos cambios. Este problema de respiraci\u00f3n es muy com\u00fan en mi ciudad Lima debido al tipo de clima que se presenta, por lo que poder estudiar estos problemas respiratorios es de mucho inter\u00e9s.<\/p>\n\n\n\n<h3 class=\"midashi01\">\u00bfMediante el estudio en el extranjero ha cambiado tu conciencia de ser nikkei?<\/strong><\/h3>\n\n\n\n<p>Yo estudie en Per\u00fa en un colegio Nikkei, y mi relaci\u00f3n con los Nikkei siempre me ayudo a tener una identidad como tal. En mi caso tengo, al tener tambi\u00e9n familia peruana por mi mama, y haber crecido en Per\u00fa, ten\u00eda varias influencias en mi formaci\u00f3n. Cuando llegue vivir en Jap\u00f3n por tanto tiempo, pude ver m\u00e1s de cerca la formaci\u00f3n japonesa, y todo lo referente a ella, pudi\u00e9ndome identificar m\u00e1s con la cultura japonesa. En mi universidad pude compartir mucho con japoneses, ya que hab\u00eda pocos extranjeros, por lo que pude aprender mucho m\u00e1s de la sociedad japonesa y entender m\u00e1s sobre c\u00f3mo somos los Nikkei. Adem\u00e1s poder compartir con Nikkei de otros pa\u00edses me hizo ver que tenemos muchas cosas en com\u00fan, que sobre todo los que crecimos en Latinoam\u00e9rica, a pesar de tener costumbres propias de cada pa\u00eds, ten\u00edamos muchas cosas en com\u00fan como latinos y como Nikkei. Esto me ayudo a entender m\u00e1s como es que nuestra relaci\u00f3n con Jap\u00f3n y nuestra identidad como Nikkei es muy fuerte. Y sobre todo ver que contamos con valores y costumbres similares, creciendo m\u00e1s mi identidad.<\/p>\n\n\n\n<h3 class=\"midashi01\">Tu pr\u00f3ximo paso despu\u00e9s de la graduaci\u00f3n.<\/strong><\/h3>\n\n\n\n<p>Actualmente trabajo como profesora en la facultad de odontolog\u00eda de mi Universidad en la que estudie en Per\u00fa. Estoy dando clases en posgrado, en los programas de maestr\u00eda y doctorado en odontolog\u00eda, y en la especialidad de ortodoncia. Me dedico a ense\u00f1ar sobre la elaboraci\u00f3n de proyectos de investigaci\u00f3n en maestr\u00eda y doctorado. En el posgrado de ortodoncia estoy ayudando en cursos de formaci\u00f3n cl\u00ednica. Debido a que en Per\u00fa todav\u00eda no se investiga mucho, actualmente veo investigaciones de odontolog\u00eda en general, a diferencia de Jap\u00f3n donde solo ve\u00eda investigaciones en mi \u00e1rea espec\u00edfica. Es un poco diferente el enfoque que hago aqu\u00ed, pero es porque estamos empezando reci\u00e9n a darle importancia a la investigaci\u00f3n en Per\u00fa. En la universidad hacemos trabajos de investigaci\u00f3n de odontolog\u00eda en general, por lo que estoy apoyando en las investigaciones grupales. Actualmente el tema que desarrollamos es el estudio de la morfolog\u00eda de cr\u00e1neos de civilizaciones antiguas del Per\u00fa. Adem\u00e1s de la universidad, estoy trabajando como odont\u00f3logo general y ortodoncia.<\/p>\n\n\n\n<h3 class=\"midashi01\">\u00a1Un mensaje para los que ahora o m\u00e1s adelante quisieran estudiar en el extranjero!<\/strong><\/h3>\n\n\n\n<p>Jap\u00f3n es un pa\u00eds con un estilo de vida, costumbres, cultura muy diferentes sobre todo para los latinos. El poder vivir en una realidad distinta y lejos de casa puede ser duro al comienzo, sobre todo si se tiene dificultades con el idioma. Adem\u00e1s, al ser la sociedad diferente, las relaciones e interacciones con los japoneses pueden ser dif\u00edciles al comienzo, en especial si no se conoce como es la cultura. Debido a eso es muy importante tener amistades con las cuales se pueda compartir los problemas y aprender con ellos sobre la vivencia en Jap\u00f3n. Para m\u00ed es muy importante sobretodo el tener un grupo como NFSA, pues al ser estudiantes con culturas parecidas, solemos tener problemas parecidos, por lo que compartir con ellos ayuda mucho a poder acostumbrarse y poder llevar tu vida en Jap\u00f3n. Para los que o saben el idioma sugiero que traten de esforzarse para por lo menos saber lo b\u00e1sico, lo cual ayudar\u00e1 mucho en la vida diaria. Adem\u00e1s, aprovechen todas las oportunidades que puedan tener para aprender y tener nuevas experiencias dentro y fuera de la vida universitaria. Es una buena etapa y una oportunidad \u00fanica de poder conocer muchas cosas y poder ampliar la visi\u00f3n y crecer profesionalmente y como persona.  <\/p>\n\n\n\n<figure class=\"wp-block-gallery columns-2 is-cropped wp-block-gallery-2 is-layout-flex wp-block-gallery-is-layout-flex\"><ul class=\"blocks-gallery-grid\"><li class=\"blocks-gallery-item\"><figure><img loading=\"lazy\" decoding=\"async\" width=\"1024\" height=\"678\" src=\"https:\/\/nikkeischolarship.org\/es\/wp\/wp-content\/uploads\/2020\/03\/11.1uchima_happyou-1024x678.jpg\" alt=\"\" data-id=\"219\" data-full-url=\"https:\/\/nikkeischolarship.org\/es\/wp\/wp-content\/uploads\/2020\/03\/11.1uchima_happyou.jpg\" data-link=\"https:\/\/nikkeischolarship.org\/es\/?attachment_id=219\" class=\"wp-image-219\" srcset=\"https:\/\/nikkeischolarship.org\/es\/wp\/wp-content\/uploads\/2020\/03\/11.1uchima_happyou-1024x678.jpg 1024w, https:\/\/nikkeischolarship.org\/es\/wp\/wp-content\/uploads\/2020\/03\/11.1uchima_happyou-300x199.jpg 300w, https:\/\/nikkeischolarship.org\/es\/wp\/wp-content\/uploads\/2020\/03\/11.1uchima_happyou-768x509.jpg 768w, https:\/\/nikkeischolarship.org\/es\/wp\/wp-content\/uploads\/2020\/03\/11.1uchima_happyou.jpg 1463w\" sizes=\"auto, (max-width: 1024px) 100vw, 1024px\" \/><figcaption class=\"blocks-gallery-item__caption\">Curso de investigaci\u00f3n, dictado en la Facultad de Odontolog\u00eda, Universidad Nacional Mayor de San Marcos<br> Research course, given at the Faculty of Dentistry, National University of San Marcos<\/figcaption><\/figure><\/li><li class=\"blocks-gallery-item\"><figure><img loading=\"lazy\" decoding=\"async\" width=\"960\" height=\"542\" src=\"https:\/\/nikkeischolarship.org\/es\/wp\/wp-content\/uploads\/2020\/03\/11.2uchima_syokuba.jpg\" alt=\"\" data-id=\"220\" data-full-url=\"https:\/\/nikkeischolarship.org\/es\/wp\/wp-content\/uploads\/2020\/03\/11.2uchima_syokuba.jpg\" data-link=\"https:\/\/nikkeischolarship.org\/es\/?attachment_id=220\" class=\"wp-image-220\" srcset=\"https:\/\/nikkeischolarship.org\/es\/wp\/wp-content\/uploads\/2020\/03\/11.2uchima_syokuba.jpg 960w, https:\/\/nikkeischolarship.org\/es\/wp\/wp-content\/uploads\/2020\/03\/11.2uchima_syokuba-300x169.jpg 300w, https:\/\/nikkeischolarship.org\/es\/wp\/wp-content\/uploads\/2020\/03\/11.2uchima_syokuba-768x434.jpg 768w\" sizes=\"auto, (max-width: 960px) 100vw, 960px\" \/><figcaption class=\"blocks-gallery-item__caption\">Trabajo en cl\u00ednica dental<br> Work at dental clinic<\/figcaption><\/figure><\/li><\/ul><\/figure>\n","protected":false},"excerpt":{"rendered":"\u00bfPor qu\u00e9 quer\u00edas ir a estudiar en Jap\u00f3n? En Per\u00fa falta mucho para mejorar la salud oral. Quer\u00eda espe...","protected":false},"author":1,"featured_media":0,"parent":0,"menu_order":0,"comment_status":"closed","ping_status":"closed","template":"","meta":{"_s2mail":"yes","footnotes":""},"class_list":["post-217","page","type-page","status-publish","hentry"],"_links":{"self":[{"href":"https:\/\/nikkeischolarship.org\/es\/wp-json\/wp\/v2\/pages\/217","targetHints":{"allow":["GET"]}}],"collection":[{"href":"https:\/\/nikkeischolarship.org\/es\/wp-json\/wp\/v2\/pages"}],"about":[{"href":"https:\/\/nikkeischolarship.org\/es\/wp-json\/wp\/v2\/types\/page"}],"author":[{"embeddable":true,"href":"https:\/\/nikkeischolarship.org\/es\/wp-json\/wp\/v2\/users\/1"}],"replies":[{"embeddable":true,"href":"https:\/\/nikkeischolarship.org\/es\/wp-json\/wp\/v2\/comments?post=217"}],"version-history":[{"count":1,"href":"https:\/\/nikkeischolarship.org\/es\/wp-json\/wp\/v2\/pages\/217\/revisions"}],"predecessor-version":[{"id":221,"href":"https:\/\/nikkeischolarship.org\/es\/wp-json\/wp\/v2\/pages\/217\/revisions\/221"}],"wp:attachment":[{"href":"https:\/\/nikkeischolarship.org\/es\/wp-json\/wp\/v2\/media?parent=217"}],"curies":[{"name":"wp","href":"https:\/\/api.w.org\/{rel}","templated":true}]}}