{"id":222,"date":"2020-03-04T19:53:40","date_gmt":"2020-03-04T10:53:40","guid":{"rendered":"https:\/\/nikkeischolarship.org\/es\/?page_id=222"},"modified":"2020-03-04T19:53:40","modified_gmt":"2020-03-04T10:53:40","slug":"13suzuki","status":"publish","type":"page","link":"https:\/\/nikkeischolarship.org\/es\/13suzuki\/","title":{"rendered":"13suzuki"},"content":{"rendered":"\n<figure class=\"wp-block-gallery columns-1 is-cropped wp-block-gallery-1 is-layout-flex wp-block-gallery-is-layout-flex\"><ul class=\"blocks-gallery-grid\"><li class=\"blocks-gallery-item\"><figure><img loading=\"lazy\" decoding=\"async\" width=\"768\" height=\"1024\" src=\"https:\/\/nikkeischolarship.org\/es\/wp\/wp-content\/uploads\/2020\/03\/13.2suzuki_shiaimae-768x1024.jpg\" alt=\"\" data-id=\"223\" data-full-url=\"https:\/\/nikkeischolarship.org\/es\/wp\/wp-content\/uploads\/2020\/03\/13.2suzuki_shiaimae.jpg\" data-link=\"https:\/\/nikkeischolarship.org\/es\/?attachment_id=223\" class=\"wp-image-223\" srcset=\"https:\/\/nikkeischolarship.org\/es\/wp\/wp-content\/uploads\/2020\/03\/13.2suzuki_shiaimae-768x1024.jpg 768w, https:\/\/nikkeischolarship.org\/es\/wp\/wp-content\/uploads\/2020\/03\/13.2suzuki_shiaimae-225x300.jpg 225w, https:\/\/nikkeischolarship.org\/es\/wp\/wp-content\/uploads\/2020\/03\/13.2suzuki_shiaimae.jpg 1108w\" sizes=\"auto, (max-width: 768px) 100vw, 768px\" \/><\/figure><\/li><\/ul><\/figure>\n\n\n\n<h3 class=\"midashi01\">\u00bfPor qu\u00e9 quer\u00edas ir a estudiar en Jap\u00f3n?<\/strong><\/h3>\n\n\n\n<p>Ganar la medalla de oro en las olimpiadas y regresar a Bolivia.<\/p>\n\n\n\n<h3 class=\"midashi01\">\u00bfC\u00f3mo fue tu vida en Jap\u00f3n?<\/strong><\/h3>\n\n\n\n<p>Gracias a esta beca logre poder pasar dias muy buenas aca en Japon y sin ningun problema.<br>\nEstoy realmente muy agradecido por haber podido entrar a la familia NFSA. <br>\nLes voy a dar un consejo como un miembro antiguo. <br>\nEn japon hay cosas muy bonitas y creo que la mayoria llegamos a Japon con iluciones.<br>\nYa sea ropa, variedades de comida, video juegos, mangas, etc.<br>\nYo se que hay demaciadas cosas divertidas pero quisiera que pongan prioridad a las cosas que vinieron a hacer a Japon y asi puedan acercarse a cumplir sus sue\u00f1os!.<br>\nPero tambien es muy importante desestresarse de ves en cuando!<\/p>\n\n\n\n<h3 class=\"midashi01\">\u00bfCu\u00e1l fue tu estudio o investigaci\u00f3n?<\/strong><\/h3>\n\n\n\n<p>Mi carrera en la universidad era el comercio internacional.<br>\nEn esta carrera tenia que estudiar sobre las culturas que hay en Asia.<br>\nPero la mayoria del tiempo me las pasaba entrenando.<\/p>\n\n\n\n<h3 class=\"midashi01\">\u00bfMediante el estudio en el extranjero ha cambiado tu conciencia de ser nikkei?<\/strong><\/h3>\n\n\n\n<p>Mi conciencia como un nikkei se ha podido fortalecer y me he sentido muy aliviado al saber que hay mas personas igual a mi en el mundo y el exito de mis compa\u00f1eros me ha logrado estimularme.<\/p>\n\n\n\n<h3 class=\"midashi01\">Tu pr\u00f3ximo paso despu\u00e9s de la graduaci\u00f3n.<\/strong><\/h3>\n\n\n\n<p>Soy un atleta contratado en una empresa! Y en estos momentos estoy esfocandome para acercarme cada vez mas a las olimpiadas de tokio 2020!<\/p>\n\n\n\n<h3 class=\"midashi01\">\u00a1Un mensaje para los que ahora o m\u00e1s adelante quisieran estudiar en el extranjero!<\/strong><\/h3>\n\n\n\n<p>Delen con todo! \u00f1ieeee<br>\nAmague messi.<\/p>\n\n\n\n<figure class=\"wp-block-gallery columns-2 is-cropped wp-block-gallery-2 is-layout-flex wp-block-gallery-is-layout-flex\"><ul class=\"blocks-gallery-grid\"><li class=\"blocks-gallery-item\"><figure><img loading=\"lazy\" decoding=\"async\" width=\"768\" height=\"1024\" src=\"https:\/\/nikkeischolarship.org\/es\/wp\/wp-content\/uploads\/2020\/03\/13.1suzuki_enseisaki-768x1024.jpg\" alt=\"\" data-id=\"224\" data-full-url=\"https:\/\/nikkeischolarship.org\/es\/wp\/wp-content\/uploads\/2020\/03\/13.1suzuki_enseisaki.jpg\" data-link=\"https:\/\/nikkeischolarship.org\/es\/?attachment_id=224\" class=\"wp-image-224\" srcset=\"https:\/\/nikkeischolarship.org\/es\/wp\/wp-content\/uploads\/2020\/03\/13.1suzuki_enseisaki-768x1024.jpg 768w, https:\/\/nikkeischolarship.org\/es\/wp\/wp-content\/uploads\/2020\/03\/13.1suzuki_enseisaki-225x300.jpg 225w, https:\/\/nikkeischolarship.org\/es\/wp\/wp-content\/uploads\/2020\/03\/13.1suzuki_enseisaki.jpg 1108w\" sizes=\"auto, (max-width: 768px) 100vw, 768px\" \/><\/figure><\/li><li class=\"blocks-gallery-item\"><figure><img loading=\"lazy\" decoding=\"async\" width=\"768\" height=\"1024\" src=\"https:\/\/nikkeischolarship.org\/es\/wp\/wp-content\/uploads\/2020\/03\/13.3suzuki_shiaigo-768x1024.jpg\" alt=\"\" data-id=\"225\" data-full-url=\"https:\/\/nikkeischolarship.org\/es\/wp\/wp-content\/uploads\/2020\/03\/13.3suzuki_shiaigo.jpg\" data-link=\"https:\/\/nikkeischolarship.org\/es\/?attachment_id=225\" class=\"wp-image-225\" srcset=\"https:\/\/nikkeischolarship.org\/es\/wp\/wp-content\/uploads\/2020\/03\/13.3suzuki_shiaigo-768x1024.jpg 768w, https:\/\/nikkeischolarship.org\/es\/wp\/wp-content\/uploads\/2020\/03\/13.3suzuki_shiaigo-225x300.jpg 225w, https:\/\/nikkeischolarship.org\/es\/wp\/wp-content\/uploads\/2020\/03\/13.3suzuki_shiaigo.jpg 1108w\" sizes=\"auto, (max-width: 768px) 100vw, 768px\" \/><\/figure><\/li><\/ul><\/figure>\n","protected":false},"excerpt":{"rendered":"\u00bfPor qu\u00e9 quer\u00edas ir a estudiar en Jap\u00f3n? Ganar la medalla de oro en las olimpiadas y regresar a Boli...","protected":false},"author":1,"featured_media":0,"parent":0,"menu_order":0,"comment_status":"closed","ping_status":"closed","template":"","meta":{"_s2mail":"yes","footnotes":""},"class_list":["post-222","page","type-page","status-publish","hentry"],"_links":{"self":[{"href":"https:\/\/nikkeischolarship.org\/es\/wp-json\/wp\/v2\/pages\/222","targetHints":{"allow":["GET"]}}],"collection":[{"href":"https:\/\/nikkeischolarship.org\/es\/wp-json\/wp\/v2\/pages"}],"about":[{"href":"https:\/\/nikkeischolarship.org\/es\/wp-json\/wp\/v2\/types\/page"}],"author":[{"embeddable":true,"href":"https:\/\/nikkeischolarship.org\/es\/wp-json\/wp\/v2\/users\/1"}],"replies":[{"embeddable":true,"href":"https:\/\/nikkeischolarship.org\/es\/wp-json\/wp\/v2\/comments?post=222"}],"version-history":[{"count":1,"href":"https:\/\/nikkeischolarship.org\/es\/wp-json\/wp\/v2\/pages\/222\/revisions"}],"predecessor-version":[{"id":226,"href":"https:\/\/nikkeischolarship.org\/es\/wp-json\/wp\/v2\/pages\/222\/revisions\/226"}],"wp:attachment":[{"href":"https:\/\/nikkeischolarship.org\/es\/wp-json\/wp\/v2\/media?parent=222"}],"curies":[{"name":"wp","href":"https:\/\/api.w.org\/{rel}","templated":true}]}}