{"id":227,"date":"2020-03-04T19:59:14","date_gmt":"2020-03-04T10:59:14","guid":{"rendered":"https:\/\/nikkeischolarship.org\/es\/?page_id=227"},"modified":"2020-03-04T19:59:15","modified_gmt":"2020-03-04T10:59:15","slug":"14sato","status":"publish","type":"page","link":"https:\/\/nikkeischolarship.org\/es\/14sato\/","title":{"rendered":"14sato"},"content":{"rendered":"\n<figure class=\"wp-block-gallery columns-1 is-cropped wp-block-gallery-1 is-layout-flex wp-block-gallery-is-layout-flex\"><ul class=\"blocks-gallery-grid\"><li class=\"blocks-gallery-item\"><figure><img loading=\"lazy\" decoding=\"async\" width=\"609\" height=\"342\" src=\"https:\/\/nikkeischolarship.org\/es\/wp\/wp-content\/uploads\/2020\/03\/14.2sato_gakkai.jpg\" alt=\"\" data-id=\"228\" data-full-url=\"https:\/\/nikkeischolarship.org\/es\/wp\/wp-content\/uploads\/2020\/03\/14.2sato_gakkai.jpg\" data-link=\"https:\/\/nikkeischolarship.org\/es\/?attachment_id=228\" class=\"wp-image-228\" srcset=\"https:\/\/nikkeischolarship.org\/es\/wp\/wp-content\/uploads\/2020\/03\/14.2sato_gakkai.jpg 609w, https:\/\/nikkeischolarship.org\/es\/wp\/wp-content\/uploads\/2020\/03\/14.2sato_gakkai-300x168.jpg 300w\" sizes=\"auto, (max-width: 609px) 100vw, 609px\" \/><\/figure><\/li><\/ul><\/figure>\n\n\n\n<h3 class=\"midashi01\">\u00bfPor qu\u00e9 quer\u00edas ir a estudiar en Jap\u00f3n?<\/strong><\/h3>\n\n\n\n<p>Los motivos por los que he querido estudiar en Jap\u00f3n son dos.<br>\nPrimero, al ser nikkei, quise siempre estudiar en el pa\u00eds de mis padres, conocer la cultura y entender mis ra\u00edces.<br>\nSegundo, porque mi objetivo era estudiar tecnolog\u00edas verdes como rama de la ingenier\u00eda. Como es sabido, Jap\u00f3n es uno de los pa\u00edses m\u00e1s desarrollado en dicho sector y poder aprender aqu\u00ed implicaba poder conocer sobre las \u00faltimas tecnolog\u00edas y tendencias del sector.<\/p>\n\n\n\n<h3 class=\"midashi01\">\u00bfC\u00f3mo es tu vida en Jap\u00f3n?<\/strong><\/h3>\n\n\n\n<p>Lo mejor de la vida en Jap\u00f3n es sin duda la tranquilidad y la seguridad. En mi caso particular no he tenido ning\u00fan problema en adaptarme, sin embargo, siempre se extra\u00f1a la familia y los amigos. El grupo NFSA es uno de los soportes emocionales aqu\u00ed, en donde podemos compartir ideas, an\u00e9cdotas y informaci\u00f3n. Especialmente los Kenshus son momentos espaciales de aprendizaje y unificaci\u00f3n. <br>\nPor \u00faltimo, como preparativos antes de venir hacia Jap\u00f3n, les recomendar\u00eda traer apuntes o libros digitales de sus especialidades. Son de utilidad para cuando tengan que prepararse para el examen de ingreso a la universidad.<\/p>\n\n\n\n<h3 class=\"midashi01\">\u00bfCu\u00e1l es tu estudio o investigaci\u00f3n?<\/strong><\/h3>\n\n\n\n<p>Actualmente me estoy especializando en tecnolog\u00edas verdes, y centrando mi investigaci\u00f3n en el \u00e1mbito automotor y de transporte. Analizo el ciclo de vida del veh\u00edculo poniendo foco en el reciclado de los mismos. De esta forma busco optimizar el consumo de energ\u00eda y emisi\u00f3n de CO2 del sector tomando tambi\u00e9n en cuenta los costos que la misma implica.<\/p>\n\n\n\n<h3 class=\"midashi01\">\u00bfMediante el estudio en el extranjero ha cambiado tu conciencia de ser nikkei?<\/strong><\/h3>\n\n\n\n<p>Luego de vivir en Jap\u00f3n mi visi\u00f3n de Nikkei ha cambiado. Viviendo en Argentina, solo escuch\u00e1bamos lo bueno de la sociedad japonesa, sin embargo, Latinoam\u00e9rica tiene otras buenas cosas que ac\u00e1 en Jap\u00f3n no hay. Haber crecido en Argentina y vivido en Jap\u00f3n me permiti\u00f3 aclarar que nosotros los nikkei somos afortunados de tener ambas visiones y poder tomar las buenas partes de cada una de ellas.<\/p>\n\n\n\n<h3 class=\"midashi01\">\u00bfCu\u00e1l es tu sue\u00f1o en el futuro?<\/strong><\/h3>\n\n\n\n<p>Mi objetivo es poder aprender m\u00e1s sobre las tecnolog\u00edas verdes, y luego de terminar mi carrera en Jap\u00f3n poder volver a mi pa\u00eds a aplicar las mismas. Mi gran meta es ser profesor universitario e investigador para poder contribuir a la sociedad.<\/p>\n\n\n\n<h3 class=\"midashi01\">\u00a1Un mensaje para los que ahora o m\u00e1s adelante quisieran estudiar en el extranjero!<\/strong><\/h3>\n\n\n\n<p>Un mensaje que puedo darles a los que tienen pensado estudiar en Jap\u00f3n, es que no se pongan l\u00edmites y que tengan confianza en si mismo.<\/p>\n\n\n\n<figure class=\"wp-block-gallery columns-1 is-cropped wp-block-gallery-2 is-layout-flex wp-block-gallery-is-layout-flex\"><ul class=\"blocks-gallery-grid\"><li class=\"blocks-gallery-item\"><figure><img loading=\"lazy\" decoding=\"async\" width=\"1024\" height=\"576\" src=\"https:\/\/nikkeischolarship.org\/es\/wp\/wp-content\/uploads\/2020\/03\/14.1sato_hatsudensyo-1024x576.jpg\" alt=\"\" data-id=\"229\" data-full-url=\"https:\/\/nikkeischolarship.org\/es\/wp\/wp-content\/uploads\/2020\/03\/14.1sato_hatsudensyo.jpg\" data-link=\"https:\/\/nikkeischolarship.org\/es\/?attachment_id=229\" class=\"wp-image-229\" srcset=\"https:\/\/nikkeischolarship.org\/es\/wp\/wp-content\/uploads\/2020\/03\/14.1sato_hatsudensyo-1024x576.jpg 1024w, https:\/\/nikkeischolarship.org\/es\/wp\/wp-content\/uploads\/2020\/03\/14.1sato_hatsudensyo-300x169.jpg 300w, https:\/\/nikkeischolarship.org\/es\/wp\/wp-content\/uploads\/2020\/03\/14.1sato_hatsudensyo-768x432.jpg 768w, https:\/\/nikkeischolarship.org\/es\/wp\/wp-content\/uploads\/2020\/03\/14.1sato_hatsudensyo-1536x864.jpg 1536w, https:\/\/nikkeischolarship.org\/es\/wp\/wp-content\/uploads\/2020\/03\/14.1sato_hatsudensyo.jpg 1603w\" sizes=\"auto, (max-width: 1024px) 100vw, 1024px\" \/><\/figure><\/li><\/ul><\/figure>\n","protected":false},"excerpt":{"rendered":"\u00bfPor qu\u00e9 quer\u00edas ir a estudiar en Jap\u00f3n? Los motivos por los que he querido estudiar en Jap\u00f3n son do...","protected":false},"author":1,"featured_media":0,"parent":0,"menu_order":0,"comment_status":"closed","ping_status":"closed","template":"","meta":{"_s2mail":"yes","footnotes":""},"class_list":["post-227","page","type-page","status-publish","hentry"],"_links":{"self":[{"href":"https:\/\/nikkeischolarship.org\/es\/wp-json\/wp\/v2\/pages\/227","targetHints":{"allow":["GET"]}}],"collection":[{"href":"https:\/\/nikkeischolarship.org\/es\/wp-json\/wp\/v2\/pages"}],"about":[{"href":"https:\/\/nikkeischolarship.org\/es\/wp-json\/wp\/v2\/types\/page"}],"author":[{"embeddable":true,"href":"https:\/\/nikkeischolarship.org\/es\/wp-json\/wp\/v2\/users\/1"}],"replies":[{"embeddable":true,"href":"https:\/\/nikkeischolarship.org\/es\/wp-json\/wp\/v2\/comments?post=227"}],"version-history":[{"count":1,"href":"https:\/\/nikkeischolarship.org\/es\/wp-json\/wp\/v2\/pages\/227\/revisions"}],"predecessor-version":[{"id":230,"href":"https:\/\/nikkeischolarship.org\/es\/wp-json\/wp\/v2\/pages\/227\/revisions\/230"}],"wp:attachment":[{"href":"https:\/\/nikkeischolarship.org\/es\/wp-json\/wp\/v2\/media?parent=227"}],"curies":[{"name":"wp","href":"https:\/\/api.w.org\/{rel}","templated":true}]}}