{"id":231,"date":"2020-03-04T20:02:45","date_gmt":"2020-03-04T11:02:45","guid":{"rendered":"https:\/\/nikkeischolarship.org\/es\/?page_id=231"},"modified":"2020-03-04T20:02:46","modified_gmt":"2020-03-04T11:02:46","slug":"15ujiie","status":"publish","type":"page","link":"https:\/\/nikkeischolarship.org\/es\/15ujiie\/","title":{"rendered":"15ujiie"},"content":{"rendered":"\n<figure class=\"wp-block-gallery columns-1 is-cropped wp-block-gallery-1 is-layout-flex wp-block-gallery-is-layout-flex\"><ul class=\"blocks-gallery-grid\"><li class=\"blocks-gallery-item\"><figure><img loading=\"lazy\" decoding=\"async\" width=\"1009\" height=\"673\" src=\"https:\/\/nikkeischolarship.org\/es\/wp\/wp-content\/uploads\/2020\/03\/15.1ujiie_hnk.jpg\" alt=\"\" data-id=\"232\" data-full-url=\"https:\/\/nikkeischolarship.org\/es\/wp\/wp-content\/uploads\/2020\/03\/15.1ujiie_hnk.jpg\" data-link=\"https:\/\/nikkeischolarship.org\/es\/?attachment_id=232\" class=\"wp-image-232\" srcset=\"https:\/\/nikkeischolarship.org\/es\/wp\/wp-content\/uploads\/2020\/03\/15.1ujiie_hnk.jpg 1009w, https:\/\/nikkeischolarship.org\/es\/wp\/wp-content\/uploads\/2020\/03\/15.1ujiie_hnk-300x200.jpg 300w, https:\/\/nikkeischolarship.org\/es\/wp\/wp-content\/uploads\/2020\/03\/15.1ujiie_hnk-768x512.jpg 768w, https:\/\/nikkeischolarship.org\/es\/wp\/wp-content\/uploads\/2020\/03\/15.1ujiie_hnk-600x400.jpg 600w\" sizes=\"auto, (max-width: 1009px) 100vw, 1009px\" \/><\/figure><\/li><\/ul><\/figure>\n\n\n\n<h3 class=\"midashi01\">\u00bfPor qu\u00e9 quer\u00edas ir a estudiar en Jap\u00f3n?<\/strong><\/h3>\n\n\n\n<p>Eleg\u00ed estudiar en Jap\u00f3n porque aqu\u00ed existen escuelas para ni\u00f1os con capacidades especiales. Los ni\u00f1os asisten a clases sabiendo que la escuela y los mismos maestros est\u00e1n preparados y tienen conocimiento sobre la discapacidad que tiene cada uno. Y tambi\u00e9n porque la educaci\u00f3n de Jap\u00f3n me parece muy buena y me gustar\u00eda poder llevarlo a cabo en Paraguay.<\/p>\n\n\n\n<h3 class=\"midashi01\">\u00bfC\u00f3mo es tu vida en Jap\u00f3n?<\/strong><\/h3>\n\n\n\n<p>La vida en Jap\u00f3n es segura, puedes moverte a cualquier lado sin problemas o preocupaciones. Tambi\u00e9n conoces a muchas personas de diferentes pa\u00edses y sobre su idioma y sobre su cultura. Pero no todo es color de rosas, hay veces en las que es muy dif\u00edcil, como por ejemplo cuando en tu universidad estas de ex\u00e1menes y en las mismas fechas hay alguna actividad de la beca o cuando quieres hablar sobre algo de tu carrera o necesitas a tu familia pero est\u00e1 lejos, etc. Pero gracias a la NFSA y a mi familia que me apoyan en todo a pesar de la distancia he podido sobre llevar esto y muchas cosas m\u00e1s. La NFSA siempre me da fuerzas para poder seguir con la cabeza en alto, levantarme a pesar de mis ca\u00eddas, la NFSA es como mi familia de Jap\u00f3n.<\/p>\n\n\n\n<h3 class=\"midashi01\">\u00bfCu\u00e1l es tu estudio o investigaci\u00f3n?<\/strong><\/h3>\n\n\n\n<p>Actualmente estoy estudiando para poder obtener el titulo de maestra para ni\u00f1os de 0 a 6 a\u00f1os y al mismo tiempo tambi\u00e9n el de maestra para ni\u00f1os con capacidades especiales. Mientras tengo clases tambi\u00e9n voy a las escuelas a hacer 2 semanas de pr\u00e1cticas o voluntariados.<\/p>\n\n\n\n<h3 class=\"midashi01\">\u00bfMediante el estudio en el extranjero ha cambiado tu conciencia de ser nikkei?<\/strong><\/h3>\n\n\n\n<p>Mi identidad como nikkei no cambio mucho. Porque antes de venir a Jap\u00f3n mi identidad nikkei era muy fuerte y firme, por ello, gracias a la beca pude confirmar y asegurar mi identidad nikkei.<\/p>\n\n\n\n<h3 class=\"midashi01\">\u00bfCu\u00e1l es tu sue\u00f1o en el futuro?<\/strong><\/h3>\n\n\n\n<p>Volver a Paraguay y abrir una escuela donde los ni\u00f1os con capacidades especiales puedan asistir de forma normal y segura. Y tambi\u00e9n me gustar\u00eda poder usar y llevar a cabo todo lo que aprend\u00ed en Jap\u00f3n. Se que no va a ser f\u00e1cil, pero el esfuerzo de cada d\u00eda es un grano de arena para que mis sue\u00f1os se puedan cumplir.<\/p>\n\n\n\n<h3 class=\"midashi01\">\u00a1Un mensaje para los que ahora o m\u00e1s adelante quisieran estudiar en el extranjero!<\/strong><\/h3>\n\n\n\n<p>Tener una beca y estudiar en otro pa\u00eds es una experiencia y una oportunidad de crecer muy grande, tambi\u00e9n te hace cambiar tu forma de pensar, en mi caso cambio de forma positiva. Pude conocer a muchas personas y estoy segura que nunca me arrepentir\u00e9 de esta decisi\u00f3n. Con experiencias como estas, aprendes a valorar muchas cosas en tu vida y en tu alrededor. \u00a1Si estas dudando, intenta! Intentar te puede ayudar a salir de varias dudas, a veces hay que arriesgarse para obtener lo que quieres o buscas.<\/p>\n\n\n\n<figure class=\"wp-block-gallery columns-3 is-cropped wp-block-gallery-2 is-layout-flex wp-block-gallery-is-layout-flex\"><ul class=\"blocks-gallery-grid\"><li class=\"blocks-gallery-item\"><figure><img loading=\"lazy\" decoding=\"async\" width=\"950\" height=\"633\" src=\"https:\/\/nikkeischolarship.org\/es\/wp\/wp-content\/uploads\/2020\/03\/15.2ujiie_happyou.jpg\" alt=\"\" data-id=\"233\" data-full-url=\"https:\/\/nikkeischolarship.org\/es\/wp\/wp-content\/uploads\/2020\/03\/15.2ujiie_happyou.jpg\" data-link=\"https:\/\/nikkeischolarship.org\/es\/?attachment_id=233\" class=\"wp-image-233\" srcset=\"https:\/\/nikkeischolarship.org\/es\/wp\/wp-content\/uploads\/2020\/03\/15.2ujiie_happyou.jpg 950w, https:\/\/nikkeischolarship.org\/es\/wp\/wp-content\/uploads\/2020\/03\/15.2ujiie_happyou-300x200.jpg 300w, https:\/\/nikkeischolarship.org\/es\/wp\/wp-content\/uploads\/2020\/03\/15.2ujiie_happyou-768x512.jpg 768w, https:\/\/nikkeischolarship.org\/es\/wp\/wp-content\/uploads\/2020\/03\/15.2ujiie_happyou-600x400.jpg 600w\" sizes=\"auto, (max-width: 950px) 100vw, 950px\" \/><\/figure><\/li><li class=\"blocks-gallery-item\"><figure><img loading=\"lazy\" decoding=\"async\" width=\"768\" height=\"1024\" src=\"https:\/\/nikkeischolarship.org\/es\/wp\/wp-content\/uploads\/2020\/03\/15.3ujiie_misin-768x1024.jpg\" alt=\"\" data-id=\"234\" data-full-url=\"https:\/\/nikkeischolarship.org\/es\/wp\/wp-content\/uploads\/2020\/03\/15.3ujiie_misin.jpg\" data-link=\"https:\/\/nikkeischolarship.org\/es\/?attachment_id=234\" class=\"wp-image-234\" srcset=\"https:\/\/nikkeischolarship.org\/es\/wp\/wp-content\/uploads\/2020\/03\/15.3ujiie_misin-768x1024.jpg 768w, https:\/\/nikkeischolarship.org\/es\/wp\/wp-content\/uploads\/2020\/03\/15.3ujiie_misin-225x300.jpg 225w, https:\/\/nikkeischolarship.org\/es\/wp\/wp-content\/uploads\/2020\/03\/15.3ujiie_misin.jpg 774w\" sizes=\"auto, (max-width: 768px) 100vw, 768px\" \/><\/figure><\/li><li class=\"blocks-gallery-item\"><figure><img loading=\"lazy\" decoding=\"async\" width=\"767\" height=\"1024\" src=\"https:\/\/nikkeischolarship.org\/es\/wp\/wp-content\/uploads\/2020\/03\/15.4ujiie_sotsugyou-767x1024.jpg\" alt=\"\" data-id=\"235\" data-full-url=\"https:\/\/nikkeischolarship.org\/es\/wp\/wp-content\/uploads\/2020\/03\/15.4ujiie_sotsugyou.jpg\" data-link=\"https:\/\/nikkeischolarship.org\/es\/?attachment_id=235\" class=\"wp-image-235\" srcset=\"https:\/\/nikkeischolarship.org\/es\/wp\/wp-content\/uploads\/2020\/03\/15.4ujiie_sotsugyou-767x1024.jpg 767w, https:\/\/nikkeischolarship.org\/es\/wp\/wp-content\/uploads\/2020\/03\/15.4ujiie_sotsugyou-225x300.jpg 225w, https:\/\/nikkeischolarship.org\/es\/wp\/wp-content\/uploads\/2020\/03\/15.4ujiie_sotsugyou-768x1025.jpg 768w, https:\/\/nikkeischolarship.org\/es\/wp\/wp-content\/uploads\/2020\/03\/15.4ujiie_sotsugyou.jpg 777w\" sizes=\"auto, (max-width: 767px) 100vw, 767px\" \/><\/figure><\/li><\/ul><\/figure>\n","protected":false},"excerpt":{"rendered":"\u00bfPor qu\u00e9 quer\u00edas ir a estudiar en Jap\u00f3n? Eleg\u00ed estudiar en Jap\u00f3n porque aqu\u00ed existen escuelas para n...","protected":false},"author":1,"featured_media":0,"parent":0,"menu_order":0,"comment_status":"closed","ping_status":"closed","template":"","meta":{"_s2mail":"yes","footnotes":""},"class_list":["post-231","page","type-page","status-publish","hentry"],"_links":{"self":[{"href":"https:\/\/nikkeischolarship.org\/es\/wp-json\/wp\/v2\/pages\/231","targetHints":{"allow":["GET"]}}],"collection":[{"href":"https:\/\/nikkeischolarship.org\/es\/wp-json\/wp\/v2\/pages"}],"about":[{"href":"https:\/\/nikkeischolarship.org\/es\/wp-json\/wp\/v2\/types\/page"}],"author":[{"embeddable":true,"href":"https:\/\/nikkeischolarship.org\/es\/wp-json\/wp\/v2\/users\/1"}],"replies":[{"embeddable":true,"href":"https:\/\/nikkeischolarship.org\/es\/wp-json\/wp\/v2\/comments?post=231"}],"version-history":[{"count":1,"href":"https:\/\/nikkeischolarship.org\/es\/wp-json\/wp\/v2\/pages\/231\/revisions"}],"predecessor-version":[{"id":236,"href":"https:\/\/nikkeischolarship.org\/es\/wp-json\/wp\/v2\/pages\/231\/revisions\/236"}],"wp:attachment":[{"href":"https:\/\/nikkeischolarship.org\/es\/wp-json\/wp\/v2\/media?parent=231"}],"curies":[{"name":"wp","href":"https:\/\/api.w.org\/{rel}","templated":true}]}}