{"id":237,"date":"2020-03-04T20:05:59","date_gmt":"2020-03-04T11:05:59","guid":{"rendered":"https:\/\/nikkeischolarship.org\/es\/?page_id=237"},"modified":"2020-03-04T20:07:01","modified_gmt":"2020-03-04T11:07:01","slug":"16ooyama","status":"publish","type":"page","link":"https:\/\/nikkeischolarship.org\/es\/16ooyama\/","title":{"rendered":"16ooyama"},"content":{"rendered":"\n<figure class=\"wp-block-gallery columns-1 is-cropped wp-block-gallery-1 is-layout-flex wp-block-gallery-is-layout-flex\"><ul class=\"blocks-gallery-grid\"><li class=\"blocks-gallery-item\"><figure><img loading=\"lazy\" decoding=\"async\" width=\"1024\" height=\"1024\" src=\"https:\/\/nikkeischolarship.org\/es\/wp\/wp-content\/uploads\/2020\/03\/16.1ooyama_hachi-1024x1024.jpg\" alt=\"\" data-id=\"238\" data-full-url=\"https:\/\/nikkeischolarship.org\/es\/wp\/wp-content\/uploads\/2020\/03\/16.1ooyama_hachi.jpg\" data-link=\"https:\/\/nikkeischolarship.org\/es\/?attachment_id=238\" class=\"wp-image-238\" srcset=\"https:\/\/nikkeischolarship.org\/es\/wp\/wp-content\/uploads\/2020\/03\/16.1ooyama_hachi-1024x1024.jpg 1024w, https:\/\/nikkeischolarship.org\/es\/wp\/wp-content\/uploads\/2020\/03\/16.1ooyama_hachi-300x300.jpg 300w, https:\/\/nikkeischolarship.org\/es\/wp\/wp-content\/uploads\/2020\/03\/16.1ooyama_hachi-150x150.jpg 150w, https:\/\/nikkeischolarship.org\/es\/wp\/wp-content\/uploads\/2020\/03\/16.1ooyama_hachi-768x768.jpg 768w, https:\/\/nikkeischolarship.org\/es\/wp\/wp-content\/uploads\/2020\/03\/16.1ooyama_hachi-240x240.jpg 240w, https:\/\/nikkeischolarship.org\/es\/wp\/wp-content\/uploads\/2020\/03\/16.1ooyama_hachi-130x130.jpg 130w, https:\/\/nikkeischolarship.org\/es\/wp\/wp-content\/uploads\/2020\/03\/16.1ooyama_hachi.jpg 1280w\" sizes=\"auto, (max-width: 1024px) 100vw, 1024px\" \/><\/figure><\/li><\/ul><\/figure>\n\n\n\n<h3 class=\"midashi01\">\u00bfPor qu\u00e9 quer\u00edas ir a estudiar en Jap\u00f3n?<\/strong><\/h3>\n\n\n\n<p>Hab\u00eda pensado de aprender varios conocimientos y tecnolog\u00edas en Jap\u00f3n donde el ambiente educativo est\u00e1 organizado para contribuiral desarrollo de mi pa\u00eds en el futuro. En mi caso mientras ten\u00eda deseo de seguir mi estudio en la universidad en Jap\u00f3n dado que hab\u00eda estudiado en Jap\u00f3n desde la secundaria inferior, encontr\u00e9 este sistema de beca y cre\u00ed que podr\u00eda servir como un paso para mi futuro. <\/p>\n\n\n\n<h3 class=\"midashi01\">\u00bfC\u00f3mo es tu vida en Jap\u00f3n?<\/strong><\/h3>\n\n\n\n<p>La vida en Jap\u00f3n es tan satisfactoria cada d\u00eda como no puedo comparar con la de mi pa\u00eds. Es decir eestudiar y divertirme cada d\u00eda. Tambi\u00e9n se realizan 4 veces de capacitaci\u00f3n por a\u00f1o por la Asociaci\u00f3n de Becarios de Nikkei (NFSA). La capacitaci\u00f3n con otros becarios que tienen mismo deseo tiene el ambiente c\u00f3modo y humor de apoyarnos mutuamente. Cuando tengo inquietud o alg\u00fan sufrimiento de la vida universitaria o me pongo desanimado, los compa\u00f1eros becarios (miembros de NFSA) me dan \u00e1nimo por vernos y me hacen recuperar las ganas. <br>\nComo ya llevo unos 8 a\u00f1os en Jap\u00f3n y me he acostumbrado bastante la vida de los japoneses por lo tanto tendr\u00e1 algunas dificultades cuando regreso a mi pa\u00eds. (LOL)<br>\nPor eso quisiera regresar a mi pa\u00eds una vez por 1 o 2 a\u00f1os para no olvidar la vida de mi pa\u00eds. Al mismo tiempo me siento que tambi\u00e9n es importante tener informaciones de mi pa\u00eds porque se han cambiado la situaci\u00f3n del pa\u00eds incluso mi pesona entre anes y despu\u00e9s del estudio en el extranjero. <\/p>\n\n\n\n<h3 class=\"midashi01\">\u00bfCu\u00e1l es tu estudio o investigaci\u00f3n?<\/strong><\/h3>\n\n\n\n<p>Actualmente estudio en la universidad sobre el medio ambiente y turismo. Adem\u00e1s participo en las actividades de promoci\u00f3n comunitaria por lo que tengo muchos trabajos en el campo fuera de la universidad m\u00e1s que el estudio dentro de la universidad. Por ejemplo, a trav\u00e9s de organizaci\u00f3n de talles de carpas de bamb\u00fa para promover uso de bamb\u00fas, excursi\u00f3n gastron\u00f3mica para comer comidas tradicionales locales y eventos tal como de cumbre de los estudiantes que abordan la promoci\u00f3n comunitaria a fin de desarrollar nuevos proyectos, se desempe\u00f1an pr\u00e1cticamente vinculaci\u00f3n con la comunidad y las soluciones concretas de los problemas encontrados. Tambi\u00e9n abordo las actividades de hereder las artes tradicionales locales y hacer gesti\u00f3n para conseguir subsidio para dichas actividades. Estoy aprovechando 4 a\u00f1os de la universidad no solo por escuchar lo que habla el profesor en la universidad sino tambi\u00e9n aprender lo que ense\u00f1a los residentes comunitarios. <\/p>\n\n\n\n<h3 class=\"midashi01\">\u00bfMediante el estudio en el extranjero ha cambiado tu conciencia de ser nikkei?<\/strong><\/h3>\n\n\n\n<p>Soy la segunda generaci\u00f3n de nikkei por lo tanto me considero que soy japon\u00e9s en la mayor parte. Al mismo tiempo mientras el estudio en el extranejro he sentido que nosotros nikkeis somos quienes entendemos los ambos pa\u00edses y somos figuras capaces de adaptar las ambas culturas. He podido reconocer la importancia de que los nikkeis somos quienes podemos posicionarnos entre ambos pa\u00edses.  <\/p>\n\n\n\n<h3 class=\"midashi01\">\u00bfCu\u00e1l es tu sue\u00f1o en el futuro?<\/strong><\/h3>\n\n\n\n<p>Me gustar\u00eda desarrollar negocios para contribuir al desarrollo de la sociedad nikkei en Sudam\u00e9rica y turismo que adapta la actividad de forestaci\u00f3n. Paralelamente tambi\u00e9n quisiera abordar promoci\u00f3n comunitaria involucrando a los j\u00f3venes nikkeis.   <\/p>\n\n\n\n<h3 class=\"midashi01\">\u00a1Un mensaje para los que ahora o m\u00e1s adelante quisieran estudiar en el extranjero!<\/strong><\/h3>\n\n\n\n<p>El aprendizaje en un ambiente nuevo permite absorber como una esponja varios conocimientos y tecnolog\u00edas. He hecho diversas actividades por 4 a\u00f1os de la vida universitaria como si saliera a divertirme todos los d\u00edas. Se dan clases por casi 2 a\u00f1os de 4 a\u00f1os de la vida universitaria, por lo tanto lo importante es c\u00f3mo pasar eficiente el resto de dicho tiempo. Les digo a los aspirantes de ser becario, que aprovechen mucho por estos 2 a\u00f1os libres pero no olviden de seguir estudiando en la universidad.  <\/p>\n\n\n\n<figure class=\"wp-block-gallery columns-2 is-cropped wp-block-gallery-2 is-layout-flex wp-block-gallery-is-layout-flex\"><ul class=\"blocks-gallery-grid\"><li class=\"blocks-gallery-item\"><figure><img loading=\"lazy\" decoding=\"async\" width=\"1024\" height=\"682\" src=\"https:\/\/nikkeischolarship.org\/es\/wp\/wp-content\/uploads\/2020\/03\/16.2ooyama_shinsyu-1024x682.jpg\" alt=\"\" data-id=\"240\" data-full-url=\"https:\/\/nikkeischolarship.org\/es\/wp\/wp-content\/uploads\/2020\/03\/16.2ooyama_shinsyu-scaled.jpg\" data-link=\"https:\/\/nikkeischolarship.org\/es\/16ooyama\/16-2ooyama_shinsyu\/\" class=\"wp-image-240\" srcset=\"https:\/\/nikkeischolarship.org\/es\/wp\/wp-content\/uploads\/2020\/03\/16.2ooyama_shinsyu-1024x682.jpg 1024w, https:\/\/nikkeischolarship.org\/es\/wp\/wp-content\/uploads\/2020\/03\/16.2ooyama_shinsyu-300x200.jpg 300w, https:\/\/nikkeischolarship.org\/es\/wp\/wp-content\/uploads\/2020\/03\/16.2ooyama_shinsyu-768x511.jpg 768w, https:\/\/nikkeischolarship.org\/es\/wp\/wp-content\/uploads\/2020\/03\/16.2ooyama_shinsyu-1536x1022.jpg 1536w, https:\/\/nikkeischolarship.org\/es\/wp\/wp-content\/uploads\/2020\/03\/16.2ooyama_shinsyu-2048x1363.jpg 2048w, https:\/\/nikkeischolarship.org\/es\/wp\/wp-content\/uploads\/2020\/03\/16.2ooyama_shinsyu-600x400.jpg 600w\" sizes=\"auto, (max-width: 1024px) 100vw, 1024px\" \/><\/figure><\/li><li class=\"blocks-gallery-item\"><figure><img loading=\"lazy\" decoding=\"async\" width=\"1024\" height=\"768\" src=\"https:\/\/nikkeischolarship.org\/es\/wp\/wp-content\/uploads\/2020\/03\/16.3ooyama_tanbo-1024x768.jpg\" alt=\"\" data-id=\"241\" data-full-url=\"https:\/\/nikkeischolarship.org\/es\/wp\/wp-content\/uploads\/2020\/03\/16.3ooyama_tanbo-scaled.jpg\" data-link=\"https:\/\/nikkeischolarship.org\/es\/16ooyama\/16-3ooyama_tanbo\/\" class=\"wp-image-241\" srcset=\"https:\/\/nikkeischolarship.org\/es\/wp\/wp-content\/uploads\/2020\/03\/16.3ooyama_tanbo-1024x768.jpg 1024w, https:\/\/nikkeischolarship.org\/es\/wp\/wp-content\/uploads\/2020\/03\/16.3ooyama_tanbo-300x225.jpg 300w, https:\/\/nikkeischolarship.org\/es\/wp\/wp-content\/uploads\/2020\/03\/16.3ooyama_tanbo-768x576.jpg 768w, https:\/\/nikkeischolarship.org\/es\/wp\/wp-content\/uploads\/2020\/03\/16.3ooyama_tanbo-1536x1152.jpg 1536w, https:\/\/nikkeischolarship.org\/es\/wp\/wp-content\/uploads\/2020\/03\/16.3ooyama_tanbo-2048x1536.jpg 2048w\" sizes=\"auto, (max-width: 1024px) 100vw, 1024px\" \/><\/figure><\/li><\/ul><\/figure>\n","protected":false},"excerpt":{"rendered":"\u00bfPor qu\u00e9 quer\u00edas ir a estudiar en Jap\u00f3n? Hab\u00eda pensado de aprender varios conocimientos y tecnolog\u00eda...","protected":false},"author":1,"featured_media":0,"parent":0,"menu_order":0,"comment_status":"closed","ping_status":"closed","template":"","meta":{"_s2mail":"yes","footnotes":""},"class_list":["post-237","page","type-page","status-publish","hentry"],"_links":{"self":[{"href":"https:\/\/nikkeischolarship.org\/es\/wp-json\/wp\/v2\/pages\/237","targetHints":{"allow":["GET"]}}],"collection":[{"href":"https:\/\/nikkeischolarship.org\/es\/wp-json\/wp\/v2\/pages"}],"about":[{"href":"https:\/\/nikkeischolarship.org\/es\/wp-json\/wp\/v2\/types\/page"}],"author":[{"embeddable":true,"href":"https:\/\/nikkeischolarship.org\/es\/wp-json\/wp\/v2\/users\/1"}],"replies":[{"embeddable":true,"href":"https:\/\/nikkeischolarship.org\/es\/wp-json\/wp\/v2\/comments?post=237"}],"version-history":[{"count":2,"href":"https:\/\/nikkeischolarship.org\/es\/wp-json\/wp\/v2\/pages\/237\/revisions"}],"predecessor-version":[{"id":242,"href":"https:\/\/nikkeischolarship.org\/es\/wp-json\/wp\/v2\/pages\/237\/revisions\/242"}],"wp:attachment":[{"href":"https:\/\/nikkeischolarship.org\/es\/wp-json\/wp\/v2\/media?parent=237"}],"curies":[{"name":"wp","href":"https:\/\/api.w.org\/{rel}","templated":true}]}}