{"id":243,"date":"2020-03-04T20:10:19","date_gmt":"2020-03-04T11:10:19","guid":{"rendered":"https:\/\/nikkeischolarship.org\/es\/?page_id=243"},"modified":"2020-03-04T20:10:20","modified_gmt":"2020-03-04T11:10:20","slug":"17kousaka","status":"publish","type":"page","link":"https:\/\/nikkeischolarship.org\/es\/17kousaka\/","title":{"rendered":"17kousaka"},"content":{"rendered":"\n<figure class=\"wp-block-gallery columns-1 is-cropped wp-block-gallery-1 is-layout-flex wp-block-gallery-is-layout-flex\"><ul class=\"blocks-gallery-grid\"><li class=\"blocks-gallery-item\"><figure><img loading=\"lazy\" decoding=\"async\" width=\"768\" height=\"1024\" src=\"https:\/\/nikkeischolarship.org\/es\/wp\/wp-content\/uploads\/2020\/03\/17.3kousaka_kenkyushitsu-768x1024.jpg\" alt=\"\" data-id=\"244\" data-full-url=\"https:\/\/nikkeischolarship.org\/es\/wp\/wp-content\/uploads\/2020\/03\/17.3kousaka_kenkyushitsu.jpg\" data-link=\"https:\/\/nikkeischolarship.org\/es\/?attachment_id=244\" class=\"wp-image-244\" srcset=\"https:\/\/nikkeischolarship.org\/es\/wp\/wp-content\/uploads\/2020\/03\/17.3kousaka_kenkyushitsu-768x1024.jpg 768w, https:\/\/nikkeischolarship.org\/es\/wp\/wp-content\/uploads\/2020\/03\/17.3kousaka_kenkyushitsu-225x300.jpg 225w, https:\/\/nikkeischolarship.org\/es\/wp\/wp-content\/uploads\/2020\/03\/17.3kousaka_kenkyushitsu.jpg 960w\" sizes=\"auto, (max-width: 768px) 100vw, 768px\" \/><\/figure><\/li><\/ul><\/figure>\n\n\n\n<h3 class=\"midashi01\">\u00bfPor qu\u00e9 quer\u00edas ir a estudiar en Jap\u00f3n?<\/strong><\/h3>\n\n\n\n<p>Tras haber culminado la facultad de Ciencias Qu\u00edmicas, estuve trabajando en el Centro Multidisciplinario de Investigaciones Tecnol\u00f3gicas de la Universidad Nacional de Asunci\u00f3n. Al mismo tiempo tuve el deseo de crear conecciones y posibilidad de colaboraci\u00f3n entre el Centro de investigaci\u00f3n de la facultad y el Nikkei-CETAPAR (actualmente bajo la administraci\u00f3n de la cooperativa de Yguaz\u00fa). Sin embargo, la mentalidad cerrada y el rechazo de interactuar con la sociedad paraguaya ha detenido el proyecto. En dicho momento tuve el inter\u00e9s de seguir especializando en Jap\u00f3n y he decidido a venir. <\/p>\n\n\n\n<h3 class=\"midashi01\">\u00bfC\u00f3mo es tu vida en Jap\u00f3n?<\/strong><\/h3>\n\n\n\n<p>Al principio tuve dificultades ya que la imagen de los japoneses que tuve y la realidad eran bastante diferente. Teniendo apariencia y nombre japon\u00e9s y fluente en la lengua japonesa, nos esperan que comportemos como japoneses y cuando nos diferimos el rechazo era grande. Sin embargo, durante la confusion he comentado a una persona quien ha vivido mucho tiempo en el exterior. Esta persona me ha dicho de que \u00a8No tratemos de comportar como japoneses y tartar de llevarnos bien, ya que no somos japoneses\u00a8. Esta palabra me ha liberado de la confusion que tuve y desde all\u00ed no me importaba mucho. <br>\nEl estudio posterior en el doctorado me ha hecho posible la beca de Nikkei-sholarship. En el Nippon-zaidan y en Kaigai-nikkeijin-kyoukai, muchos de los staffs tienen experiencia de haber vivido en el exterior y lo que m\u00e1s agradezco es que nos tratan de entender. Siendo que somos extranjeros viviendo en Jap\u00f3n dicho c\u00e1lido apoyo y gesto es el major apoyo que podemos recibir. Adem\u00e1s, la beca cuenta con varios workshops y trainings que nos ayuda a aprender m\u00e1s. Seg\u00fan mi opinion personal, esta es la major beca. <\/p>\n\n\n\n<h3 class=\"midashi01\">\u00bfCu\u00e1l es tu estudio o investigaci\u00f3n?<\/strong><\/h3>\n\n\n\n<p>Actualmente estoy en el \u00e1rea de patolog\u00eda vegetal, en donde estoy estudiando sobre las defensas que muestran las plantas contra los pat\u00f3genos. A diferencia de los humanos y animales, las plantas no pueden trasladarse, por lo tanto, el mecanismo de defesa contra los pat\u00f3genos tambi\u00e9n difieren. Durante la evoluci\u00f3n, las plantas han adquirido la capacidad de defenderse contra varios pat\u00f3genos, a veces mediante mecanismos comunes y otras veces m\u00e1s espec\u00edficas. En mi investigaci\u00f3n actual he determinado que las plantas sintetizan metabolitos anti-microbianos tras haber reconocido la llegada del pat\u00f3geno. Adem\u00e1s hemos encontrado que las plantas inducen la s\u00edntesis de dicho metabolito tras haber reconocido varios tipos de pat\u00f3genos f\u00fangicos. Mediante el estudio de los mecanismos de la defensa podr\u00edamos revelar porqu\u00e9 ciertas plantas son infectadas por los pat\u00f3genos mientras que otros son intactos. <\/p>\n\n\n\n<h3 class=\"midashi01\">\u00bfMediante el estudio en el extranjero ha cambiado tu conciencia de ser nikkei?<\/strong><\/h3>\n\n\n\n<p>Creo que he cambiado un mont\u00f3n. Antes que nada, \u00a8nikkeis no somos japoneses que ha incorporado culturas extranjeras\u00a8. A pesar de que tenemos similitudes en la apariencia, sentimos las cosas diferentes a los japoneses y a veces entendemos diferentes. <br>\nHay much\u00edsimas cosas que me han gustado en Jap\u00f3n, una de ella es que a\u00fan hay japoneses que he imaginado. Y que hay personas que tratan de apreciar a los dem\u00e1s, que cuida los objetos ya sea personales o p\u00fablicos y lo que m\u00e1s agradezco es que pude conocer personas tan c\u00e1lidas con gestos c\u00e1lidos. Yo como nikkei, quiero seguir teniendo en mi estos gestos que los japon\u00e9s demuestran.<\/p>\n\n\n\n<h3 class=\"midashi01\">\u00bfCu\u00e1l es tu sue\u00f1o en el futuro?<\/strong><\/h3>\n\n\n\n<p>Antes de llegar a Jap\u00f3n la idea era aplicar lo que he aprendido y de esa manera contribuir a la sociedad Paraguaya. Actualmente pienso un poco diferente. Como Paraguay y los pa\u00edses latinoamericanos son grandes en la agricultura, y se imagina que aqu\u00ed en adelante vendr\u00e1n muchas dificultades que necesitamos resolver. Sin embargo, la situaci\u00f3n actual es que estamos dependiendo de pa\u00edses lejanos. Para dicha situaci\u00f3n necesitamos enfrentar con mayor experiencia y poder con el fin de contribuir de manera sostenible para los Pa\u00edses latinoamericanos y Paraguay.<\/p>\n\n\n\n<h3 class=\"midashi01\">\u00a1Un mensaje para los que ahora o m\u00e1s adelante quisieran estudiar en el extranjero!<\/strong><\/h3>\n\n\n\n<p>Jap\u00f3n es uno de los pocos pa\u00edses que valora la intenci\u00f3n del esfuerzo. Durante la investigaci\u00f3n o estudio enfrentar\u00e1n muchas dificultades, especialmente en el \u00e1rea del doctorado, la publicaci\u00f3n de art\u00edculo cient\u00edfico es esencial, por lo que muchas veces nos desesperan. Sin embargo, muchos profesores japoneses consideran la intenci\u00f3n del esfuerzo que ponemos y nos dirige hacia la direcci\u00f3n correcta. Adem\u00e1s, la experiencia de vivir y estudiar fuera de nuestro pa\u00eds y en un pa\u00eds mas lejano como Jap\u00f3n no nos permite volvernos con facilidad. Ya que son experiencias bajo dichas circunstancias, nos hace crecer aun mas como profesional y especialmente como persona, que son cosas mas importantes aqu\u00ed en adelante. Creo que es una oportunidad muy grande y valiosa. <\/p>\n\n\n\n<figure class=\"wp-block-gallery columns-2 is-cropped wp-block-gallery-2 is-layout-flex wp-block-gallery-is-layout-flex\"><ul class=\"blocks-gallery-grid\"><li class=\"blocks-gallery-item\"><figure><img loading=\"lazy\" decoding=\"async\" width=\"1024\" height=\"788\" src=\"https:\/\/nikkeischolarship.org\/es\/wp\/wp-content\/uploads\/2020\/03\/17.2kousaka_jikkenchuu-1024x788.jpg\" alt=\"\" data-id=\"246\" data-full-url=\"https:\/\/nikkeischolarship.org\/es\/wp\/wp-content\/uploads\/2020\/03\/17.2kousaka_jikkenchuu.jpg\" data-link=\"https:\/\/nikkeischolarship.org\/es\/?attachment_id=246\" class=\"wp-image-246\" srcset=\"https:\/\/nikkeischolarship.org\/es\/wp\/wp-content\/uploads\/2020\/03\/17.2kousaka_jikkenchuu-1024x788.jpg 1024w, https:\/\/nikkeischolarship.org\/es\/wp\/wp-content\/uploads\/2020\/03\/17.2kousaka_jikkenchuu-300x231.jpg 300w, https:\/\/nikkeischolarship.org\/es\/wp\/wp-content\/uploads\/2020\/03\/17.2kousaka_jikkenchuu-768x591.jpg 768w, https:\/\/nikkeischolarship.org\/es\/wp\/wp-content\/uploads\/2020\/03\/17.2kousaka_jikkenchuu.jpg 1334w\" sizes=\"auto, (max-width: 1024px) 100vw, 1024px\" \/><\/figure><\/li><li class=\"blocks-gallery-item\"><figure><img loading=\"lazy\" decoding=\"async\" width=\"1024\" height=\"875\" src=\"https:\/\/nikkeischolarship.org\/es\/wp\/wp-content\/uploads\/2020\/03\/17.1kousaka_smile-1024x875.jpg\" alt=\"\" data-id=\"245\" data-full-url=\"https:\/\/nikkeischolarship.org\/es\/wp\/wp-content\/uploads\/2020\/03\/17.1kousaka_smile.jpg\" data-link=\"https:\/\/nikkeischolarship.org\/es\/?attachment_id=245\" class=\"wp-image-245\" srcset=\"https:\/\/nikkeischolarship.org\/es\/wp\/wp-content\/uploads\/2020\/03\/17.1kousaka_smile-1024x875.jpg 1024w, https:\/\/nikkeischolarship.org\/es\/wp\/wp-content\/uploads\/2020\/03\/17.1kousaka_smile-300x256.jpg 300w, https:\/\/nikkeischolarship.org\/es\/wp\/wp-content\/uploads\/2020\/03\/17.1kousaka_smile-768x656.jpg 768w, https:\/\/nikkeischolarship.org\/es\/wp\/wp-content\/uploads\/2020\/03\/17.1kousaka_smile.jpg 1334w\" sizes=\"auto, (max-width: 1024px) 100vw, 1024px\" \/><\/figure><\/li><\/ul><\/figure>\n","protected":false},"excerpt":{"rendered":"\u00bfPor qu\u00e9 quer\u00edas ir a estudiar en Jap\u00f3n? Tras haber culminado la facultad de Ciencias Qu\u00edmicas, estu...","protected":false},"author":1,"featured_media":0,"parent":0,"menu_order":0,"comment_status":"closed","ping_status":"closed","template":"","meta":{"_s2mail":"yes","footnotes":""},"class_list":["post-243","page","type-page","status-publish","hentry"],"_links":{"self":[{"href":"https:\/\/nikkeischolarship.org\/es\/wp-json\/wp\/v2\/pages\/243","targetHints":{"allow":["GET"]}}],"collection":[{"href":"https:\/\/nikkeischolarship.org\/es\/wp-json\/wp\/v2\/pages"}],"about":[{"href":"https:\/\/nikkeischolarship.org\/es\/wp-json\/wp\/v2\/types\/page"}],"author":[{"embeddable":true,"href":"https:\/\/nikkeischolarship.org\/es\/wp-json\/wp\/v2\/users\/1"}],"replies":[{"embeddable":true,"href":"https:\/\/nikkeischolarship.org\/es\/wp-json\/wp\/v2\/comments?post=243"}],"version-history":[{"count":1,"href":"https:\/\/nikkeischolarship.org\/es\/wp-json\/wp\/v2\/pages\/243\/revisions"}],"predecessor-version":[{"id":247,"href":"https:\/\/nikkeischolarship.org\/es\/wp-json\/wp\/v2\/pages\/243\/revisions\/247"}],"wp:attachment":[{"href":"https:\/\/nikkeischolarship.org\/es\/wp-json\/wp\/v2\/media?parent=243"}],"curies":[{"name":"wp","href":"https:\/\/api.w.org\/{rel}","templated":true}]}}