{"id":248,"date":"2020-03-04T20:12:55","date_gmt":"2020-03-04T11:12:55","guid":{"rendered":"https:\/\/nikkeischolarship.org\/es\/?page_id=248"},"modified":"2020-03-04T20:12:56","modified_gmt":"2020-03-04T11:12:56","slug":"20hokonohara","status":"publish","type":"page","link":"https:\/\/nikkeischolarship.org\/es\/20hokonohara\/","title":{"rendered":"20hokonohara"},"content":{"rendered":"\n<h3 class=\"midashi01\">\u00bfPor qu\u00e9 quer\u00edas ir a estudiar en Jap\u00f3n?<\/strong><\/h3>\n\n\n\n<p>Teniendo en cuenta que era consiente de la importancia de una maestr\u00eda para poder llegar a alcanzar los objetivos que tenia (tengo) para el futuro, siempre tuve dentro de mis planes el estudiar una maestr\u00eda. En este contexto, al principio tenia pensado hacer estos estudios en Estados Unidos, sin embargo, con el transcurrir de los a\u00f1os en diferentes entornos, me pude dar cuenta que una de las mejores formas para alcanzar los objetivos, era por medio del aprovechamiento de aquellas caracter\u00edsticas que yo tenia y los otros no (una especie de valor agregado m\u00edo). De esta forma, al ser Colombo-Japon\u00e9s, sabia que deb\u00eda aprovechar esta caracter\u00edstica multicultural, la cual deb\u00eda seguir desarrollando\/fortaleciendo, enfoc\u00e1ndome esta vez en Jap\u00f3n, ya que llevaba un tiempo alejado de este entorno. <\/p>\n\n\n\n<h3 class=\"midashi01\">\u00bfC\u00f3mo es tu vida en Jap\u00f3n?<\/strong><\/h3>\n\n\n\n<p>Todo ha sido bueno (\u00a1\u00a1creo firmemente que los momentos duros son oportunidades para ser mas fuerte, los momentos malos son oportunidades para ser mejor, por lo cual puedo decir con total confianza que todo ha sido bueno!!). Sin embargo, los highlight buenos de mi experiencia aqu\u00ed han sido, el hecho de haber podido dar (y estar dando) este importante paso hacia la consecuci\u00f3n de mis sue\u00f1os. Las personas que he conocido. El haberme podido acercar a Jap\u00f3n y a Colombia. El estar entrenando Karate en Jap\u00f3n tambi\u00e9n. Lo bueno de la NFSA es la gente en ella.<br>\nPersonalmente las cosas que han sido dif\u00edciles son, el estar lejos de familiares y amigos por tanto tiempo, sumado a la dificultad para volver al pa\u00eds de origen. Otro factor dif\u00edcil ha sido el contraste de mi vida ac\u00e1, en comparaci\u00f3n al estilo de vida al que tenia en Colombia (financiero, ritmo, decisi\u00f3n). Aqu\u00ed no podemos trabajar, por lo que siento que con lo que recibo mi vida es muy limitada. Sin embargo, realmente agradezco la oportunidad brindada.<\/p>\n\n\n\n<h3 class=\"midashi01\">\u00bfCu\u00e1l es tu estudio o investigaci\u00f3n?<\/strong><\/h3>\n\n\n\n<p>Construccion de paz empresarial en Colombia y la posibilidades del sector privado japon\u00e9s.<\/p>\n\n\n\n<h3 class=\"midashi01\">\u00bfMediante el estudio en el extranjero ha cambiado tu conciencia de ser nikkei?<\/strong><\/h3>\n\n\n\n<p>Como tal mi conciencia no ha cambiado mucho, ya que desde el principio no tenia identidad nikkei. En Colombia siempre estuve rodeado de Japoneses o Colombo-japoneses half, por lo que mi relaci\u00f3n con las comunidad nikkei era muy limitada. Dentro de las cosas que soy consiente ahora respecto a este tema, es la diferencia en el ambiente favorable para aprender o adquirir elementos de la cultura japonesa en la que yo crec\u00ed, en contraste con el limitado ambiente que los nikkeis tienen para tener un acercamiento real a la cultura japonesa.  Quisiera poder contribuirle a la sociedad nikkei.  <\/p>\n\n\n\n<h3 class=\"midashi01\">\u00bfCu\u00e1l es tu sue\u00f1o en el futuro?<\/strong><\/h3>\n\n\n\n<p>Ayudar al mundo (Colombia) a ser un mejor lugar a gran escala<\/p>\n\n\n\n<h3 class=\"midashi01\">\u00a1Un mensaje para los que ahora o m\u00e1s adelante quisieran estudiar en el extranjero!<\/strong><\/h3>\n\n\n\n<p>Kiai\uff01<\/p>\n","protected":false},"excerpt":{"rendered":"\u00bfPor qu\u00e9 quer\u00edas ir a estudiar en Jap\u00f3n? Teniendo en cuenta que era consiente de la importancia de u...","protected":false},"author":1,"featured_media":0,"parent":0,"menu_order":0,"comment_status":"closed","ping_status":"closed","template":"","meta":{"_s2mail":"yes","footnotes":""},"class_list":["post-248","page","type-page","status-publish","hentry"],"_links":{"self":[{"href":"https:\/\/nikkeischolarship.org\/es\/wp-json\/wp\/v2\/pages\/248","targetHints":{"allow":["GET"]}}],"collection":[{"href":"https:\/\/nikkeischolarship.org\/es\/wp-json\/wp\/v2\/pages"}],"about":[{"href":"https:\/\/nikkeischolarship.org\/es\/wp-json\/wp\/v2\/types\/page"}],"author":[{"embeddable":true,"href":"https:\/\/nikkeischolarship.org\/es\/wp-json\/wp\/v2\/users\/1"}],"replies":[{"embeddable":true,"href":"https:\/\/nikkeischolarship.org\/es\/wp-json\/wp\/v2\/comments?post=248"}],"version-history":[{"count":1,"href":"https:\/\/nikkeischolarship.org\/es\/wp-json\/wp\/v2\/pages\/248\/revisions"}],"predecessor-version":[{"id":249,"href":"https:\/\/nikkeischolarship.org\/es\/wp-json\/wp\/v2\/pages\/248\/revisions\/249"}],"wp:attachment":[{"href":"https:\/\/nikkeischolarship.org\/es\/wp-json\/wp\/v2\/media?parent=248"}],"curies":[{"name":"wp","href":"https:\/\/api.w.org\/{rel}","templated":true}]}}