{"id":250,"date":"2020-03-04T20:16:04","date_gmt":"2020-03-04T11:16:04","guid":{"rendered":"https:\/\/nikkeischolarship.org\/es\/?page_id=250"},"modified":"2020-03-04T20:16:04","modified_gmt":"2020-03-04T11:16:04","slug":"21matsubara","status":"publish","type":"page","link":"https:\/\/nikkeischolarship.org\/es\/21matsubara\/","title":{"rendered":"21matsubara"},"content":{"rendered":"\n<figure class=\"wp-block-gallery columns-1 is-cropped wp-block-gallery-1 is-layout-flex wp-block-gallery-is-layout-flex\"><ul class=\"blocks-gallery-grid\"><li class=\"blocks-gallery-item\"><figure><img loading=\"lazy\" decoding=\"async\" width=\"960\" height=\"639\" src=\"https:\/\/nikkeischolarship.org\/es\/wp\/wp-content\/uploads\/2020\/03\/21.1matsubara_takkyu.jpg\" alt=\"\" data-id=\"251\" data-full-url=\"https:\/\/nikkeischolarship.org\/es\/wp\/wp-content\/uploads\/2020\/03\/21.1matsubara_takkyu.jpg\" data-link=\"https:\/\/nikkeischolarship.org\/es\/?attachment_id=251\" class=\"wp-image-251\" srcset=\"https:\/\/nikkeischolarship.org\/es\/wp\/wp-content\/uploads\/2020\/03\/21.1matsubara_takkyu.jpg 960w, https:\/\/nikkeischolarship.org\/es\/wp\/wp-content\/uploads\/2020\/03\/21.1matsubara_takkyu-300x200.jpg 300w, https:\/\/nikkeischolarship.org\/es\/wp\/wp-content\/uploads\/2020\/03\/21.1matsubara_takkyu-768x511.jpg 768w, https:\/\/nikkeischolarship.org\/es\/wp\/wp-content\/uploads\/2020\/03\/21.1matsubara_takkyu-600x400.jpg 600w\" sizes=\"auto, (max-width: 960px) 100vw, 960px\" \/><\/figure><\/li><\/ul><\/figure>\n\n\n\n<h3 class=\"midashi01\">\u00bfPor qu\u00e9 quer\u00edas ir a estudiar en Jap\u00f3n?<\/strong><\/h3>\n\n\n\n<p>Ten\u00eda la voluntad de estudiar en una universidad de Jap\u00f3n y tambi\u00e9n entrenar tenis de mesa aqu\u00ed que es uno de los mejores lugares del mundo. <\/p>\n\n\n\n<h3 class=\"midashi01\">\u00bfC\u00f3mo es tu vida en Jap\u00f3n?<\/strong><\/h3>\n\n\n\n<p>En este momento estudi\u00e9 un a\u00f1o de idioma de japon\u00e9s y un a\u00f1o en la universidad. En la NFSA tenemos trainings en donde se juntan j\u00f3venes nikkeis de tomo el mundo para hacer discuciones o tambien vamos a una prefectura para aprender sobre su cultura y nos juntamos con los nikkeis locales para aprender sobre su realidad. Existen 4 trainings as\u00ed. <br>\nEn la universidad despues de las clases entreno m\u00e1s de 3 horas diarias. Los que formamos parte del club de tenis de mesa participamos de campeonatos por todo Jap\u00f3n al igual que trabajos voluntarios. Hubo un tiempo en donde se me hizo dif\u00edcil seguir con los estudios y los entrenamientos pero gracias a mis compa\u00f1eros de la NFSA y el club de tenis de mesa, logre superar esa \u00e9poca y sigo motivado con mis estudios y con el deporte. <\/p>\n\n\n\n<h3 class=\"midashi01\">\u00bfCu\u00e1l es tu estudio o investigaci\u00f3n?<\/strong><\/h3>\n\n\n\n<p>Estudio administraci\u00f3n en Waseda University en la facultad de SILS y entreno tenis de mesa m\u00e1s de 3 horas diarias junto con preparaci\u00f3n f\u00edsica. Participo en mas de 15 competencias nacionales e internacionales al a\u00f1o. <\/p>\n\n\n\n<h3 class=\"midashi01\">\u00bfMediante el estudio en el extranjero ha cambiado tu conciencia de ser nikkei?<\/strong><\/h3>\n\n\n\n<p>Desde antes de venir a Jap\u00f3n, ten\u00eda clara mi identidad como nikkei. Pero en los trainings conoc\u00ed la realidad de algunos de los nikkeis que viven en Jap\u00f3n. Los estudiantes de las escuelas brasile\u00f1as est\u00e1n con dificultad para ir a la universidad y la NFSA est\u00e1 intentando colaborar para resolver este problema. Como no sabia de esta realidad, me siento muy agradecido por estar en la NFSA para poder ayudar con estas actividades. <\/p>\n\n\n\n<h3 class=\"midashi01\">\u00bfCu\u00e1l es tu sue\u00f1o en el futuro?<\/strong><\/h3>\n\n\n\n<p>Mi gran sue\u00f1o es poder unir a la sociedad nikkei de Chile mediante el deporte. Para eso quiero entrar en el equipo nacional de tenis de mesa nuevamente y para eso estoy entrenando arduamente todos los dias. En los estudios intento aumentar mi GPA para asi poder ser un ejemplo a seguir como deportista y como estudiante. <\/p>\n\n\n\n<h3 class=\"midashi01\">\u00a1Un mensaje para los que ahora o m\u00e1s adelante quisieran estudiar en el extranjero!<\/strong><\/h3>\n\n\n\n<p>Mi pensamiento cambi\u00f3 mucho desde que llegue a Jap\u00f3n. Al principio, pens\u00e9 que ya que estaba en Jap\u00f3n, estudiaria en japones. Pero al ver que los otros estudiantes de intercambio tenian discuciones en ingl\u00e9s, llegando a la conclusi\u00f3n de que aunque tuviera una buena idea, si no conseguia tansmitirla en ingl\u00e9s, era igual que no tener ninguna idea, asi que decid\u00ed tomar la carrera en ingl\u00e9s. En la universidad, tomo clases de profesores extranjeros y japoneses. Mis ideas cambiaron mucho aqu\u00ed, asi que espero que ustedes puedan expandir sus pensamientos aqu\u00ed en Jap\u00f3n tambi\u00e9n. <\/p>\n\n\n\n<figure class=\"wp-block-gallery columns-1 is-cropped wp-block-gallery-2 is-layout-flex wp-block-gallery-is-layout-flex\"><ul class=\"blocks-gallery-grid\"><li class=\"blocks-gallery-item\"><figure><img loading=\"lazy\" decoding=\"async\" width=\"960\" height=\"720\" src=\"https:\/\/nikkeischolarship.org\/es\/wp\/wp-content\/uploads\/2020\/03\/21.2matsubara_taikai.jpg\" alt=\"\" data-id=\"252\" data-full-url=\"https:\/\/nikkeischolarship.org\/es\/wp\/wp-content\/uploads\/2020\/03\/21.2matsubara_taikai.jpg\" data-link=\"https:\/\/nikkeischolarship.org\/es\/?attachment_id=252\" class=\"wp-image-252\" srcset=\"https:\/\/nikkeischolarship.org\/es\/wp\/wp-content\/uploads\/2020\/03\/21.2matsubara_taikai.jpg 960w, https:\/\/nikkeischolarship.org\/es\/wp\/wp-content\/uploads\/2020\/03\/21.2matsubara_taikai-300x225.jpg 300w, https:\/\/nikkeischolarship.org\/es\/wp\/wp-content\/uploads\/2020\/03\/21.2matsubara_taikai-768x576.jpg 768w\" sizes=\"auto, (max-width: 960px) 100vw, 960px\" \/><\/figure><\/li><\/ul><\/figure>\n","protected":false},"excerpt":{"rendered":"\u00bfPor qu\u00e9 quer\u00edas ir a estudiar en Jap\u00f3n? Ten\u00eda la voluntad de estudiar en una universidad de Jap\u00f3n y...","protected":false},"author":1,"featured_media":0,"parent":0,"menu_order":0,"comment_status":"closed","ping_status":"closed","template":"","meta":{"_s2mail":"yes","footnotes":""},"class_list":["post-250","page","type-page","status-publish","hentry"],"_links":{"self":[{"href":"https:\/\/nikkeischolarship.org\/es\/wp-json\/wp\/v2\/pages\/250","targetHints":{"allow":["GET"]}}],"collection":[{"href":"https:\/\/nikkeischolarship.org\/es\/wp-json\/wp\/v2\/pages"}],"about":[{"href":"https:\/\/nikkeischolarship.org\/es\/wp-json\/wp\/v2\/types\/page"}],"author":[{"embeddable":true,"href":"https:\/\/nikkeischolarship.org\/es\/wp-json\/wp\/v2\/users\/1"}],"replies":[{"embeddable":true,"href":"https:\/\/nikkeischolarship.org\/es\/wp-json\/wp\/v2\/comments?post=250"}],"version-history":[{"count":1,"href":"https:\/\/nikkeischolarship.org\/es\/wp-json\/wp\/v2\/pages\/250\/revisions"}],"predecessor-version":[{"id":253,"href":"https:\/\/nikkeischolarship.org\/es\/wp-json\/wp\/v2\/pages\/250\/revisions\/253"}],"wp:attachment":[{"href":"https:\/\/nikkeischolarship.org\/es\/wp-json\/wp\/v2\/media?parent=250"}],"curies":[{"name":"wp","href":"https:\/\/api.w.org\/{rel}","templated":true}]}}