{"id":254,"date":"2020-03-04T20:19:23","date_gmt":"2020-03-04T11:19:23","guid":{"rendered":"https:\/\/nikkeischolarship.org\/es\/?page_id=254"},"modified":"2020-03-04T20:19:24","modified_gmt":"2020-03-04T11:19:24","slug":"27taninokuchi","status":"publish","type":"page","link":"https:\/\/nikkeischolarship.org\/es\/27taninokuchi\/","title":{"rendered":"27taninokuchi"},"content":{"rendered":"\n<figure class=\"wp-block-gallery columns-1 is-cropped wp-block-gallery-1 is-layout-flex wp-block-gallery-is-layout-flex\"><ul class=\"blocks-gallery-grid\"><li class=\"blocks-gallery-item\"><figure><img loading=\"lazy\" decoding=\"async\" width=\"960\" height=\"640\" src=\"https:\/\/nikkeischolarship.org\/es\/wp\/wp-content\/uploads\/2020\/03\/27.3taninokuchi_kyoshitsu.jpg\" alt=\"\" data-id=\"255\" data-full-url=\"https:\/\/nikkeischolarship.org\/es\/wp\/wp-content\/uploads\/2020\/03\/27.3taninokuchi_kyoshitsu.jpg\" data-link=\"https:\/\/nikkeischolarship.org\/es\/?attachment_id=255\" class=\"wp-image-255\" srcset=\"https:\/\/nikkeischolarship.org\/es\/wp\/wp-content\/uploads\/2020\/03\/27.3taninokuchi_kyoshitsu.jpg 960w, https:\/\/nikkeischolarship.org\/es\/wp\/wp-content\/uploads\/2020\/03\/27.3taninokuchi_kyoshitsu-300x200.jpg 300w, https:\/\/nikkeischolarship.org\/es\/wp\/wp-content\/uploads\/2020\/03\/27.3taninokuchi_kyoshitsu-768x512.jpg 768w, https:\/\/nikkeischolarship.org\/es\/wp\/wp-content\/uploads\/2020\/03\/27.3taninokuchi_kyoshitsu-600x400.jpg 600w\" sizes=\"auto, (max-width: 960px) 100vw, 960px\" \/><\/figure><\/li><\/ul><\/figure>\n\n\n\n<h3 class=\"midashi01\">\u00bfPor qu\u00e9 quer\u00edas ir a estudiar en Jap\u00f3n?<\/strong><\/h3>\n\n\n\n<p>El venir a estudiar a Jap\u00f3n fue mi sue\u00f1o desde que era una adolescente. El motivo principal es por la admiraci\u00f3n que siempre he tenido hacia la cultura y sociedad japonesa, lo cual se lo debo a mi padre japon\u00e9s. Adicionalmente, al empezar mi carrera de odontolog\u00eda en Argentina, me di cuenta de lo avanzado que se encuentra Jap\u00f3n en muchas de mis \u00e1reas preferidas, tales como la odontogeriatr\u00eda (tratado de pacientes de la tercera edad) ,cirug\u00eda, prostodoncia, adhesi\u00f3n dental, entre otros. Todo esto me motivo a\u00fan m\u00e1s para cumplir mi sue\u00f1o de estudiar en Jap\u00f3n y empez\u00e9 a buscar las ofertas de becas existentes que me ayudar\u00e1n a cumplirlo.<\/p>\n\n\n\n<h3 class=\"midashi01\">\u00bfC\u00f3mo es tu vida en Jap\u00f3n?<\/strong><\/h3>\n\n\n\n<p>Primero vine a Jap\u00f3n gracias a la beca de JICA en la Universidad de Tokushima y durante mi estad\u00eda postul\u00e9 para la beca de Nippon Foundation la cual me permiti\u00f3 poder venir a Tokyo, estudiar japon\u00e9s por un a\u00f1o y posteriormente entrar a la Tokyo Medical and Dental University, donde actualmente soy estudiante de segundo a\u00f1o de doctorado en la catedra de Implantolog\u00eda Dental y Medicina Dental Regenerativa. Mi vida diaria en Jap\u00f3n es simplemente fant\u00e1stica, gracias a mi beca \u201cNikkei Scholarship\u201d tuve la oportunidad de conocer a mis amigos de la NFSA quienes representan una familia para mi. Anualmente nos encontramos entre 4 a 5 veces al a\u00f1o en eventos donde intercambiamos nuestras novedades, pensamientos y proyectos al igual que nos divertimos y aprendemos acerca de la cultura japonesa. Adicionalmente de mis estudios en Jap\u00f3n, tambi\u00e9n tuve la oportunidad de visitar otros pa\u00edses, tales como Myanmar en donde tuve el honor de participar como odont\u00f3loga voluntaria en el projecto \u201cTooth fairy\u201d de Nippon Zaidan y de la Asociaci\u00f3n <br>\nOdontol\u00f3gica de Jap\u00f3n. Tambi\u00e9n he participado en muchas conferencias Nacionales e Internacionales en Estados Unidos y en Espa\u00f1a, todo gracias a mi beca Nikkei Scholarship. <\/p>\n\n\n\n<h3 class=\"midashi01\">\u00bfCu\u00e1l es tu estudio o investigaci\u00f3n?<\/strong><\/h3>\n\n\n\n<p>Mi estudio consiste b\u00e1sicamente en el estudio de la implantolog\u00eda oral y medicina oral regenerativa.  Mis d\u00edas se dividen en trabajo en la cl\u00ednica de mi universidad y en investigaci\u00f3n.  Hasta el momento he tenido la oportunidad de realizar cultura de  c\u00e9lulas madres del hueso, experimentos con animales y actualmente me encuentro realizando mi proyecto de investigaci\u00f3n, el cual es de tipo cl\u00ednico. <\/p>\n\n\n\n<h3 class=\"midashi01\">\u00bfMediante el estudio en el extranjero ha cambiado tu conciencia de ser nikkei?<\/strong><\/h3>\n\n\n\n<p>Despu\u00e9s de haber venido a Jap\u00f3n, he tenido la oportunidad de conocer otros Nikkeis de otras partes del mundo en eventos como el Kaigai Nikkeijin Taikai, y en otros encuentros con los  hijos de Dekasegi viviendo en Jap\u00f3n. Todas estas experiencias me han servido para darme cuenta de la realidad por la cual otros Nikkei est\u00e1n pasando, en especial siento que mi responsabilidad e identidad como joven Nikkei hacia la sociedad Nikkei se consolid\u00f3 en estos \u00faltimos a\u00f1os. <\/p>\n\n\n\n<h3 class=\"midashi01\">\u00bfCu\u00e1l es tu sue\u00f1o en el futuro?<\/strong><\/h3>\n\n\n\n<p>Mi sue\u00f1o como joven Nikkei se resume b\u00e1sicamente a poder utilizar todo lo que he tenido la oportunidad de aprender en mi vida para el bienestar de la sociedad. Mi objetivo principal es mejorar la Calidad de vida de los pacientes por medio de el mejoramiento de su salud oral.<\/p>\n\n\n\n<h3 class=\"midashi01\">\u00a1Un mensaje para los que ahora o m\u00e1s adelante quisieran estudiar en el extranjero!<\/strong><\/h3>\n\n\n\n<p>La vida es una sola. Sin importar  cuan grande o lejos se vea un sue\u00f1o, lo m\u00e1s importante es no darse por vencido y renunciar en el camino. En mi vida muchas personas me han apoyado y me han dado su mano para poder llegar a donde estoy ahora, sin embargo en el camino tambi\u00e9n existieron personas que dudaron de mis capacidades y de mis sue\u00f1os, hasta yo misma en algunos momentos dud\u00e9 y tuve momentos de inseguridad, sin embargo el poder sobrepasar todos esos obst\u00e1culos es lo que nos lleva a cumplir nuestras metas y deseos. Jap\u00f3n es un pa\u00eds maravilloso del cual me enamoro cada d\u00eda m\u00e1s, las palabras de agradecimiento no me bastan para expresar mi gratitud hacia Kaigai Nikkeijin Kyokai y Nippon Zaidan.  Definitivamente me gustar\u00eda que muchos Nikkeis como yo vivan esta experiencia tan linda que la vida me ha permitido tener. <\/p>\n\n\n\n<figure class=\"wp-block-gallery columns-2 is-cropped wp-block-gallery-2 is-layout-flex wp-block-gallery-is-layout-flex\"><ul class=\"blocks-gallery-grid\"><li class=\"blocks-gallery-item\"><figure><img loading=\"lazy\" decoding=\"async\" width=\"960\" height=\"716\" src=\"https:\/\/nikkeischolarship.org\/es\/wp\/wp-content\/uploads\/2020\/03\/27.1taninokuchi_jissyuu.jpg\" alt=\"\" data-id=\"256\" data-full-url=\"https:\/\/nikkeischolarship.org\/es\/wp\/wp-content\/uploads\/2020\/03\/27.1taninokuchi_jissyuu.jpg\" data-link=\"https:\/\/nikkeischolarship.org\/es\/?attachment_id=256\" class=\"wp-image-256\" srcset=\"https:\/\/nikkeischolarship.org\/es\/wp\/wp-content\/uploads\/2020\/03\/27.1taninokuchi_jissyuu.jpg 960w, https:\/\/nikkeischolarship.org\/es\/wp\/wp-content\/uploads\/2020\/03\/27.1taninokuchi_jissyuu-300x224.jpg 300w, https:\/\/nikkeischolarship.org\/es\/wp\/wp-content\/uploads\/2020\/03\/27.1taninokuchi_jissyuu-768x573.jpg 768w\" sizes=\"auto, (max-width: 960px) 100vw, 960px\" \/><\/figure><\/li><li class=\"blocks-gallery-item\"><figure><img loading=\"lazy\" decoding=\"async\" width=\"1024\" height=\"768\" src=\"https:\/\/nikkeischolarship.org\/es\/wp\/wp-content\/uploads\/2020\/03\/27.2taninokuchi_myanmer-1024x768.jpg\" alt=\"\" data-id=\"257\" data-full-url=\"https:\/\/nikkeischolarship.org\/es\/wp\/wp-content\/uploads\/2020\/03\/27.2taninokuchi_myanmer.jpg\" data-link=\"https:\/\/nikkeischolarship.org\/es\/?attachment_id=257\" class=\"wp-image-257\" srcset=\"https:\/\/nikkeischolarship.org\/es\/wp\/wp-content\/uploads\/2020\/03\/27.2taninokuchi_myanmer-1024x768.jpg 1024w, https:\/\/nikkeischolarship.org\/es\/wp\/wp-content\/uploads\/2020\/03\/27.2taninokuchi_myanmer-300x225.jpg 300w, https:\/\/nikkeischolarship.org\/es\/wp\/wp-content\/uploads\/2020\/03\/27.2taninokuchi_myanmer-768x576.jpg 768w, https:\/\/nikkeischolarship.org\/es\/wp\/wp-content\/uploads\/2020\/03\/27.2taninokuchi_myanmer.jpg 1478w\" sizes=\"auto, (max-width: 1024px) 100vw, 1024px\" \/><\/figure><\/li><\/ul><\/figure>\n","protected":false},"excerpt":{"rendered":"\u00bfPor qu\u00e9 quer\u00edas ir a estudiar en Jap\u00f3n? El venir a estudiar a Jap\u00f3n fue mi sue\u00f1o desde que era una ...","protected":false},"author":1,"featured_media":0,"parent":0,"menu_order":0,"comment_status":"closed","ping_status":"closed","template":"","meta":{"_s2mail":"yes","footnotes":""},"class_list":["post-254","page","type-page","status-publish","hentry"],"_links":{"self":[{"href":"https:\/\/nikkeischolarship.org\/es\/wp-json\/wp\/v2\/pages\/254","targetHints":{"allow":["GET"]}}],"collection":[{"href":"https:\/\/nikkeischolarship.org\/es\/wp-json\/wp\/v2\/pages"}],"about":[{"href":"https:\/\/nikkeischolarship.org\/es\/wp-json\/wp\/v2\/types\/page"}],"author":[{"embeddable":true,"href":"https:\/\/nikkeischolarship.org\/es\/wp-json\/wp\/v2\/users\/1"}],"replies":[{"embeddable":true,"href":"https:\/\/nikkeischolarship.org\/es\/wp-json\/wp\/v2\/comments?post=254"}],"version-history":[{"count":1,"href":"https:\/\/nikkeischolarship.org\/es\/wp-json\/wp\/v2\/pages\/254\/revisions"}],"predecessor-version":[{"id":258,"href":"https:\/\/nikkeischolarship.org\/es\/wp-json\/wp\/v2\/pages\/254\/revisions\/258"}],"wp:attachment":[{"href":"https:\/\/nikkeischolarship.org\/es\/wp-json\/wp\/v2\/media?parent=254"}],"curies":[{"name":"wp","href":"https:\/\/api.w.org\/{rel}","templated":true}]}}