{"id":259,"date":"2020-03-04T20:22:02","date_gmt":"2020-03-04T11:22:02","guid":{"rendered":"https:\/\/nikkeischolarship.org\/es\/?page_id=259"},"modified":"2020-03-04T20:22:02","modified_gmt":"2020-03-04T11:22:02","slug":"28sato","status":"publish","type":"page","link":"https:\/\/nikkeischolarship.org\/es\/28sato\/","title":{"rendered":"28sato"},"content":{"rendered":"\n<figure class=\"wp-block-gallery columns-1 is-cropped wp-block-gallery-1 is-layout-flex wp-block-gallery-is-layout-flex\"><ul class=\"blocks-gallery-grid\"><li class=\"blocks-gallery-item\"><figure><img loading=\"lazy\" decoding=\"async\" width=\"768\" height=\"1024\" src=\"https:\/\/nikkeischolarship.org\/es\/wp\/wp-content\/uploads\/2020\/03\/28.sato_jikken-768x1024.jpg\" alt=\"\" data-id=\"260\" data-full-url=\"https:\/\/nikkeischolarship.org\/es\/wp\/wp-content\/uploads\/2020\/03\/28.sato_jikken.jpg\" data-link=\"https:\/\/nikkeischolarship.org\/es\/?attachment_id=260\" class=\"wp-image-260\" srcset=\"https:\/\/nikkeischolarship.org\/es\/wp\/wp-content\/uploads\/2020\/03\/28.sato_jikken-768x1024.jpg 768w, https:\/\/nikkeischolarship.org\/es\/wp\/wp-content\/uploads\/2020\/03\/28.sato_jikken-225x300.jpg 225w, https:\/\/nikkeischolarship.org\/es\/wp\/wp-content\/uploads\/2020\/03\/28.sato_jikken.jpg 936w\" sizes=\"auto, (max-width: 768px) 100vw, 768px\" \/><\/figure><\/li><\/ul><\/figure>\n\n\n\n<h3 class=\"midashi01\">\u00bfPor qu\u00e9 quer\u00edas ir a estudiar en Jap\u00f3n?<\/strong><\/h3>\n\n\n\n<p>Vine a Jap\u00f3n por primera vez en 2012. Fue entonces que tuve la oportunidad de conocer e identificarme con mis ra\u00edces okinawenses. Aprendi acerca de la cultura de mis abuelos (Okinawa) y pude crecer como profesional tambi\u00e9n. Esa fue sin duda, una experiencia que me cambi\u00f3 la vida y fue desde entonces que busqu\u00e9 retornar a Jap\u00f3n de alguna manera. Gracias a la beca nikkei ofrecida por la Nippon Foundation, pude regresar en 2016. Deseaba desarrollar a fondo mis habilidades dentro de mi carrera  y crecer como profesional. Es por ello que decid\u00ed aplicar y ser investigadora en un programa de Maestr\u00eda en Jap\u00f3n.<\/p>\n\n\n\n<h3 class=\"midashi01\">\u00bfC\u00f3mo es tu vida en Jap\u00f3n?<\/strong><\/h3>\n\n\n\n<p>A pesar de trabajar arduo en el laboratorio, ya que todos tratamos de dar lo mejor de nosotros para desarrollar nuestros temas de investigaci\u00f3n (lo que incluye quedarse hasta altas horas de la noche todos los d\u00edas o venir los fines de semana y feriados tambi\u00e9n), Siempre he sentido todos los miembros del laboratorio mucho cari\u00f1o y consideraci\u00f3n de todos los miembros, en especial de la cabeza del laboratorio, el profesor Matsui. Siempre me han apoyado cuando he necesitado ayuda y por ello, estar\u00e9 siempre agradecida. <br>\nHe aprendido mucho en estos casi dos a\u00f1os aqu\u00ed, y a\u00fan sigo aprendiendo, no s\u00f3lo en el aspecto cient\u00edfico, sino tambi\u00e9n acerca de la cultura y tradiciones japonesas, pues tambi\u00e9n tenemos tiempo para divertirnos. Un balance justo y necesario entre el trabajo duro y los momentos para disfrutar.<br>\nUna de las mejores cosas de venir a Jap\u00f3n, es poder ser parte de la familia NFSA y recibir la beca otorgada por la Nippon Foundation. Es un sacrificio que hacen y que nos permite enfocarnos en nuestros estudios sin tener que preocuparnos sobre el tema monetario como muchos otros becarios tienen que hacerlo y eso es un gran alivio. Personalmente, s\u00e9 que no hubiese podido obtener mi maestr\u00eda sin el c\u00e1lido apoyo de NZ y Kaigai Nikkeijin kyokai. Estar\u00e9 siempre agradecida por haber podido ser parte de esta experiencia que realmente me cambi\u00f3 la vida. Asimismo, ser parte de la NFSA, donde los becarios no solo comparten la misma beca, sino que son como familia, Sentir ese sentimiento de calidez y de estar \u00a8como en casa\u00a8 aunque estemos lejos de nuestra familia y amigos, no tiene precio. Gracias a todos Uds. por compartir esta experiencia y crecer conmigo. <\/p>\n\n\n\n<h3 class=\"midashi01\">\u00bfCu\u00e1l es tu estudio o investigaci\u00f3n?<\/strong><\/h3>\n\n\n\n<p>Actualmente me encuentro realizando mi investigaci\u00f3n en la Universidad de Kyushu en Fukuoka, acerca ciertos compuestos bioactivos de los alimentos que puedan poseer un efecto potencial para mantener el equilibrio homeost\u00e1tico de los niveles de az\u00facar en el modelo estudiado de c\u00e9lulas musculares de rata, para as\u00ed poder ayudar a aliviar los s\u00edntomas y padecimiento de diabetes tipo 2.<\/p>\n\n\n\n<h3 class=\"midashi01\">\u00bfMediante el estudio en el extranjero ha cambiado tu conciencia de ser nikkei?<\/strong><\/h3>\n\n\n\n<p>Quiero seguir cultivando y ayudando a mejorar la relaci\u00f3n entre mi pa\u00eds y Jap\u00f3n, no s\u00f3lo desde Per\u00fa, sino de cualquier parte del mundo pues luego de esta experiencia, no me considero tan s\u00f3lo una nikkei peruana, sino una nikkei del mundo.<\/p>\n\n\n\n<h3 class=\"midashi01\">\u00bfCu\u00e1l es tu sue\u00f1o en el futuro?<\/strong><\/h3>\n\n\n\n<p>No tengo decidido a\u00fan que har\u00e9 en el futuro, y aunque es un poco intimidante a veces, s\u00e9 que me ir\u00e1 genial y que podr\u00e9 aspirar a mejores oportunidades despu\u00e9s de esta beca. Por el momento, mi plan es ser feliz disfrutando de lo que hago al lado de mis seres queridos.<\/p>\n\n\n\n<h3 class=\"midashi01\">\u00a1Un mensaje para los que ahora o m\u00e1s adelante quisieran estudiar en el extranjero!<\/strong><\/h3>\n\n\n\n<p>Aprendan japon\u00e9s. En definitiva, har\u00e1 su vida en Jap\u00f3n mucho m\u00e1s f\u00e1cil y permitir\u00e1 que hagan lazos m\u00e1s fuertes con los japoneses, ya sea en la vida cotidiana o en el trabajo o los estudios. <br>\nSean respetuosos y est\u00e9n atento a los sentimientos de los dem\u00e1s, pero no pierdan su originalidad ni su esencia. Nunca se sientan avergonzados de sus ra\u00edces. Est\u00e9n orgullosos de tener dos o m\u00e1s culturas como legado.<br>\n\u00a1Disfruten de Jap\u00f3n al m\u00e1ximo, viajen y experimenten todo cuanto puedan! \u00a1Nunca saben si regresar\u00e1n de nuevo! <\/p>\n","protected":false},"excerpt":{"rendered":"\u00bfPor qu\u00e9 quer\u00edas ir a estudiar en Jap\u00f3n? Vine a Jap\u00f3n por primera vez en 2012. Fue entonces que tuve...","protected":false},"author":1,"featured_media":0,"parent":0,"menu_order":0,"comment_status":"closed","ping_status":"closed","template":"","meta":{"_s2mail":"yes","footnotes":""},"class_list":["post-259","page","type-page","status-publish","hentry"],"_links":{"self":[{"href":"https:\/\/nikkeischolarship.org\/es\/wp-json\/wp\/v2\/pages\/259","targetHints":{"allow":["GET"]}}],"collection":[{"href":"https:\/\/nikkeischolarship.org\/es\/wp-json\/wp\/v2\/pages"}],"about":[{"href":"https:\/\/nikkeischolarship.org\/es\/wp-json\/wp\/v2\/types\/page"}],"author":[{"embeddable":true,"href":"https:\/\/nikkeischolarship.org\/es\/wp-json\/wp\/v2\/users\/1"}],"replies":[{"embeddable":true,"href":"https:\/\/nikkeischolarship.org\/es\/wp-json\/wp\/v2\/comments?post=259"}],"version-history":[{"count":1,"href":"https:\/\/nikkeischolarship.org\/es\/wp-json\/wp\/v2\/pages\/259\/revisions"}],"predecessor-version":[{"id":261,"href":"https:\/\/nikkeischolarship.org\/es\/wp-json\/wp\/v2\/pages\/259\/revisions\/261"}],"wp:attachment":[{"href":"https:\/\/nikkeischolarship.org\/es\/wp-json\/wp\/v2\/media?parent=259"}],"curies":[{"name":"wp","href":"https:\/\/api.w.org\/{rel}","templated":true}]}}