{"id":262,"date":"2020-03-05T16:30:46","date_gmt":"2020-03-05T07:30:46","guid":{"rendered":"https:\/\/nikkeischolarship.org\/es\/?page_id=262"},"modified":"2020-03-05T16:30:47","modified_gmt":"2020-03-05T07:30:47","slug":"29ishida","status":"publish","type":"page","link":"https:\/\/nikkeischolarship.org\/es\/29ishida\/","title":{"rendered":"29ishida"},"content":{"rendered":"\n<figure class=\"wp-block-gallery columns-1 is-cropped wp-block-gallery-1 is-layout-flex wp-block-gallery-is-layout-flex\"><ul class=\"blocks-gallery-grid\"><li class=\"blocks-gallery-item\"><figure><img loading=\"lazy\" decoding=\"async\" width=\"1024\" height=\"683\" src=\"https:\/\/nikkeischolarship.org\/es\/wp\/wp-content\/uploads\/2020\/03\/29.2ishida_sakura-1024x683.jpg\" alt=\"\" data-id=\"264\" data-full-url=\"https:\/\/nikkeischolarship.org\/es\/wp\/wp-content\/uploads\/2020\/03\/29.2ishida_sakura-scaled.jpg\" data-link=\"https:\/\/nikkeischolarship.org\/es\/?attachment_id=264\" class=\"wp-image-264\" srcset=\"https:\/\/nikkeischolarship.org\/es\/wp\/wp-content\/uploads\/2020\/03\/29.2ishida_sakura-1024x683.jpg 1024w, https:\/\/nikkeischolarship.org\/es\/wp\/wp-content\/uploads\/2020\/03\/29.2ishida_sakura-300x200.jpg 300w, https:\/\/nikkeischolarship.org\/es\/wp\/wp-content\/uploads\/2020\/03\/29.2ishida_sakura-768x512.jpg 768w, https:\/\/nikkeischolarship.org\/es\/wp\/wp-content\/uploads\/2020\/03\/29.2ishida_sakura-1536x1024.jpg 1536w, https:\/\/nikkeischolarship.org\/es\/wp\/wp-content\/uploads\/2020\/03\/29.2ishida_sakura-2048x1365.jpg 2048w, https:\/\/nikkeischolarship.org\/es\/wp\/wp-content\/uploads\/2020\/03\/29.2ishida_sakura-600x400.jpg 600w\" sizes=\"auto, (max-width: 1024px) 100vw, 1024px\" \/><\/figure><\/li><\/ul><\/figure>\n\n\n\n<h3 class=\"midashi01\">\u00bfPor qu\u00e9 quer\u00edas ir a estudiar en Jap\u00f3n?<\/strong><\/h3>\n\n\n\n<p>Decid\u00ed estudiar en Jap\u00f3n porque mi pasi\u00f3n son los arrecifes de coral. Y en la isla japonesa de Okinawa se encuentra la Universidad de Ryukyus. Esta universidad tiene un centro de investigaci\u00f3n especializado en arrecifes coralinos, del cual, muchos de sus profesores son reconocidos a nivel nacional e internacional por los estudios que llevan a cabo en este sitio. Debido a la experiencia de investigaci\u00f3n que tienen los profesores, y a las facilidades geogr\u00e1ficas y tecnol\u00f3gicas que tiene este centro de investigaci\u00f3n, decid\u00ed realizar mis estudios de doctorado en este lugar. <br>\nSi bien en Colombia hay buenos grupos de investigaci\u00f3n en arrecifes de coral, estos grupos se encuentran dispersos en varias instituciones y ciudades, lo cual dificulta el intercambio de ideas e informaci\u00f3n entre la comunidad cient\u00edfica. En mi actual universidad, todos los grupos de investigaci\u00f3n en arrecifes coralinos est\u00e1n en los laboratorios de la Isla Sesoko, en Okinawa lo que hace m\u00e1s f\u00e1cil realizar investigaciones interdisciplinarias.<\/p>\n\n\n\n<h3 class=\"midashi01\">\u00bfC\u00f3mo es tu vida en Jap\u00f3n?<\/strong><\/h3>\n\n\n\n<p>La vida en Jap\u00f3n es muy agradable y tranquila, lo que m\u00e1s me gusta es la seguridad que el pa\u00eds ofrece. Los primeros seis meses estudie el idioma japon\u00e9s en la Shinjuku Nihongo Gakko en Tokio, es una de las mejores escuelas de la ciudad, y tambi\u00e9n se preocupan no solo por ense\u00f1ar el idioma, tambi\u00e9n ense\u00f1an mucho sobre la cultura de Jap\u00f3n, lo que permite adaptarse m\u00e1s f\u00e1cil al cambio de vida. Han sido muchas las nuevas experiencias que he podido tener, por ejemplo ver el amanecer desde la cima del monte Fuji, visitar los templos budistas y shintoistas, esquiar en las monta\u00f1as de Nagano, e.t.c.. Por supuesto ning\u00fan pa\u00eds es perfecto, y la vida en Jap\u00f3n a pesar de que lo tienes todo, pueden haber momentos en los que uno sienta solo, o extra\u00f1ar a la familia y amigos. Por eso es muy importante mantener el contacto con ellos todos los d\u00edas, y tambi\u00e9n aprender bien el idioma Japon\u00e9s para poder relacionarse con los japoneses y poder hacer amigos facilmente.<\/p>\n\n\n\n<h3 class=\"midashi01\">\u00bfCu\u00e1l es tu estudio o investigaci\u00f3n?<\/strong><\/h3>\n\n\n\n<p>Ahora estoy viviendo en la isla de Okinawa, al sur de Jap\u00f3n. Aqu\u00ed comenc\u00e9 mis estudios de doctorado en arrecifes de coral y ciencias biol\u00f3gicas avanzadas en la Universidad de Ryukyus. En mi investigaci\u00f3n quiero tratar de entender qu\u00e9 es lo que le pasa a los corales (e.j. cambios en la estructura del ADN) cuando son expuestos a altas temperaturas, para ver c\u00f3mo el cambio clim\u00e1tico bajo el escenario que se pronostica para los pr\u00f3ximos 100 a\u00f1os va a afectar a los corales y de este modo establecer medidas de manejo, conservaci\u00f3n y restauraci\u00f3n m\u00e1s efectivas. Mi laboratorio tiene un ambiente muy internacional, lo que me permite un intercambio intelectual y cultural con personas de diferentes pa\u00edses. Los profesores de mi universidad est\u00e1n muy bien preparados y las instalaciones y equipos del laboratorio tambi\u00e9n son muy buenos. Esto permite que podamos realizar investigaci\u00f3n de punta lo cual me tiene muy satisfecho.<\/p>\n\n\n\n<h3 class=\"midashi01\">\u00bfMediante el estudio en el extranjero ha cambiado tu conciencia de ser nikkei?<\/strong><\/h3>\n\n\n\n<p>Viviendo en Jap\u00f3n mi identidad como Nikkei ha cambiado mucho. Debido a que casi toda mi vida he vivido en Colombia, y me cr\u00ede con mi madre (colombiana) y mi padre (que es japon\u00e9s) siempre estuvo ausente, me consideraba 100% colombiano a pesar de que la mitad de mis genes son japoneses. Pero estando en Colombia en los momentos en que pasaba tiempo con otros japoneses, ya sea cuando tomaba clases de japon\u00e9s \u00f3 cuando iba a las actividades de la comunidad japonesa de mi ciudad, de cierta forma sent\u00eda que hab\u00eda una parte de m\u00ed que necesitaba encontrar pero que a\u00fan no entend\u00eda bien. <br>\nCuando vine a Jap\u00f3n para continuar mis estudios, por primera vez entend\u00ed lo afortunado que soy al ser Nikkei, y entend\u00ed la importancia y responsabilidad que tengo. Pues Jap\u00f3n y Colombia son pa\u00edses muy diferentes, cultural y econ\u00f3micamente, y al estar en la mitad de estos dos pa\u00edses, he podido tomar los mejores aspectos de cada uno para mejorar como persona y espero usar este conocimiento para servir como puente entre Colombia y Jap\u00f3n.<\/p>\n\n\n\n<h3 class=\"midashi01\">\u00bfCu\u00e1l es tu sue\u00f1o en el futuro?<\/strong><\/h3>\n\n\n\n<p>En el futuro espero poder poner todo mi conocimiento para ayudar a que este planeta quede mejor que cuando yo llegu\u00e9. Por un lado est\u00e1n mis aspiraciones ambientales, que involucran directamente a los mares y en especial los arrecifes de coral. Quiero ejecutar proyectos de conservaci\u00f3n y restauraci\u00f3n de estos ecosistemas en varios lugares del mundo, y por supuesto en Colombia donde todav\u00eda hace falta mucho trabajo en estos aspectos. Mi meta principal es que a trav\u00e9s de mis trabajos y proyectos, se puedan generar impactos concretos y directos sobre los ecosistemas, incluyendo el mejoramiento continuo de estos proyectos a trav\u00e9s de la investigaci\u00f3n. Una parte muy importante de esto involucra la educaci\u00f3n de las personas que est\u00e1n directamente relacionadas con los arrecifes. Para poder llevar a cabo esta parte de mi sue\u00f1o, estoy aprovechando al m\u00e1ximo todo lo que mis profesores me est\u00e1n ense\u00f1ando, y dando lo mejor de m\u00ed en mis estudios de doctorado. Otra parte de mis aspiraciones, ya a nivel m\u00e1s personal, es tratar de mejorar la vida de las personas con las cuales me relaciono d\u00eda a d\u00eda, con peque\u00f1os detalles, como por ejemplo siendo amable.<\/p>\n\n\n\n<h3 class=\"midashi01\">\u00a1Un mensaje para los que ahora o m\u00e1s adelante quisieran estudiar en el extranjero!<\/strong><\/h3>\n\n\n\n<p>Cada persona es diferente. Del mismo modo, cada ciudad de Jap\u00f3n tambi\u00e9n es diferente. Partiendo de esto, mi opini\u00f3n bajo mis experiencias puede estar un poco sesgada. Para m\u00ed, estudiar en Jap\u00f3n ha sido una experiencia muy enriquecedora, a nivel personal, cultural e intelectual. Por supuesto no todo es perfecto como lo he mencionado anteriormente, pero el punto est\u00e1 en que en cada situaci\u00f3n aprendas algo, siempre trata de ver el lado bueno de las cosas que te pasan cada d\u00eda y lo m\u00e1s importante, se agradecido por todas las cosas que te pasan en tu vida. Si quieres estudiar en Jap\u00f3n, debes aprender japon\u00e9s bien, pero no solo a hablar, tambi\u00e9n a leerlo y escribirlo. Si no aprendes el idioma bien, te va a ser muy dif\u00edcil acoplarte a la sociedad japonesa. Tengo amigos que han vivido ac\u00e1 por muchos a\u00f1os pero a\u00fan tienen muchas dificultades para relacionarse con los locales, por lo tanto sus c\u00edrculos sociales se limitan a personas extranjeras, o a los pocos japoneses que hablan ingl\u00e9s. Solo de ti va a depender si tienes una buena estad\u00eda en este pa\u00eds o no.<\/p>\n\n\n\n<figure class=\"wp-block-gallery columns-1 is-cropped wp-block-gallery-2 is-layout-flex wp-block-gallery-is-layout-flex\"><ul class=\"blocks-gallery-grid\"><li class=\"blocks-gallery-item\"><figure><img loading=\"lazy\" decoding=\"async\" width=\"960\" height=\"639\" src=\"https:\/\/nikkeischolarship.org\/es\/wp\/wp-content\/uploads\/2020\/03\/29.1ishida_17ki.jpg\" alt=\"\" data-id=\"265\" data-full-url=\"https:\/\/nikkeischolarship.org\/es\/wp\/wp-content\/uploads\/2020\/03\/29.1ishida_17ki.jpg\" data-link=\"https:\/\/nikkeischolarship.org\/es\/?attachment_id=265\" class=\"wp-image-265\" srcset=\"https:\/\/nikkeischolarship.org\/es\/wp\/wp-content\/uploads\/2020\/03\/29.1ishida_17ki.jpg 960w, https:\/\/nikkeischolarship.org\/es\/wp\/wp-content\/uploads\/2020\/03\/29.1ishida_17ki-300x200.jpg 300w, https:\/\/nikkeischolarship.org\/es\/wp\/wp-content\/uploads\/2020\/03\/29.1ishida_17ki-768x511.jpg 768w, https:\/\/nikkeischolarship.org\/es\/wp\/wp-content\/uploads\/2020\/03\/29.1ishida_17ki-600x400.jpg 600w\" sizes=\"auto, (max-width: 960px) 100vw, 960px\" \/><\/figure><\/li><\/ul><\/figure>\n","protected":false},"excerpt":{"rendered":"\u00bfPor qu\u00e9 quer\u00edas ir a estudiar en Jap\u00f3n? Decid\u00ed estudiar en Jap\u00f3n porque mi pasi\u00f3n son los arrecifes...","protected":false},"author":1,"featured_media":0,"parent":0,"menu_order":0,"comment_status":"closed","ping_status":"closed","template":"","meta":{"_s2mail":"yes","footnotes":""},"class_list":["post-262","page","type-page","status-publish","hentry"],"_links":{"self":[{"href":"https:\/\/nikkeischolarship.org\/es\/wp-json\/wp\/v2\/pages\/262","targetHints":{"allow":["GET"]}}],"collection":[{"href":"https:\/\/nikkeischolarship.org\/es\/wp-json\/wp\/v2\/pages"}],"about":[{"href":"https:\/\/nikkeischolarship.org\/es\/wp-json\/wp\/v2\/types\/page"}],"author":[{"embeddable":true,"href":"https:\/\/nikkeischolarship.org\/es\/wp-json\/wp\/v2\/users\/1"}],"replies":[{"embeddable":true,"href":"https:\/\/nikkeischolarship.org\/es\/wp-json\/wp\/v2\/comments?post=262"}],"version-history":[{"count":2,"href":"https:\/\/nikkeischolarship.org\/es\/wp-json\/wp\/v2\/pages\/262\/revisions"}],"predecessor-version":[{"id":266,"href":"https:\/\/nikkeischolarship.org\/es\/wp-json\/wp\/v2\/pages\/262\/revisions\/266"}],"wp:attachment":[{"href":"https:\/\/nikkeischolarship.org\/es\/wp-json\/wp\/v2\/media?parent=262"}],"curies":[{"name":"wp","href":"https:\/\/api.w.org\/{rel}","templated":true}]}}