{"id":267,"date":"2020-03-05T16:36:18","date_gmt":"2020-03-05T07:36:18","guid":{"rendered":"https:\/\/nikkeischolarship.org\/es\/?page_id=267"},"modified":"2020-03-05T16:36:19","modified_gmt":"2020-03-05T07:36:19","slug":"30yoshimura","status":"publish","type":"page","link":"https:\/\/nikkeischolarship.org\/es\/30yoshimura\/","title":{"rendered":"30yoshimura"},"content":{"rendered":"\n<figure class=\"wp-block-gallery columns-1 is-cropped wp-block-gallery-1 is-layout-flex wp-block-gallery-is-layout-flex\"><ul class=\"blocks-gallery-grid\"><li class=\"blocks-gallery-item\"><figure><img loading=\"lazy\" decoding=\"async\" width=\"1024\" height=\"576\" src=\"https:\/\/nikkeischolarship.org\/es\/wp\/wp-content\/uploads\/2020\/03\/30.1yoshimura_douki-1024x576.jpg\" alt=\"\" data-id=\"268\" data-full-url=\"https:\/\/nikkeischolarship.org\/es\/wp\/wp-content\/uploads\/2020\/03\/30.1yoshimura_douki.jpg\" data-link=\"https:\/\/nikkeischolarship.org\/es\/?attachment_id=268\" class=\"wp-image-268\" srcset=\"https:\/\/nikkeischolarship.org\/es\/wp\/wp-content\/uploads\/2020\/03\/30.1yoshimura_douki-1024x576.jpg 1024w, https:\/\/nikkeischolarship.org\/es\/wp\/wp-content\/uploads\/2020\/03\/30.1yoshimura_douki-300x169.jpg 300w, https:\/\/nikkeischolarship.org\/es\/wp\/wp-content\/uploads\/2020\/03\/30.1yoshimura_douki-768x432.jpg 768w, https:\/\/nikkeischolarship.org\/es\/wp\/wp-content\/uploads\/2020\/03\/30.1yoshimura_douki.jpg 1040w\" sizes=\"auto, (max-width: 1024px) 100vw, 1024px\" \/><\/figure><\/li><\/ul><\/figure>\n\n\n\n<h3 class=\"midashi01\">\u00bfPor qu\u00e9 quer\u00edas ir a estudiar en Jap\u00f3n?<\/strong><\/h3>\n\n\n\n<p>Como quer\u00eda mejorar mi curr\u00edculo profesional, al enterarme de esta beca (NFSA scholarship) que daba la oportunidad de estudiar en el pa\u00eds de mi descendencia, no dude en postularme. <\/p>\n\n\n\n<h3 class=\"midashi01\">\u00bfC\u00f3mo es tu vida en Jap\u00f3n?<\/strong><\/h3>\n\n\n\n<p>Gracias a que crec\u00ed en una comunidad Nikkei, no tuve problema en adaptarme a la vida en Jap\u00f3n (ya sea en los costumbres y comidas), pero tambi\u00e9n se lo debo a los buenos amigos y sempais que me ayudaron mucho en todo momento.<br>\nLo bueno de esta beca es que te apoyan lo suficiente para poder desarrollar las actividades acad\u00e9micas. Tambi\u00e9n puedo decir que los lazos de la familia NFSA son muy fuertes, lo digo \u201cfamilia\u201d porque realmente se convierte en tu segunda familia en Jap\u00f3n. <\/p>\n\n\n\n<figure class=\"wp-block-gallery columns-1 is-cropped wp-block-gallery-2 is-layout-flex wp-block-gallery-is-layout-flex\"><ul class=\"blocks-gallery-grid\"><li class=\"blocks-gallery-item\"><figure><img loading=\"lazy\" decoding=\"async\" width=\"891\" height=\"668\" src=\"https:\/\/nikkeischolarship.org\/es\/wp\/wp-content\/uploads\/2020\/03\/30.2yoshimura_miyazaki.jpg\" alt=\"\" data-id=\"269\" data-full-url=\"https:\/\/nikkeischolarship.org\/es\/wp\/wp-content\/uploads\/2020\/03\/30.2yoshimura_miyazaki.jpg\" data-link=\"https:\/\/nikkeischolarship.org\/es\/?attachment_id=269\" class=\"wp-image-269\" srcset=\"https:\/\/nikkeischolarship.org\/es\/wp\/wp-content\/uploads\/2020\/03\/30.2yoshimura_miyazaki.jpg 891w, https:\/\/nikkeischolarship.org\/es\/wp\/wp-content\/uploads\/2020\/03\/30.2yoshimura_miyazaki-300x225.jpg 300w, https:\/\/nikkeischolarship.org\/es\/wp\/wp-content\/uploads\/2020\/03\/30.2yoshimura_miyazaki-768x576.jpg 768w\" sizes=\"auto, (max-width: 891px) 100vw, 891px\" \/><\/figure><\/li><\/ul><\/figure>\n\n\n\n<h3 class=\"midashi01\">\u00bfCu\u00e1l es tu estudio o investigaci\u00f3n?<\/strong><\/h3>\n\n\n\n<p>Estoy estudiando la Maestr\u00eda en Ciencias de la Computaci\u00f3n en la Universidad de Tsukuba y pertenezco al laboratorio de Kitagawa &amp; Amagasa Data Engineering. En este laboratorio realizamos investigaciones sobre el manejo de grandes vol\u00famenes de datos (Big Data) utilizando las diferentes t\u00e9cnicas de inteligencia artificial. <\/p>\n\n\n\n<figure class=\"wp-block-gallery columns-1 is-cropped wp-block-gallery-3 is-layout-flex wp-block-gallery-is-layout-flex\"><ul class=\"blocks-gallery-grid\"><li class=\"blocks-gallery-item\"><figure><img loading=\"lazy\" decoding=\"async\" width=\"1024\" height=\"680\" src=\"https:\/\/nikkeischolarship.org\/es\/wp\/wp-content\/uploads\/2020\/03\/30.3yoshimura_zemigassyuku.jpg\" alt=\"\" data-id=\"270\" data-full-url=\"https:\/\/nikkeischolarship.org\/es\/wp\/wp-content\/uploads\/2020\/03\/30.3yoshimura_zemigassyuku.jpg\" data-link=\"https:\/\/nikkeischolarship.org\/es\/?attachment_id=270\" class=\"wp-image-270\" srcset=\"https:\/\/nikkeischolarship.org\/es\/wp\/wp-content\/uploads\/2020\/03\/30.3yoshimura_zemigassyuku.jpg 1024w, https:\/\/nikkeischolarship.org\/es\/wp\/wp-content\/uploads\/2020\/03\/30.3yoshimura_zemigassyuku-300x199.jpg 300w, https:\/\/nikkeischolarship.org\/es\/wp\/wp-content\/uploads\/2020\/03\/30.3yoshimura_zemigassyuku-768x510.jpg 768w\" sizes=\"auto, (max-width: 1024px) 100vw, 1024px\" \/><\/figure><\/li><\/ul><\/figure>\n\n\n\n<h3 class=\"midashi01\">\u00bfMediante el estudio en el extranjero ha cambiado tu conciencia de ser nikkei?<\/strong><\/h3>\n\n\n\n<p>Antes no valoraba mucho mi identidad como Nikkei pero luego de venir a Jap\u00f3n me siento mejor identificada no solamente como una representante Paraguaya Nikkei, sino siento tambien la responsabilidad de ser una representante de toda la comunidad Nikkei del Mundo. <\/p>\n\n\n\n<h3 class=\"midashi01\">\u00bfCu\u00e1l es tu sue\u00f1o en el futuro?<\/strong><\/h3>\n\n\n\n<p>Me gustar\u00eda crear una empresa especializada en Ciencias de Datos y ser una profesional capaz de apoyar a mejorar el relacionamiento entre Latinoam\u00e9rica y Jap\u00f3n.<\/p>\n\n\n\n<h3 class=\"midashi01\">\u00a1Un mensaje para los que ahora o m\u00e1s adelante quisieran estudiar en el extranjero!<\/strong><\/h3>\n\n\n\n<p>Nikkei scholarship te brinda la mejor oportunidad de poder estudiar en la Universidad del primer mundo. No pierdas esta gran oportunidad para aplicarte a la beca.<\/p>\n","protected":false},"excerpt":{"rendered":"\u00bfPor qu\u00e9 quer\u00edas ir a estudiar en Jap\u00f3n? Como quer\u00eda mejorar mi curr\u00edculo profesional, al enterarme ...","protected":false},"author":1,"featured_media":0,"parent":0,"menu_order":0,"comment_status":"closed","ping_status":"closed","template":"","meta":{"_s2mail":"yes","footnotes":""},"class_list":["post-267","page","type-page","status-publish","hentry"],"_links":{"self":[{"href":"https:\/\/nikkeischolarship.org\/es\/wp-json\/wp\/v2\/pages\/267","targetHints":{"allow":["GET"]}}],"collection":[{"href":"https:\/\/nikkeischolarship.org\/es\/wp-json\/wp\/v2\/pages"}],"about":[{"href":"https:\/\/nikkeischolarship.org\/es\/wp-json\/wp\/v2\/types\/page"}],"author":[{"embeddable":true,"href":"https:\/\/nikkeischolarship.org\/es\/wp-json\/wp\/v2\/users\/1"}],"replies":[{"embeddable":true,"href":"https:\/\/nikkeischolarship.org\/es\/wp-json\/wp\/v2\/comments?post=267"}],"version-history":[{"count":1,"href":"https:\/\/nikkeischolarship.org\/es\/wp-json\/wp\/v2\/pages\/267\/revisions"}],"predecessor-version":[{"id":271,"href":"https:\/\/nikkeischolarship.org\/es\/wp-json\/wp\/v2\/pages\/267\/revisions\/271"}],"wp:attachment":[{"href":"https:\/\/nikkeischolarship.org\/es\/wp-json\/wp\/v2\/media?parent=267"}],"curies":[{"name":"wp","href":"https:\/\/api.w.org\/{rel}","templated":true}]}}