{"id":272,"date":"2020-03-05T16:42:58","date_gmt":"2020-03-05T07:42:58","guid":{"rendered":"https:\/\/nikkeischolarship.org\/es\/?page_id=272"},"modified":"2020-03-05T16:42:59","modified_gmt":"2020-03-05T07:42:59","slug":"31ishikawa","status":"publish","type":"page","link":"https:\/\/nikkeischolarship.org\/es\/31ishikawa\/","title":{"rendered":"31ishikawa"},"content":{"rendered":"\n<figure class=\"wp-block-gallery columns-1 is-cropped wp-block-gallery-1 is-layout-flex wp-block-gallery-is-layout-flex\"><ul class=\"blocks-gallery-grid\"><li class=\"blocks-gallery-item\"><figure><img loading=\"lazy\" decoding=\"async\" width=\"1024\" height=\"767\" src=\"https:\/\/nikkeischolarship.org\/es\/wp\/wp-content\/uploads\/2020\/03\/31.2ishikawa_fujisan-1024x767.jpg\" alt=\"\" data-id=\"274\" data-full-url=\"https:\/\/nikkeischolarship.org\/es\/wp\/wp-content\/uploads\/2020\/03\/31.2ishikawa_fujisan.jpg\" data-link=\"https:\/\/nikkeischolarship.org\/es\/?attachment_id=274\" class=\"wp-image-274\" srcset=\"https:\/\/nikkeischolarship.org\/es\/wp\/wp-content\/uploads\/2020\/03\/31.2ishikawa_fujisan-1024x767.jpg 1024w, https:\/\/nikkeischolarship.org\/es\/wp\/wp-content\/uploads\/2020\/03\/31.2ishikawa_fujisan-300x225.jpg 300w, https:\/\/nikkeischolarship.org\/es\/wp\/wp-content\/uploads\/2020\/03\/31.2ishikawa_fujisan-768x576.jpg 768w, https:\/\/nikkeischolarship.org\/es\/wp\/wp-content\/uploads\/2020\/03\/31.2ishikawa_fujisan.jpg 1233w\" sizes=\"auto, (max-width: 1024px) 100vw, 1024px\" \/><\/figure><\/li><\/ul><\/figure>\n\n\n\n<h3 class=\"midashi01\">\u00bfPor qu\u00e9 quer\u00edas ir a estudiar en Jap\u00f3n?<\/strong><\/h3>\n\n\n\n<p>El motivo por el cual decid\u00ed estudiar en Jap\u00f3n es que en comparaci\u00f3n con Paraguay la tecnolog\u00eda en el \u00e1rea de la producci\u00f3n animal est\u00e1 muy por encima, siendo reconocida en el mundo entero. Sabiendo que a\u00fan me falta mucho por aprender tome la decisi\u00f3n de estudiar en la Universidad de Obihiro aprendiendo nuevas tecnolog\u00edas y adquirir nuevos conocimientos, y as\u00ed como Ingeniero Agr\u00f3nomo es mi deseo formar parte del sistema productivo agropecuario del Paraguay con el objetivo de mejorar y avanzar como pa\u00eds.<\/p>\n\n\n\n<h3 class=\"midashi01\">\u00bfC\u00f3mo es tu vida en Jap\u00f3n?<\/strong><\/h3>\n\n\n\n<p>Mi vida desde que llegu\u00e9 en Jap\u00f3n fueron s\u00f3lo experiencias positivas, conociendo nuevos lugares y tambi\u00e9n haciendo nuevos amigos por el camino, siento que cada d\u00eda voy aprendiendo algo nuevo, lo cual me hace crecer como persona. Agradezco a la Nippon Zaidan y Kaigai Nikkeijin Kyokai por darme esta oportunidad de estudiar en Jap\u00f3n, es algo que jam\u00e1s olvidar\u00e9, tambi\u00e9n a los miembros de la NFSA que me brindan su apoyo cada vez que sea necesario. Siento que tengo una gran familia respald\u00e1ndome, por ello s\u00f3lo tengo palabras de agradecimiento.<\/p>\n\n\n\n<h3 class=\"midashi01\">\u00bfCu\u00e1l es tu estudio o investigaci\u00f3n?<\/strong><\/h3>\n\n\n\n<p>La investigaci\u00f3n que llevo a cabo es la de la utilizaci\u00f3n del yogurt utilizando la leche descartada del orde\u00f1e, en un sistema de crecimiento acelerado en terneros. Cada a\u00f1o una gran cantidad de leche es descartada de vacas en el per\u00edodo seco, con problemas menores de salud y en la etapa de postparto, de ah\u00ed la necesidad de buscar un sistema de almacenaje necesario para preservar los nutrientes de la leche. Utilizando el yogurt para tener un mayor periodo de almacenaje mezcl\u00e1ndolo con una leche sustituta se busca acelerar el crecimiento de los terneros para que lleguen al peso del destete.<\/p>\n\n\n\n<h3 class=\"midashi01\">\u00bfMediante el estudio en el extranjero ha cambiado tu conciencia de ser nikkei?<\/strong><\/h3>\n\n\n\n<p>Desde que llegue a Jap\u00f3n sent\u00ed lo afortunado que soy al ser Nikkei, la raz\u00f3n de esto es que al estar viviendo aqu\u00ed, gracias a que mi familia y la sociedad nikkei del Paraguay supo preservar y valorar la cultura japonesa, como extranjero no sent\u00ed una diferencia cultural muy grande en el Jap\u00f3n. Por supuesto hay muchas cosas de la cultura y sociedad tanto japonesa y paraguaya que desear\u00eda cambiar, pero como nikkei entiendo mejor estas diferencias y aprend\u00ed a tomar buenas decisiones en relaci\u00f3n a m\u00ed y a los que me rodean. <\/p>\n\n\n\n<h3 class=\"midashi01\">\u00bfCu\u00e1l es tu sue\u00f1o en el futuro?<\/strong><\/h3>\n\n\n\n<p>En la actualidad muchas empresas optan por contratar a profesionales extranjeros como gerentes, por ello quisiera cambiar el concepto errado que se tiene acerca de la poca preparaci\u00f3n de los profesionales paraguayos. La sociedad Nikkei est\u00e1 muy relacionada con la producci\u00f3n agropecuaria del pa\u00eds, sabiendo esto uno de mis objetivo es contribuir a que Paraguay sea una de las potencias y principal proveedor de alimento en el mundo. Adem\u00e1s de fortalecer los lazos entre Jap\u00f3n y Paraguay.<\/p>\n\n\n\n<h3 class=\"midashi01\">\u00a1Un mensaje para los que ahora o m\u00e1s adelante quisieran estudiar en el extranjero!<\/strong><\/h3>\n\n\n\n<p>Nunca abandonen sus sue\u00f1os y siempre miren para adelante, no importa cu\u00e1n dif\u00edcil sea el camino siempre ten en mente tus objetivos y todos los d\u00edas esfu\u00e9rzate al m\u00e1ximo, aprende nuevas cosas de todas las experiencias que te quedan por delante y lucha hasta el final por cumplir tus sue\u00f1os. <\/p>\n\n\n\n<figure class=\"wp-block-gallery columns-2 is-cropped wp-block-gallery-2 is-layout-flex wp-block-gallery-is-layout-flex\"><ul class=\"blocks-gallery-grid\"><li class=\"blocks-gallery-item\"><figure><img loading=\"lazy\" decoding=\"async\" width=\"785\" height=\"621\" src=\"https:\/\/nikkeischolarship.org\/es\/wp\/wp-content\/uploads\/2020\/03\/31.3ishikawa_puddle.jpg\" alt=\"\" data-id=\"276\" data-full-url=\"https:\/\/nikkeischolarship.org\/es\/wp\/wp-content\/uploads\/2020\/03\/31.3ishikawa_puddle.jpg\" data-link=\"https:\/\/nikkeischolarship.org\/es\/?attachment_id=276\" class=\"wp-image-276\" srcset=\"https:\/\/nikkeischolarship.org\/es\/wp\/wp-content\/uploads\/2020\/03\/31.3ishikawa_puddle.jpg 785w, https:\/\/nikkeischolarship.org\/es\/wp\/wp-content\/uploads\/2020\/03\/31.3ishikawa_puddle-300x237.jpg 300w, https:\/\/nikkeischolarship.org\/es\/wp\/wp-content\/uploads\/2020\/03\/31.3ishikawa_puddle-768x608.jpg 768w\" sizes=\"auto, (max-width: 785px) 100vw, 785px\" \/><\/figure><\/li><li class=\"blocks-gallery-item\"><figure><img loading=\"lazy\" decoding=\"async\" width=\"1024\" height=\"768\" src=\"https:\/\/nikkeischolarship.org\/es\/wp\/wp-content\/uploads\/2020\/03\/31.1ishikawa_obihirofuyu-1-1024x768.jpg\" alt=\"\" data-id=\"275\" data-full-url=\"https:\/\/nikkeischolarship.org\/es\/wp\/wp-content\/uploads\/2020\/03\/31.1ishikawa_obihirofuyu-1.jpg\" data-link=\"https:\/\/nikkeischolarship.org\/es\/?attachment_id=275\" class=\"wp-image-275\" srcset=\"https:\/\/nikkeischolarship.org\/es\/wp\/wp-content\/uploads\/2020\/03\/31.1ishikawa_obihirofuyu-1-1024x768.jpg 1024w, https:\/\/nikkeischolarship.org\/es\/wp\/wp-content\/uploads\/2020\/03\/31.1ishikawa_obihirofuyu-1-300x225.jpg 300w, https:\/\/nikkeischolarship.org\/es\/wp\/wp-content\/uploads\/2020\/03\/31.1ishikawa_obihirofuyu-1-768x576.jpg 768w, https:\/\/nikkeischolarship.org\/es\/wp\/wp-content\/uploads\/2020\/03\/31.1ishikawa_obihirofuyu-1.jpg 1478w\" sizes=\"auto, (max-width: 1024px) 100vw, 1024px\" \/><\/figure><\/li><\/ul><\/figure>\n","protected":false},"excerpt":{"rendered":"\u00bfPor qu\u00e9 quer\u00edas ir a estudiar en Jap\u00f3n? El motivo por el cual decid\u00ed estudiar en Jap\u00f3n es que en co...","protected":false},"author":1,"featured_media":0,"parent":0,"menu_order":0,"comment_status":"closed","ping_status":"closed","template":"","meta":{"_s2mail":"yes","footnotes":""},"class_list":["post-272","page","type-page","status-publish","hentry"],"_links":{"self":[{"href":"https:\/\/nikkeischolarship.org\/es\/wp-json\/wp\/v2\/pages\/272","targetHints":{"allow":["GET"]}}],"collection":[{"href":"https:\/\/nikkeischolarship.org\/es\/wp-json\/wp\/v2\/pages"}],"about":[{"href":"https:\/\/nikkeischolarship.org\/es\/wp-json\/wp\/v2\/types\/page"}],"author":[{"embeddable":true,"href":"https:\/\/nikkeischolarship.org\/es\/wp-json\/wp\/v2\/users\/1"}],"replies":[{"embeddable":true,"href":"https:\/\/nikkeischolarship.org\/es\/wp-json\/wp\/v2\/comments?post=272"}],"version-history":[{"count":1,"href":"https:\/\/nikkeischolarship.org\/es\/wp-json\/wp\/v2\/pages\/272\/revisions"}],"predecessor-version":[{"id":277,"href":"https:\/\/nikkeischolarship.org\/es\/wp-json\/wp\/v2\/pages\/272\/revisions\/277"}],"wp:attachment":[{"href":"https:\/\/nikkeischolarship.org\/es\/wp-json\/wp\/v2\/media?parent=272"}],"curies":[{"name":"wp","href":"https:\/\/api.w.org\/{rel}","templated":true}]}}