{"id":278,"date":"2020-03-05T16:46:46","date_gmt":"2020-03-05T07:46:46","guid":{"rendered":"https:\/\/nikkeischolarship.org\/es\/?page_id=278"},"modified":"2020-03-05T16:47:09","modified_gmt":"2020-03-05T07:47:09","slug":"33itou","status":"publish","type":"page","link":"https:\/\/nikkeischolarship.org\/es\/33itou\/","title":{"rendered":"33itou"},"content":{"rendered":"\n<figure class=\"wp-block-gallery columns-1 is-cropped wp-block-gallery-1 is-layout-flex wp-block-gallery-is-layout-flex\"><ul class=\"blocks-gallery-grid\"><li class=\"blocks-gallery-item\"><figure><img loading=\"lazy\" decoding=\"async\" width=\"768\" height=\"1024\" src=\"https:\/\/nikkeischolarship.org\/es\/wp\/wp-content\/uploads\/2020\/03\/33.3itou_nyugaku-768x1024.jpg\" alt=\"\" data-id=\"279\" data-full-url=\"https:\/\/nikkeischolarship.org\/es\/wp\/wp-content\/uploads\/2020\/03\/33.3itou_nyugaku.jpg\" data-link=\"https:\/\/nikkeischolarship.org\/es\/?attachment_id=279\" class=\"wp-image-279\" srcset=\"https:\/\/nikkeischolarship.org\/es\/wp\/wp-content\/uploads\/2020\/03\/33.3itou_nyugaku-768x1024.jpg 768w, https:\/\/nikkeischolarship.org\/es\/wp\/wp-content\/uploads\/2020\/03\/33.3itou_nyugaku-225x300.jpg 225w, https:\/\/nikkeischolarship.org\/es\/wp\/wp-content\/uploads\/2020\/03\/33.3itou_nyugaku-1152x1536.jpg 1152w, https:\/\/nikkeischolarship.org\/es\/wp\/wp-content\/uploads\/2020\/03\/33.3itou_nyugaku-1536x2048.jpg 1536w, https:\/\/nikkeischolarship.org\/es\/wp\/wp-content\/uploads\/2020\/03\/33.3itou_nyugaku.jpg 1773w\" sizes=\"auto, (max-width: 768px) 100vw, 768px\" \/><\/figure><\/li><\/ul><\/figure>\n\n\n\n<h3 class=\"midashi01\">\u00bfPor qu\u00e9 quer\u00edas ir a estudiar en Jap\u00f3n?<\/strong><\/h3>\n\n\n\n<p> Siempre fue mi sue\u00f1o estudiar en el Jap\u00f3n. Tuve la oportunidad de vivir entre los 4 a\u00f1os a los 7, y cuando regres\u00e9 al Per\u00fa me choc\u00f3 la diferencia educacional. Aparte tuve el apoyo de mis padres para que siga estudiando el idioma y as\u00ed fue que cuando estaba cursando la secundaria, vi como buena opci\u00f3n poder realizar mi maestr\u00eda en Jap\u00f3n mediante alguna beca.  <\/p>\n\n\n\n<h3 class=\"midashi01\">\u00bfC\u00f3mo es tu vida en Jap\u00f3n?<\/strong><\/h3>\n\n\n\n<p>La vida en el Jap\u00f3n es muy buena, ya que encuentras una ciudad limpia con un sistema de tr\u00e1nsito muy ordenado. Ni hablar de la puntualidad de los trenes para movilizarse. Pienso que uno siempre tiene una buena idea con respecto al Jap\u00f3n, pero estando en el lugar, te sigue sorprendiendo por sus innovaciones y cambios, siempre pensando en un progreso y desarrollo. Lo bueno de la beca de Nikkei Scholarship es que estando en el Jap\u00f3n, est\u00e1s cerca de otros estudiantes nikkeis, por lo que en los encuentros puedes compartir experiencias sobre los movimientos de j\u00f3venes nikkeis en cada pa\u00eds de Sudam\u00e9rica. Adem\u00e1s, hay muchas oportunidades de conversar acerca de la colectividad nikkei, lo que va de la mano con lo que es la \u201cidentidad nikkei\u201d que pueda sentir y tener cada uno. Estando en el Jap\u00f3n pienso bastante sobre el quehacer de los j\u00f3venes nikkei a futuro. <\/p>\n\n\n\n<h3 class=\"midashi01\">\u00bfCu\u00e1l es tu estudio o investigaci\u00f3n?<\/strong><\/h3>\n\n\n\n<p>He tenido un a\u00f1o de estudio en Shinjuku Nihongo Gakko, donde pude profundizar mi conocimiento del idioma japon\u00e9s, aprendiendo con la ense\u00f1anza Ezoe, lo cual me permiti\u00f3 ampliar mi inter\u00e9s del idioma y la cultura en s\u00ed. En este segundo a\u00f1o que inicio, estoy comenzando mi maestr\u00eda en la Universidad de Oberlin en la especialidad de Cooperaci\u00f3n Internacional, por lo que me encuentro recolectando bibliograf\u00edas acerca del tema de relaci\u00f3n internacional, ya que pienso hacer una investigaci\u00f3n que conlleve a la relaci\u00f3n entre Jap\u00f3n y Sudam\u00e9rica, en el \u00e1mbito de Cooperaci\u00f3n Internacional.<\/p>\n\n\n\n<h3 class=\"midashi01\">\u00bfMediante el estudio en el extranjero ha cambiado tu conciencia de ser nikkei?<\/strong><\/h3>\n\n\n\n<p> Mi conciencia nikkei ha cambiado, ya que siento que he adquirido m\u00e1s responsabilidad con respecto a mi identidad y misi\u00f3n que tengo como nikkei. El venir al Jap\u00f3n me ha ayudado a terminar de formar lo que es la identidad nikkei sin duda alguna.  <\/p>\n\n\n\n<h3 class=\"midashi01\">\u00bfCu\u00e1l es tu sue\u00f1o en el futuro?<\/strong><\/h3>\n\n\n\n<p> Mi sue\u00f1o es terminar mi maestr\u00eda de Cooperaci\u00f3n Internacional, para luego poder ser parte de proyectos de cooperaci\u00f3n internacional entre el Jap\u00f3n \u2013 Sudam\u00e9rica (Per\u00fa). Adem\u00e1s, quiero aportar en investigaciones de temas internacionales en universidades del Per\u00fa, siendo docente investigador del tema. Otro sue\u00f1o que tengo es crear una escuela de idioma japon\u00e9s en el Per\u00fa, la cual tendr\u00e1 la misi\u00f3n de formar nikkeis con valores que puedan tener un buen nivel de idioma japon\u00e9s para que puedan realizar estudios en el Jap\u00f3n en el futuro. <\/p>\n\n\n\n<h3 class=\"midashi01\">\u00a1Un mensaje para los que ahora o m\u00e1s adelante quisieran estudiar en el extranjero!<\/strong><\/h3>\n\n\n\n<p>No te quedes con la simple imagen que tienes del Jap\u00f3n. Este pa\u00eds siempre nos va a sorprender, y no olvides que nosotros al ser nikkeis, somos parte de este pa\u00eds. Ser nikkei es tener la responsabilidad de ser el rostro de nuestro pa\u00eds de nacimiento y Jap\u00f3n. Ser nikkei es tener la responsabilidad de unir estas dos patrias con diferentes culturas. \u00a1An\u00edmate a ser parte de este gran proyecto!<\/p>\n\n\n\n<figure class=\"wp-block-gallery columns-2 is-cropped wp-block-gallery-2 is-layout-flex wp-block-gallery-is-layout-flex\"><ul class=\"blocks-gallery-grid\"><li class=\"blocks-gallery-item\"><figure><img loading=\"lazy\" decoding=\"async\" width=\"960\" height=\"720\" src=\"https:\/\/nikkeischolarship.org\/es\/wp\/wp-content\/uploads\/2020\/03\/33.1itou_classmates.jpg\" alt=\"\" data-id=\"280\" data-full-url=\"https:\/\/nikkeischolarship.org\/es\/wp\/wp-content\/uploads\/2020\/03\/33.1itou_classmates.jpg\" data-link=\"https:\/\/nikkeischolarship.org\/es\/?attachment_id=280\" class=\"wp-image-280\" srcset=\"https:\/\/nikkeischolarship.org\/es\/wp\/wp-content\/uploads\/2020\/03\/33.1itou_classmates.jpg 960w, https:\/\/nikkeischolarship.org\/es\/wp\/wp-content\/uploads\/2020\/03\/33.1itou_classmates-300x225.jpg 300w, https:\/\/nikkeischolarship.org\/es\/wp\/wp-content\/uploads\/2020\/03\/33.1itou_classmates-768x576.jpg 768w\" sizes=\"auto, (max-width: 960px) 100vw, 960px\" \/><\/figure><\/li><li class=\"blocks-gallery-item\"><figure><img loading=\"lazy\" decoding=\"async\" width=\"1024\" height=\"683\" src=\"https:\/\/nikkeischolarship.org\/es\/wp\/wp-content\/uploads\/2020\/03\/33.2itou_sotsugyou-1024x683.jpg\" alt=\"\" data-id=\"281\" data-full-url=\"https:\/\/nikkeischolarship.org\/es\/wp\/wp-content\/uploads\/2020\/03\/33.2itou_sotsugyou.jpg\" data-link=\"https:\/\/nikkeischolarship.org\/es\/?attachment_id=281\" class=\"wp-image-281\" srcset=\"https:\/\/nikkeischolarship.org\/es\/wp\/wp-content\/uploads\/2020\/03\/33.2itou_sotsugyou-1024x683.jpg 1024w, https:\/\/nikkeischolarship.org\/es\/wp\/wp-content\/uploads\/2020\/03\/33.2itou_sotsugyou-300x200.jpg 300w, https:\/\/nikkeischolarship.org\/es\/wp\/wp-content\/uploads\/2020\/03\/33.2itou_sotsugyou-768x512.jpg 768w, https:\/\/nikkeischolarship.org\/es\/wp\/wp-content\/uploads\/2020\/03\/33.2itou_sotsugyou-1536x1024.jpg 1536w, https:\/\/nikkeischolarship.org\/es\/wp\/wp-content\/uploads\/2020\/03\/33.2itou_sotsugyou-600x400.jpg 600w, https:\/\/nikkeischolarship.org\/es\/wp\/wp-content\/uploads\/2020\/03\/33.2itou_sotsugyou.jpg 2048w\" sizes=\"auto, (max-width: 1024px) 100vw, 1024px\" \/><\/figure><\/li><\/ul><\/figure>\n","protected":false},"excerpt":{"rendered":"\u00bfPor qu\u00e9 quer\u00edas ir a estudiar en Jap\u00f3n? Siempre fue mi sue\u00f1o estudiar en el Jap\u00f3n. Tuve la oportuni...","protected":false},"author":1,"featured_media":0,"parent":0,"menu_order":0,"comment_status":"closed","ping_status":"closed","template":"","meta":{"_s2mail":"yes","footnotes":""},"class_list":["post-278","page","type-page","status-publish","hentry"],"_links":{"self":[{"href":"https:\/\/nikkeischolarship.org\/es\/wp-json\/wp\/v2\/pages\/278","targetHints":{"allow":["GET"]}}],"collection":[{"href":"https:\/\/nikkeischolarship.org\/es\/wp-json\/wp\/v2\/pages"}],"about":[{"href":"https:\/\/nikkeischolarship.org\/es\/wp-json\/wp\/v2\/types\/page"}],"author":[{"embeddable":true,"href":"https:\/\/nikkeischolarship.org\/es\/wp-json\/wp\/v2\/users\/1"}],"replies":[{"embeddable":true,"href":"https:\/\/nikkeischolarship.org\/es\/wp-json\/wp\/v2\/comments?post=278"}],"version-history":[{"count":1,"href":"https:\/\/nikkeischolarship.org\/es\/wp-json\/wp\/v2\/pages\/278\/revisions"}],"predecessor-version":[{"id":282,"href":"https:\/\/nikkeischolarship.org\/es\/wp-json\/wp\/v2\/pages\/278\/revisions\/282"}],"wp:attachment":[{"href":"https:\/\/nikkeischolarship.org\/es\/wp-json\/wp\/v2\/media?parent=278"}],"curies":[{"name":"wp","href":"https:\/\/api.w.org\/{rel}","templated":true}]}}