{"id":283,"date":"2020-03-05T16:51:54","date_gmt":"2020-03-05T07:51:54","guid":{"rendered":"https:\/\/nikkeischolarship.org\/es\/?page_id=283"},"modified":"2020-03-05T16:51:55","modified_gmt":"2020-03-05T07:51:55","slug":"34amo","status":"publish","type":"page","link":"https:\/\/nikkeischolarship.org\/es\/34amo\/","title":{"rendered":"34amo"},"content":{"rendered":"\n<figure class=\"wp-block-gallery columns-1 is-cropped wp-block-gallery-1 is-layout-flex wp-block-gallery-is-layout-flex\"><ul class=\"blocks-gallery-grid\"><li class=\"blocks-gallery-item\"><figure><img loading=\"lazy\" decoding=\"async\" width=\"334\" height=\"251\" src=\"https:\/\/nikkeischolarship.org\/es\/wp\/wp-content\/uploads\/2020\/03\/34.1amo_rikkokai.png\" alt=\"\" data-id=\"284\" data-full-url=\"https:\/\/nikkeischolarship.org\/es\/wp\/wp-content\/uploads\/2020\/03\/34.1amo_rikkokai.png\" data-link=\"https:\/\/nikkeischolarship.org\/es\/?attachment_id=284\" class=\"wp-image-284\" srcset=\"https:\/\/nikkeischolarship.org\/es\/wp\/wp-content\/uploads\/2020\/03\/34.1amo_rikkokai.png 334w, https:\/\/nikkeischolarship.org\/es\/wp\/wp-content\/uploads\/2020\/03\/34.1amo_rikkokai-300x225.png 300w\" sizes=\"auto, (max-width: 334px) 100vw, 334px\" \/><\/figure><\/li><\/ul><\/figure>\n\n\n\n<h3 class=\"midashi01\">\u00bfPor qu\u00e9 quer\u00edas ir a estudiar en Jap\u00f3n?<\/strong><\/h3>\n\n\n\n<p>Debido a que el sistema educativo boliviano en general y m\u00e1s que nada en el \u00e1rea de dise\u00f1o de moda no es muy alto, decid\u00ed venir a Jap\u00f3n, pa\u00eds reconocido por ser una de las capitales de la moda a nivel mundial. Cuando descubr\u00ed la existencia de Bunka Fashion College, me di cuenta de que en esa universidad las t\u00e9cnicas, el conocimiento y las oportunidades que se me abrir\u00edan no se pod\u00edan compararcon las que tendr\u00eda en Bolivia. Esto aumento mis deseos por venir a Jap\u00f3n a estudiar dise\u00f1o de moda. Aparte de eso, el hecho de que mi madre sea japonesa, despert\u00f3 curiosidad en m\u00ed, sobre una de las culturas que llevo en mi sangre.<\/p>\n\n\n\n<h3 class=\"midashi01\">\u00bfC\u00f3mo es tu vida en Jap\u00f3n?<\/strong><\/h3>\n\n\n\n<p>Este primer a\u00f1o, sent\u00ed que mi vida cambi\u00f3 en muchos aspectos. Empezando por las diferencias culturales entre Bolivia y Jap\u00f3n. Las costumbres, la dieta, el transporte p\u00fablico, el idioma, etc. Todo es diferente. Aparte, es la primera vez que me toca vivir sola. Hubieron muchos momentos en los que me sent\u00eda sola, ya que Tokyo es una ciudad muy grande y en constante movimiento. Hay mucho que aprender y todo pasa muy r\u00e1pido, pero gracias a los miembros de la NFSA siento que pude superar los obst\u00e1culos y desaf\u00edos que tuve en este primer a\u00f1o de la beca. La vida en Jap\u00f3n me ha dado la oportunidad de conocer un poco m\u00e1s a fondo la historia de mi familia de parte de mi madre, como tambi\u00e9n la migraci\u00f3n que hubo de Jap\u00f3n hacia el continente de Am\u00e9rica. Estoy muy ansiosa por seguir aprendiendo cosas los siguientes a\u00f1os.<\/p>\n\n\n\n<h3 class=\"midashi01\">\u00bfCu\u00e1l es tu estudio o investigaci\u00f3n?<\/strong><\/h3>\n\n\n\n<p>Este a\u00f1o estudi\u00e9 en SNG (Shinjuku Nihongo Gakko), en otras palabras, me dediqu\u00e9 a estudiar el idioma japon\u00e9s, como tambi\u00e9n las costumbres de Jap\u00f3n. Siento que desde que llegu\u00e9 a Jap\u00f3n mi nivel de japon\u00e9s ha mejorado. A partir de esto, me siento con m\u00e1s confianza para movilizarme en mi d\u00eda a d\u00eda. Estudiar en SNG, me permiti\u00f3 conocer a personas de diferentes pa\u00edses, como tambi\u00e9n las costumbres de cada uno. En los \u00faltimos niveles, mis compa\u00f1eros de clase eran en mayor\u00eda de pa\u00edses asi\u00e1ticos, esto hizo a\u00fan m\u00e1s interesante la clase. Esto se debe a que como no provengo de un pa\u00eds que utiliza kanjis, me vi forzada a estudiar a\u00fan m\u00e1s fuerte los kanjis para as\u00ed poder nivelarme con los otros estudiantes que si proven\u00edan de pa\u00edses que usan los kanjis en su idioma.<\/p>\n\n\n\n<h3 class=\"midashi01\">\u00bfMediante el estudio en el extranjero ha cambiado tu conciencia de ser nikkei?<\/strong><\/h3>\n\n\n\n<p>Si, siento que la imagen que ten\u00eda en mi cabeza sobre la comunidad Nikkei y que significa ser Nikkei cambi\u00f3 por completo. Esto fue a trav\u00e9s de las diferentes actividades que realiz\u00f3 la beca como: los seminarios en cada estaci\u00f3n del a\u00f1o, el Youth Kaigi, el speech contest (concurso de oratoria), entre otros. El poder intercambiar opiniones, ideas y sue\u00f1os con otros Nikkeis fue una experiencia \u00fanica. Definitivamente, en un futuro me gustar\u00eda poder contribuir al crecimiento de la comunidad Nikkei.<\/p>\n\n\n\n<h3 class=\"midashi01\">\u00bfCu\u00e1l es tu sue\u00f1o en el futuro?<\/strong><\/h3>\n\n\n\n<p>Mi sue\u00f1o es alg\u00fan d\u00eda poder mezclar la cultura japonesa y boliviana a trav\u00e9s de las telas. Adquirir conocimiento sobre la industria de la moda en Bunka Fashion College y poder llevar ese conocimiento a mi pa\u00eds. Junto a esto, tambi\u00e9n me gustar\u00eda ayudar al crecimiento de la industria de la moda en Bolivia, ya que esta se encuentra en pleno progreso. Por \u00faltimo, a trav\u00e9s de este proyecto, alg\u00fan d\u00eda poder mezclar no solo la cultura boliviana y japonesa, sino de muchos pa\u00edses, para que as\u00ed la gente comience a retomar el inter\u00e9s sobre sus pa\u00edses y sus costumbres.<\/p>\n\n\n\n<h3 class=\"midashi01\">\u00a1Un mensaje para los que ahora o m\u00e1s adelante quisieran estudiar en el extranjero!<\/strong><\/h3>\n\n\n\n<p>Mi \u00fanico consejo es que no tengan miedo de perseguir sus sue\u00f1os. El poder estudiar en Bunka FashionCollege, que est\u00e1 entre los primeros puestos en el ranking de las mejores instituciones de dise\u00f1o de moda( a nivel mundial), parec\u00eda imposible. Si uno tiene las ganas, es perseverante y es ordenado, los sue\u00f1os se pueden cumplir.<br>Por ultimo hacerles recuerdo, que no son las \u00fanicas personas que dejan sus pa\u00edses por seguir sus sue\u00f1os. \u00a1Al principio todo cuesta, pero vale la pena cada lagrima y gota de sudor!<\/p>\n\n\n\n<figure class=\"wp-block-gallery columns-2 is-cropped wp-block-gallery-2 is-layout-flex wp-block-gallery-is-layout-flex\"><ul class=\"blocks-gallery-grid\"><li class=\"blocks-gallery-item\"><figure><img loading=\"lazy\" decoding=\"async\" width=\"335\" height=\"225\" src=\"https:\/\/nikkeischolarship.org\/es\/wp\/wp-content\/uploads\/2020\/03\/34.2amo_sotsugyo.jpg\" alt=\"\" data-id=\"285\" data-full-url=\"https:\/\/nikkeischolarship.org\/es\/wp\/wp-content\/uploads\/2020\/03\/34.2amo_sotsugyo.jpg\" data-link=\"https:\/\/nikkeischolarship.org\/es\/?attachment_id=285\" class=\"wp-image-285\" srcset=\"https:\/\/nikkeischolarship.org\/es\/wp\/wp-content\/uploads\/2020\/03\/34.2amo_sotsugyo.jpg 335w, https:\/\/nikkeischolarship.org\/es\/wp\/wp-content\/uploads\/2020\/03\/34.2amo_sotsugyo-300x201.jpg 300w\" sizes=\"auto, (max-width: 335px) 100vw, 335px\" \/><\/figure><\/li><li class=\"blocks-gallery-item\"><figure><img loading=\"lazy\" decoding=\"async\" width=\"326\" height=\"224\" src=\"https:\/\/nikkeischolarship.org\/es\/wp\/wp-content\/uploads\/2020\/03\/34.3amou_kensyu.png\" alt=\"\" data-id=\"286\" data-full-url=\"https:\/\/nikkeischolarship.org\/es\/wp\/wp-content\/uploads\/2020\/03\/34.3amou_kensyu.png\" data-link=\"https:\/\/nikkeischolarship.org\/es\/?attachment_id=286\" class=\"wp-image-286\" srcset=\"https:\/\/nikkeischolarship.org\/es\/wp\/wp-content\/uploads\/2020\/03\/34.3amou_kensyu.png 326w, https:\/\/nikkeischolarship.org\/es\/wp\/wp-content\/uploads\/2020\/03\/34.3amou_kensyu-300x206.png 300w\" sizes=\"auto, (max-width: 326px) 100vw, 326px\" \/><\/figure><\/li><\/ul><\/figure>\n","protected":false},"excerpt":{"rendered":"\u00bfPor qu\u00e9 quer\u00edas ir a estudiar en Jap\u00f3n? Debido a que el sistema educativo boliviano en general y m\u00e1...","protected":false},"author":1,"featured_media":0,"parent":0,"menu_order":0,"comment_status":"closed","ping_status":"closed","template":"","meta":{"_s2mail":"yes","footnotes":""},"class_list":["post-283","page","type-page","status-publish","hentry"],"_links":{"self":[{"href":"https:\/\/nikkeischolarship.org\/es\/wp-json\/wp\/v2\/pages\/283","targetHints":{"allow":["GET"]}}],"collection":[{"href":"https:\/\/nikkeischolarship.org\/es\/wp-json\/wp\/v2\/pages"}],"about":[{"href":"https:\/\/nikkeischolarship.org\/es\/wp-json\/wp\/v2\/types\/page"}],"author":[{"embeddable":true,"href":"https:\/\/nikkeischolarship.org\/es\/wp-json\/wp\/v2\/users\/1"}],"replies":[{"embeddable":true,"href":"https:\/\/nikkeischolarship.org\/es\/wp-json\/wp\/v2\/comments?post=283"}],"version-history":[{"count":1,"href":"https:\/\/nikkeischolarship.org\/es\/wp-json\/wp\/v2\/pages\/283\/revisions"}],"predecessor-version":[{"id":287,"href":"https:\/\/nikkeischolarship.org\/es\/wp-json\/wp\/v2\/pages\/283\/revisions\/287"}],"wp:attachment":[{"href":"https:\/\/nikkeischolarship.org\/es\/wp-json\/wp\/v2\/media?parent=283"}],"curies":[{"name":"wp","href":"https:\/\/api.w.org\/{rel}","templated":true}]}}