{"id":288,"date":"2020-03-05T16:55:48","date_gmt":"2020-03-05T07:55:48","guid":{"rendered":"https:\/\/nikkeischolarship.org\/es\/?page_id=288"},"modified":"2020-03-05T16:55:49","modified_gmt":"2020-03-05T07:55:49","slug":"35minami","status":"publish","type":"page","link":"https:\/\/nikkeischolarship.org\/es\/35minami\/","title":{"rendered":"35minami"},"content":{"rendered":"\n<figure class=\"wp-block-gallery columns-1 is-cropped wp-block-gallery-1 is-layout-flex wp-block-gallery-is-layout-flex\"><ul class=\"blocks-gallery-grid\"><li class=\"blocks-gallery-item\"><figure><img loading=\"lazy\" decoding=\"async\" width=\"1024\" height=\"574\" src=\"https:\/\/nikkeischolarship.org\/es\/wp\/wp-content\/uploads\/2020\/03\/35.1minami_desk-1024x574.jpg\" alt=\"\" data-id=\"289\" data-full-url=\"https:\/\/nikkeischolarship.org\/es\/wp\/wp-content\/uploads\/2020\/03\/35.1minami_desk.jpg\" data-link=\"https:\/\/nikkeischolarship.org\/es\/?attachment_id=289\" class=\"wp-image-289\" srcset=\"https:\/\/nikkeischolarship.org\/es\/wp\/wp-content\/uploads\/2020\/03\/35.1minami_desk-1024x574.jpg 1024w, https:\/\/nikkeischolarship.org\/es\/wp\/wp-content\/uploads\/2020\/03\/35.1minami_desk-300x168.jpg 300w, https:\/\/nikkeischolarship.org\/es\/wp\/wp-content\/uploads\/2020\/03\/35.1minami_desk-768x431.jpg 768w, https:\/\/nikkeischolarship.org\/es\/wp\/wp-content\/uploads\/2020\/03\/35.1minami_desk.jpg 1091w\" sizes=\"auto, (max-width: 1024px) 100vw, 1024px\" \/><\/figure><\/li><\/ul><\/figure>\n\n\n\n<h3 class=\"midashi01\">\u00bfPor qu\u00e9 quer\u00edas ir a estudiar en Jap\u00f3n?<\/strong><\/h3>\n\n\n\n<p> En M\u00e9xico termin\u00e9 la carrera de ingenier\u00eda mecatr\u00f3nica, y desde antes de terminar ten\u00eda la intenci\u00f3n de continuar con mis estudios en el extranjero. As\u00ed pues, dado mi inter\u00e9s en la rob\u00f3tica, una de las principales razones por las cuales decid\u00ed venir a estudiar a Jap\u00f3n fue el hecho de que este pa\u00eds es uno de los m\u00e1s avanzados y famosos en cuando a temas de rob\u00f3tica. Adem\u00e1s, afortunadamente ya ten\u00eda una base s\u00f3lida del lenguaje, y el hecho de tener familia y conocidos en este pa\u00eds ayud\u00f3 a fortalecer la decisi\u00f3n de venir a estudiar.  <\/p>\n\n\n\n<h3 class=\"midashi01\">\u00bfC\u00f3mo es tu vida en Jap\u00f3n?<\/strong><\/h3>\n\n\n\n<p>Mi vida en Jap\u00f3n se puede resumir en tres palabras: seguridad, conveniencia y diversi\u00f3n. Jap\u00f3n es un pa\u00eds sumamente seguro, por lo que casi no hay necesidad de preocuparse por cosas ajenas al estudio. Lo mismo sucede con la conveniencia, ya que al estar todo bien organizado y contar con una infraestructura s\u00f3lida, es posible planear y prever con facilidad, lo cual hace m\u00e1s sencillo llevar el d\u00eda a d\u00eda. En cuanto a la diversi\u00f3n, Jap\u00f3n es un pa\u00eds con una gran riqueza cultural, haciendo dif\u00edcil aburrirse, y a veces al contario dificultando el decidir qu\u00e9 hacer; tener tantas opciones puede llegar a ser abrumador. Por otro lado, a pesar de todo lo anterior, hay algo que hace falta viniendo de un pa\u00eds de Am\u00e9rica latina. Ah\u00ed es donde es un gran apoyo contar con los dem\u00e1s miembros de la NFSA, que al ser la gran mayor\u00eda de Latinoam\u00e9rica, uno puede sentirse como en casa estando en el extranjero.<\/p>\n\n\n\n<h3 class=\"midashi01\">\u00bfCu\u00e1l es tu estudio o investigaci\u00f3n?<\/strong><\/h3>\n\n\n\n<p>Actualmente estoy realizando mi doctorado en Biorrob\u00f3tica, espec\u00edficamente en el desarrollo de un sistema de percepci\u00f3n para la estimaci\u00f3n de estados del robot (enti\u00e9ndase por estados del robot, la posici\u00f3n y orientaci\u00f3n del robot en el espacio tridimensional), inspirado en el sistema sensorial humano, utilizando c\u00e1maras como sistema visual, dispositivos de medici\u00f3n inercial (IMU) como sistema vestibular, y sensores angulares en cada motor (encoders) as\u00ed como sensores de fuerza en las plantas del pie del robot como sistema propioceptivo del robot.<\/p>\n\n\n\n<h3 class=\"midashi01\">\u00bfMediante el estudio en el extranjero ha cambiado tu conciencia de ser nikkei?<\/strong><\/h3>\n\n\n\n<p>M\u00e1s que cambiar, creo que mi idea de ser Nikkei se fortaleci\u00f3 viviendo en Jap\u00f3n. Cuando viv\u00eda en M\u00e9xico, siempre sent\u00eda que hab\u00eda algo que me hac\u00eda un poco diferente de los dem\u00e1s, y pensaba que quiz\u00e1s era porque era m\u00e1s japon\u00e9s. Pero al venir a Jap\u00f3n, me di cuenta de que no era as\u00ed, y tambi\u00e9n hab\u00eda muchas cosas con las que no me sent\u00eda identificado. En ese momento fue cuando dije: \u201cCreo que yappari soy nikkei\u201d.<\/p>\n\n\n\n<h3 class=\"midashi01\">\u00bfCu\u00e1l es tu sue\u00f1o en el futuro?<\/strong><\/h3>\n\n\n\n<p>Poder apoyar al crecimiento de M\u00e9xico y Am\u00e9rica latina por medio de la expansi\u00f3n de la rob\u00f3tica, idealmente a trav\u00e9s de una compa\u00f1\u00eda propia que favorezca el desarrollo de este tipo de tecnolog\u00edas.<\/p>\n\n\n\n<h3 class=\"midashi01\">\u00a1Un mensaje para los que ahora o m\u00e1s adelante quisieran estudiar en el extranjero!<\/strong><\/h3>\n\n\n\n<p>&nbsp;\u201cPress\non! Nothing in the world can take the place of persistence. Talent will not;\nnothing is more common than unsuccessful men with talent. Genius will not;\nunrewarded genius is almost a proverb. Education will not; the world is full of\neducated derelicts. Persistence and determination alone are omnipotent.\u201d<\/p>\n\n\n\n<p class=\"has-text-align-right\">-J.\nCalvin Coolidge<\/p>\n\n\n\n<figure class=\"wp-block-gallery columns-1 is-cropped wp-block-gallery-2 is-layout-flex wp-block-gallery-is-layout-flex\"><ul class=\"blocks-gallery-grid\"><li class=\"blocks-gallery-item\"><figure><img loading=\"lazy\" decoding=\"async\" width=\"1024\" height=\"682\" src=\"https:\/\/nikkeischolarship.org\/es\/wp\/wp-content\/uploads\/2020\/03\/35.2minami_drum-1024x682.jpg\" alt=\"\" data-id=\"290\" data-full-url=\"https:\/\/nikkeischolarship.org\/es\/wp\/wp-content\/uploads\/2020\/03\/35.2minami_drum.jpg\" data-link=\"https:\/\/nikkeischolarship.org\/es\/?attachment_id=290\" class=\"wp-image-290\" srcset=\"https:\/\/nikkeischolarship.org\/es\/wp\/wp-content\/uploads\/2020\/03\/35.2minami_drum-1024x682.jpg 1024w, https:\/\/nikkeischolarship.org\/es\/wp\/wp-content\/uploads\/2020\/03\/35.2minami_drum-300x200.jpg 300w, https:\/\/nikkeischolarship.org\/es\/wp\/wp-content\/uploads\/2020\/03\/35.2minami_drum-768x512.jpg 768w, https:\/\/nikkeischolarship.org\/es\/wp\/wp-content\/uploads\/2020\/03\/35.2minami_drum-600x400.jpg 600w, https:\/\/nikkeischolarship.org\/es\/wp\/wp-content\/uploads\/2020\/03\/35.2minami_drum.jpg 1088w\" sizes=\"auto, (max-width: 1024px) 100vw, 1024px\" \/><\/figure><\/li><\/ul><\/figure>\n","protected":false},"excerpt":{"rendered":"\u00bfPor qu\u00e9 quer\u00edas ir a estudiar en Jap\u00f3n? En M\u00e9xico termin\u00e9 la carrera de ingenier\u00eda mecatr\u00f3nica, y d...","protected":false},"author":1,"featured_media":0,"parent":0,"menu_order":0,"comment_status":"closed","ping_status":"closed","template":"","meta":{"_s2mail":"yes","footnotes":""},"class_list":["post-288","page","type-page","status-publish","hentry"],"_links":{"self":[{"href":"https:\/\/nikkeischolarship.org\/es\/wp-json\/wp\/v2\/pages\/288","targetHints":{"allow":["GET"]}}],"collection":[{"href":"https:\/\/nikkeischolarship.org\/es\/wp-json\/wp\/v2\/pages"}],"about":[{"href":"https:\/\/nikkeischolarship.org\/es\/wp-json\/wp\/v2\/types\/page"}],"author":[{"embeddable":true,"href":"https:\/\/nikkeischolarship.org\/es\/wp-json\/wp\/v2\/users\/1"}],"replies":[{"embeddable":true,"href":"https:\/\/nikkeischolarship.org\/es\/wp-json\/wp\/v2\/comments?post=288"}],"version-history":[{"count":2,"href":"https:\/\/nikkeischolarship.org\/es\/wp-json\/wp\/v2\/pages\/288\/revisions"}],"predecessor-version":[{"id":318,"href":"https:\/\/nikkeischolarship.org\/es\/wp-json\/wp\/v2\/pages\/288\/revisions\/318"}],"wp:attachment":[{"href":"https:\/\/nikkeischolarship.org\/es\/wp-json\/wp\/v2\/media?parent=288"}],"curies":[{"name":"wp","href":"https:\/\/api.w.org\/{rel}","templated":true}]}}