{"id":319,"date":"2020-07-15T12:30:56","date_gmt":"2020-07-15T03:30:56","guid":{"rendered":"https:\/\/nikkeischolarship.org\/es\/?page_id=319"},"modified":"2020-07-15T12:30:57","modified_gmt":"2020-07-15T03:30:57","slug":"36megumi","status":"publish","type":"page","link":"https:\/\/nikkeischolarship.org\/es\/36megumi\/","title":{"rendered":"36megumi"},"content":{"rendered":"\n<figure class=\"wp-block-image size-large\"><img loading=\"lazy\" decoding=\"async\" width=\"683\" height=\"1024\" src=\"https:\/\/nikkeischolarship.org\/es\/wp\/wp-content\/uploads\/2020\/07\/\u5165\u5b66\u5f0f-683x1024.jpg\" alt=\"\" class=\"wp-image-323\" srcset=\"https:\/\/nikkeischolarship.org\/es\/wp\/wp-content\/uploads\/2020\/07\/\u5165\u5b66\u5f0f-683x1024.jpg 683w, https:\/\/nikkeischolarship.org\/es\/wp\/wp-content\/uploads\/2020\/07\/\u5165\u5b66\u5f0f-200x300.jpg 200w, https:\/\/nikkeischolarship.org\/es\/wp\/wp-content\/uploads\/2020\/07\/\u5165\u5b66\u5f0f-768x1152.jpg 768w, https:\/\/nikkeischolarship.org\/es\/wp\/wp-content\/uploads\/2020\/07\/\u5165\u5b66\u5f0f-1024x1536.jpg 1024w, https:\/\/nikkeischolarship.org\/es\/wp\/wp-content\/uploads\/2020\/07\/\u5165\u5b66\u5f0f-1366x2048.jpg 1366w, https:\/\/nikkeischolarship.org\/es\/wp\/wp-content\/uploads\/2020\/07\/\u5165\u5b66\u5f0f.jpg 1667w\" sizes=\"auto, (max-width: 683px) 100vw, 683px\" \/><\/figure>\n\n\n\n<h3 class=\"midashi01 wp-block-heading\">\u00bfPor qu\u00e9 quer\u00edas ir a estudiar en Jap\u00f3n?<\/h3>\n\n\n\n<p>Yo nac\u00ed y crec\u00ed en Filipinas y he sentido una fuerte conexi\u00f3n con Jap\u00f3n desde ni\u00f1a. Cada vez que vine a Jap\u00f3n con mi familia, tuve un gran inter\u00e9s en la vida de mis parientes que viven en Jap\u00f3n. Para saber m\u00e1s profundo mis ra\u00edces en Jap\u00f3n y la identidad como descendiente japon\u00e9s, me dio ganas de comprender m\u00e1s sobre Jap\u00f3n a trav\u00e9s de vivir como estudiante en Jap\u00f3n.<\/p>\n\n\n\n<h3 class=\"midashi01 wp-block-heading\">\u00bfC\u00f3mo es tu vida en Jap\u00f3n?<\/h3>\n\n\n\n<p>La vida en Jap\u00f3n es muy conveniente. El sistema de transporte es muy c\u00f3modo y existen muchas tiendas de conveniencia. Sin embargo, tuve que adaptarme a estos ya que yo vine a Jap\u00f3n justo despu\u00e9s de graduarme de la preparatoria. Afortunadamente, he podido sentir que ten\u00eda una familia nueva, gracias a la amabilidad y la hospitalidad japonesa de los miembros de NFSA, las personas de la Asociaci\u00f3n Kaigai Nikkeijin Kyokai que me apoya mucho, y los compa\u00f1eros de la beca Nikkei Scholarship. Estudiaba el idioma japon\u00e9s en SNG (Instituto del Idioma Japon\u00e9s en Shinjuku) por un a\u00f1o. En el instituto he aprendido el idioma japon\u00e9s y las diversas cosas sobre la sociedad y cultura de Jap\u00f3n, etc. Hubo dificultades tambi\u00e9n, pero al llegar al dormitorio ten\u00eda mis compa\u00f1eros de NFSA en las habitaciones contiguas. Desafiamos a distintas cosas entre todos y me dio mucho gusto terminar sin problemas el estudio del idioma japon\u00e9s durante un a\u00f1o. Actualmente, estoy en el primer a\u00f1o de la universidad y estudio la pol\u00edtica de Jap\u00f3n y del mundo, conociendo a varias personas cada d\u00eda. Disfruto la vida en Jap\u00f3n y al mismo tiempo estoy intentando hacer diversas cosas todos los d\u00edas.<\/p>\n\n\n\n<h3 class=\"midashi01 wp-block-heading\">\u00bfCu\u00e1l es tu estudio o investigaci\u00f3n?<\/h3>\n\n\n\n<p>Actualmente estoy en el primer a\u00f1o de la Universidad Sof\u00eda de Tokio, estudiando ciencias pol\u00edticas en la Facultad de Artes Liberales. En la Universidad estoy desarrollando actividades por todo Jap\u00f3n como l\u00edder de un club de apoyo a los refugiados.<\/p>\n\n\n\n<h3 class=\"midashi01 wp-block-heading\">\u00bfMediante el estudio en el extranjero ha cambiado tu conciencia de ser nikkei?<\/h3>\n\n\n\n<p>Si, se ha cambiado. Especialmente, a trav\u00e9s del intercambio con los colegas becarios durante la capacitaci\u00f3n, creo que mi consciencia como descendiente japon\u00e9s se ha convertido en la afirmativa y he recibido un impacto positivo. Yo he estudiado casi dos a\u00f1os en Jap\u00f3n, y creo que he empezado a comprender profundamente incluso la vida y modo de pensar en Jap\u00f3n. Seguramente esto ser\u00e1 \u00fatil para mi carrera futura y para las actividades en la sociedad Nikkei. Espero en el futuro regresar a mi pa\u00eds con todas las experiencias y aprendizajes maravillosas que estoy adquiriendo constantemente en Jap\u00f3n y contribuir a la comunidad Nikkei de mi pa\u00eds.<\/p>\n\n\n\n<h3 class=\"midashi01 wp-block-heading\">\u00bfCu\u00e1l es tu sue\u00f1o en el futuro?<\/h3>\n\n\n\n<p>Para el futuro, deseo dedicarme activamente a la comunidad Nikkei en Filipinas. Pienso que tengo suerte en nacer durante la \u00e9poca que Filipinas y Jap\u00f3n han logrado un progreso en el transcurso de la transici\u00f3n de la Segunda Guerra Mundial. Mi sue\u00f1o es ser una diplom\u00e1tica y me gustar\u00eda reforzar m\u00e1s la relaci\u00f3n entre Filipinas y Jap\u00f3n.<\/p>\n\n\n\n<h3 class=\"midashi01 wp-block-heading\">\u00a1Un mensaje para los que ahora o m\u00e1s adelante quisieran estudiar en el extranjero!<\/h3>\n\n\n\n<p>Jap\u00f3n es un pa\u00eds muy rico y adem\u00e1s con una cultura bella. Posiblemente puede encontrar un pedazo de Jap\u00f3n al visitar templos, santuarios sinto\u00edstas, torres y calles famosas. Sin embargo, la \u00fanica manera de comprender la verdadera belleza de Jap\u00f3n es residir por largo tiempo. Estudiar en Jap\u00f3n es una gran oportunidad de ampliar la manera de ver el mundo. Claro que existen retos. La cultura puede ser muy distinto de la cultura en que se ha criado. El modo de vivir los japoneses no es como a lo que se ha acostumbrado. Adem\u00e1s, la actitud de las personas que se encuentra no siempre coincidir\u00e1 con la suya. No obstante, a trav\u00e9s de superar estas barreras siendo valiente e independiz\u00e1ndose, no solo podr\u00e1 desarrollar el aprendizaje como un individual, sino que tambi\u00e9n podr\u00e1 crecer como persona. Podr\u00e1 crecer en s\u00ed mismo y ver un cambio que nunca ha imaginado. \u00a1Esto seguramente servir\u00e1 para la siguiente etapa de su vida! Tal vez puede tener miedo al comenzar la nueva vida en un pa\u00eds millas lejos de su casa, pero despu\u00e9s de asumir un riesgo una vez, podr\u00e1 conocer a la segunda familia maravillosa. Todos los resultados comienzan a dar desde el momento en que decida a intentar, por lo tanto, \u00a1An\u00edmese!<\/p>\n\n\n\n<figure class=\"wp-block-gallery columns-2 is-cropped wp-block-gallery-1 is-layout-flex wp-block-gallery-is-layout-flex\"><ul class=\"blocks-gallery-grid\"><li class=\"blocks-gallery-item\"><figure><img loading=\"lazy\" decoding=\"async\" width=\"1024\" height=\"741\" src=\"https:\/\/nikkeischolarship.org\/es\/wp\/wp-content\/uploads\/2020\/07\/SNG-1-1024x741.jpg\" alt=\"\" data-id=\"321\" data-full-url=\"https:\/\/nikkeischolarship.org\/es\/wp\/wp-content\/uploads\/2020\/07\/SNG-1.jpg\" data-link=\"https:\/\/nikkeischolarship.org\/es\/?attachment_id=321\" class=\"wp-image-321\" srcset=\"https:\/\/nikkeischolarship.org\/es\/wp\/wp-content\/uploads\/2020\/07\/SNG-1-1024x741.jpg 1024w, https:\/\/nikkeischolarship.org\/es\/wp\/wp-content\/uploads\/2020\/07\/SNG-1-300x217.jpg 300w, https:\/\/nikkeischolarship.org\/es\/wp\/wp-content\/uploads\/2020\/07\/SNG-1-768x556.jpg 768w, https:\/\/nikkeischolarship.org\/es\/wp\/wp-content\/uploads\/2020\/07\/SNG-1.jpg 1470w\" sizes=\"auto, (max-width: 1024px) 100vw, 1024px\" \/><\/figure><\/li><li class=\"blocks-gallery-item\"><figure><img loading=\"lazy\" decoding=\"async\" width=\"1024\" height=\"768\" src=\"https:\/\/nikkeischolarship.org\/es\/wp\/wp-content\/uploads\/2020\/07\/\u30b5\u30fc\u30af\u30eb-1024x768.jpg\" alt=\"\" data-id=\"322\" data-full-url=\"https:\/\/nikkeischolarship.org\/es\/wp\/wp-content\/uploads\/2020\/07\/\u30b5\u30fc\u30af\u30eb.jpg\" data-link=\"https:\/\/nikkeischolarship.org\/es\/?attachment_id=322\" class=\"wp-image-322\" srcset=\"https:\/\/nikkeischolarship.org\/es\/wp\/wp-content\/uploads\/2020\/07\/\u30b5\u30fc\u30af\u30eb-1024x768.jpg 1024w, https:\/\/nikkeischolarship.org\/es\/wp\/wp-content\/uploads\/2020\/07\/\u30b5\u30fc\u30af\u30eb-300x225.jpg 300w, https:\/\/nikkeischolarship.org\/es\/wp\/wp-content\/uploads\/2020\/07\/\u30b5\u30fc\u30af\u30eb-768x576.jpg 768w, https:\/\/nikkeischolarship.org\/es\/wp\/wp-content\/uploads\/2020\/07\/\u30b5\u30fc\u30af\u30eb.jpg 1478w\" sizes=\"auto, (max-width: 1024px) 100vw, 1024px\" \/><\/figure><\/li><\/ul><\/figure>\n","protected":false},"excerpt":{"rendered":"\u00bfPor qu\u00e9 quer\u00edas ir a estudiar en Jap\u00f3n? Yo nac\u00ed y crec\u00ed en Filipinas y he sentido una fuerte conexi...","protected":false},"author":3,"featured_media":323,"parent":0,"menu_order":0,"comment_status":"closed","ping_status":"closed","template":"","meta":{"_s2mail":"yes","footnotes":""},"class_list":["post-319","page","type-page","status-publish","has-post-thumbnail","hentry"],"_links":{"self":[{"href":"https:\/\/nikkeischolarship.org\/es\/wp-json\/wp\/v2\/pages\/319","targetHints":{"allow":["GET"]}}],"collection":[{"href":"https:\/\/nikkeischolarship.org\/es\/wp-json\/wp\/v2\/pages"}],"about":[{"href":"https:\/\/nikkeischolarship.org\/es\/wp-json\/wp\/v2\/types\/page"}],"author":[{"embeddable":true,"href":"https:\/\/nikkeischolarship.org\/es\/wp-json\/wp\/v2\/users\/3"}],"replies":[{"embeddable":true,"href":"https:\/\/nikkeischolarship.org\/es\/wp-json\/wp\/v2\/comments?post=319"}],"version-history":[{"count":1,"href":"https:\/\/nikkeischolarship.org\/es\/wp-json\/wp\/v2\/pages\/319\/revisions"}],"predecessor-version":[{"id":333,"href":"https:\/\/nikkeischolarship.org\/es\/wp-json\/wp\/v2\/pages\/319\/revisions\/333"}],"wp:featuredmedia":[{"embeddable":true,"href":"https:\/\/nikkeischolarship.org\/es\/wp-json\/wp\/v2\/media\/323"}],"wp:attachment":[{"href":"https:\/\/nikkeischolarship.org\/es\/wp-json\/wp\/v2\/media?parent=319"}],"curies":[{"name":"wp","href":"https:\/\/api.w.org\/{rel}","templated":true}]}}