{"id":334,"date":"2020-07-15T12:38:42","date_gmt":"2020-07-15T03:38:42","guid":{"rendered":"https:\/\/nikkeischolarship.org\/es\/?page_id=334"},"modified":"2020-07-15T12:38:43","modified_gmt":"2020-07-15T03:38:43","slug":"39ytokazu","status":"publish","type":"page","link":"https:\/\/nikkeischolarship.org\/es\/39ytokazu\/","title":{"rendered":"39ytokazu"},"content":{"rendered":"\n<figure class=\"wp-block-image size-large\"><img loading=\"lazy\" decoding=\"async\" width=\"1024\" height=\"768\" src=\"https:\/\/nikkeischolarship.org\/es\/wp\/wp-content\/uploads\/2020\/07\/\u7cf8\u6570\u24f6-1024x768.jpg\" alt=\"\" class=\"wp-image-325\" srcset=\"https:\/\/nikkeischolarship.org\/es\/wp\/wp-content\/uploads\/2020\/07\/\u7cf8\u6570\u24f6-1024x768.jpg 1024w, https:\/\/nikkeischolarship.org\/es\/wp\/wp-content\/uploads\/2020\/07\/\u7cf8\u6570\u24f6-300x225.jpg 300w, https:\/\/nikkeischolarship.org\/es\/wp\/wp-content\/uploads\/2020\/07\/\u7cf8\u6570\u24f6-768x576.jpg 768w, https:\/\/nikkeischolarship.org\/es\/wp\/wp-content\/uploads\/2020\/07\/\u7cf8\u6570\u24f6.jpg 1478w\" sizes=\"auto, (max-width: 1024px) 100vw, 1024px\" \/><\/figure>\n\n\n\n<h3 class=\"midashi01 wp-block-heading\">\u00bfPor qu\u00e9 quer\u00edas ir a estudiar en Jap\u00f3n?<\/h3>\n\n\n\n<p>Mi meta personal y profesional fue estudiar un posgrado en un ambiente internacional y tuve la suerte de encontrar este lugar en Jap\u00f3n. El Jap\u00f3n combina dos aspectos que considero muy valiosos, la oportunidad de desarrollar mis habilidades acad\u00e9micas en uno de los pa\u00edses m\u00e1s desarrollados en el mundo con una alta diversidad pluricultural y adem\u00e1s de conocer un poco m\u00e1s sobre la tierra de mis padres. \u00a1Es un sue\u00f1o estar en Jap\u00f3n!<\/p>\n\n\n\n<h3 class=\"midashi01 wp-block-heading\">\u00bfC\u00f3mo es tu vida en Jap\u00f3n?<\/h3>\n\n\n\n<p>La vida en el Jap\u00f3n suele ser un cambio importante para todos aquellos que nos hemos criado en Latinoam\u00e9rica. Definitivamente, al comienzo cuestionaba muchas cosas que resultaban distintas para mi y buscaba respuestas. Sin embargo, muchas veces no hab\u00edan respuestas y en el camino entend\u00ed que necesitaba aceptar los valores y las costumbres en Jap\u00f3n en lugar de confrontarlos. Luego de reconocer y aceptar esta situaci\u00f3n, me permiti\u00f3 sobre llevar las cosas. Debo confesar que a\u00fan existen cosas con las que no concuerdo, pero es parte del camino y de mi aprendizaje de otras culturas. Como nikkei pienso que algunas costumbres suelen ser familiares y ello me ha permitido tener una mejor adaptaci\u00f3n en el d\u00eda a d\u00eda en Jap\u00f3n.   <\/p>\n\n\n\n<h3 class=\"midashi01 wp-block-heading\">\u00bfCu\u00e1l es tu estudio o investigaci\u00f3n?<\/h3>\n\n\n\n<p>Mi investigaci\u00f3n en el programa de doctorado busca examinar la reforma de gesti\u00f3n p\u00fablica en el sistema penitenciario peruano, analizando las posibles pr\u00e1cticas que podr\u00edan ser replicadas en el Per\u00fa, como aquellas implementadas en los Centros de Programa de Rehabilitaci\u00f3n del Jap\u00f3n.<\/p>\n\n\n\n<h3 class=\"midashi01 wp-block-heading\">\u00bfMediante el estudio en el extranjero ha cambiado tu conciencia de ser nikkei?<\/h3>\n\n\n\n<p>Los estudios en Jap\u00f3n me han permitido identificarme a mi mismo como nikkei y orgullosamente como peruano. Esta frase significa que reconozco el legado de mis ancestros, su decisi\u00f3n de migrar al Per\u00fa y su influencia en mis valores y costumbres, y que adem\u00e1s, entiendo mi rol como ciudadano peruano y de las posibilidades que puedo liderar por motivo de esta conexi\u00f3n de ambas culturas.<\/p>\n\n\n\n<h3 class=\"midashi01 wp-block-heading\">\u00bfCu\u00e1l es tu sue\u00f1o en el futuro?<\/h3>\n\n\n\n<p>Mi sue\u00f1o es contribuir con un mundo mejor, desde mi profesi\u00f3n, mi familia y comunidad en la que vivo. Conf\u00edo en tener una sociedad justa en la cual todos y todas tengamos las mismas oportunidades para alcanzar nuestras propias aspiraciones y sue\u00f1os. <\/p>\n\n\n\n<h3 class=\"midashi01 wp-block-heading\">\u00a1Un mensaje para los que ahora o m\u00e1s adelante quisieran estudiar en el extranjero!<\/h3>\n\n\n\n<p>Estudiar en Jap\u00f3n es un viaje inolvidable que me permiti\u00f3 experimentar nuevas posibilidades y crecer no solo profesionalmente, sino personalmente. Espero que se animen a postular a una universidad en Jap\u00f3n y se lleven mucho aprendizaje para sus vidas. <\/p>\n\n\n\n<figure class=\"wp-block-image size-large\"><img loading=\"lazy\" decoding=\"async\" width=\"1024\" height=\"885\" src=\"https:\/\/nikkeischolarship.org\/es\/wp\/wp-content\/uploads\/2020\/07\/\u7cf8\u6570\u24f7-1024x885.jpg\" alt=\"\" class=\"wp-image-326\" srcset=\"https:\/\/nikkeischolarship.org\/es\/wp\/wp-content\/uploads\/2020\/07\/\u7cf8\u6570\u24f7-1024x885.jpg 1024w, https:\/\/nikkeischolarship.org\/es\/wp\/wp-content\/uploads\/2020\/07\/\u7cf8\u6570\u24f7-300x259.jpg 300w, https:\/\/nikkeischolarship.org\/es\/wp\/wp-content\/uploads\/2020\/07\/\u7cf8\u6570\u24f7-768x663.jpg 768w, https:\/\/nikkeischolarship.org\/es\/wp\/wp-content\/uploads\/2020\/07\/\u7cf8\u6570\u24f7.jpg 1080w\" sizes=\"auto, (max-width: 1024px) 100vw, 1024px\" \/><\/figure>\n","protected":false},"excerpt":{"rendered":"\u00bfPor qu\u00e9 quer\u00edas ir a estudiar en Jap\u00f3n? Mi meta personal y profesional fue estudiar un posgrado en ...","protected":false},"author":3,"featured_media":325,"parent":0,"menu_order":0,"comment_status":"closed","ping_status":"closed","template":"","meta":{"_s2mail":"yes","footnotes":""},"class_list":["post-334","page","type-page","status-publish","has-post-thumbnail","hentry"],"_links":{"self":[{"href":"https:\/\/nikkeischolarship.org\/es\/wp-json\/wp\/v2\/pages\/334","targetHints":{"allow":["GET"]}}],"collection":[{"href":"https:\/\/nikkeischolarship.org\/es\/wp-json\/wp\/v2\/pages"}],"about":[{"href":"https:\/\/nikkeischolarship.org\/es\/wp-json\/wp\/v2\/types\/page"}],"author":[{"embeddable":true,"href":"https:\/\/nikkeischolarship.org\/es\/wp-json\/wp\/v2\/users\/3"}],"replies":[{"embeddable":true,"href":"https:\/\/nikkeischolarship.org\/es\/wp-json\/wp\/v2\/comments?post=334"}],"version-history":[{"count":2,"href":"https:\/\/nikkeischolarship.org\/es\/wp-json\/wp\/v2\/pages\/334\/revisions"}],"predecessor-version":[{"id":336,"href":"https:\/\/nikkeischolarship.org\/es\/wp-json\/wp\/v2\/pages\/334\/revisions\/336"}],"wp:featuredmedia":[{"embeddable":true,"href":"https:\/\/nikkeischolarship.org\/es\/wp-json\/wp\/v2\/media\/325"}],"wp:attachment":[{"href":"https:\/\/nikkeischolarship.org\/es\/wp-json\/wp\/v2\/media?parent=334"}],"curies":[{"name":"wp","href":"https:\/\/api.w.org\/{rel}","templated":true}]}}