{"id":337,"date":"2020-07-15T12:49:37","date_gmt":"2020-07-15T03:49:37","guid":{"rendered":"https:\/\/nikkeischolarship.org\/es\/?page_id=337"},"modified":"2020-07-15T12:49:38","modified_gmt":"2020-07-15T03:49:38","slug":"40higa","status":"publish","type":"page","link":"https:\/\/nikkeischolarship.org\/es\/40higa\/","title":{"rendered":"40higa"},"content":{"rendered":"\n<figure class=\"wp-block-image size-large\"><img loading=\"lazy\" decoding=\"async\" width=\"1024\" height=\"1024\" src=\"https:\/\/nikkeischolarship.org\/es\/wp\/wp-content\/uploads\/2020\/07\/IMG_0845-1024x1024.jpg\" alt=\"\" class=\"wp-image-338\" srcset=\"https:\/\/nikkeischolarship.org\/es\/wp\/wp-content\/uploads\/2020\/07\/IMG_0845-1024x1024.jpg 1024w, https:\/\/nikkeischolarship.org\/es\/wp\/wp-content\/uploads\/2020\/07\/IMG_0845-300x300.jpg 300w, https:\/\/nikkeischolarship.org\/es\/wp\/wp-content\/uploads\/2020\/07\/IMG_0845-150x150.jpg 150w, https:\/\/nikkeischolarship.org\/es\/wp\/wp-content\/uploads\/2020\/07\/IMG_0845-768x767.jpg 768w, https:\/\/nikkeischolarship.org\/es\/wp\/wp-content\/uploads\/2020\/07\/IMG_0845-240x240.jpg 240w, https:\/\/nikkeischolarship.org\/es\/wp\/wp-content\/uploads\/2020\/07\/IMG_0845-130x130.jpg 130w, https:\/\/nikkeischolarship.org\/es\/wp\/wp-content\/uploads\/2020\/07\/IMG_0845.jpg 1080w\" sizes=\"auto, (max-width: 1024px) 100vw, 1024px\" \/><\/figure>\n\n\n\n<h3 class=\"midashi01 wp-block-heading\">\u00bfPor qu\u00e9 quer\u00edas ir a estudiar en Jap\u00f3n?<\/h3>\n\n\n\n<p>Soy psic\u00f3loga, especializada en el \u00e1rea\u00a0 infantil, rehabilitando ni\u00f1os con trastornos de lenguaje, conducta y problemas emocionales. Mi trabajo se centra en intervenir cl\u00ednicamente a los ni\u00f1os desde un aspecto educativo. Asimismo, asesorando a los padres para que en casa tambi\u00e9n puedan reforzar lo aprendido en las terapias.  La educaci\u00f3n en Jap\u00f3n es considerado como uno de los mejores y eficientes para alcanzar buenos resultados. La educaci\u00f3n en Jap\u00f3n se centra en el juego libre, la m\u00fasica, el trabajo en equipo, soluci\u00f3n de problemas, valores y en desarrollar la independencia. He tenido la valiosa experiencia de vivir en Jap\u00f3n hasta los 6 a\u00f1os de edad, pudiendo conocer c\u00f3mo es la educaci\u00f3n inicial. Desde peque\u00f1a he sabido que en Jap\u00f3n dan mucha importancia al aprendizaje con el uso de la m\u00fasica. Desde mi experiencia laboral, he observado c\u00f3mo la mayor\u00eda de los ni\u00f1os tienen una mejor reacci\u00f3n, una mayor predisposici\u00f3n cuando se usa la m\u00fasica en la terapia. Es por ello, que me ha interesado esta rama de estudio. <\/p>\n\n\n\n<h3 class=\"midashi01 wp-block-heading\">\u00bfC\u00f3mo es tu vida en Jap\u00f3n?<\/h3>\n\n\n\n<p>Me siento muy agradecida  ya que desde que he llegado los encargados y la familia de becarios de NFSA me han dado la ayuda necesaria para adaptarme sin complicaciones a la vida aqu\u00ed en Jap\u00f3n. El primer a\u00f1o estuve estudiando japon\u00e9s en Shinjuku Nihongo Gakko y fue una etapa muy enriquecedora en cuando se refiere al aprendizaje del japon\u00e9s. Mientras estudiaba japon\u00e9s estuve prepar\u00e1ndome para el ingreso a la universidad, teniendo que ir a las ferias y consultando a los profesores sobre el examen de admisi\u00f3n. Actualmente, estoy estudiando el postgrado en la universidad anhelada, teniendo todas la comodidades necesarias para poder estudiar y vivir .<\/p>\n\n\n\n<h3 class=\"midashi01 wp-block-heading\">\u00bfCu\u00e1l es tu estudio o investigaci\u00f3n?<\/h3>\n\n\n\n<p>Actualmente estoy estudiando un postgrado en Musicoterapia en la Universidad de M\u00fasica Showa (\u662d\u548c\u97f3\u697d\u5927\u5b66). La musicoterapia, a grandes rasgos  se estudia \u00e1rea de educaci\u00f3n, psicolog\u00eda, cl\u00ednica, asistencia social y m\u00fasica. Estoy llevando cursos de maestr\u00eda y de pre-grado como cl\u00ednica, ejercicios pr\u00e1cticos en musicoterapia, t\u00e9cnica y ensamblaje musical, teor\u00eda de musicoterapia y cursos de musicolog\u00eda. <br>\nMi investigaci\u00f3n se va centrar en los efectos del uso de la musicoterapia en mejorar la atenci\u00f3n conjunta en un caso de una ni\u00f1a con trastorno del espectro autista. <\/p>\n\n\n\n<h3 class=\"midashi01 wp-block-heading\">\u00bfMediante el estudio en el extranjero ha cambiado tu conciencia de ser nikkei?<\/h3>\n\n\n\n<p>En Per\u00fa estuve participando constantemente en la Asociaci\u00f3n Okinawense del Per\u00fa, teniendo hasta ahora una fuerte identidad con la cultura de mis ancestros. Llegando a Jap\u00f3n he aprendido a fortalecer m\u00e1s la identidad nikkei, valorando el legado cultural  tanto de Jap\u00f3n como de Per\u00fa. <br>\nAl regreso quisiera ser puente de intercambio entre estos dos pa\u00edses para el desarrollo de la sociedad peruana y apoyar asimismo a la comunidad nikkei.<\/p>\n\n\n\n<h3 class=\"midashi01 wp-block-heading\">\u00bfCu\u00e1l es tu sue\u00f1o en el futuro?<\/h3>\n\n\n\n<p>Al regreso de mis estudios, deseo realizar capacitaciones a trav\u00e9s de instituciones educativas sobre estrategias para el mejoramiento de la calidad de los terapeutas y maestros en cuanto se refiere a aprendizaje a trav\u00e9s de la musicoterapia. As\u00ed como asesoramiento a los padres de familia sobre estimular el aprendizaje a sus hijos a trav\u00e9s del juego y la m\u00fasica dentro del hogar. Asimismo, ser un puente entre Per\u00fa y Jap\u00f3n en el intercambio de conocimientos y experiencias.<\/p>\n\n\n\n<h3 class=\"midashi01 wp-block-heading\">\u00a1Un mensaje para los que ahora o m\u00e1s adelante quisieran estudiar en el extranjero!<\/h3>\n\n\n\n<p>Aprovechen esta gran oportunidad que les da la Nippon Foudation para cumplir sus sue\u00f1os. No se rindan, sean constantes y persistentes en alcanzar  lo que anhelan. Con esta beca van a poder aprender mucho sobre otras culturas, conocer personas con otros valores, vivencias y pensamientos, van a poder fortalecer su identidad como nikkei y apreciar la cultura de sus ancestros. Identificar y reconocer tus potencialidades como persona y como nikkei para as\u00ed poder contribuir a la sociedad.<\/p>\n\n\n\n<figure class=\"wp-block-gallery columns-2 is-cropped wp-block-gallery-1 is-layout-flex wp-block-gallery-is-layout-flex\"><ul class=\"blocks-gallery-grid\"><li class=\"blocks-gallery-item\"><figure><img loading=\"lazy\" decoding=\"async\" width=\"828\" height=\"936\" src=\"https:\/\/nikkeischolarship.org\/es\/wp\/wp-content\/uploads\/2020\/07\/\u5199\u771f\uff08\u6bd4\u5609\uff09\u3000.jpeg\" alt=\"\" data-id=\"340\" data-full-url=\"https:\/\/nikkeischolarship.org\/es\/wp\/wp-content\/uploads\/2020\/07\/\u5199\u771f\uff08\u6bd4\u5609\uff09\u3000.jpeg\" data-link=\"https:\/\/nikkeischolarship.org\/es\/?attachment_id=340\" class=\"wp-image-340\" srcset=\"https:\/\/nikkeischolarship.org\/es\/wp\/wp-content\/uploads\/2020\/07\/\u5199\u771f\uff08\u6bd4\u5609\uff09\u3000.jpeg 828w, https:\/\/nikkeischolarship.org\/es\/wp\/wp-content\/uploads\/2020\/07\/\u5199\u771f\uff08\u6bd4\u5609\uff09\u3000-265x300.jpeg 265w, https:\/\/nikkeischolarship.org\/es\/wp\/wp-content\/uploads\/2020\/07\/\u5199\u771f\uff08\u6bd4\u5609\uff09\u3000-768x868.jpeg 768w\" sizes=\"auto, (max-width: 828px) 100vw, 828px\" \/><\/figure><\/li><li class=\"blocks-gallery-item\"><figure><img loading=\"lazy\" decoding=\"async\" width=\"831\" height=\"1024\" src=\"https:\/\/nikkeischolarship.org\/es\/wp\/wp-content\/uploads\/2020\/07\/IMG_2408-831x1024.jpg\" alt=\"\" data-id=\"339\" data-full-url=\"https:\/\/nikkeischolarship.org\/es\/wp\/wp-content\/uploads\/2020\/07\/IMG_2408-scaled.jpg\" data-link=\"https:\/\/nikkeischolarship.org\/es\/?attachment_id=339\" class=\"wp-image-339\" srcset=\"https:\/\/nikkeischolarship.org\/es\/wp\/wp-content\/uploads\/2020\/07\/IMG_2408-831x1024.jpg 831w, https:\/\/nikkeischolarship.org\/es\/wp\/wp-content\/uploads\/2020\/07\/IMG_2408-244x300.jpg 244w, https:\/\/nikkeischolarship.org\/es\/wp\/wp-content\/uploads\/2020\/07\/IMG_2408-768x946.jpg 768w, https:\/\/nikkeischolarship.org\/es\/wp\/wp-content\/uploads\/2020\/07\/IMG_2408-1247x1536.jpg 1247w, https:\/\/nikkeischolarship.org\/es\/wp\/wp-content\/uploads\/2020\/07\/IMG_2408-1662x2048.jpg 1662w\" sizes=\"auto, (max-width: 831px) 100vw, 831px\" \/><\/figure><\/li><\/ul><\/figure>\n","protected":false},"excerpt":{"rendered":"\u00bfPor qu\u00e9 quer\u00edas ir a estudiar en Jap\u00f3n? Soy psic\u00f3loga, especializada en el \u00e1rea\u00a0 infantil, rehabili...","protected":false},"author":3,"featured_media":338,"parent":0,"menu_order":0,"comment_status":"closed","ping_status":"closed","template":"","meta":{"_s2mail":"yes","footnotes":""},"class_list":["post-337","page","type-page","status-publish","has-post-thumbnail","hentry"],"_links":{"self":[{"href":"https:\/\/nikkeischolarship.org\/es\/wp-json\/wp\/v2\/pages\/337","targetHints":{"allow":["GET"]}}],"collection":[{"href":"https:\/\/nikkeischolarship.org\/es\/wp-json\/wp\/v2\/pages"}],"about":[{"href":"https:\/\/nikkeischolarship.org\/es\/wp-json\/wp\/v2\/types\/page"}],"author":[{"embeddable":true,"href":"https:\/\/nikkeischolarship.org\/es\/wp-json\/wp\/v2\/users\/3"}],"replies":[{"embeddable":true,"href":"https:\/\/nikkeischolarship.org\/es\/wp-json\/wp\/v2\/comments?post=337"}],"version-history":[{"count":2,"href":"https:\/\/nikkeischolarship.org\/es\/wp-json\/wp\/v2\/pages\/337\/revisions"}],"predecessor-version":[{"id":342,"href":"https:\/\/nikkeischolarship.org\/es\/wp-json\/wp\/v2\/pages\/337\/revisions\/342"}],"wp:featuredmedia":[{"embeddable":true,"href":"https:\/\/nikkeischolarship.org\/es\/wp-json\/wp\/v2\/media\/338"}],"wp:attachment":[{"href":"https:\/\/nikkeischolarship.org\/es\/wp-json\/wp\/v2\/media?parent=337"}],"curies":[{"name":"wp","href":"https:\/\/api.w.org\/{rel}","templated":true}]}}