{"id":386,"date":"2022-01-21T17:25:49","date_gmt":"2022-01-21T08:25:49","guid":{"rendered":"https:\/\/nikkeischolarship.org\/es\/?page_id=386"},"modified":"2022-01-21T17:25:50","modified_gmt":"2022-01-21T08:25:50","slug":"42kinjyo","status":"publish","type":"page","link":"https:\/\/nikkeischolarship.org\/es\/42kinjyo\/","title":{"rendered":"42kinjyo"},"content":{"rendered":"\n<figure class=\"wp-block-image size-large\"><img loading=\"lazy\" decoding=\"async\" width=\"1024\" height=\"680\" src=\"https:\/\/nikkeischolarship.org\/es\/wp\/wp-content\/uploads\/2022\/01\/DSC_0855-1024x680.jpg\" alt=\"\" class=\"wp-image-381\" srcset=\"https:\/\/nikkeischolarship.org\/es\/wp\/wp-content\/uploads\/2022\/01\/DSC_0855-1024x680.jpg 1024w, https:\/\/nikkeischolarship.org\/es\/wp\/wp-content\/uploads\/2022\/01\/DSC_0855-300x199.jpg 300w, https:\/\/nikkeischolarship.org\/es\/wp\/wp-content\/uploads\/2022\/01\/DSC_0855-768x510.jpg 768w, https:\/\/nikkeischolarship.org\/es\/wp\/wp-content\/uploads\/2022\/01\/DSC_0855-1536x1020.jpg 1536w, https:\/\/nikkeischolarship.org\/es\/wp\/wp-content\/uploads\/2022\/01\/DSC_0855-2048x1360.jpg 2048w\" sizes=\"auto, (max-width: 1024px) 100vw, 1024px\" \/><\/figure>\n\n\n\n<h3 class=\"midashi01 wp-block-heading\">\u00bfPor qu\u00e9 quer\u00edas ir a estudiar en Jap\u00f3n?<\/h3>\n\n\n\n<p>Anteriormente tuve la oportunidad de estudiar la gastronom\u00eda okinawense, pero vi que hay mucho m\u00e1s para estudiar y por eso postul\u00e9 para esta beca. <\/p>\n\n\n\n<h3 class=\"midashi01 wp-block-heading\">\u00bfC\u00f3mo es tu vida en Jap\u00f3n?<\/h3>\n\n\n\n<p>Siendo sincero es muy c\u00f3modo la vida en Jap\u00f3n; Combini que est\u00e1 abierto las 24 horas, la tranquilidad de la ciudad todo es diferente a comparaci\u00f3n de Bolivia. Lo \u00fanico que sent\u00ed que es un poco inc\u00f3modo fue la vida de usar los trenes todos los d\u00edas, lo dem\u00e1s fue divertido la vida en Tokyo mi primer a\u00f1o. Aparte de los estudios pude entrar a un equipo de Base Ball y los fines de semana estuve jugando y des estresarme de la vida.\nDe la familia de NFSA me han ayudado a como vivir en Tokyo mientras \u00edbamos a comer juntos, ir de paseo o en los kenshus que organiz\u00e1bamos. \n<\/p>\n\n\n\n<h3 class=\"midashi01 wp-block-heading\">\u00bfCu\u00e1l es tu estudio o investigaci\u00f3n?<\/h3>\n\n\n\n<p>Actualmente estoy estudiando para ser un t\u00e9cnico superior en gastronom\u00eda, dentro le estoy metiendo fuerza a la gastronom\u00eda de Okinawa, hay cosas que he estudiado anteriormente pero con diferentes forma de cocinarlos. En esta oportunidad quisiera aprender a cocinarlos de las dos maneras y luego poder seguir la cultura en mi pa\u00eds.<\/p>\n\n\n\n<h3 class=\"midashi01 wp-block-heading\">\u00bfMediante el estudio en el extranjero ha cambiado tu conciencia de ser nikkei?<\/h3>\n\n\n\n<p>Si. Hasta ingresar al colegio pens\u00e9 que mis pensamientos es lo mismo que los otros ya soy nikkei descendiente de Okinawa, pero cuando empezamos a estudiar los pensamientos de mis compa\u00f1eros ha sido un poco diferente y tuve un poco de inconveniencia; al pasar los tiempos encontr\u00e9 las cosas similares comparando con la colonia que e vivido. Tambi\u00e9n me puse contento cuando se dieron cuenta que soy nikkei y me dijeron que pensaron que yo hab\u00eda nacido ac\u00e1 en Okinawa, como siempre tuve orgullo de ser nikkei okinawense esa frase que me dijeron me ha gustado mucho y dije que seguir\u00e9 teniendo ese orgullo de ser nikkei okinawense.<\/p>\n\n\n\n<h3 class=\"midashi01 wp-block-heading\">\u00bfCu\u00e1l es tu sue\u00f1o en el futuro?<\/h3>\n\n\n\n<p>En la Colonia Okinawa, mi pueblo natal hay varias tradiciones okinawense como el karate, eisa o baile okinawense, pero en el tema culinario no se esta heredando bien, para eso quisiera ser el heredero y seguir manteniendo esta cultura tan hermosa e importante para nosotros los nikkeis.\nY futuramente quisiera tener mi propio negocio donde la gente pueda disfrutar de la gastronom\u00eda boliviana, japonesa y okinawense.<\/p>\n\n\n\n<h3 class=\"midashi01 wp-block-heading\">\u00a1Un mensaje para los que ahora o m\u00e1s adelante quisieran estudiar en el extranjero!<\/h3>\n\n\n\n<p>Den un paso adelante, aunque la otra gente les diga algo, no pierdas las chances ya que no va a ver siempre la chance de poder estudiar en el extranjero, les va a abrir su mente y su pensamiento cambiara por completo. <\/p>\n\n\n\n<figure class=\"wp-block-gallery columns-2 is-cropped wp-block-gallery-1 is-layout-flex wp-block-gallery-is-layout-flex\"><ul class=\"blocks-gallery-grid\"><li class=\"blocks-gallery-item\"><figure><img loading=\"lazy\" decoding=\"async\" width=\"1024\" height=\"680\" src=\"https:\/\/nikkeischolarship.org\/es\/wp\/wp-content\/uploads\/2022\/01\/DSC_1575-1-1024x680.jpg\" alt=\"\" data-id=\"385\" data-full-url=\"https:\/\/nikkeischolarship.org\/es\/wp\/wp-content\/uploads\/2022\/01\/DSC_1575-1-scaled.jpg\" data-link=\"https:\/\/nikkeischolarship.org\/es\/dsc_1575-2\/\" class=\"wp-image-385\" srcset=\"https:\/\/nikkeischolarship.org\/es\/wp\/wp-content\/uploads\/2022\/01\/DSC_1575-1-1024x680.jpg 1024w, https:\/\/nikkeischolarship.org\/es\/wp\/wp-content\/uploads\/2022\/01\/DSC_1575-1-300x199.jpg 300w, https:\/\/nikkeischolarship.org\/es\/wp\/wp-content\/uploads\/2022\/01\/DSC_1575-1-768x510.jpg 768w, https:\/\/nikkeischolarship.org\/es\/wp\/wp-content\/uploads\/2022\/01\/DSC_1575-1-1536x1020.jpg 1536w, https:\/\/nikkeischolarship.org\/es\/wp\/wp-content\/uploads\/2022\/01\/DSC_1575-1-2048x1360.jpg 2048w\" sizes=\"auto, (max-width: 1024px) 100vw, 1024px\" \/><\/figure><\/li><li class=\"blocks-gallery-item\"><figure><img loading=\"lazy\" decoding=\"async\" width=\"1024\" height=\"683\" src=\"https:\/\/nikkeischolarship.org\/es\/wp\/wp-content\/uploads\/2022\/01\/20190901@\u5927\u7530\u30b9\u30bf\u30b8\u30a2\u30e0_190920_0138-1024x683.jpg\" alt=\"\" data-id=\"380\" data-full-url=\"https:\/\/nikkeischolarship.org\/es\/wp\/wp-content\/uploads\/2022\/01\/20190901@\u5927\u7530\u30b9\u30bf\u30b8\u30a2\u30e0_190920_0138.jpg\" data-link=\"https:\/\/nikkeischolarship.org\/es\/20190901%e5%a4%a7%e7%94%b0%e3%82%b9%e3%82%bf%e3%82%b8%e3%82%a2%e3%83%a0_190920_0138\/\" class=\"wp-image-380\" srcset=\"https:\/\/nikkeischolarship.org\/es\/wp\/wp-content\/uploads\/2022\/01\/20190901@\u5927\u7530\u30b9\u30bf\u30b8\u30a2\u30e0_190920_0138-1024x683.jpg 1024w, https:\/\/nikkeischolarship.org\/es\/wp\/wp-content\/uploads\/2022\/01\/20190901@\u5927\u7530\u30b9\u30bf\u30b8\u30a2\u30e0_190920_0138-300x200.jpg 300w, https:\/\/nikkeischolarship.org\/es\/wp\/wp-content\/uploads\/2022\/01\/20190901@\u5927\u7530\u30b9\u30bf\u30b8\u30a2\u30e0_190920_0138-768x512.jpg 768w, https:\/\/nikkeischolarship.org\/es\/wp\/wp-content\/uploads\/2022\/01\/20190901@\u5927\u7530\u30b9\u30bf\u30b8\u30a2\u30e0_190920_0138-1536x1024.jpg 1536w, https:\/\/nikkeischolarship.org\/es\/wp\/wp-content\/uploads\/2022\/01\/20190901@\u5927\u7530\u30b9\u30bf\u30b8\u30a2\u30e0_190920_0138-600x400.jpg 600w, https:\/\/nikkeischolarship.org\/es\/wp\/wp-content\/uploads\/2022\/01\/20190901@\u5927\u7530\u30b9\u30bf\u30b8\u30a2\u30e0_190920_0138.jpg 2048w\" sizes=\"auto, (max-width: 1024px) 100vw, 1024px\" \/><\/figure><\/li><\/ul><\/figure>\n","protected":false},"excerpt":{"rendered":"\u00bfPor qu\u00e9 quer\u00edas ir a estudiar en Jap\u00f3n? Anteriormente tuve la oportunidad de estudiar la gastronom\u00ed...","protected":false},"author":3,"featured_media":385,"parent":0,"menu_order":0,"comment_status":"closed","ping_status":"closed","template":"","meta":{"_s2mail":"yes","footnotes":""},"class_list":["post-386","page","type-page","status-publish","has-post-thumbnail","hentry"],"_links":{"self":[{"href":"https:\/\/nikkeischolarship.org\/es\/wp-json\/wp\/v2\/pages\/386","targetHints":{"allow":["GET"]}}],"collection":[{"href":"https:\/\/nikkeischolarship.org\/es\/wp-json\/wp\/v2\/pages"}],"about":[{"href":"https:\/\/nikkeischolarship.org\/es\/wp-json\/wp\/v2\/types\/page"}],"author":[{"embeddable":true,"href":"https:\/\/nikkeischolarship.org\/es\/wp-json\/wp\/v2\/users\/3"}],"replies":[{"embeddable":true,"href":"https:\/\/nikkeischolarship.org\/es\/wp-json\/wp\/v2\/comments?post=386"}],"version-history":[{"count":2,"href":"https:\/\/nikkeischolarship.org\/es\/wp-json\/wp\/v2\/pages\/386\/revisions"}],"predecessor-version":[{"id":388,"href":"https:\/\/nikkeischolarship.org\/es\/wp-json\/wp\/v2\/pages\/386\/revisions\/388"}],"wp:featuredmedia":[{"embeddable":true,"href":"https:\/\/nikkeischolarship.org\/es\/wp-json\/wp\/v2\/media\/385"}],"wp:attachment":[{"href":"https:\/\/nikkeischolarship.org\/es\/wp-json\/wp\/v2\/media?parent=386"}],"curies":[{"name":"wp","href":"https:\/\/api.w.org\/{rel}","templated":true}]}}