{"id":390,"date":"2022-01-21T17:37:06","date_gmt":"2022-01-21T08:37:06","guid":{"rendered":"https:\/\/nikkeischolarship.org\/es\/?page_id=390"},"modified":"2022-01-21T17:37:07","modified_gmt":"2022-01-21T08:37:07","slug":"43kameta","status":"publish","type":"page","link":"https:\/\/nikkeischolarship.org\/es\/43kameta\/","title":{"rendered":"43kameta"},"content":{"rendered":"\n<figure class=\"wp-block-image size-large\"><img loading=\"lazy\" decoding=\"async\" width=\"768\" height=\"1024\" src=\"https:\/\/nikkeischolarship.org\/es\/wp\/wp-content\/uploads\/2022\/01\/Image-2-768x1024.jpeg\" alt=\"\" class=\"wp-image-384\" srcset=\"https:\/\/nikkeischolarship.org\/es\/wp\/wp-content\/uploads\/2022\/01\/Image-2-768x1024.jpeg 768w, https:\/\/nikkeischolarship.org\/es\/wp\/wp-content\/uploads\/2022\/01\/Image-2-225x300.jpeg 225w, https:\/\/nikkeischolarship.org\/es\/wp\/wp-content\/uploads\/2022\/01\/Image-2-1152x1536.jpeg 1152w, https:\/\/nikkeischolarship.org\/es\/wp\/wp-content\/uploads\/2022\/01\/Image-2-1537x2048.jpeg 1537w, https:\/\/nikkeischolarship.org\/es\/wp\/wp-content\/uploads\/2022\/01\/Image-2-scaled.jpeg 1921w\" sizes=\"auto, (max-width: 768px) 100vw, 768px\" \/><\/figure>\n\n\n\n<h3 class=\"midashi01 wp-block-heading\">\u00bfPor qu\u00e9 quer\u00edas ir a estudiar en Jap\u00f3n?<\/h3>\n\n\n\n<p>Quer\u00eda experimentar la vida diaria de Jap\u00f3n, la sociedad, la educaci\u00f3n y los diferentes sistemas. \nHasta ahora no hab\u00eda tenido la oportunidad de pasar tiempo con mi familia de Jap\u00f3n, por lo que quer\u00eda tener este momento para pasar tiempo con ella, especialmente mi abuela. Quer\u00eda estudiar en esta Universidad y contrastar mi experiencia con la de Jap\u00f3n. <\/p>\n\n\n\n<h3 class=\"midashi01 wp-block-heading\">\u00bfC\u00f3mo es tu vida en Jap\u00f3n?<\/h3>\n\n\n\n<p>Lo mejor de Jap\u00f3n es la seguridad y la libertad que ello conlleva. \nLo m\u00e1s dif\u00edcil es el aislamiento social que se vive.<\/p>\n\n\n\n<h3 class=\"midashi01 wp-block-heading\">\u00bfCu\u00e1l es tu estudio o investigaci\u00f3n?<\/h3>\n\n\n\n<p>Mi especialidad se llama \u201cGlobal Art Practice\u201d y es una maestr\u00eda pr\u00e1ctica de bellas artes, lo que significa que exploramos el entendimiento de nuestras ideas a trav\u00e9s de la creaci\u00f3n de piezas de arte. Mi tema de exploraci\u00f3n es la experiencia humana. <\/p>\n\n\n\n<h3 class=\"midashi01 wp-block-heading\">\u00bfMediante el estudio en el extranjero ha cambiado tu conciencia de ser nikkei?<\/h3>\n\n\n\n<p>Creo que conocer a tantos nikkei de diferentes pa\u00edses en Jap\u00f3n, me ha hecho entender mejor la historia de los migrantes en Latinoam\u00e9rica y c\u00f3mo es que existe un panorama invisible que nos cubre a todos.<\/p>\n\n\n\n<h3 class=\"midashi01 wp-block-heading\">\u00bfCu\u00e1l es tu sue\u00f1o en el futuro?<\/h3>\n\n\n\n<p>En el futuro quiero crear oportunidades para que diferentes puntos de vista sean escuchados. <\/p>\n\n\n\n<h3 class=\"midashi01 wp-block-heading\">\u00a1Un mensaje para los que ahora o m\u00e1s adelante quisieran estudiar en el extranjero!<\/h3>\n\n\n\n<p>Den un paso adelante, aunque la otra gente les diga algo, no pierdas las chances ya que no va a ver siempre la chance de poder estudiar en el extranjero, les va a abrir su mente y su pensamiento cambiara por completo. <\/p>\n\n\n\n<figure class=\"wp-block-gallery columns-1 is-cropped wp-block-gallery-1 is-layout-flex wp-block-gallery-is-layout-flex\"><ul class=\"blocks-gallery-grid\"><li class=\"blocks-gallery-item\"><figure><img loading=\"lazy\" decoding=\"async\" width=\"768\" height=\"1024\" src=\"https:\/\/nikkeischolarship.org\/es\/wp\/wp-content\/uploads\/2022\/01\/Image-1-768x1024.jpeg\" alt=\"\" data-id=\"383\" data-full-url=\"https:\/\/nikkeischolarship.org\/es\/wp\/wp-content\/uploads\/2022\/01\/Image-1-scaled.jpeg\" data-link=\"https:\/\/nikkeischolarship.org\/es\/image-1\/\" class=\"wp-image-383\" srcset=\"https:\/\/nikkeischolarship.org\/es\/wp\/wp-content\/uploads\/2022\/01\/Image-1-768x1024.jpeg 768w, https:\/\/nikkeischolarship.org\/es\/wp\/wp-content\/uploads\/2022\/01\/Image-1-225x300.jpeg 225w, https:\/\/nikkeischolarship.org\/es\/wp\/wp-content\/uploads\/2022\/01\/Image-1-1152x1536.jpeg 1152w, https:\/\/nikkeischolarship.org\/es\/wp\/wp-content\/uploads\/2022\/01\/Image-1-1537x2048.jpeg 1537w, https:\/\/nikkeischolarship.org\/es\/wp\/wp-content\/uploads\/2022\/01\/Image-1-scaled.jpeg 1921w\" sizes=\"auto, (max-width: 768px) 100vw, 768px\" \/><\/figure><\/li><\/ul><\/figure>\n","protected":false},"excerpt":{"rendered":"\u00bfPor qu\u00e9 quer\u00edas ir a estudiar en Jap\u00f3n? Quer\u00eda experimentar la vida diaria de Jap\u00f3n, la sociedad, l...","protected":false},"author":3,"featured_media":384,"parent":0,"menu_order":0,"comment_status":"closed","ping_status":"closed","template":"","meta":{"_s2mail":"yes","footnotes":""},"class_list":["post-390","page","type-page","status-publish","has-post-thumbnail","hentry"],"_links":{"self":[{"href":"https:\/\/nikkeischolarship.org\/es\/wp-json\/wp\/v2\/pages\/390","targetHints":{"allow":["GET"]}}],"collection":[{"href":"https:\/\/nikkeischolarship.org\/es\/wp-json\/wp\/v2\/pages"}],"about":[{"href":"https:\/\/nikkeischolarship.org\/es\/wp-json\/wp\/v2\/types\/page"}],"author":[{"embeddable":true,"href":"https:\/\/nikkeischolarship.org\/es\/wp-json\/wp\/v2\/users\/3"}],"replies":[{"embeddable":true,"href":"https:\/\/nikkeischolarship.org\/es\/wp-json\/wp\/v2\/comments?post=390"}],"version-history":[{"count":1,"href":"https:\/\/nikkeischolarship.org\/es\/wp-json\/wp\/v2\/pages\/390\/revisions"}],"predecessor-version":[{"id":391,"href":"https:\/\/nikkeischolarship.org\/es\/wp-json\/wp\/v2\/pages\/390\/revisions\/391"}],"wp:featuredmedia":[{"embeddable":true,"href":"https:\/\/nikkeischolarship.org\/es\/wp-json\/wp\/v2\/media\/384"}],"wp:attachment":[{"href":"https:\/\/nikkeischolarship.org\/es\/wp-json\/wp\/v2\/media?parent=390"}],"curies":[{"name":"wp","href":"https:\/\/api.w.org\/{rel}","templated":true}]}}