{"id":455,"date":"2025-05-14T16:05:03","date_gmt":"2025-05-14T07:05:03","guid":{"rendered":"https:\/\/nikkeischolarship.org\/es\/?page_id=455"},"modified":"2025-05-16T14:10:30","modified_gmt":"2025-05-16T05:10:30","slug":"oubo012","status":"publish","type":"page","link":"https:\/\/nikkeischolarship.org\/es\/oubo012\/","title":{"rendered":"Manual de Inscripci\u00f3n(2025)"},"content":{"rendered":"\n<h4 class=\"wp-block-heading\">1\uff0e\u00bfQu\u00e9 es la beca para Nikkei de la Nippon Foundation?<\/h4>\n\n\n\n<p class=\"has-small-font-size\">El presente programa de beca de estudios tiene como objetivo ofrecer una oportunidad a los j\u00f3venes descendientes de japoneses de realizar sus sue\u00f1os y proyectos que contribuyan al desarrollo de su pa\u00eds y de su sociedad local, en la b\u00fasqueda tambi\u00e9n de promover un mayor nivel de entendimiento entre Jap\u00f3n y su pa\u00eds de origen.<\/p>\n\n\n\n<h4 class=\"wp-block-heading\"> 2\uff0eRequisitos <\/h4>\n\n\n\n<p class=\"has-small-font-size\">(1) Ser descendiente de japoneses (nacionalidad, educaci\u00f3n y experiencia en Jap\u00f3n no son requeridos).<br>(2) Edad de entre 18 a 35 a\u00f1os en principio.<br>(3) Aquellos con recomendaci\u00f3n de una Asociaci\u00f3n Nikkei en principio.<br>(4) Aquellos que deseen adquirir conocimientos especializados para que despu\u00e9s de su graduaci\u00f3n apliquen en su pa\u00eds de residencia<br>(5) Aquellos que desean actuar como un lazo entre Jap\u00f3n y su pa\u00eds.<br>(6) Personas que participen activamente en las iniciativas promovidas por los becarios y en actividades que contribuyan a la sociedad.<\/p>\n\n\n\n<h4 class=\"wp-block-heading\">3\uff0ePaises<\/h4>\n\n\n\n<p class=\"has-small-font-size\">Pertenecer a la regi\u00f3n de Am\u00e9rica del Norte y Am\u00e9rica Latina (Argentina, Bolivia, Brasil, Canad\u00e1, Chile, Colombia, Rep\u00fablica Dominicana, EE.UU., M\u00e9xico, Paraguay, Per\u00fa, Uruguay, Venezuela, etc.) y la regi\u00f3n de Sudeste Asi\u00e1tico ( Las Filipinas e Indonesia).<\/p>\n\n\n\n<h4 class=\"wp-block-heading\">4\uff0eNumero de vacantes<\/h4>\n\n\n\n<p class=\"has-small-font-size\">Aproximadamente 30 vacantes<\/p>\n\n\n\n<h4 class=\"wp-block-heading\">5\uff0ePeriodo de Inscripci\u00f3n<\/h4>\n\n\n\n<p class=\"has-small-font-size\">19 de mayo de 2025 al 31 de julio de 2025<\/p>\n\n\n\n<h4 class=\"wp-block-heading\">6\uff0eProceso de Selecci\u00f3n<\/h4>\n\n\n\n<p class=\"has-small-font-size\">(1) Primera fase<br>An\u00e1lisis de los documentos. Finales de agosto<br>(2) Segunda fase<br>Entrevista virtual o entrevisata presencial. Finales de septiembre a primeros d\u00edas de octubre<br>(3) Resultado final<br>Finales de octubre<br> *El calendario de selecci\u00f3n y resultado final est\u00e1n sujetos a cambios.<\/p>\n\n\n\n<h4 class=\"wp-block-heading\">7\uff0eDivulgaci\u00f3n de Resultados<\/h4>\n\n\n\n<p class=\"has-small-font-size\">Ser\u00e1 enviado un aviso de aprobaci\u00f3n o reprobaci\u00f3n a todos los inscritos. El resultado no ser\u00e1 comunicado por otros medios.<\/p>\n\n\n\n<h4 class=\"wp-block-heading\">8\uff0eEntidades de estudio<\/h4>\n\n\n\n<p class=\"has-small-font-size\">Las entidades de estudio no est\u00e1n establecidas. Cada solicitante deber\u00e1 elegir la universidad, centro de investigaci\u00f3n, escuela t\u00e9cnica o de posgrado y efectuar directamente la solicitud para la inscripci\u00f3n. En tanto, los centros de ense\u00f1anza de idioma japon\u00e9s ser\u00e1n determinados por Asociaci\u00f3n Nikkeis en el Exterior.<\/p>\n\n\n\n<p class=\"has-small-font-size\">(1) Si la instituci\u00f3n donde realizar\u00e1 la beca (de posgrado, estudio t\u00e9cnico o universitario) a partir del 1\u00b0 de abril de 2026\u3000estuviera definida, presentar la \u201cCarta Informal de Consentimiento de Ingreso\u201d. Si no fuera posible obtenerla hasta el d\u00eda de la inscripci\u00f3n, mencionar el nombre de la instituci\u00f3n donde pretende estudiar en el \u201cPlan de Beca\u201d. En ambos casos, presentar el \u201cCertificado de Autorizaci\u00f3n de Ingreso\u201d hasta fines de marzo de 2026.<br>(2) Se es necesario, a partir del 1\u00b0 de abril de 2026, el becario comenzar\u00e1 a estudiar en la escuela de lengua japonesa y a su vez deber\u00e1, por su propia cuenta, realizar los tr\u00e1mites para el ingreso o rendir los ex\u00e1menes de ingreso para la instituci\u00f3n deseada. Si \u00e9sta no fuera definida hasta fines de marzo de 2027 la beca ser\u00e1 cancelada.<\/p>\n\n\n\n<h4 class=\"wp-block-heading\">9\uff0eOfrecimiento<\/h4>\n\n\n\n<p class=\"has-small-font-size\">(1) Pasaje a\u00e9reo de ida y vuelta.<br>(2) Gastos de estudio como costos por derecho de ex\u00e1menes, clases, matr\u00edculas determinados por la escuela.<br>(3) Ayuda para costos de vida: \u00a5140.000 por mes, alquiler de vivienda (hasta \u00a550.000 por mes), dep\u00f3sito de garant\u00eda para el alquiler (hasta \u00a5200.000), transporte (pase de estudiante), seguro m\u00e9dico (aporte mutuo), etc.<br>(4) Cobertura de costos para participar en actividades becarias colectivas, etc.<\/p>\n\n\n\n<h4 class=\"wp-block-heading\">10\uff0eDuraci\u00f3n<\/h4>\n\n\n\n<p class=\"has-small-font-size\">Un m\u00e1ximo de 5 a\u00f1os. Sin embargo, en caso de reprobar el curso o violar los principios de la beca, \u00e9sta ser\u00e1 cancelada.<\/p>\n\n\n\n<h4 class=\"wp-block-heading\">11\uff0eDominio del Idioma Japones<\/h4>\n\n\n\n<p class=\"has-small-font-size\">Es necesario un nivel suficiente del idioma japon\u00e9s que le permita llevar una vida cotidiana sin dificultades y seguir las clases en la instituci\u00f3n donde realizar\u00e1 la beca de estudio. (Si el becario desea puede recibir un curso de idioma japon\u00e9s de una duraci\u00f3n de 6 meses a 1 a\u00f1o)<\/p>\n\n\n\n<h4 class=\"wp-block-heading\">12\uff0eDocumentos<\/h4>\n\n\n\n<p class=\"has-small-font-size\">Enviar a la Asociaci\u00f3n los siguientes documentos hasta la fecha 31 de julio por e-mail. Consulte la p\u00e1gina de descarga para obtener la direcci\u00f3n de correo electr\u00f3nico a la que enviar su solicitud. En caso sea enviado a otra direcci\u00f3n de e-mail, no se tomar\u00e1 responsabilidad por ello y su formulario de inscripci\u00f3n no ser\u00e1 tomado en cuenta.<\/p>\n\n\n\n<p class=\"has-small-font-size\">(1) Curr\u00edculum Vitae para Inscripci\u00f3n ( Form 1-A \u2022 Form 1-B )<br>(2) Foto(4.5cm\u00d73.5cm)<br>(3) Relato Personal ( Form 2 )<br>(4) Plan de Estudio ( Form 3 )<br>\u3000* (1), (3) y (4). Env\u00ede los datos mecanografiados en formato PDF. No se aceptan datos escritos a mano.<br>\u3000 (1). Complete el Formulario(Form 1-A \u2022 Form 1-B ) en japon\u00e9s o en ingl\u00e9s.<br>(5) Certificado de Previsi\u00f3n Becaria ( Form 4 ) Opcional. Solamente aquellos que ya tengan la instituci\u00f3n de ense\u00f1anza definida.<br>(6) Auntoinforme de Historia M\u00e9dica ( Form 5 )<br>(7) Carta de Recomendaci\u00f3n de la Asociaci\u00f3n Nikkei ( Form 6 ) *Enviar en principio.<br>(8) Confirmaci\u00f3n de Voluntad ( Form 7 )<br>(9) Diploma de Licenciatura, Bachillerato, Certificado de Graduaci\u00f3n (o certificado de estudio) con la debida traducci\u00f3n.<\/p>\n\n\n\n<h4 class=\"wp-block-heading\">13\uff0eObservaciones importantes<\/h4>\n\n\n\n<p class=\"has-small-font-size\">(1) Los documentos de arriba pueden estar llenados en la lengua del pa\u00eds de origen.<br>(2) Deber\u00edan hacer el Relato Personal (Form 2) dentro del marco de la hoja establecida.<br>(3) Se deber\u00e1 enviar una copia escaneada del original de los siguientes documentos (No se aceptar\u00e1 fotocopias):<br>Carta Informal de Consentimiento de Ingreso, Historia M\u00e9dica, Carta de Recomendaci\u00f3n de la Asociaci\u00f3n Nikkei, Confirmaci\u00f3n de Voluntad.<br>(4) Referente al Certificado de Graduaci\u00f3n: Si la instituci\u00f3n de ense\u00f1anza no entrega este certificado, puede presentar una copia certificada del Diploma.<br>(5) Por ninguna raz\u00f3n no se devolver\u00e1n los documentos presentados a la inscripci\u00f3n.<br>(6) En caso de irregularidades o falta de documentos, la inscripci\u00f3n ser\u00e1 rechazada aunque los documentos se hayan enviado dentro del plazo.<\/p>\n\n\n\n<p style=\"padding-left:2em\"><a href=\"https:\/\/jadesas.or.jp\/es\/scholar_entry_agreement\/\"><img loading=\"lazy\" decoding=\"async\" class=\"alignnone wp-image-544 size-medium\" src=\"https:\/\/nikkeischolarship.org\/es\/wp\/wp-content\/uploads\/2020\/01\/ApplicationDL_es.png\" alt=\"\" width=\"300\" height=\"51\"><\/a><\/p>\n\n\n\n<p style=\"padding-left:2em\">\n<font size=\"2\" color=\"red\">\n*Primero necesitara llenar el Formulario de Inscripci\u00f3n.\n<br>\n*Para completar el proceso de solicitud para la beca, necesita llenar el formulario de inscripci\u00f3n y entregar todos los documentos pertinentes.\n<br>\n*AVISO: Debido a alguna falla del sistema, recibimos varios mensajes de personas que se registraron a trav\u00e9s de Gmail y no recibieron el link para descaregar los formularios. Por favor entre en contacto (consulte &#8220;Para m\u00e1s informaci\u00f3n&#8221; a continuaci\u00f3n para obtener detalles de contacto).\n<\/font><\/p>\n\n\n\n<h4 class=\"wp-block-heading\">14\uff0eInformaci\u00f3n de contacto<\/h4>\n\n\n\n<p class=\"has-small-font-size\">2-3-1, Shinko, Naka-ku, Yokohama-shi, Kanagawa, 231-0001, Jap\u00f3n<br> JICA Yokohama 2F<br> &#8220;Kaigai Nikkeijin Kyokai \/ Nikkei Scholarship&#8221;<br> TEL :045-211-1788\u3000\u3000FAX : 045-211-1781<br> <a href=\"https:\/\/jadesas.or.jp\/es\/agreement-scholar\/\">Para m\u00e1s informaci\u00f3n<\/a><\/p>\n","protected":false},"excerpt":{"rendered":"1\uff0e\u00bfQu\u00e9 es la beca para Nikkei de la Nippon Foundation? El presente programa de beca de estudios tien...","protected":false},"author":4,"featured_media":0,"parent":0,"menu_order":0,"comment_status":"closed","ping_status":"closed","template":"","meta":{"_s2mail":"yes","footnotes":""},"class_list":["post-455","page","type-page","status-publish","hentry"],"_links":{"self":[{"href":"https:\/\/nikkeischolarship.org\/es\/wp-json\/wp\/v2\/pages\/455","targetHints":{"allow":["GET"]}}],"collection":[{"href":"https:\/\/nikkeischolarship.org\/es\/wp-json\/wp\/v2\/pages"}],"about":[{"href":"https:\/\/nikkeischolarship.org\/es\/wp-json\/wp\/v2\/types\/page"}],"author":[{"embeddable":true,"href":"https:\/\/nikkeischolarship.org\/es\/wp-json\/wp\/v2\/users\/4"}],"replies":[{"embeddable":true,"href":"https:\/\/nikkeischolarship.org\/es\/wp-json\/wp\/v2\/comments?post=455"}],"version-history":[{"count":3,"href":"https:\/\/nikkeischolarship.org\/es\/wp-json\/wp\/v2\/pages\/455\/revisions"}],"predecessor-version":[{"id":460,"href":"https:\/\/nikkeischolarship.org\/es\/wp-json\/wp\/v2\/pages\/455\/revisions\/460"}],"wp:attachment":[{"href":"https:\/\/nikkeischolarship.org\/es\/wp-json\/wp\/v2\/media?parent=455"}],"curies":[{"name":"wp","href":"https:\/\/api.w.org\/{rel}","templated":true}]}}