{"id":145,"date":"2020-01-16T16:49:50","date_gmt":"2020-01-16T07:49:50","guid":{"rendered":"https:\/\/nikkeischolarship.org\/pt\/?page_id=145"},"modified":"2020-01-16T16:56:51","modified_gmt":"2020-01-16T07:56:51","slug":"oubo206","status":"publish","type":"page","link":"https:\/\/nikkeischolarship.org\/pt\/oubo206\/","title":{"rendered":"Informa\u00e7\u00f5es sobre o estudo no Jap\u00e3o"},"content":{"rendered":"\n<h3 class=\"midashi02\"><font color=\"#FFFFFF\">Para estudar nos cursos de gradua\u00e7\u00e3o e p\u00f3s-gradua\u00e7\u00e3o das universidades bem como nas escolas profissionalizantes do Jap\u00e3o<\/font><\/h3>\n\n\n\n<p>Geralmente o ano letivo das escolas do Jap\u00e3o come\u00e7a em abril e termina em mar\u00e7o do ano seguinte. A maioria dos cursos de gradua\u00e7\u00e3o das universidades e escolas profissionalizantes come\u00e7a em abril, mas alguns cursos de p\u00f3s-gradua\u00e7\u00e3o come\u00e7am em setembro ou outubro.<br>\nEm regra, o estudante precisa ter conclu\u00eddo o curr\u00edculo de doze anos de educa\u00e7\u00e3o escolar regular para ser admitido nos cursos de gradua\u00e7\u00e3o das universidades, nas faculdades de curta dura\u00e7\u00e3o e nas escolas profissionalizantes. Se a educa\u00e7\u00e3o escolar no pa\u00eds de origem do candidato for menor do que doze anos, poder\u00e1 cursar, para preencher os requisitos, uma escola de l\u00edngua japonesa que oferece o curso de educa\u00e7\u00e3o preparat\u00f3ria designado pelo ministro da educa\u00e7\u00e3o, cultura, esporte, ci\u00eancia e tecnologia do Jap\u00e3o, antes de ingressar em uma universidade.<br>\nNos \u00faltimos anos tem aumentado o n\u00famero de universidades que oferecem cursos de gradua\u00e7\u00e3o em ingl\u00eas, mas a maioria ainda s\u00f3 tem cursos em japon\u00eas. Assim, no momento do processo seletivo nas universidades, \u00e9 necess\u00e1rio comprovar um n\u00edvel elevado de l\u00edngua japonesa equivalente ao n\u00edvel 2 do Exame de Profici\u00eancia em L\u00edngua Japonesa, ou superior. No programa Nikkei Scholarship, o bolsista pode estudar o japon\u00eas durante um ano, no m\u00e1ximo, logo ao chegar no Jap\u00e3o, mas \u00e9 extremamente dif\u00edcil uma pessoa que n\u00e3o sabe nada do idioma obter o n\u00edvel 2 de profici\u00eancia em menos de um ano, ou seja, at\u00e9 o processo seletivo. Se voc\u00ea deseja ingressar no curso de gradua\u00e7\u00e3o de uma universidade que s\u00f3 oferece cursos em japon\u00eas, recomendamos que estude bem o japon\u00eas antes de vir ao Jap\u00e3o.<br>\nO requisito para ingressar no curso de p\u00f3s-gradua\u00e7\u00e3o (curso de mestrado) \u00e9 ter conclu\u00eddo a educa\u00e7\u00e3o escolar de dezesseis anos. No Jap\u00e3o h\u00e1 muitos departamentos que oferecem cursos de p\u00f3s-gradua\u00e7\u00e3o (mestrado e doutorado) em ingl\u00eas, e um n\u00edvel elevado de l\u00edngua japonesa nem sempre \u00e9 exigido.<br>\nMais informa\u00e7\u00f5es detalhadas sobre o estudo no Jap\u00e3o podem ser obtidas no website da Japan Student Services Organization (JASSO) abaixo. Leia com cuidado o \u201cStudent Guide to Japan\u201d e fa\u00e7a os preparativos com anteced\u00eancia.<\/p>\n\n\n\n<div class=\"box11\"><p style=\"padding-left:2em\"><strong>\u65e5\u672c\u7559\u5b66\u30ac\u30a4\u30c9\u30d6\u30c3\u30af\u201cStudent Guide to Japan\u201d<\/strong><br> \ud83c\udf10 <a href=\"https:\/\/www.jasso.go.jp\/ryugaku\/study_j\/sgtj.html\">https:\/\/www.jasso.go.jp\/ryugaku\/study_j\/sgtj.html<\/a><\/p><\/div>\n\n\n\n<h3 class=\"midashi02\"><font color=\"#FFFFFF\">Para procurar uma escola para estudar no Jap\u00e3o<\/font><\/h3>\n\n\n\n<p>A busca das escolas do Jap\u00e3o (cursos de gradua\u00e7\u00e3o e p\u00f3s-gradua\u00e7\u00e3o das universidades, faculdades de curta dura\u00e7\u00e3o etc.) pode ser feita no website abaixo.<\/p>\n\n\n\n<div class=\"box11\"><p style=\"padding-left:2em\"><strong>\u65e5\u672c\u5b66\u751f\u652f\u63f4\u6a5f\u69cb\uff08JASSO\uff09<\/strong><br> \ud83c\udf10 <a href=\"https:\/\/www.jasso.go.jp\/ryugaku\/study_j\/search\/index.html\">https:\/\/www.jasso.go.jp\/ryugaku\/study_j\/search\/index.html<\/a><\/p><\/div>\n\n\n\n<div class=\"box11\"><p style=\"padding-left:2em\"><strong>JAPAN STUDY SUPPORT<\/strong><br> \ud83c\udf10 <a href=\"https:\/\/www.jpss.jp\/ja\/\">https:\/\/www.jpss.jp\/ja\/<\/a><\/p><\/div>\n\n\n\n<h3 class=\"midashi02\"><font color=\"#FFFFFF\">Como escolher o curso de p\u00f3s-gradua\u00e7\u00e3o no Jap\u00e3o<\/font><\/h3>\n\n\n\n<p>Se deseja ingressar no curso de p\u00f3s-gradua\u00e7\u00e3o no Jap\u00e3o, defina claramente o que voc\u00ea quer pesquisar e procure o orientador ou a universidade que mais combina com o seu tema de pesquisa. Dependendo da universidade, voc\u00ea precisa entrar em contato com o orientador antes da inscri\u00e7\u00e3o, por E-mail ou outro meio, para obter o seu consentimento.<br>\nAs informa\u00e7\u00f5es podem ser procuradas no website abaixo.<\/p>\n\n\n\n<div class=\"box11\"><p style=\"padding-left:2em\"><strong>Researchmap<\/strong><br> \ud83c\udf10 <a href=\"https:\/\/researchmap.jp\/\">https:\/\/researchmap.jp\/<\/a><\/p><\/div>\n\n\n\n<div class=\"box11\"><p style=\"padding-left:2em\"><strong>CiNii Articles\uff08\u65e5\u672c\u306e\u8ad6\u6587\u3092\u3055\u304c\u3059\uff09<\/strong><br> \ud83c\udf10 <a href=\"https:\/\/ci.nii.ac.jp\/\">https:\/\/ci.nii.ac.jp\/<\/a><\/p><\/div>\n\n\n\n<figure class=\"wp-block-gallery columns-3 is-cropped\"><ul class=\"blocks-gallery-grid\"><li class=\"blocks-gallery-item\"><figure><img decoding=\"async\" src=\"https:\/\/nikkeischolarship.org\/jp\/wp\/wp-content\/uploads\/2019\/07\/photo10_natsu.jpg\" alt=\"\" data-id=\"858\" data-link=\"https:\/\/nikkeischolarship.org\/jp\/oubo206\/photo10_natsu-3\" class=\"wp-image-858\"><\/figure><\/li><li class=\"blocks-gallery-item\"><figure><img decoding=\"async\" src=\"https:\/\/nikkeischolarship.org\/jp\/wp\/wp-content\/uploads\/2019\/07\/tanji_nyugaku-683x1024.jpg\" alt=\"\" data-id=\"860\" data-link=\"https:\/\/nikkeischolarship.org\/jp\/oubo206\/tanji_nyugaku-3\" class=\"wp-image-860\"><\/figure><\/li><li class=\"blocks-gallery-item\"><figure><img decoding=\"async\" src=\"https:\/\/nikkeischolarship.org\/jp\/wp\/wp-content\/uploads\/2019\/07\/tamimeiji-1024x768.jpg\" alt=\"\" data-id=\"859\" data-link=\"https:\/\/nikkeischolarship.org\/jp\/oubo206\/tamimeiji\" class=\"wp-image-859\"><\/figure><\/li><li class=\"blocks-gallery-item\"><figure><img decoding=\"async\" src=\"https:\/\/nikkeischolarship.org\/jp\/wp\/wp-content\/uploads\/2019\/07\/mayumi_kenkyu-1024x768.jpg\" alt=\"\" data-id=\"857\" data-link=\"https:\/\/nikkeischolarship.org\/jp\/oubo206\/mayumi_kenkyu\" class=\"wp-image-857\"><\/figure><\/li><li class=\"blocks-gallery-item\"><figure><img decoding=\"async\" src=\"https:\/\/nikkeischolarship.org\/jp\/wp\/wp-content\/uploads\/2019\/07\/fernandos_kenkyu-1024x576.jpg\" alt=\"\" data-id=\"856\" data-link=\"https:\/\/nikkeischolarship.org\/jp\/oubo206\/fernandos_kenkyu\" class=\"wp-image-856\"><\/figure><\/li><\/ul><\/figure>\n","protected":false},"excerpt":{"rendered":"Para estudar nos cursos de gradua\u00e7\u00e3o e p\u00f3s-gradua\u00e7\u00e3o das universidades bem como nas escolas profissi...","protected":false},"author":1,"featured_media":0,"parent":0,"menu_order":0,"comment_status":"closed","ping_status":"closed","template":"","meta":{"footnotes":""},"class_list":["post-145","page","type-page","status-publish","hentry"],"_links":{"self":[{"href":"https:\/\/nikkeischolarship.org\/pt\/wp-json\/wp\/v2\/pages\/145","targetHints":{"allow":["GET"]}}],"collection":[{"href":"https:\/\/nikkeischolarship.org\/pt\/wp-json\/wp\/v2\/pages"}],"about":[{"href":"https:\/\/nikkeischolarship.org\/pt\/wp-json\/wp\/v2\/types\/page"}],"author":[{"embeddable":true,"href":"https:\/\/nikkeischolarship.org\/pt\/wp-json\/wp\/v2\/users\/1"}],"replies":[{"embeddable":true,"href":"https:\/\/nikkeischolarship.org\/pt\/wp-json\/wp\/v2\/comments?post=145"}],"version-history":[{"count":3,"href":"https:\/\/nikkeischolarship.org\/pt\/wp-json\/wp\/v2\/pages\/145\/revisions"}],"predecessor-version":[{"id":148,"href":"https:\/\/nikkeischolarship.org\/pt\/wp-json\/wp\/v2\/pages\/145\/revisions\/148"}],"wp:attachment":[{"href":"https:\/\/nikkeischolarship.org\/pt\/wp-json\/wp\/v2\/media?parent=145"}],"curies":[{"name":"wp","href":"https:\/\/api.w.org\/{rel}","templated":true}]}}