{"id":149,"date":"2020-01-16T16:58:34","date_gmt":"2020-01-16T07:58:34","guid":{"rendered":"https:\/\/nikkeischolarship.org\/pt\/?page_id=149"},"modified":"2022-06-15T17:46:49","modified_gmt":"2022-06-15T08:46:49","slug":"oubo413","status":"publish","type":"page","link":"https:\/\/nikkeischolarship.org\/pt\/oubo413\/","title":{"rendered":"Perguntas frequentes"},"content":{"rendered":"\n<h3 class=\"midashi02\">P: Eu n\u00e3o sei o japon\u00eas. Mesmo assim posso me inscrever para a bolsa?<\/h3>\n\n\n\n<p>R: Sim, voc\u00ea pode se inscrever. Dependendo da institui\u00e7\u00e3o de ensino (curso de gradua\u00e7\u00e3o ou p\u00f3s-gradua\u00e7\u00e3o da universidade), o curso \u00e9 oferecido em ingl\u00eas. Al\u00e9m disso, se desejar, poder\u00e1 estudar em uma escola de l\u00edngua japonesa ap\u00f3s chegar ao Jap\u00e3o. No entanto, para morar no Jap\u00e3o, \u00e9 desej\u00e1vel ter o n\u00edvel equivalente ao 3 do Exame de Profici\u00eancia em L\u00edngua Japonesa (N3).<\/p>\n\n\n\n<h3 class=\"midashi02\">P\uff1aPosso fazer a inscri\u00e7\u00e3o sem ter a &#8220;Carta Informal de Consentimento de Ingresso&#8221;?<\/h3>\n\n\n\n<p>R:Sim. Voc\u00ea pode definir a institui\u00e7\u00e3o para est\u00e1gio at\u00e9 a vinda ao Jap\u00e3o. Se isto n\u00e3o for poss\u00edvel, ap\u00f3s a vinda ao Jap\u00e3o, voc\u00ea pode negociar o ingresso ou prestar exame na institui\u00e7\u00e3o desejada e definir onde ser\u00e1 feito o est\u00e1gio at\u00e9 o final de mar\u00e7o do primeiro ano no Jap\u00e3o.<\/p>\n\n\n\n<figure class=\"wp-block-gallery has-nested-images columns-default is-cropped wp-block-gallery-1 is-layout-flex wp-block-gallery-is-layout-flex\">\n<figure class=\"wp-block-image size-full\"><img loading=\"lazy\" decoding=\"async\" width=\"960\" height=\"720\" data-id=\"390\" src=\"https:\/\/nikkeischolarship.org\/pt\/wp\/wp-content\/uploads\/2022\/04\/chart_pt_2023.jpg\" alt=\"\" class=\"wp-image-390\" srcset=\"https:\/\/nikkeischolarship.org\/pt\/wp\/wp-content\/uploads\/2022\/04\/chart_pt_2023.jpg 960w, https:\/\/nikkeischolarship.org\/pt\/wp\/wp-content\/uploads\/2022\/04\/chart_pt_2023-300x225.jpg 300w, https:\/\/nikkeischolarship.org\/pt\/wp\/wp-content\/uploads\/2022\/04\/chart_pt_2023-768x576.jpg 768w\" sizes=\"auto, (max-width: 960px) 100vw, 960px\" \/><\/figure>\n<\/figure>\n\n\n\n<h3 class=\"midashi02\">P:N\u00e3o sei preencher os formul\u00e1rios em japon\u00eas.<\/h3>\n\n\n\n<p>R:Os formul\u00e1rios podem ser preenchidos na l\u00edngua de origem.<\/p>\n\n\n\n<h3 class=\"midashi02\">P:Posso inscrever-me mesmo residindo no Jap\u00e3o?<\/h3>\n\n\n\n<p>R:Independente de onde estiver residindo, quem for nikkei nascido na Am\u00e9rica Central ou Latina, pode se inscrever.<\/p>\n\n\n\n<h3 class=\"midashi02\">P:Uma pessoa com defici\u00eancia pode se candidatar?<\/h3>\n\n\n\n<p>R:Sim \u00e9 poss\u00edvel. Recomendamos que venefique com anteced\u00eancia sobre o sistema de suporte e de organiza\u00e7\u00e3o oferecida pela institui\u00e7\u00e3o desejada.<\/p>\n\n\n\n<h3 class=\"midashi02\">P:\u00c9 necess\u00e1rio ter a &#8220;Carta de Recomenda\u00e7\u00e3o de Associa\u00e7\u00e3o Nikkei&#8221;?<\/h3>\n\n\n\n<p>R:Sim, este documento \u00e9 necess\u00e1rio para comprovar se o candidato \u00e9 indicado para aplicar os conhecimentos adquiridos durante o est\u00e1gio para o desenvolvimento da sociedade do pa\u00eds de origem. Este documento n\u00e3o precisa estar redigido em japon\u00eas.<\/p>\n\n\n\n<h3 class=\"midashi02\">P: Quando e onde \u00e9 realizada a entrevista?<\/h3>\n\n\n\n<p>R: A entrevista \u00e9 realizada entre final de setembro e in\u00edcio de outubro em cidades como T\u00f3quio, S\u00e3o Paulo, em alguma cidade de um pa\u00eds de l\u00edngua espanhola (principalmente Lima) e outras (previs\u00e3o). Os candidatos que ser\u00e3o entrevistados no Jap\u00e3o receber\u00e3o o aux\u00edlio de transporte, e os candidatos que ser\u00e3o entrevistados fora do Jap\u00e3o receber\u00e3o os aux\u00edlios de transporte, di\u00e1ria e hospedagem.<\/p>\n\n\n\n<h3 class=\"midashi02\">P: Pessoas com nacionalidade japonesa tamb\u00e9m podem se candidatar?<\/h3>\n\n\n\n<p>R: Sim, podem se candidatar. A nacionalidade, escolaridade ou experi\u00eancia de visitar ou morar no Jap\u00e3o n\u00e3o s\u00e3o levadas em considera\u00e7\u00e3o. O \u00fanico requisito \u00e9 ser Nikkei.<\/p>\n\n\n\n<h3 class=\"midashi02\">P: Como posso pesquisar a escola para estudar no Jap\u00e3o?<\/h3>\n\n\n\n<p>R: Os websites abaixo podem ser utilizados na busca de cursos de gradua\u00e7\u00e3o e p\u00f3s-gradua\u00e7\u00e3o das universidades bem como de pesquisadores do Jap\u00e3o:<\/p>\n\n\n\n<div class=\"box11\"><p style=\"padding-left:2em\"><strong>JASSO\/Japan Student Services Organization<\/strong><br>Oferece muitas informa\u00e7\u00f5es \u00fateis para quem deseja estudar no Jap\u00e3o, como website de busca de universidades, bolsas de estudo para estrangeiros no Jap\u00e3o, entre outras.\n\u30fbResearchmap<br><a href=\"https:\/\/www.jasso.go.jp\/en\/index.html\">\ud83c\udf10https:\/\/www.jasso.go.jp\/en\/index.html<\/a><\/p><\/div>\n\n\n\n<div class=\"box11\"><p style=\"padding-left:2em\"><strong>Researchmap<\/strong><br>Possibilita a busca de pesquisadores que pesquisam o assunto de seu interesse, bem como institui\u00e7\u00f5es onde eles trabalham, por meio de palavras-chave. Assim, \u00e9 poss\u00edvel saber em quais universidades \u00e9 poss\u00edvel pesquisar o tema de seu interesse.<br><a href=\"https:\/\/researchmap.jp\/\">\ud83c\udf10https:\/\/researchmap.jp\/<\/a><\/p><\/div>\n\n\n\n<h3 class=\"midashi02\">P: Eu posso fazer est\u00e1gio em empresas ou organiza\u00e7\u00f5es?<\/h3>\n\n\n\n<p>R: Sim. No entanto, \u00e9 recomend\u00e1vel obter o consentimento pr\u00e9vio da organiza\u00e7\u00e3o onde deseja realizar o est\u00e1gio. J\u00e1 tivemos bolsistas que fizeram est\u00e1gios no Centro Nacional de C\u00e2ncer do Jap\u00e3o, Instituto de Pesquisa de Jardinagem, Federa\u00e7\u00e3o de Taiko do Jap\u00e3o, entre outros.<\/p>\n\n\n\n<div class=\"box8\">\n<h1 style=\"padding-left: 40px;\">\uff1cContato\uff1e<\/h1>\n<p style=\"padding-left: 40px;\">2-3-1, Shinko, Naka-ku, Yokohama-shi, Kanagawa, 231-0001, Jap\u00e3o<br>\nJICA Yokohama 2F<br>\n&#8220;Kaigai Nikkeijin Kyokai \/ Nikkei Scholarship&#8221;<br>\nTEL :045-211-1788 FAX : 045-211-1781<br>\n<a href=\"https:\/\/jadesas.or.jp\/pt\/agreement-scholar\/\">Contato atrav\u00e9s do E-mail<\/a><\/p>\n<\/div>\n","protected":false},"excerpt":{"rendered":"P: Eu n\u00e3o sei o japon\u00eas. Mesmo assim posso me inscrever para a bolsa? R: Sim, voc\u00ea pode se inscrever...","protected":false},"author":1,"featured_media":0,"parent":0,"menu_order":0,"comment_status":"closed","ping_status":"closed","template":"","meta":{"footnotes":""},"class_list":["post-149","page","type-page","status-publish","hentry"],"_links":{"self":[{"href":"https:\/\/nikkeischolarship.org\/pt\/wp-json\/wp\/v2\/pages\/149","targetHints":{"allow":["GET"]}}],"collection":[{"href":"https:\/\/nikkeischolarship.org\/pt\/wp-json\/wp\/v2\/pages"}],"about":[{"href":"https:\/\/nikkeischolarship.org\/pt\/wp-json\/wp\/v2\/types\/page"}],"author":[{"embeddable":true,"href":"https:\/\/nikkeischolarship.org\/pt\/wp-json\/wp\/v2\/users\/1"}],"replies":[{"embeddable":true,"href":"https:\/\/nikkeischolarship.org\/pt\/wp-json\/wp\/v2\/comments?post=149"}],"version-history":[{"count":8,"href":"https:\/\/nikkeischolarship.org\/pt\/wp-json\/wp\/v2\/pages\/149\/revisions"}],"predecessor-version":[{"id":408,"href":"https:\/\/nikkeischolarship.org\/pt\/wp-json\/wp\/v2\/pages\/149\/revisions\/408"}],"wp:attachment":[{"href":"https:\/\/nikkeischolarship.org\/pt\/wp-json\/wp\/v2\/media?parent=149"}],"curies":[{"name":"wp","href":"https:\/\/api.w.org\/{rel}","templated":true}]}}