{"id":177,"date":"2020-01-17T18:37:23","date_gmt":"2020-01-17T09:37:23","guid":{"rendered":"https:\/\/nikkeischolarship.org\/pt\/?page_id=177"},"modified":"2020-01-17T18:38:45","modified_gmt":"2020-01-17T09:38:45","slug":"sa421","status":"publish","type":"page","link":"https:\/\/nikkeischolarship.org\/pt\/sa421\/","title":{"rendered":"Manual para explorar novas \u00e1reas ap\u00f3s a conclus\u00e3o dos estudos"},"content":{"rendered":"\n<p>\nEsta p\u00e1gina est\u00e1 em prepara\u00e7\u00e3o.\n<br>\nSolicitamos que aguarde mais um pouco.\n<br> <a href=\"javascript:history.back()\">Voltar para a p\u00e1gina anterior.<\/a><br> <a href=\"https:\/\/nikkeischolarship.org\/pt\/\">Voltar para a p\u00e1gina inicial do Nikkei Scholarship<\/a><\/p>\n","protected":false},"excerpt":{"rendered":"Esta p\u00e1gina est\u00e1 em prepara\u00e7\u00e3o. Solicitamos que aguarde mais um pouco. Voltar para a p\u00e1gina anterior...","protected":false},"author":1,"featured_media":0,"parent":0,"menu_order":0,"comment_status":"closed","ping_status":"closed","template":"","meta":{"footnotes":""},"class_list":["post-177","page","type-page","status-publish","hentry"],"_links":{"self":[{"href":"https:\/\/nikkeischolarship.org\/pt\/wp-json\/wp\/v2\/pages\/177","targetHints":{"allow":["GET"]}}],"collection":[{"href":"https:\/\/nikkeischolarship.org\/pt\/wp-json\/wp\/v2\/pages"}],"about":[{"href":"https:\/\/nikkeischolarship.org\/pt\/wp-json\/wp\/v2\/types\/page"}],"author":[{"embeddable":true,"href":"https:\/\/nikkeischolarship.org\/pt\/wp-json\/wp\/v2\/users\/1"}],"replies":[{"embeddable":true,"href":"https:\/\/nikkeischolarship.org\/pt\/wp-json\/wp\/v2\/comments?post=177"}],"version-history":[{"count":2,"href":"https:\/\/nikkeischolarship.org\/pt\/wp-json\/wp\/v2\/pages\/177\/revisions"}],"predecessor-version":[{"id":180,"href":"https:\/\/nikkeischolarship.org\/pt\/wp-json\/wp\/v2\/pages\/177\/revisions\/180"}],"wp:attachment":[{"href":"https:\/\/nikkeischolarship.org\/pt\/wp-json\/wp\/v2\/media?parent=177"}],"curies":[{"name":"wp","href":"https:\/\/api.w.org\/{rel}","templated":true}]}}