{"id":184,"date":"2020-01-17T18:45:49","date_gmt":"2020-01-17T09:45:49","guid":{"rendered":"https:\/\/nikkeischolarship.org\/pt\/?page_id=184"},"modified":"2020-01-17T18:53:40","modified_gmt":"2020-01-17T09:53:40","slug":"nfsa103","status":"publish","type":"page","link":"https:\/\/nikkeischolarship.org\/pt\/nfsa103\/","title":{"rendered":"O que \u00e9 Associa\u00e7\u00e3o de Bolsistas Nikkeis da Nippon Zaidan (NFSA)?"},"content":{"rendered":"\n<p>NFSA \u00e9 um grupo de bolsistas Nikkeis que est\u00e3o estudando no Jap\u00e3o com a bolsa do programa Nikkei Scholarship \u201cProjeto de realiza\u00e7\u00e3o dos sonhos\u201d da Nippon Zaidan.<br>\nOs bolsistas Nikkeis est\u00e3o se esfor\u00e7ando para adquirir conhecimentos e habilidades de sua \u00e1rea de especializa\u00e7\u00e3o em diversas regi\u00f5es do Jap\u00e3o, enquanto realizam atividades de contribui\u00e7\u00e3o social de forma volunt\u00e1ria.<br>\nOs pr\u00f3prios bolsistas realizam diversas atividades de contribui\u00e7\u00e3o social, encarregando-se desde o seu planejamento at\u00e9 a sua execu\u00e7\u00e3o, visando a concretiza\u00e7\u00e3o de uma \u201ccomunidade Nikkei que contribui para o desenvolvimento do pa\u00eds e da regi\u00e3o\u201d e \u201ccomunidade Nikkei unida que transcende pa\u00edses e gera\u00e7\u00f5es\u201d, com os seguintes objetivos: \u2460 Apoio \u00e0 educa\u00e7\u00e3o dos filhos de Nikkeis residentes no Jap\u00e3o; \u2461 apoio \u00e0 vida dos Nikkeis residentes no Jap\u00e3o; \u2462 interc\u00e2mbio com a sociedade japonesa; e \u2463 interc\u00e2mbio com a comunidade Nikkei.<br>\nAs atividades incluem visitas a escolas brasileiras no Jap\u00e3o, participa\u00e7\u00e3o em eventos internacionais, trabalho volunt\u00e1rio como int\u00e9rprete, entre outras, que praticamente s\u00f3 podem ser realizadas pelos<br>\nbolsistas Nikkeis.<br>\nEles realizam diversas atividades para poderem contribuir para o desenvolvimento das organiza\u00e7\u00f5es Nikkeis de v\u00e1rios pa\u00edses, ap\u00f3s o regresso ao seu pa\u00eds, utilizando a lideran\u00e7a adquirida nas atividades de contribui\u00e7\u00e3o social e as experi\u00eancias em projetos. <\/p>\n\n\n\n<div class=\"box30\">\n    <div class=\"box-title\">Principais atividades da NFSA<\/div>\n    <p>Atividades que utilizam as \u00e1reas de especializa\u00e7\u00e3o dos bolsistas Nikkeis, como:<br>\n\u30fbTreinamentos\u3000\u3000\u3000\u30fbParticipa\u00e7\u00e3o na Conven\u00e7\u00e3o de Nikkeis e Japoneses no Exterior<br>\u30fbConcurso de orat\u00f3ria em l\u00edngua japonesa da NFSA\u3000\u3000\u3000\u30fbConcurso de desenho da NFSA<br>\u30fbProjeto nas escolas (aulas por visita) entre outros.<\/p>\n<\/div>\n\n\n\n<p>Para mais detalhes, clique \n<a href=\"https:\/\/nikkeischolarship.org\/pt\/nfsa219\">aqui<\/a>\n.\n<\/p>\n\n\n\n<figure class=\"wp-block-gallery columns-2 is-cropped\"><ul class=\"blocks-gallery-grid\"><li class=\"blocks-gallery-item\"><figure><img decoding=\"async\" src=\"https:\/\/nikkeischolarship.org\/es\/wp\/wp-content\/uploads\/2020\/01\/DSC02281-1024x768.jpg\" alt=\"\" data-id=\"101\" data-full-url=\"https:\/\/nikkeischolarship.org\/es\/wp\/wp-content\/uploads\/2020\/01\/DSC02281.jpg\" data-link=\"https:\/\/nikkeischolarship.org\/es\/dsc02281\/\" class=\"wp-image-101\"\/><\/figure><\/li><li class=\"blocks-gallery-item\"><figure><img decoding=\"async\" src=\"https:\/\/nikkeischolarship.org\/es\/wp\/wp-content\/uploads\/2020\/01\/photo-12-1024x683-1.jpg\" alt=\"\" data-id=\"171\" data-full-url=\"https:\/\/nikkeischolarship.org\/es\/wp\/wp-content\/uploads\/2020\/01\/photo-12-1024x683-1.jpg\" data-link=\"https:\/\/nikkeischolarship.org\/es\/nfsa103\/photo-12-1024x683\/\" class=\"wp-image-171\"\/><\/figure><\/li><\/ul><\/figure>\n","protected":false},"excerpt":{"rendered":"NFSA \u00e9 um grupo de bolsistas Nikkeis que est\u00e3o estudando no Jap\u00e3o com a bolsa do programa Nikkei Sch...","protected":false},"author":1,"featured_media":0,"parent":0,"menu_order":0,"comment_status":"closed","ping_status":"closed","template":"","meta":{"footnotes":""},"class_list":["post-184","page","type-page","status-publish","hentry"],"_links":{"self":[{"href":"https:\/\/nikkeischolarship.org\/pt\/wp-json\/wp\/v2\/pages\/184","targetHints":{"allow":["GET"]}}],"collection":[{"href":"https:\/\/nikkeischolarship.org\/pt\/wp-json\/wp\/v2\/pages"}],"about":[{"href":"https:\/\/nikkeischolarship.org\/pt\/wp-json\/wp\/v2\/types\/page"}],"author":[{"embeddable":true,"href":"https:\/\/nikkeischolarship.org\/pt\/wp-json\/wp\/v2\/users\/1"}],"replies":[{"embeddable":true,"href":"https:\/\/nikkeischolarship.org\/pt\/wp-json\/wp\/v2\/comments?post=184"}],"version-history":[{"count":7,"href":"https:\/\/nikkeischolarship.org\/pt\/wp-json\/wp\/v2\/pages\/184\/revisions"}],"predecessor-version":[{"id":193,"href":"https:\/\/nikkeischolarship.org\/pt\/wp-json\/wp\/v2\/pages\/184\/revisions\/193"}],"wp:attachment":[{"href":"https:\/\/nikkeischolarship.org\/pt\/wp-json\/wp\/v2\/media?parent=184"}],"curies":[{"name":"wp","href":"https:\/\/api.w.org\/{rel}","templated":true}]}}