{"id":194,"date":"2020-01-17T18:56:33","date_gmt":"2020-01-17T09:56:33","guid":{"rendered":"https:\/\/nikkeischolarship.org\/pt\/?page_id=194"},"modified":"2020-02-05T20:01:32","modified_gmt":"2020-02-05T11:01:32","slug":"nfsa219","status":"publish","type":"page","link":"https:\/\/nikkeischolarship.org\/pt\/nfsa219\/","title":{"rendered":"Apresenta\u00e7\u00e3o das atividades da Associa\u00e7\u00e3o de Bolsistas Nikkeis da Nippon Zaidan (NFSA)"},"content":{"rendered":"\n<h3 class=\"midashi02\">Treinamentos<\/h3>\n\n\n\n<p>Para a forma\u00e7\u00e3o de\nrecursos humanos que contribuem para a promo\u00e7\u00e3o da compreens\u00e3o entre o pa\u00eds\nonde moram e o Jap\u00e3o, bem como para o desenvolvimento do pa\u00eds onde moram e da\ncomunidade local, e para a forma\u00e7\u00e3o de la\u00e7os entre os bolsistas da NFSA, s\u00e3o\nrealizados tr\u00eas treinamentos por ano, na primavera, ver\u00e3o e inverno.<\/p>\n\n\n\n<p>Eles s\u00e3o realizados\nem Yokohama e em outros locais com o objetivo de proporcionar aos participantes\na compreens\u00e3o da cultura japonesa, estudo dos problemas sociais do Jap\u00e3o e do\npa\u00eds onde moram, estudo da comunidade Nikkei, entre outros<\/p>\n\n\n\n<figure class=\"wp-block-gallery columns-2 is-cropped wp-block-gallery-1 is-layout-flex wp-block-gallery-is-layout-flex\"><ul class=\"blocks-gallery-grid\"><li class=\"blocks-gallery-item\"><figure><img loading=\"lazy\" decoding=\"async\" width=\"1024\" height=\"768\" src=\"https:\/\/nikkeischolarship.org\/pt\/wp\/wp-content\/uploads\/2020\/01\/IMG_6402-1024x768.jpg\" alt=\"\" data-id=\"69\" data-full-url=\"https:\/\/nikkeischolarship.org\/pt\/wp\/wp-content\/uploads\/2020\/01\/IMG_6402-scaled.jpg\" data-link=\"https:\/\/nikkeischolarship.org\/pt\/img_6402\/\" class=\"wp-image-69\" srcset=\"https:\/\/nikkeischolarship.org\/pt\/wp\/wp-content\/uploads\/2020\/01\/IMG_6402-1024x768.jpg 1024w, https:\/\/nikkeischolarship.org\/pt\/wp\/wp-content\/uploads\/2020\/01\/IMG_6402-300x225.jpg 300w, https:\/\/nikkeischolarship.org\/pt\/wp\/wp-content\/uploads\/2020\/01\/IMG_6402-768x576.jpg 768w, https:\/\/nikkeischolarship.org\/pt\/wp\/wp-content\/uploads\/2020\/01\/IMG_6402-1536x1152.jpg 1536w, https:\/\/nikkeischolarship.org\/pt\/wp\/wp-content\/uploads\/2020\/01\/IMG_6402-2048x1536.jpg 2048w\" sizes=\"auto, (max-width: 1024px) 100vw, 1024px\" \/><figcaption class=\"blocks-gallery-item__caption\">Experimentar as culturas tradicionais do Jap\u00e3o<\/figcaption><\/figure><\/li><li class=\"blocks-gallery-item\"><figure><img loading=\"lazy\" decoding=\"async\" width=\"1024\" height=\"768\" src=\"https:\/\/nikkeischolarship.org\/pt\/wp\/wp-content\/uploads\/2020\/01\/DSC02282-1024x768.jpg\" alt=\"\" data-id=\"66\" data-full-url=\"https:\/\/nikkeischolarship.org\/pt\/wp\/wp-content\/uploads\/2020\/01\/DSC02282-scaled.jpg\" data-link=\"https:\/\/nikkeischolarship.org\/pt\/dsc02282\/\" class=\"wp-image-66\" srcset=\"https:\/\/nikkeischolarship.org\/pt\/wp\/wp-content\/uploads\/2020\/01\/DSC02282-1024x768.jpg 1024w, https:\/\/nikkeischolarship.org\/pt\/wp\/wp-content\/uploads\/2020\/01\/DSC02282-300x225.jpg 300w, https:\/\/nikkeischolarship.org\/pt\/wp\/wp-content\/uploads\/2020\/01\/DSC02282-768x576.jpg 768w, https:\/\/nikkeischolarship.org\/pt\/wp\/wp-content\/uploads\/2020\/01\/DSC02282-1536x1152.jpg 1536w, https:\/\/nikkeischolarship.org\/pt\/wp\/wp-content\/uploads\/2020\/01\/DSC02282-2048x1536.jpg 2048w\" sizes=\"auto, (max-width: 1024px) 100vw, 1024px\" \/><figcaption class=\"blocks-gallery-item__caption\">Visita ao Centro de Apoio aos Jogos Paraol\u00edmpicos da Nippon Zaidan<\/figcaption><\/figure><\/li><\/ul><\/figure>\n\n\n\n<h3 class=\"midashi02\">Participa\u00e7\u00e3o na Conven\u00e7\u00e3o de Nikkeis e Japoneses no Exterior<\/h3>\n\n\n\n<p>Os bolsistas participam da Conven\u00e7\u00e3o de Nikkeis e Japoneses no Exterior organizada pela Associa\u00e7\u00e3o Kaigai Nikkeijin Kyokai e divulgam ativamente a opini\u00e3o dos jovens Nikkeis, por meio de discuss\u00f5es e propostas no subcomit\u00ea de jovens Nikkeis.<\/p>\n\n\n\n<figure class=\"wp-block-gallery columns-2 is-cropped wp-block-gallery-2 is-layout-flex wp-block-gallery-is-layout-flex\"><ul class=\"blocks-gallery-grid\"><li class=\"blocks-gallery-item\"><figure><img loading=\"lazy\" decoding=\"async\" width=\"516\" height=\"343\" src=\"https:\/\/nikkeischolarship.org\/pt\/wp\/wp-content\/uploads\/2020\/01\/taikai_youth.png\" alt=\"\" data-id=\"101\" data-full-url=\"https:\/\/nikkeischolarship.org\/pt\/wp\/wp-content\/uploads\/2020\/01\/taikai_youth.png\" data-link=\"https:\/\/nikkeischolarship.org\/pt\/taikai_youth\/\" class=\"wp-image-101\" srcset=\"https:\/\/nikkeischolarship.org\/pt\/wp\/wp-content\/uploads\/2020\/01\/taikai_youth.png 516w, https:\/\/nikkeischolarship.org\/pt\/wp\/wp-content\/uploads\/2020\/01\/taikai_youth-300x199.png 300w\" sizes=\"auto, (max-width: 516px) 100vw, 516px\" \/><figcaption class=\"blocks-gallery-item__caption\">Conven\u00e7\u00e3o de Nikkeis e Japoneses no Exterior \u30fb Subcomit\u00ea de jovens<\/figcaption><\/figure><\/li><li class=\"blocks-gallery-item\"><figure><img loading=\"lazy\" decoding=\"async\" width=\"537\" height=\"358\" src=\"https:\/\/nikkeischolarship.org\/pt\/wp\/wp-content\/uploads\/2020\/01\/taikai_youth2.png\" alt=\"\" data-id=\"102\" data-full-url=\"https:\/\/nikkeischolarship.org\/pt\/wp\/wp-content\/uploads\/2020\/01\/taikai_youth2.png\" data-link=\"https:\/\/nikkeischolarship.org\/pt\/taikai_youth2\/\" class=\"wp-image-102\" srcset=\"https:\/\/nikkeischolarship.org\/pt\/wp\/wp-content\/uploads\/2020\/01\/taikai_youth2.png 537w, https:\/\/nikkeischolarship.org\/pt\/wp\/wp-content\/uploads\/2020\/01\/taikai_youth2-300x200.png 300w\" sizes=\"auto, (max-width: 537px) 100vw, 537px\" \/><figcaption class=\"blocks-gallery-item__caption\">Conven\u00e7\u00e3o de Nikkeis e Japoneses no Exterior \u30fb discurso do representante jovem na Conven\u00e7\u00e3o do Hava\u00ed<\/figcaption><\/figure><\/li><\/ul><\/figure>\n\n\n\n<h3 class=\"midashi02\">Concurso de orat\u00f3ria em l\u00edngua japonesa da NFSA<\/h3>\n\n\n\n<p>O Concurso de orat\u00f3ria em l\u00edngua japonesa foi realizado por cinco anos\ndesde 2014, no edif\u00edcio da Nippon Zaidan, voltado \u00e0s crian\u00e7as provenientes da\nAm\u00e9rica Latina, principalmente alunos das escolas brasileiras no Jap\u00e3o.<\/p>\n\n\n\n<p>O Concurso de orat\u00f3ria foi uma oportunidade preciosa para as crian\u00e7as\nprovenientes da Am\u00e9rica Latina que moram no Jap\u00e3o poderem apresentar os\nresultados dos seus estudos de japon\u00eas do dia a dia. Ele foi realizado tamb\u00e9m\npara promover a compreens\u00e3o e o interc\u00e2mbio m\u00fatuos entre os japoneses e os\nlatino-americanos que moram no Jap\u00e3o, por meio do compartilhamento do modo de\npensar e das experi\u00eancias diversificados do Jap\u00e3o e da Am\u00e9rica Latina, entre as\ncrian\u00e7as que fizeram a apresenta\u00e7\u00e3o e os ouvintes, a fim de proporcionar novas\nperspectivas para ambas as partes.<\/p>\n\n\n\n<p>Alunos principalmente das escolas brasileiras e peruanas do Jap\u00e3o, com\nsete anos ou mais, fizeram o discurso em japon\u00eas com os seguintes temas: \u201cEu, a\nAm\u00e9rica Latina e o Jap\u00e3o\u201d, \u201cMeu sonho\u201d, \u201cCarta para mim, no futuro\u201d e \u201cComo\nconstruir um mundo ainda melhor\u201d. Os vencedores fizeram discursos na Conven\u00e7\u00e3o\nde Nikkeis e Japoneses no Exterior, realizada no Kensei Kinenkan.<\/p>\n\n\n\n<figure class=\"wp-block-gallery columns-1 is-cropped wp-block-gallery-3 is-layout-flex wp-block-gallery-is-layout-flex\"><ul class=\"blocks-gallery-grid\"><li class=\"blocks-gallery-item\"><figure><img loading=\"lazy\" decoding=\"async\" width=\"675\" height=\"379\" src=\"https:\/\/nikkeischolarship.org\/pt\/wp\/wp-content\/uploads\/2020\/01\/speach_con.png\" alt=\"\" data-id=\"100\" data-full-url=\"https:\/\/nikkeischolarship.org\/pt\/wp\/wp-content\/uploads\/2020\/01\/speach_con.png\" data-link=\"https:\/\/nikkeischolarship.org\/pt\/speach_con\/\" class=\"wp-image-100\" srcset=\"https:\/\/nikkeischolarship.org\/pt\/wp\/wp-content\/uploads\/2020\/01\/speach_con.png 675w, https:\/\/nikkeischolarship.org\/pt\/wp\/wp-content\/uploads\/2020\/01\/speach_con-300x168.png 300w\" sizes=\"auto, (max-width: 675px) 100vw, 675px\" \/><\/figure><\/li><\/ul><\/figure>\n\n\n\n<h3 class=\"midashi02\">Concurso de desenho da NFSA<\/h3>\n\n\n\n<p>Em 2009 foi realizado o \u201cConcurso de desenho: Meu mundo, minha alegria\u201d\ncom o objetivo de oferecer \u00e0s crian\u00e7as que t\u00eam rela\u00e7\u00e3o com os pa\u00edses do\nexterior, principalmente aos Nikkeis que moram no Jap\u00e3o, um local para se\nexpressarem. Ele foi planejado e realizado para que as crian\u00e7as que n\u00e3o conseguem se\nexpressar bem em japon\u00eas pudessem expressar o seu mundo por meio do desenho e\nperceber a import\u00e2ncia e a alegria de se autoexpressar.<\/p>\n\n\n\n<p>Em 2010 o Museu da Migra\u00e7\u00e3o Japonesa ao Exterior da JICA fez uma\nexposi\u00e7\u00e3o dos desenhos dessas crian\u00e7as na sua sala de exibi\u00e7\u00e3o. Foi realizado\ntamb\u00e9m o simp\u00f3sio \u201cAs crian\u00e7as Nikkeis de hoje\u201d, divulgado para o p\u00fablico em\ngeral, organizado pelos bolsistas da NFSA, como um evento relacionado. Nesse\nsimp\u00f3sio, foram feitas apresenta\u00e7\u00f5es sobre o ambiente que envolve as crian\u00e7as\nNikkeis residentes no Jap\u00e3o, do ponto de vista dos bolsistas Nikkeis que\nestudam no Jap\u00e3o, tendo como pano de fundo os problemas da vida cotidiana,\nabandono dos estudos, relacionamento entre pais e filhos, identidade e outros.<\/p>\n\n\n\n<figure class=\"wp-block-gallery columns-2 is-cropped wp-block-gallery-4 is-layout-flex wp-block-gallery-is-layout-flex\"><ul class=\"blocks-gallery-grid\"><li class=\"blocks-gallery-item\"><figure><img loading=\"lazy\" decoding=\"async\" width=\"477\" height=\"337\" src=\"https:\/\/nikkeischolarship.org\/pt\/wp\/wp-content\/uploads\/2020\/01\/kaiga.png\" alt=\"\" data-id=\"95\" data-full-url=\"https:\/\/nikkeischolarship.org\/pt\/wp\/wp-content\/uploads\/2020\/01\/kaiga.png\" data-link=\"https:\/\/nikkeischolarship.org\/pt\/kaiga\/\" class=\"wp-image-95\" srcset=\"https:\/\/nikkeischolarship.org\/pt\/wp\/wp-content\/uploads\/2020\/01\/kaiga.png 477w, https:\/\/nikkeischolarship.org\/pt\/wp\/wp-content\/uploads\/2020\/01\/kaiga-300x212.png 300w\" sizes=\"auto, (max-width: 477px) 100vw, 477px\" \/><\/figure><\/li><li class=\"blocks-gallery-item\"><figure><img loading=\"lazy\" decoding=\"async\" width=\"460\" height=\"327\" src=\"https:\/\/nikkeischolarship.org\/pt\/wp\/wp-content\/uploads\/2020\/01\/kaiga2.png\" alt=\"\" data-id=\"96\" data-full-url=\"https:\/\/nikkeischolarship.org\/pt\/wp\/wp-content\/uploads\/2020\/01\/kaiga2.png\" data-link=\"https:\/\/nikkeischolarship.org\/pt\/kaiga2\/\" class=\"wp-image-96\" srcset=\"https:\/\/nikkeischolarship.org\/pt\/wp\/wp-content\/uploads\/2020\/01\/kaiga2.png 460w, https:\/\/nikkeischolarship.org\/pt\/wp\/wp-content\/uploads\/2020\/01\/kaiga2-300x213.png 300w\" sizes=\"auto, (max-width: 460px) 100vw, 460px\" \/><\/figure><\/li><\/ul><\/figure>\n\n\n\n<h3 class=\"midashi02\">Projeto nas escolas (Aulas visitando as escolas)<\/h3>\n\n\n\n<p>Os filhos de Nikkeis no Jap\u00e3o enfrentam muitos problemas, por exemplo, dificuldades de idealizar sonhos para o futuro por causa dos problemas econ\u00f4micos e problemas educacionais, como o n\u00edvel de japon\u00eas insuficiente, entre outros. Os bolsistas t\u00eam visitado as escolas brasileiras e peruanas do Jap\u00e3o, bem como as escolas p\u00fablicas do Jap\u00e3o, para oferecer a esses filhos de Nikkeis orienta\u00e7\u00e3o sobre os cursos, sobre as profiss\u00f5es e sobre a nutri\u00e7\u00e3o, bem como para realizar diversas oficinas, utilizando suas respectivas especializa\u00e7\u00f5es, a fim de lhes oferecer esperan\u00e7as para o futuro e motiva\u00e7\u00e3o para estudar, amenizando por pouco que seja a sua preocupa\u00e7\u00e3o, transmitindo-lhes a import\u00e2ncia de ampliar o seu horizonte e ter sonhos para o futuro.<br>\nContinuamos realizando as atividades acreditando que podemos encorajar os filhos de Nikkeis no Jap\u00e3o, mostrando os bolsistas Nikkeis que possuem a mesma raiz, atuando nas suas respectivas \u00e1reas, com autoconfian\u00e7a, fazendo uso dos seus pontos fortes.<\/p>\n\n\n\n<figure class=\"wp-block-gallery columns-2 is-cropped wp-block-gallery-5 is-layout-flex wp-block-gallery-is-layout-flex\"><ul class=\"blocks-gallery-grid\"><li class=\"blocks-gallery-item\"><figure><img loading=\"lazy\" decoding=\"async\" width=\"514\" height=\"289\" src=\"https:\/\/nikkeischolarship.org\/pt\/wp\/wp-content\/uploads\/2020\/01\/demae.png\" alt=\"\" data-id=\"91\" data-full-url=\"https:\/\/nikkeischolarship.org\/pt\/wp\/wp-content\/uploads\/2020\/01\/demae.png\" data-link=\"https:\/\/nikkeischolarship.org\/pt\/demae\/\" class=\"wp-image-91\" srcset=\"https:\/\/nikkeischolarship.org\/pt\/wp\/wp-content\/uploads\/2020\/01\/demae.png 514w, https:\/\/nikkeischolarship.org\/pt\/wp\/wp-content\/uploads\/2020\/01\/demae-300x169.png 300w\" sizes=\"auto, (max-width: 514px) 100vw, 514px\" \/><\/figure><\/li><li class=\"blocks-gallery-item\"><figure><img loading=\"lazy\" decoding=\"async\" width=\"499\" height=\"333\" src=\"https:\/\/nikkeischolarship.org\/pt\/wp\/wp-content\/uploads\/2020\/01\/demae2.png\" alt=\"\" data-id=\"92\" data-full-url=\"https:\/\/nikkeischolarship.org\/pt\/wp\/wp-content\/uploads\/2020\/01\/demae2.png\" data-link=\"https:\/\/nikkeischolarship.org\/pt\/demae2\/\" class=\"wp-image-92\" srcset=\"https:\/\/nikkeischolarship.org\/pt\/wp\/wp-content\/uploads\/2020\/01\/demae2.png 499w, https:\/\/nikkeischolarship.org\/pt\/wp\/wp-content\/uploads\/2020\/01\/demae2-300x200.png 300w\" sizes=\"auto, (max-width: 499px) 100vw, 499px\" \/><\/figure><\/li><\/ul><\/figure>\n\n\n\n<h3 class=\"midashi02\">Al\u00e9m dessas atividades, s\u00e3o realizadas muitas outras.<\/h3>\n\n\n\n<h4 class=\"wp-block-heading\"><strong>Oficina e apresenta\u00e7\u00e3o da NFSA<\/strong><\/h4>\n\n\n\n<p style=\"padding-left:2em\">Oportunidade para os bolsistas da NFSA apresentarem a pr\u00f3pria pesquisa e aprenderem mutuamente.<\/p>\n\n\n\n<figure class=\"wp-block-gallery columns-2 is-cropped wp-block-gallery-6 is-layout-flex wp-block-gallery-is-layout-flex\"><ul class=\"blocks-gallery-grid\"><li class=\"blocks-gallery-item\"><figure><img loading=\"lazy\" decoding=\"async\" width=\"1024\" height=\"576\" src=\"https:\/\/nikkeischolarship.org\/pt\/wp\/wp-content\/uploads\/2020\/01\/workshop1-1024x576.jpg\" alt=\"\" data-id=\"78\" data-full-url=\"https:\/\/nikkeischolarship.org\/pt\/wp\/wp-content\/uploads\/2020\/01\/workshop1-scaled.jpg\" data-link=\"https:\/\/nikkeischolarship.org\/pt\/workshop1\/\" class=\"wp-image-78\" srcset=\"https:\/\/nikkeischolarship.org\/pt\/wp\/wp-content\/uploads\/2020\/01\/workshop1-1024x576.jpg 1024w, https:\/\/nikkeischolarship.org\/pt\/wp\/wp-content\/uploads\/2020\/01\/workshop1-300x169.jpg 300w, https:\/\/nikkeischolarship.org\/pt\/wp\/wp-content\/uploads\/2020\/01\/workshop1-768x432.jpg 768w, https:\/\/nikkeischolarship.org\/pt\/wp\/wp-content\/uploads\/2020\/01\/workshop1-1536x864.jpg 1536w, https:\/\/nikkeischolarship.org\/pt\/wp\/wp-content\/uploads\/2020\/01\/workshop1-2048x1151.jpg 2048w\" sizes=\"auto, (max-width: 1024px) 100vw, 1024px\" \/><\/figure><\/li><li class=\"blocks-gallery-item\"><figure><img loading=\"lazy\" decoding=\"async\" width=\"1024\" height=\"576\" src=\"https:\/\/nikkeischolarship.org\/pt\/wp\/wp-content\/uploads\/2020\/01\/workshop2-1024x576.jpg\" alt=\"\" data-id=\"79\" data-full-url=\"https:\/\/nikkeischolarship.org\/pt\/wp\/wp-content\/uploads\/2020\/01\/workshop2-scaled.jpg\" data-link=\"https:\/\/nikkeischolarship.org\/pt\/workshop2\/\" class=\"wp-image-79\" srcset=\"https:\/\/nikkeischolarship.org\/pt\/wp\/wp-content\/uploads\/2020\/01\/workshop2-1024x576.jpg 1024w, https:\/\/nikkeischolarship.org\/pt\/wp\/wp-content\/uploads\/2020\/01\/workshop2-300x169.jpg 300w, https:\/\/nikkeischolarship.org\/pt\/wp\/wp-content\/uploads\/2020\/01\/workshop2-768x432.jpg 768w, https:\/\/nikkeischolarship.org\/pt\/wp\/wp-content\/uploads\/2020\/01\/workshop2-1536x864.jpg 1536w, https:\/\/nikkeischolarship.org\/pt\/wp\/wp-content\/uploads\/2020\/01\/workshop2-2048x1151.jpg 2048w\" sizes=\"auto, (max-width: 1024px) 100vw, 1024px\" \/><\/figure><\/li><\/ul><\/figure>\n\n\n\n<h4 class=\"wp-block-heading\"><strong>Projeto de interc\u00e2mbio internacional nas escolas profissionalizantes<\/strong><\/h4>\n\n\n\n<p style=\"padding-left:2em\">Projeto para transmitir aos estudantes japoneses das escolas profissionalizantes a hist\u00f3ria da migra\u00e7\u00e3o japonesa ao exterior e a comunidade Nikkei, e fazer interc\u00e2mbio com os bolsistas Nikkeis.<\/p>\n\n\n\n<figure class=\"wp-block-gallery columns-2 is-cropped wp-block-gallery-7 is-layout-flex wp-block-gallery-is-layout-flex\"><ul class=\"blocks-gallery-grid\"><li class=\"blocks-gallery-item\"><figure><img loading=\"lazy\" decoding=\"async\" width=\"1024\" height=\"576\" src=\"https:\/\/nikkeischolarship.org\/pt\/wp\/wp-content\/uploads\/2020\/01\/senmongakko1-1024x576.jpg\" alt=\"\" data-id=\"76\" data-full-url=\"https:\/\/nikkeischolarship.org\/pt\/wp\/wp-content\/uploads\/2020\/01\/senmongakko1-scaled.jpg\" data-link=\"https:\/\/nikkeischolarship.org\/pt\/senmongakko1\/\" class=\"wp-image-76\" srcset=\"https:\/\/nikkeischolarship.org\/pt\/wp\/wp-content\/uploads\/2020\/01\/senmongakko1-1024x576.jpg 1024w, https:\/\/nikkeischolarship.org\/pt\/wp\/wp-content\/uploads\/2020\/01\/senmongakko1-300x169.jpg 300w, https:\/\/nikkeischolarship.org\/pt\/wp\/wp-content\/uploads\/2020\/01\/senmongakko1-768x432.jpg 768w, https:\/\/nikkeischolarship.org\/pt\/wp\/wp-content\/uploads\/2020\/01\/senmongakko1-1536x864.jpg 1536w, https:\/\/nikkeischolarship.org\/pt\/wp\/wp-content\/uploads\/2020\/01\/senmongakko1-2048x1151.jpg 2048w\" sizes=\"auto, (max-width: 1024px) 100vw, 1024px\" \/><\/figure><\/li><li class=\"blocks-gallery-item\"><figure><img loading=\"lazy\" decoding=\"async\" width=\"1024\" height=\"576\" src=\"https:\/\/nikkeischolarship.org\/pt\/wp\/wp-content\/uploads\/2020\/01\/kokusaievent2-1024x576.jpg\" alt=\"\" data-id=\"72\" data-full-url=\"https:\/\/nikkeischolarship.org\/pt\/wp\/wp-content\/uploads\/2020\/01\/kokusaievent2-scaled.jpg\" data-link=\"https:\/\/nikkeischolarship.org\/pt\/kokusaievent2\/\" class=\"wp-image-72\" srcset=\"https:\/\/nikkeischolarship.org\/pt\/wp\/wp-content\/uploads\/2020\/01\/kokusaievent2-1024x576.jpg 1024w, https:\/\/nikkeischolarship.org\/pt\/wp\/wp-content\/uploads\/2020\/01\/kokusaievent2-300x169.jpg 300w, https:\/\/nikkeischolarship.org\/pt\/wp\/wp-content\/uploads\/2020\/01\/kokusaievent2-768x432.jpg 768w, https:\/\/nikkeischolarship.org\/pt\/wp\/wp-content\/uploads\/2020\/01\/kokusaievent2-1536x864.jpg 1536w, https:\/\/nikkeischolarship.org\/pt\/wp\/wp-content\/uploads\/2020\/01\/kokusaievent2-2048x1151.jpg 2048w\" sizes=\"auto, (max-width: 1024px) 100vw, 1024px\" \/><\/figure><\/li><\/ul><\/figure>\n\n\n\n<h4 class=\"wp-block-heading\"><strong>Participa\u00e7\u00e3o com estandes nos eventos internacionais<\/strong><\/h4>\n\n\n\n<p style=\"padding-left:2em\">Participa\u00e7\u00e3o com estandes da NFSA em eventos internacionais realizados em v\u00e1rias regi\u00f5es do Jap\u00e3o, como Festival do Paraguai e Festival de Interc\u00e2mbio Internacional de Kakegawa, para divulgar amplamente as atividades da NFSA e sobre os Nikkeis.\nAviso da Associa\u00e7\u00e3o dos Bolsistas (NFSA)\n<\/p>\n\n\n\n<figure class=\"wp-block-gallery columns-2 is-cropped wp-block-gallery-8 is-layout-flex wp-block-gallery-is-layout-flex\"><ul class=\"blocks-gallery-grid\"><li class=\"blocks-gallery-item\"><figure><img loading=\"lazy\" decoding=\"async\" width=\"960\" height=\"540\" src=\"https:\/\/nikkeischolarship.org\/pt\/wp\/wp-content\/uploads\/2020\/01\/kokusaievent1.jpg\" alt=\"\" data-id=\"71\" data-full-url=\"https:\/\/nikkeischolarship.org\/pt\/wp\/wp-content\/uploads\/2020\/01\/kokusaievent1.jpg\" data-link=\"https:\/\/nikkeischolarship.org\/pt\/kokusaievent1\/\" class=\"wp-image-71\" srcset=\"https:\/\/nikkeischolarship.org\/pt\/wp\/wp-content\/uploads\/2020\/01\/kokusaievent1.jpg 960w, https:\/\/nikkeischolarship.org\/pt\/wp\/wp-content\/uploads\/2020\/01\/kokusaievent1-300x169.jpg 300w, https:\/\/nikkeischolarship.org\/pt\/wp\/wp-content\/uploads\/2020\/01\/kokusaievent1-768x432.jpg 768w\" sizes=\"auto, (max-width: 960px) 100vw, 960px\" \/><\/figure><\/li><li class=\"blocks-gallery-item\"><figure><img loading=\"lazy\" decoding=\"async\" width=\"640\" height=\"480\" src=\"https:\/\/nikkeischolarship.org\/pt\/wp\/wp-content\/uploads\/2020\/01\/senmongakko2.jpg\" alt=\"\" data-id=\"77\" data-full-url=\"https:\/\/nikkeischolarship.org\/pt\/wp\/wp-content\/uploads\/2020\/01\/senmongakko2.jpg\" data-link=\"https:\/\/nikkeischolarship.org\/pt\/senmongakko2\/\" class=\"wp-image-77\" srcset=\"https:\/\/nikkeischolarship.org\/pt\/wp\/wp-content\/uploads\/2020\/01\/senmongakko2.jpg 640w, https:\/\/nikkeischolarship.org\/pt\/wp\/wp-content\/uploads\/2020\/01\/senmongakko2-300x225.jpg 300w\" sizes=\"auto, (max-width: 640px) 100vw, 640px\" \/><\/figure><\/li><\/ul><\/figure>\n","protected":false},"excerpt":{"rendered":"Treinamentos Para a forma\u00e7\u00e3o de recursos humanos que contribuem para a promo\u00e7\u00e3o da compreens\u00e3o entre...","protected":false},"author":1,"featured_media":0,"parent":0,"menu_order":0,"comment_status":"closed","ping_status":"closed","template":"","meta":{"footnotes":""},"class_list":["post-194","page","type-page","status-publish","hentry"],"_links":{"self":[{"href":"https:\/\/nikkeischolarship.org\/pt\/wp-json\/wp\/v2\/pages\/194","targetHints":{"allow":["GET"]}}],"collection":[{"href":"https:\/\/nikkeischolarship.org\/pt\/wp-json\/wp\/v2\/pages"}],"about":[{"href":"https:\/\/nikkeischolarship.org\/pt\/wp-json\/wp\/v2\/types\/page"}],"author":[{"embeddable":true,"href":"https:\/\/nikkeischolarship.org\/pt\/wp-json\/wp\/v2\/users\/1"}],"replies":[{"embeddable":true,"href":"https:\/\/nikkeischolarship.org\/pt\/wp-json\/wp\/v2\/comments?post=194"}],"version-history":[{"count":6,"href":"https:\/\/nikkeischolarship.org\/pt\/wp-json\/wp\/v2\/pages\/194\/revisions"}],"predecessor-version":[{"id":202,"href":"https:\/\/nikkeischolarship.org\/pt\/wp-json\/wp\/v2\/pages\/194\/revisions\/202"}],"wp:attachment":[{"href":"https:\/\/nikkeischolarship.org\/pt\/wp-json\/wp\/v2\/media?parent=194"}],"curies":[{"name":"wp","href":"https:\/\/api.w.org\/{rel}","templated":true}]}}