{"id":217,"date":"2020-03-05T17:27:41","date_gmt":"2020-03-05T08:27:41","guid":{"rendered":"https:\/\/nikkeischolarship.org\/pt\/?page_id=217"},"modified":"2020-03-05T17:27:42","modified_gmt":"2020-03-05T08:27:42","slug":"02yamamoto","status":"publish","type":"page","link":"https:\/\/nikkeischolarship.org\/pt\/02yamamoto\/","title":{"rendered":"02yamamoto"},"content":{"rendered":"\n<figure class=\"wp-block-gallery columns-1 is-cropped wp-block-gallery-1 is-layout-flex wp-block-gallery-is-layout-flex\"><ul class=\"blocks-gallery-grid\"><li class=\"blocks-gallery-item\"><figure><img loading=\"lazy\" decoding=\"async\" width=\"960\" height=\"720\" src=\"https:\/\/nikkeischolarship.org\/pt\/wp\/wp-content\/uploads\/2020\/03\/2.1yamamoto_gakuseikinen.jpg\" alt=\"\" data-id=\"218\" data-full-url=\"https:\/\/nikkeischolarship.org\/pt\/wp\/wp-content\/uploads\/2020\/03\/2.1yamamoto_gakuseikinen.jpg\" data-link=\"https:\/\/nikkeischolarship.org\/pt\/?attachment_id=218\" class=\"wp-image-218\" srcset=\"https:\/\/nikkeischolarship.org\/pt\/wp\/wp-content\/uploads\/2020\/03\/2.1yamamoto_gakuseikinen.jpg 960w, https:\/\/nikkeischolarship.org\/pt\/wp\/wp-content\/uploads\/2020\/03\/2.1yamamoto_gakuseikinen-300x225.jpg 300w, https:\/\/nikkeischolarship.org\/pt\/wp\/wp-content\/uploads\/2020\/03\/2.1yamamoto_gakuseikinen-768x576.jpg 768w\" sizes=\"auto, (max-width: 960px) 100vw, 960px\" \/><\/figure><\/li><\/ul><\/figure>\n\n\n\n<h3 class=\"midashi01\">Porque escolhou o Jap\u00e3o para estudar?<\/strong><\/h3>\n\n\n\n<p>Cerca de um ano ap\u00f3s graduar-me em Engenharia Agron\u00f4mica pela Universidade Estadual Paulista (UNESP), tive a oportunidade de realizar um est\u00e1gio de longa dura\u00e7\u00e3o\u00a0 (1 ano) com produ\u00e7\u00e3o de pera japonesa no Jap\u00e3o, pela Japan International Cooperation Agency (JICA). Tive a oportunidade de colocar em pr\u00e1tica a experi\u00eancia adquirida no pomar dos meus pais no Brasil, obtendo bons resultados que chamaram a aten\u00e7\u00e3o de outros produtores. Pensei na possibilidade de \u201ctestar\u201d mais coisas simultaneamente, uma vez que, por ser uma planta perene, os resultados demoram pelo menos um ano para aparecer. E nessa mesma \u00e9poca, soube da bolsa \u201cNikkei Scholarship\u201d, que estava na sua \u00faltima semana de inscri\u00e7\u00e3o. Como eu queria trabalhar com pera japonesa, n\u00e3o pensei em outro lugar que n\u00e3o fosse o Jap\u00e3o.<\/p>\n\n\n\n<h3 class=\"midashi01\">Como foi a estadia no Jap\u00e3o?<\/strong><\/h3>\n\n\n\n<p>Como eu j\u00e1 tinha ido ao Jap\u00e3o em outras ocasi\u00f5es e meu idioma materno \u00e9 o japon\u00eas, n\u00e3o tive maiores dificuldades para adaptar-me. Por\u00e9m, pelo fato de estar trabalhando at\u00e9 momentos antes do embarque, e por ter participado do processo seletivo para ingressar no mestrado em ingl\u00eas e japon\u00eas, o in\u00edcio foi de muito esfor\u00e7o e concentra\u00e7\u00e3o. <\/p>\n\n\n\n<h3 class=\"midashi01\">Qual foi a forma de estudos e pesquisas?<\/strong><\/h3>\n\n\n\n<p>Realizei pesquisa na \u00e1rea de Agronomia, Fruticultura, Ecofisiologia de Esp\u00e9cies Frut\u00edferas de Clima Temperado, no Programa de P\u00f3s-Gradua\u00e7\u00e3o da Universidade de Tsukuba, durante 5 anos (mestrado e doutorado). Tentei analisar os efeitos das mudan\u00e7as clim\u00e1ticas na fisiologia e produ\u00e7\u00e3o das plantas. Como foi um projeto que contou com a participa\u00e7\u00e3o de in\u00fameras institui\u00e7\u00f5es (National Institute of Fruit Tree Science, Food Research Institute, EMBRAPA), tive a oportunidade de trabalhar com v\u00e1rios pesquisadores. Durante o per\u00edodo da bolsa, coordenei um programa de est\u00e1gio oferecido pela JICA (Japan International Cooperation Agency) em que agricultores da Am\u00e9rica Latina puderam conhecer os resultados da minha pesquisa.<\/p>\n\n\n\n<h3 class=\"midashi01\">Atrav\u00e9s do estudo no exterior, houve alguma mudan\u00e7a  na sua consci\u00eancia como Nikkei?<\/strong><\/h3>\n\n\n\n<p>Sim, mudou. Quando cheguei ao Jap\u00e3o a quest\u00e3o da \u201cidentidade Nikkei\u201d talvez fosse mais forte. Por\u00e9m, ao conhecer pessoas do mundo todo, creio que passei a tratar como um \u201ccidad\u00e3o do mundo\u201d.<\/p>\n\n\n\n<h3 class=\"midashi01\">Ap\u00f3s o terminar os estudos,  pode nos contar qual o caminho que seguir\u00e1?<\/strong><\/h3>\n\n\n\n<p>Ap\u00f3s finalizar meu doutorado regressei ao Brasil, e passei pelo processo de revalida\u00e7\u00e3o dos t\u00edtulos. Fiz na Universidade Federal de Pelotas (UFPel), e na mesma institui\u00e7\u00e3o permaneci por 5 anos realizando 2 p\u00f3s-doutoramentos. No meu 6\u00ba ano ap\u00f3s o regresso consegui uma vaga como Professor Efetivo (Adjunto) na Universidade Federal de S\u00e3o Carlos (UFSCar), Centro de Ci\u00eancias da Natureza (CCN). L\u00e1 sou respons\u00e1vel pela Fruticultura, dentro do curso de Engenharia Agron\u00f4mica. E ainda sigo trabalhando com o objeto de estudo da minha p\u00f3s-gradua\u00e7\u00e3o realizada atrav\u00e9s da bolsa \u201cNikkei Scholarship\u201d.<\/p>\n\n\n\n<h3 class=\"midashi01\">Deixe uma mensagem para aqueles que est\u00e3o pensando em estudar no exterior.<\/strong><\/h3>\n\n\n\n<p>O mais importante \u00e9 escrever a reda\u00e7\u00e3o com o cora\u00e7\u00e3o, sendo sincero consigo mesmo. Digo isso porque, durante e ap\u00f3s o per\u00edodo da bolsa de estudos, essa reda\u00e7\u00e3o ser\u00e1 o seu apoio, seu Norte. Mais do que o dom\u00ednio do idioma ou seu hist\u00f3rico escolar, acredito que seja a vontade de encarar desafios. Importante tamb\u00e9m ter ideia do que pretende fazer ap\u00f3s finalizar a bolsa e regressar ao seu pa\u00eds, para que as decis\u00f5es a serem tomadas com rela\u00e7\u00e3o \u00e0 escolha profissional sejam mais criteriosas.<\/p>\n\n\n\n<figure class=\"wp-block-gallery columns-2 is-cropped wp-block-gallery-2 is-layout-flex wp-block-gallery-is-layout-flex\"><ul class=\"blocks-gallery-grid\"><li class=\"blocks-gallery-item\"><figure><img loading=\"lazy\" decoding=\"async\" width=\"960\" height=\"540\" src=\"https:\/\/nikkeischolarship.org\/pt\/wp\/wp-content\/uploads\/2020\/03\/2.2yamamoto_kenkyukeikaku.jpg\" alt=\"\" data-id=\"219\" data-full-url=\"https:\/\/nikkeischolarship.org\/pt\/wp\/wp-content\/uploads\/2020\/03\/2.2yamamoto_kenkyukeikaku.jpg\" data-link=\"https:\/\/nikkeischolarship.org\/pt\/?attachment_id=219\" class=\"wp-image-219\" srcset=\"https:\/\/nikkeischolarship.org\/pt\/wp\/wp-content\/uploads\/2020\/03\/2.2yamamoto_kenkyukeikaku.jpg 960w, https:\/\/nikkeischolarship.org\/pt\/wp\/wp-content\/uploads\/2020\/03\/2.2yamamoto_kenkyukeikaku-300x169.jpg 300w, https:\/\/nikkeischolarship.org\/pt\/wp\/wp-content\/uploads\/2020\/03\/2.2yamamoto_kenkyukeikaku-768x432.jpg 768w\" sizes=\"auto, (max-width: 960px) 100vw, 960px\" \/><\/figure><\/li><li class=\"blocks-gallery-item\"><figure><img loading=\"lazy\" decoding=\"async\" width=\"960\" height=\"540\" src=\"https:\/\/nikkeischolarship.org\/pt\/wp\/wp-content\/uploads\/2020\/03\/2.3yamamoto_sentei.jpg\" alt=\"\" data-id=\"220\" data-full-url=\"https:\/\/nikkeischolarship.org\/pt\/wp\/wp-content\/uploads\/2020\/03\/2.3yamamoto_sentei.jpg\" data-link=\"https:\/\/nikkeischolarship.org\/pt\/?attachment_id=220\" class=\"wp-image-220\" srcset=\"https:\/\/nikkeischolarship.org\/pt\/wp\/wp-content\/uploads\/2020\/03\/2.3yamamoto_sentei.jpg 960w, https:\/\/nikkeischolarship.org\/pt\/wp\/wp-content\/uploads\/2020\/03\/2.3yamamoto_sentei-300x169.jpg 300w, https:\/\/nikkeischolarship.org\/pt\/wp\/wp-content\/uploads\/2020\/03\/2.3yamamoto_sentei-768x432.jpg 768w\" sizes=\"auto, (max-width: 960px) 100vw, 960px\" \/><\/figure><\/li><\/ul><\/figure>\n","protected":false},"excerpt":{"rendered":"Porque escolhou o Jap\u00e3o para estudar? Cerca de um ano ap\u00f3s graduar-me em Engenharia Agron\u00f4mica pela ...","protected":false},"author":1,"featured_media":0,"parent":0,"menu_order":0,"comment_status":"closed","ping_status":"closed","template":"","meta":{"footnotes":""},"class_list":["post-217","page","type-page","status-publish","hentry"],"_links":{"self":[{"href":"https:\/\/nikkeischolarship.org\/pt\/wp-json\/wp\/v2\/pages\/217","targetHints":{"allow":["GET"]}}],"collection":[{"href":"https:\/\/nikkeischolarship.org\/pt\/wp-json\/wp\/v2\/pages"}],"about":[{"href":"https:\/\/nikkeischolarship.org\/pt\/wp-json\/wp\/v2\/types\/page"}],"author":[{"embeddable":true,"href":"https:\/\/nikkeischolarship.org\/pt\/wp-json\/wp\/v2\/users\/1"}],"replies":[{"embeddable":true,"href":"https:\/\/nikkeischolarship.org\/pt\/wp-json\/wp\/v2\/comments?post=217"}],"version-history":[{"count":1,"href":"https:\/\/nikkeischolarship.org\/pt\/wp-json\/wp\/v2\/pages\/217\/revisions"}],"predecessor-version":[{"id":221,"href":"https:\/\/nikkeischolarship.org\/pt\/wp-json\/wp\/v2\/pages\/217\/revisions\/221"}],"wp:attachment":[{"href":"https:\/\/nikkeischolarship.org\/pt\/wp-json\/wp\/v2\/media?parent=217"}],"curies":[{"name":"wp","href":"https:\/\/api.w.org\/{rel}","templated":true}]}}