{"id":225,"date":"2020-03-05T17:39:43","date_gmt":"2020-03-05T08:39:43","guid":{"rendered":"https:\/\/nikkeischolarship.org\/pt\/?page_id=225"},"modified":"2020-03-05T17:41:19","modified_gmt":"2020-03-05T08:41:19","slug":"05honma","status":"publish","type":"page","link":"https:\/\/nikkeischolarship.org\/pt\/05honma\/","title":{"rendered":"05honma"},"content":{"rendered":"\n<figure class=\"wp-block-gallery columns-1 is-cropped wp-block-gallery-1 is-layout-flex wp-block-gallery-is-layout-flex\"><ul class=\"blocks-gallery-grid\"><li class=\"blocks-gallery-item\"><figure><img loading=\"lazy\" decoding=\"async\" width=\"3352\" height=\"3384\" src=\"https:\/\/nikkeischolarship.org\/pt\/wp\/wp-content\/uploads\/2020\/03\/5.1honma_senmongakko.png\" alt=\"\" data-id=\"226\" data-full-url=\"https:\/\/nikkeischolarship.org\/pt\/wp\/wp-content\/uploads\/2020\/03\/5.1honma_senmongakko.png\" data-link=\"https:\/\/nikkeischolarship.org\/pt\/05honma\/5-1honma_senmongakko\/\" class=\"wp-image-226\" srcset=\"https:\/\/nikkeischolarship.org\/pt\/wp\/wp-content\/uploads\/2020\/03\/5.1honma_senmongakko.png 3352w, https:\/\/nikkeischolarship.org\/pt\/wp\/wp-content\/uploads\/2020\/03\/5.1honma_senmongakko-297x300.png 297w\" sizes=\"auto, (max-width: 3352px) 100vw, 3352px\" \/><\/figure><\/li><\/ul><\/figure>\n\n\n\n<h3 class=\"midashi01\">Porque escolhou o Jap\u00e3o para estudar?<\/strong><\/h3>\n\n\n\n<p>No Brasil, graduei-me em Fisioterapia e sempre acreditei que poderia unir a Fisioterapia \u00e0 Medicina Oriental, e isso traria um melhor tratamento para os pacientes. Quando eu era crian\u00e7a, vi meu pai receber algumas sess\u00f5es de Acupuntura de um acupunturista japon\u00eas, e fiquei admirada com a t\u00e9cnica. O tratamento teve resultado muito bom, e depois que cresci, comecei a  ter interesse na Acupuntura. <br>\nA Acupuntura japonesa, al\u00e9m de ser mais indolor, utiliza t\u00e9cnicas como a Moxabust\u00e3o, que \u00e9 muito eficiente. Al\u00e9m disso, o  Jap\u00e3o \u00e9 um pa\u00eds com alta expectativa de vida, e sempre acreditei que, para o paciente ter boa sa\u00fade, \u00e9 importante associarmos um bom estilo de vida, com alimenta\u00e7\u00e3o e exerc\u00edcios f\u00edsicos adequados. Queria assim, aprender mais sobre a sa\u00fade dos japoneses, para poder trazer esses conhecimentos e orientar os pacientes de meu pa\u00eds.<br>\nAl\u00e9m disso, sempre tive a vontade de conhecer o pa\u00eds de meus av\u00f3s, como estudante.<\/p>\n\n\n\n<h3 class=\"midashi01\">Como foi a estadia no Jap\u00e3o?<\/strong><\/h3>\n\n\n\n<p>No primeiro ano, morei em alojamento para estudantes estrangeiros, enquanto estudava o idioma. Depois, morando sozinha em apartamento, iniciei os estudos em Acupuntura, primeiramente como aluna ouvinte enquanto aprendia os termos t\u00e9cnicos, e posteriormente como aluna regular. Sentia muita dificuldade com o idioma, no entendimento das aulas e provas, por isso tinha que estudar muito para aprender as mat\u00e9rias. Para poder trabalhar com Acupuntura no Jap\u00e3o, al\u00e9m do curso, \u00e9 necess\u00e1ria a aprova\u00e7\u00e3o em um Exame Nacional. Ent\u00e3o, basicamente, vivia estudando muito e treinando para aprimorar as t\u00e9cnicas aprendidas nas aulas pr\u00e1ticas. Felizmente, consegui graduar-me no Senmongakko e tamb\u00e9m fui aprovada no Exame Nacional.<br>\nComo recebia a bolsa de estudos, n\u00e3o tinha que me preocupar com a parte financeira, e assim podia me concentrar nos meus estudos, o que foi bem importante para a minha forma\u00e7\u00e3o. Tamb\u00e9m participei de encontros e atividades para os estudantes. Sou muito grata por todo o suporte recebido da Nippon Foundation.<\/p>\n\n\n\n<h3 class=\"midashi01\">Qual foi a forma de estudos e pesquisas?<\/strong><\/h3>\n\n\n\n<p>Atualmente estou trabalhando em um consult\u00f3rio de Acupuntura e Fisioterapia. Nesse local, o foco maior \u00e9 a Acupuntura, e  estou conseguindo bons resultados, unindo as duas t\u00e9cnicas. Continuo estudando bastante, pois cada paciente requer uma avalia\u00e7\u00e3o individualizada, para escolha mais adequada do tratamento. Gosto muito de trabalhar com a Acupuntura, pois \u00e9 uma terapia complementar que trata o indiv\u00edduo globalmente, melhorando n\u00e3o apenas f\u00edsica mas emocionalmente. N\u00e3o tratamos apenas a doen\u00e7a, mas o indiv\u00edduo por inteiro.<br>\nAl\u00e9m do trabalho em consult\u00f3rio, tamb\u00e9m fa\u00e7o atendimentos domiciliares.<\/p>\n\n\n\n<h3 class=\"midashi01\">Atrav\u00e9s do estudo no exterior, houve alguma mudan\u00e7a  na sua consci\u00eancia como Nikkei?<\/strong><\/h3>\n\n\n\n<p>Acredito que, mesmo antes de ir ao Jap\u00e3o, j\u00e1 tinha a consci\u00eancia de ser Nikkei, mas aumentou minha identifica\u00e7\u00e3o como tal.<\/p>\n\n\n\n<h3 class=\"midashi01\">Ap\u00f3s o terminar os estudos,  pode nos contar qual o caminho que seguir\u00e1?<\/strong><\/h3>\n\n\n\n<p>No Jap\u00e3o, al\u00e9m de me graduar no Senmongakko fui aprovada no Exame Nacional, necess\u00e1rio para poder trabalhar com Acupuntura e Moxabust\u00e3o no Jap\u00e3o. Logo ap\u00f3s a formatura, regressei ao Brasil.<br>\nNo Brasil, a Acupuntura \u00e9 considerada especializa\u00e7\u00e3o em cursos na \u00e1rea de Sa\u00fade. Durante o per\u00edodo em que eu estava estudando no Jap\u00e3o, ficou decidido que todos os especialistas em Fisioterapia precisariam, ap\u00f3s o curso de especializa\u00e7\u00e3o, ser aprovados em um exame, para receberem seus t\u00edtulos. Esse exame demorou 4 anos para ser realizado. Em novembro de 2016 fui aprovada nesse exame, e agora posso trabalhar tamb\u00e9m como acupunturista sem problemas. <br>\nEnquanto me preparava para esse exame, trabalhei por um per\u00edodo apenas como fisioterapeuta.<\/p>\n\n\n\n<h3 class=\"midashi01\">Deixe uma mensagem para aqueles que est\u00e3o pensando em estudar no exterior.<\/strong><\/h3>\n\n\n\n<p>Se voc\u00ea tem o sonho de estudar no Jap\u00e3o, estude bastante! Estude o idioma, os costumes, diferen\u00e7as culturais. Esforce-se e aproveite bem o tempo, que passa muito r\u00e1pido! <\/p>\n\n\n\n<figure class=\"wp-block-gallery columns-1 is-cropped wp-block-gallery-2 is-layout-flex wp-block-gallery-is-layout-flex\"><ul class=\"blocks-gallery-grid\"><li class=\"blocks-gallery-item\"><figure><img loading=\"lazy\" decoding=\"async\" width=\"763\" height=\"1024\" src=\"https:\/\/nikkeischolarship.org\/pt\/wp\/wp-content\/uploads\/2020\/03\/5.3honma_nyuugakushiki-763x1024.png\" alt=\"\" data-id=\"229\" data-full-url=\"https:\/\/nikkeischolarship.org\/pt\/wp\/wp-content\/uploads\/2020\/03\/5.3honma_nyuugakushiki.png\" data-link=\"https:\/\/nikkeischolarship.org\/pt\/?attachment_id=229\" class=\"wp-image-229\" srcset=\"https:\/\/nikkeischolarship.org\/pt\/wp\/wp-content\/uploads\/2020\/03\/5.3honma_nyuugakushiki-763x1024.png 763w, https:\/\/nikkeischolarship.org\/pt\/wp\/wp-content\/uploads\/2020\/03\/5.3honma_nyuugakushiki-224x300.png 224w, https:\/\/nikkeischolarship.org\/pt\/wp\/wp-content\/uploads\/2020\/03\/5.3honma_nyuugakushiki-768x1030.png 768w, https:\/\/nikkeischolarship.org\/pt\/wp\/wp-content\/uploads\/2020\/03\/5.3honma_nyuugakushiki-1145x1536.png 1145w, https:\/\/nikkeischolarship.org\/pt\/wp\/wp-content\/uploads\/2020\/03\/5.3honma_nyuugakushiki-1527x2048.png 1527w, https:\/\/nikkeischolarship.org\/pt\/wp\/wp-content\/uploads\/2020\/03\/5.3honma_nyuugakushiki.png 1944w\" sizes=\"auto, (max-width: 763px) 100vw, 763px\" \/><\/figure><\/li><\/ul><\/figure>\n\n\n\n<figure class=\"wp-block-gallery columns-1 is-cropped wp-block-gallery-3 is-layout-flex wp-block-gallery-is-layout-flex\"><ul class=\"blocks-gallery-grid\"><li class=\"blocks-gallery-item\"><figure><img loading=\"lazy\" decoding=\"async\" width=\"1024\" height=\"857\" src=\"https:\/\/nikkeischolarship.org\/pt\/wp\/wp-content\/uploads\/2020\/03\/5.2honma_shigoto-1-1024x857.jpg\" alt=\"\" data-id=\"228\" data-full-url=\"https:\/\/nikkeischolarship.org\/pt\/wp\/wp-content\/uploads\/2020\/03\/5.2honma_shigoto-1.jpg\" data-link=\"https:\/\/nikkeischolarship.org\/pt\/?attachment_id=228\" class=\"wp-image-228\" srcset=\"https:\/\/nikkeischolarship.org\/pt\/wp\/wp-content\/uploads\/2020\/03\/5.2honma_shigoto-1-1024x857.jpg 1024w, https:\/\/nikkeischolarship.org\/pt\/wp\/wp-content\/uploads\/2020\/03\/5.2honma_shigoto-1-300x251.jpg 300w, https:\/\/nikkeischolarship.org\/pt\/wp\/wp-content\/uploads\/2020\/03\/5.2honma_shigoto-1-768x642.jpg 768w, https:\/\/nikkeischolarship.org\/pt\/wp\/wp-content\/uploads\/2020\/03\/5.2honma_shigoto-1-1536x1285.jpg 1536w, https:\/\/nikkeischolarship.org\/pt\/wp\/wp-content\/uploads\/2020\/03\/5.2honma_shigoto-1.jpg 1920w\" sizes=\"auto, (max-width: 1024px) 100vw, 1024px\" \/><\/figure><\/li><\/ul><\/figure>\n","protected":false},"excerpt":{"rendered":"Porque escolhou o Jap\u00e3o para estudar? No Brasil, graduei-me em Fisioterapia e sempre acreditei que p...","protected":false},"author":1,"featured_media":0,"parent":0,"menu_order":0,"comment_status":"closed","ping_status":"closed","template":"","meta":{"footnotes":""},"class_list":["post-225","page","type-page","status-publish","hentry"],"_links":{"self":[{"href":"https:\/\/nikkeischolarship.org\/pt\/wp-json\/wp\/v2\/pages\/225","targetHints":{"allow":["GET"]}}],"collection":[{"href":"https:\/\/nikkeischolarship.org\/pt\/wp-json\/wp\/v2\/pages"}],"about":[{"href":"https:\/\/nikkeischolarship.org\/pt\/wp-json\/wp\/v2\/types\/page"}],"author":[{"embeddable":true,"href":"https:\/\/nikkeischolarship.org\/pt\/wp-json\/wp\/v2\/users\/1"}],"replies":[{"embeddable":true,"href":"https:\/\/nikkeischolarship.org\/pt\/wp-json\/wp\/v2\/comments?post=225"}],"version-history":[{"count":3,"href":"https:\/\/nikkeischolarship.org\/pt\/wp-json\/wp\/v2\/pages\/225\/revisions"}],"predecessor-version":[{"id":232,"href":"https:\/\/nikkeischolarship.org\/pt\/wp-json\/wp\/v2\/pages\/225\/revisions\/232"}],"wp:attachment":[{"href":"https:\/\/nikkeischolarship.org\/pt\/wp-json\/wp\/v2\/media?parent=225"}],"curies":[{"name":"wp","href":"https:\/\/api.w.org\/{rel}","templated":true}]}}