{"id":233,"date":"2020-03-05T17:45:57","date_gmt":"2020-03-05T08:45:57","guid":{"rendered":"https:\/\/nikkeischolarship.org\/pt\/?page_id=233"},"modified":"2020-03-05T17:45:58","modified_gmt":"2020-03-05T08:45:58","slug":"06kanatani","status":"publish","type":"page","link":"https:\/\/nikkeischolarship.org\/pt\/06kanatani\/","title":{"rendered":"06kanatani"},"content":{"rendered":"\n<figure class=\"wp-block-gallery columns-1 is-cropped wp-block-gallery-1 is-layout-flex wp-block-gallery-is-layout-flex\"><ul class=\"blocks-gallery-grid\"><li class=\"blocks-gallery-item\"><figure><img loading=\"lazy\" decoding=\"async\" width=\"436\" height=\"327\" src=\"https:\/\/nikkeischolarship.org\/pt\/wp\/wp-content\/uploads\/2020\/03\/6.1kanatani_daigaku.jpg\" alt=\"\" data-id=\"234\" data-full-url=\"https:\/\/nikkeischolarship.org\/pt\/wp\/wp-content\/uploads\/2020\/03\/6.1kanatani_daigaku.jpg\" data-link=\"https:\/\/nikkeischolarship.org\/pt\/?attachment_id=234\" class=\"wp-image-234\" srcset=\"https:\/\/nikkeischolarship.org\/pt\/wp\/wp-content\/uploads\/2020\/03\/6.1kanatani_daigaku.jpg 436w, https:\/\/nikkeischolarship.org\/pt\/wp\/wp-content\/uploads\/2020\/03\/6.1kanatani_daigaku-300x225.jpg 300w\" sizes=\"auto, (max-width: 436px) 100vw, 436px\" \/><\/figure><\/li><\/ul><\/figure>\n\n\n\n<h3 class=\"midashi01\">Porque escolhou o Jap\u00e3o para estudar?<\/strong><\/h3>\n\n\n\n<p>O Jap\u00e3o \u00e9 um pa\u00eds avan\u00e7ado em Ci\u00eancia, Economia e Tecnologia. A cultura japonesa tem sua pr\u00f3pria originalidade e estudando no exterior, voc\u00ea adquire n\u00e3o apenas conhecimentos espec\u00edficos de sua \u00e1rea de estudo, mas tamb\u00e9m aprende o idioma japon\u00eas e compreende a cultura japonesa ao mesmo tempo. Eu decidi estudar no Jap\u00e3o acreditando no aprendizado da linguagem, conhecimento t\u00e9cnicos e no aprofundamento das minhas ra\u00edzes, incluindo hist\u00f3ria e cultura dos meus familiares. Para mim a experi\u00eancia de estudar no exterior foi a realiza\u00e7\u00e3o de um sonho, sendo poss\u00edvel este sonho gra\u00e7as \u00e0 Nippon Zaidan, ao apoio de minha fam\u00edlia e pessoas especiais que estiveram ao meu redor. <\/p>\n\n\n\n<h3 class=\"midashi01\">Como foi a estadia no Jap\u00e3o?<\/strong><\/h3>\n\n\n\n<p>Viver no Jap\u00e3o \u00e9 uma \u00f3tima oportunidade para interagir com os japoneses. O povo japon\u00eas \u00e9 sempre muito educado e mant\u00e9m boas maneiras de conviv\u00eancia em sociedade. Aprendi, n\u00e3o apenas o idioma japon\u00eas, mas tamb\u00e9m aprendi sobre a vida e a cultura convivendo com os japoneses ,os professores e companheiros da Universidade.Haviam muitos estudantes estrangeiros onde estudei com a qual pude aprender tamb\u00e9m a lidar com diferentes culturas e desenvolver a l\u00edngua inglesa todos os dias, al\u00e9m do japon\u00eas. <br>\nA bolsa de estudos da Nippon Zaidan re\u00fane estudantes de diversos pa\u00edses, o que agrega como um ponto positivo e diferencial da bolsa, pois h\u00e1 intera\u00e7\u00e3o com culturas e idiomas diferentes entre os membros. Para mim, ter tido a oportunidade de ser bolsista da Nippon Zaidan e ter vivenciado das atividades e treinamentos com os membros da NFSA foi uma experi\u00eancia inesquec\u00edvel que levarei para sempre comigo. <\/p>\n\n\n\n<h3 class=\"midashi01\">Qual foi a forma de estudos e pesquisas?<\/strong><\/h3>\n\n\n\n<p>Nos dias atuais n\u00e3o estou vinculada \u00e0 Universidade por\u00e9m utilizo todos os conhecimentos adquiridos no Jap\u00e3o no meu trabalho atual. <\/p>\n\n\n\n<h3 class=\"midashi01\">Atrav\u00e9s do estudo no exterior, houve alguma mudan\u00e7a  na sua consci\u00eancia como Nikkei?<\/strong><\/h3>\n\n\n\n<p>Durante meus estudos no Jap\u00e3o tive a oportunidade de viver muitas experi\u00eancias e isso me fez refletir sobre a identidade nikkei, convivendo na socidade japonesa. <br>\nSou brasileira e meus pais s\u00e3o japoneses, profundamente ligados ao Jap\u00e3o. Sempre fui considerada uma japonesa no Brasil, mas no Jap\u00e3o eu sou uma nikkei nascida no Brasil. A diferen\u00e7a \u00e9 muito sutil, mas tamb\u00e9m \u00e9 um problema de dif\u00edcil compreens\u00e3o para muitos nikkeis.<br>\nMesmo que meu pa\u00eds de origem e o Jap\u00e3o estejam profundamente conectados, o pa\u00eds onde nasci e cresci \u00e9 a minha verdadeira identidade.<br>\nEnquanto eu estava no Jap\u00e3o, entendi claramente a defini\u00e7\u00e3o de ser nikkei.<br>\nE com base nessa identidade, h\u00e1 muitos pontos positivos diante do avan\u00e7o do processo de globaliza\u00e7\u00e3o e a certeza do surgimento de diversas oportunidades por ser Nikkei, seja no Brasil ou no Jap\u00e3o. <\/p>\n\n\n\n<h3 class=\"midashi01\">Ap\u00f3s o terminar os estudos,  pode nos contar qual o caminho que seguir\u00e1?<\/strong><\/h3>\n\n\n\n<p>Meu \u00faltimo trabalho est\u00e1 relacionado com uma empresa petrol\u00edfera do Brasil, na qual pude utilizar muito do conhecimento adquirido no Jap\u00e3o.<\/p>\n\n\n\n<h3 class=\"midashi01\">Deixe uma mensagem para aqueles que est\u00e3o pensando em estudar no exterior.<\/strong><\/h3>\n\n\n\n<p>Ao ingressar no curso de p\u00f3s-gradua\u00e7\u00e3o, \u00e9 muito importante definir o tema de pesquisa antes de ir ao exterior e compreender a ideia junto com a metodologia do professor que auxiliar\u00e1 na condu\u00e7\u00e3o da pesquisa. O tema da pesquisa \u00e9 um importante passo para a decis\u00e3o de estudar no exterior, pois mesmo ap\u00f3s a conclus\u00e3o dos estudos no exterior \u00e9 poss\u00edvel dar continuidade com afinco no tema\/\u00e1rea de estudo.<br>\nAcredito no tempo certo para a pessoa decidir estudar no exterior. Aos que possuem a oportunidade de ir e cr\u00eaem que \u00e9 o momento certo, deve lan\u00e7ar-se ao desafio! Que possam preparar-se ao m\u00e1ximo antes de ir para aproveitar da melhor maneira a oportunidade de estudar no Jap\u00e3o. <br>\nNo meu caso, agrade\u00e7o profundamente \u00e0 Nippon Zaidan, \u00e0s pessoas ao meu redor e aos familiares que me apoiaram antes, durante e depois dos meus estudos no Jap\u00e3o. <br>\nAcredito que a oportunidade de estudar no Jap\u00e3o n\u00e3o inclui apenas os estudos, mas tamb\u00e9m o conhecimento aprofundado da cultura, hist\u00f3ria, rela\u00e7\u00f5es humanas e diversas oportunidades como seres humanos. <\/p>\n\n\n\n<figure class=\"wp-block-gallery columns-2 is-cropped wp-block-gallery-2 is-layout-flex wp-block-gallery-is-layout-flex\"><ul class=\"blocks-gallery-grid\"><li class=\"blocks-gallery-item\"><figure><img loading=\"lazy\" decoding=\"async\" width=\"784\" height=\"588\" src=\"https:\/\/nikkeischolarship.org\/pt\/wp\/wp-content\/uploads\/2020\/03\/6.2kanatani_taikai.jpg\" alt=\"\" data-id=\"235\" data-full-url=\"https:\/\/nikkeischolarship.org\/pt\/wp\/wp-content\/uploads\/2020\/03\/6.2kanatani_taikai.jpg\" data-link=\"https:\/\/nikkeischolarship.org\/pt\/?attachment_id=235\" class=\"wp-image-235\" srcset=\"https:\/\/nikkeischolarship.org\/pt\/wp\/wp-content\/uploads\/2020\/03\/6.2kanatani_taikai.jpg 784w, https:\/\/nikkeischolarship.org\/pt\/wp\/wp-content\/uploads\/2020\/03\/6.2kanatani_taikai-300x225.jpg 300w, https:\/\/nikkeischolarship.org\/pt\/wp\/wp-content\/uploads\/2020\/03\/6.2kanatani_taikai-768x576.jpg 768w\" sizes=\"auto, (max-width: 784px) 100vw, 784px\" \/><\/figure><\/li><li class=\"blocks-gallery-item\"><figure><img loading=\"lazy\" decoding=\"async\" width=\"784\" height=\"588\" src=\"https:\/\/nikkeischolarship.org\/pt\/wp\/wp-content\/uploads\/2020\/03\/6.3kanatani_youthkaigi.jpg\" alt=\"\" data-id=\"236\" data-full-url=\"https:\/\/nikkeischolarship.org\/pt\/wp\/wp-content\/uploads\/2020\/03\/6.3kanatani_youthkaigi.jpg\" data-link=\"https:\/\/nikkeischolarship.org\/pt\/?attachment_id=236\" class=\"wp-image-236\" srcset=\"https:\/\/nikkeischolarship.org\/pt\/wp\/wp-content\/uploads\/2020\/03\/6.3kanatani_youthkaigi.jpg 784w, https:\/\/nikkeischolarship.org\/pt\/wp\/wp-content\/uploads\/2020\/03\/6.3kanatani_youthkaigi-300x225.jpg 300w, https:\/\/nikkeischolarship.org\/pt\/wp\/wp-content\/uploads\/2020\/03\/6.3kanatani_youthkaigi-768x576.jpg 768w\" sizes=\"auto, (max-width: 784px) 100vw, 784px\" \/><\/figure><\/li><\/ul><\/figure>\n","protected":false},"excerpt":{"rendered":"Porque escolhou o Jap\u00e3o para estudar? O Jap\u00e3o \u00e9 um pa\u00eds avan\u00e7ado em Ci\u00eancia, Economia e Tecnologia. ...","protected":false},"author":1,"featured_media":0,"parent":0,"menu_order":0,"comment_status":"closed","ping_status":"closed","template":"","meta":{"footnotes":""},"class_list":["post-233","page","type-page","status-publish","hentry"],"_links":{"self":[{"href":"https:\/\/nikkeischolarship.org\/pt\/wp-json\/wp\/v2\/pages\/233","targetHints":{"allow":["GET"]}}],"collection":[{"href":"https:\/\/nikkeischolarship.org\/pt\/wp-json\/wp\/v2\/pages"}],"about":[{"href":"https:\/\/nikkeischolarship.org\/pt\/wp-json\/wp\/v2\/types\/page"}],"author":[{"embeddable":true,"href":"https:\/\/nikkeischolarship.org\/pt\/wp-json\/wp\/v2\/users\/1"}],"replies":[{"embeddable":true,"href":"https:\/\/nikkeischolarship.org\/pt\/wp-json\/wp\/v2\/comments?post=233"}],"version-history":[{"count":1,"href":"https:\/\/nikkeischolarship.org\/pt\/wp-json\/wp\/v2\/pages\/233\/revisions"}],"predecessor-version":[{"id":237,"href":"https:\/\/nikkeischolarship.org\/pt\/wp-json\/wp\/v2\/pages\/233\/revisions\/237"}],"wp:attachment":[{"href":"https:\/\/nikkeischolarship.org\/pt\/wp-json\/wp\/v2\/media?parent=233"}],"curies":[{"name":"wp","href":"https:\/\/api.w.org\/{rel}","templated":true}]}}