{"id":238,"date":"2020-03-05T17:49:50","date_gmt":"2020-03-05T08:49:50","guid":{"rendered":"https:\/\/nikkeischolarship.org\/pt\/?page_id=238"},"modified":"2020-03-05T17:49:52","modified_gmt":"2020-03-05T08:49:52","slug":"08yamashita","status":"publish","type":"page","link":"https:\/\/nikkeischolarship.org\/pt\/08yamashita\/","title":{"rendered":"08yamashita"},"content":{"rendered":"\n<figure class=\"wp-block-gallery columns-1 is-cropped wp-block-gallery-1 is-layout-flex wp-block-gallery-is-layout-flex\"><ul class=\"blocks-gallery-grid\"><li class=\"blocks-gallery-item\"><figure><img loading=\"lazy\" decoding=\"async\" width=\"849\" height=\"566\" src=\"https:\/\/nikkeischolarship.org\/pt\/wp\/wp-content\/uploads\/2020\/03\/8.yamashita_kekkon.jpg\" alt=\"\" data-id=\"239\" data-full-url=\"https:\/\/nikkeischolarship.org\/pt\/wp\/wp-content\/uploads\/2020\/03\/8.yamashita_kekkon.jpg\" data-link=\"https:\/\/nikkeischolarship.org\/pt\/?attachment_id=239\" class=\"wp-image-239\" srcset=\"https:\/\/nikkeischolarship.org\/pt\/wp\/wp-content\/uploads\/2020\/03\/8.yamashita_kekkon.jpg 849w, https:\/\/nikkeischolarship.org\/pt\/wp\/wp-content\/uploads\/2020\/03\/8.yamashita_kekkon-300x200.jpg 300w, https:\/\/nikkeischolarship.org\/pt\/wp\/wp-content\/uploads\/2020\/03\/8.yamashita_kekkon-768x512.jpg 768w, https:\/\/nikkeischolarship.org\/pt\/wp\/wp-content\/uploads\/2020\/03\/8.yamashita_kekkon-600x400.jpg 600w\" sizes=\"auto, (max-width: 849px) 100vw, 849px\" \/><\/figure><\/li><\/ul><\/figure>\n\n\n\n<h3 class=\"midashi01\">Porque escolhou o Jap\u00e3o para estudar?<\/strong><\/h3>\n\n\n\n<p>Decidi estudar no Jap\u00e3o devido a sua tecnologia avan\u00e7ada e por ser o pa\u00eds de origem dos meus av\u00f3s.<\/p>\n\n\n\n<h3 class=\"midashi01\">Como foi a estadia no Jap\u00e3o?<\/strong><\/h3>\n\n\n\n<p>Como vim ao Jap\u00e3o com 17 anos, no fundo eu nunca morei no Brasil como adulto, independente dos meus pais.<br>\nMorar no Jap\u00e3o \u00e9 \u00f3timo. A cidade \u00e9 limpa e segura, o servi\u00e7o p\u00fablico funciona muito bem, as pessoas s\u00e3o educadas. O estranho \u00e9 que mesmo morando num lugar t\u00e3o bom, muito japoneses s\u00e3o estressados e a maioria \u00e9 pessimista. Muito diferente do otimismo do povo brasileiro.<br>\nJ\u00e1 moro no Jap\u00e3o h\u00e1 14 anos, nunca fiquei doente nem sofri acidentes. Nunca tive problemas financeiros. Acho que sou feliz.<br>\nQuando estava no doutorado, encontrei minha atual esposa e em junho teremos nosso primeiro filho.<\/p>\n\n\n\n<h3 class=\"midashi01\">Qual foi a forma de estudos e pesquisas?<\/strong><\/h3>\n\n\n\n<p>Quando estava na faculdade, fiz pesquisa sobre sensores de fibras \u00f3pticas.<br>\nFibras \u00f3pticas s\u00e3o conhecidas por sua import\u00e2ncia nas telecominica\u00e7\u00e3oes, mas elas tamb\u00e9m s\u00e3o capazes de medir tens\u00e3o mec\u00e2nica ou temperatura. Na minha pesquisa, trabalhei com sistemas \u00f3pticos para monitorar estruturas como constru\u00e7\u00f5es e aeronaves. Por exemplo, quando um avi\u00e3o tem fibras \u00f3pticas em suas asas, defeitos em sua estrutura podem ser identificados, prevenindo acidentes.<\/p>\n\n\n\n<h3 class=\"midashi01\">Atrav\u00e9s do estudo no exterior, houve alguma mudan\u00e7a  na sua consci\u00eancia como Nikkei?<\/strong><\/h3>\n\n\n\n<p>Acho que n\u00e3o mudou muito. O que mais mudou foi entrar na NFSA e descobrir que tem tantas pessoas como eu, n\u00e3o apenas no Brasil. Pessoas que tem dupla identidade e sentem carinho muito grande tanto pelo p\u00e1is onde nasceram como pelo Jap\u00e3o.<\/p>\n\n\n\n<h3 class=\"midashi01\">Ap\u00f3s o terminar os estudos,  pode nos contar qual o caminho que seguir\u00e1?<\/strong><\/h3>\n\n\n\n<p>Eu deixei a bolsa da Nihon Zaidan quando fui aprovado como pesquisador pela JSPS (Japan Society fro Promotion of Science). Conclui meu doutorado e trabalhei como pesquisador at\u00e9 o fim do meu contrato.<br>\nDepois fui contratado pela Furukawa Electric Co., onde tenho trabalhado com design e desenvolvimento de pe\u00e7as automotivas.<\/p>\n\n\n\n<h3 class=\"midashi01\">Deixe uma mensagem para aqueles que est\u00e3o pensando em estudar no exterior.<\/strong><\/h3>\n\n\n\n<p>O Jap\u00e3o \u00e9 um lugar muito bom de morar. Empenhando-se nos sesu estudos aqui, tenho certeza que em muitas \u00e1rea voc\u00ea ter\u00e1 chances de trabalhar com a tecnologia mais avana\u00e7ada no mundo.<\/p>\n","protected":false},"excerpt":{"rendered":"Porque escolhou o Jap\u00e3o para estudar? Decidi estudar no Jap\u00e3o devido a sua tecnologia avan\u00e7ada e por...","protected":false},"author":1,"featured_media":0,"parent":0,"menu_order":0,"comment_status":"closed","ping_status":"closed","template":"","meta":{"footnotes":""},"class_list":["post-238","page","type-page","status-publish","hentry"],"_links":{"self":[{"href":"https:\/\/nikkeischolarship.org\/pt\/wp-json\/wp\/v2\/pages\/238","targetHints":{"allow":["GET"]}}],"collection":[{"href":"https:\/\/nikkeischolarship.org\/pt\/wp-json\/wp\/v2\/pages"}],"about":[{"href":"https:\/\/nikkeischolarship.org\/pt\/wp-json\/wp\/v2\/types\/page"}],"author":[{"embeddable":true,"href":"https:\/\/nikkeischolarship.org\/pt\/wp-json\/wp\/v2\/users\/1"}],"replies":[{"embeddable":true,"href":"https:\/\/nikkeischolarship.org\/pt\/wp-json\/wp\/v2\/comments?post=238"}],"version-history":[{"count":1,"href":"https:\/\/nikkeischolarship.org\/pt\/wp-json\/wp\/v2\/pages\/238\/revisions"}],"predecessor-version":[{"id":240,"href":"https:\/\/nikkeischolarship.org\/pt\/wp-json\/wp\/v2\/pages\/238\/revisions\/240"}],"wp:attachment":[{"href":"https:\/\/nikkeischolarship.org\/pt\/wp-json\/wp\/v2\/media?parent=238"}],"curies":[{"name":"wp","href":"https:\/\/api.w.org\/{rel}","templated":true}]}}