{"id":241,"date":"2020-03-05T17:56:00","date_gmt":"2020-03-05T08:56:00","guid":{"rendered":"https:\/\/nikkeischolarship.org\/pt\/?page_id=241"},"modified":"2020-03-05T17:56:01","modified_gmt":"2020-03-05T08:56:01","slug":"09takeshita","status":"publish","type":"page","link":"https:\/\/nikkeischolarship.org\/pt\/09takeshita\/","title":{"rendered":"09takeshita"},"content":{"rendered":"\n<h3 class=\"midashi01\">Porque escolhou o Jap\u00e3o para estudar?<\/strong><\/h3>\n\n\n\n<p>Eu sou veterin\u00e1ria, com interesse em bem-estar e conserva\u00e7\u00e3o de primatas n\u00e3o humanos. Meu pa\u00eds de origem, o Brasil, tem uma vasta diversidade de esp\u00e9cies de primatas n\u00e3o humanos, com muitos amea\u00e7ados de extin\u00e7\u00e3o, devido a conflitos entre humanos e animais e \u00e0s poucas informa\u00e7\u00f5es dispon\u00edveis sobre sua biologia e ecologia. Apesar dessa situa\u00e7\u00e3o, a pesquisa de primatas no Brasil ainda \u00e9 bastante limitada, possivelmente afetada pelo limitado financiamento dispon\u00edvel para a pesquisa da fauna silvestre e pelo baixo n\u00famero de pesquisadores qualificados. Por outro lado, o Jap\u00e3o tem um longo hist\u00f3rico de estudos dedicados \u00e0 primatologia, n\u00e3o apenas no Jap\u00e3o, mas tamb\u00e9m no leste da \u00c1sia, na \u00c1frica e em alguns estudos na Am\u00e9rica do Sul. Meu objetivo com a bolsa de estudos Nikkei foi aprender m\u00e9todos n\u00e3o invasivos para monitorar a sa\u00fade e o estresse dos primatas e, no futuro, aplicar esses m\u00e9todos em primatas neotropicais do Brasil, para contribuir para sua conserva\u00e7\u00e3o.<\/p>\n\n\n\n<h3 class=\"midashi01\">Como foi a estadia no Jap\u00e3o?<\/strong><\/h3>\n\n\n\n<p>Os 5 anos que passei como nikkei scholar foram muito produtivos para o meu desenvolvimento pessoal e profissional. Na minha carreira profissional, adquiri experi\u00eancia em an\u00e1lises laboratoriais e no trabalho de campo e desenvolvi projetos, o que resultou em v\u00e1rias publica\u00e7\u00f5es e apari\u00e7\u00f5es na m\u00eddia. Do meu lado pessoal, aprendi sobre cultura e costumes japoneses e fiz bons amigos japoneses. Inicialmente, senti que era um pouco dif\u00edcil de integrar na comunidade japonesa, mas acabei aprendendo que as diferen\u00e7as culturais e a linguagem desempenham um papel importante na supera\u00e7\u00e3o dessa quest\u00e3o. Gra\u00e7as \u00e0s atividades da Nippon Zaidan e da NFSA, tive muitas oportunidades de trocar experi\u00eancias e informa\u00e7\u00f5es com diferentes comunidades de japoneses, de estudantes do ensino m\u00e9dio a propriet\u00e1rios de grandes empresas de sucesso. Tamb\u00e9m aprendi sobre os principais problemas dos atuais nikkeis vivendo no Jap\u00e3o e participei de atividades para incentiv\u00e1-los a seguir seus sonhos e em workshops para promover discuss\u00f5es entre japoneses e nikkeis.<\/p>\n\n\n\n<figure class=\"wp-block-gallery columns-1 is-cropped wp-block-gallery-1 is-layout-flex wp-block-gallery-is-layout-flex\"><ul class=\"blocks-gallery-grid\"><li class=\"blocks-gallery-item\"><figure><img loading=\"lazy\" decoding=\"async\" width=\"1024\" height=\"683\" src=\"https:\/\/nikkeischolarship.org\/pt\/wp\/wp-content\/uploads\/2020\/03\/9.3takeshita_taikai-1024x683.jpg\" alt=\"\" data-id=\"242\" data-full-url=\"https:\/\/nikkeischolarship.org\/pt\/wp\/wp-content\/uploads\/2020\/03\/9.3takeshita_taikai.jpg\" data-link=\"https:\/\/nikkeischolarship.org\/pt\/?attachment_id=242\" class=\"wp-image-242\" srcset=\"https:\/\/nikkeischolarship.org\/pt\/wp\/wp-content\/uploads\/2020\/03\/9.3takeshita_taikai-1024x683.jpg 1024w, https:\/\/nikkeischolarship.org\/pt\/wp\/wp-content\/uploads\/2020\/03\/9.3takeshita_taikai-300x200.jpg 300w, https:\/\/nikkeischolarship.org\/pt\/wp\/wp-content\/uploads\/2020\/03\/9.3takeshita_taikai-768x512.jpg 768w, https:\/\/nikkeischolarship.org\/pt\/wp\/wp-content\/uploads\/2020\/03\/9.3takeshita_taikai-1536x1024.jpg 1536w, https:\/\/nikkeischolarship.org\/pt\/wp\/wp-content\/uploads\/2020\/03\/9.3takeshita_taikai-600x400.jpg 600w, https:\/\/nikkeischolarship.org\/pt\/wp\/wp-content\/uploads\/2020\/03\/9.3takeshita_taikai.jpg 2048w\" sizes=\"auto, (max-width: 1024px) 100vw, 1024px\" \/><figcaption class=\"blocks-gallery-item__caption\">Youth Kaigi 2015<\/figcaption><\/figure><\/li><\/ul><\/figure>\n\n\n\n<h3 class=\"midashi01\">Qual foi a forma de estudos e pesquisas?<\/strong><\/h3>\n\n\n\n<p>Minha pesquisa tem foco nos mecanismos envolvidos na adapta\u00e7\u00e3o animal \u00e0 varia\u00e7\u00f5es ambientais, bem como na rela\u00e7\u00e3o entre estresse e longevidade. Para isso, estou associando fatores biol\u00f3gicos, ambientais e sociais que influenciam os horm\u00f4nios adrenais e gonadais em macacos e orangotangos japoneses por meio de amostras fecais. Os horm\u00f4nios adrenais podem indicar o status de estresse e os horm\u00f4nios gonadais indicam status reprodutivo. Entender como esses processos est\u00e3o conectados \u00e9 essencial para interpretar as mudan\u00e7as fisiol\u00f3gicas ao longo da vida dos primatas. Tais informa\u00e7\u00f5es nos ajudam a desenvolver m\u00e9todos para determinar os n\u00edveis de estresse, assim como seus poss\u00edveis impactos na reprodu\u00e7\u00e3o animal e nas chances de sobreviv\u00eancia dos animais na natureza. O monitoramento regular de primatas selvagens tamb\u00e9m \u00e9 necess\u00e1rio para avaliar a efici\u00eancia de estrat\u00e9gias de conserva\u00e7\u00e3o para mitigar conflitos entre humanos e animais e para melhorar o bem-estar dos primatas em cativeiro.<\/p>\n\n\n\n<figure class=\"wp-block-gallery columns-2 is-cropped wp-block-gallery-2 is-layout-flex wp-block-gallery-is-layout-flex\"><ul class=\"blocks-gallery-grid\"><li class=\"blocks-gallery-item\"><figure><img loading=\"lazy\" decoding=\"async\" width=\"1024\" height=\"683\" src=\"https:\/\/nikkeischolarship.org\/pt\/wp\/wp-content\/uploads\/2020\/03\/9.1takeshita_yuki-1024x683.jpg\" alt=\"\" data-id=\"243\" data-full-url=\"https:\/\/nikkeischolarship.org\/pt\/wp\/wp-content\/uploads\/2020\/03\/9.1takeshita_yuki-scaled.jpg\" data-link=\"https:\/\/nikkeischolarship.org\/pt\/?attachment_id=243\" class=\"wp-image-243\" srcset=\"https:\/\/nikkeischolarship.org\/pt\/wp\/wp-content\/uploads\/2020\/03\/9.1takeshita_yuki-1024x683.jpg 1024w, https:\/\/nikkeischolarship.org\/pt\/wp\/wp-content\/uploads\/2020\/03\/9.1takeshita_yuki-300x200.jpg 300w, https:\/\/nikkeischolarship.org\/pt\/wp\/wp-content\/uploads\/2020\/03\/9.1takeshita_yuki-768x512.jpg 768w, https:\/\/nikkeischolarship.org\/pt\/wp\/wp-content\/uploads\/2020\/03\/9.1takeshita_yuki-1536x1024.jpg 1536w, https:\/\/nikkeischolarship.org\/pt\/wp\/wp-content\/uploads\/2020\/03\/9.1takeshita_yuki-2048x1365.jpg 2048w, https:\/\/nikkeischolarship.org\/pt\/wp\/wp-content\/uploads\/2020\/03\/9.1takeshita_yuki-600x400.jpg 600w\" sizes=\"auto, (max-width: 1024px) 100vw, 1024px\" \/><figcaption class=\"blocks-gallery-item__caption\">Coletando dados de comportamento em macacos japoneses no Jigokudani Monkey Park em Nagano (Collecting behavioral data from snow monkeys at Jigokudani Monkey Park, Nagano Prefecture)<\/figcaption><\/figure><\/li><li class=\"blocks-gallery-item\"><figure><img loading=\"lazy\" decoding=\"async\" width=\"1024\" height=\"683\" src=\"https:\/\/nikkeischolarship.org\/pt\/wp\/wp-content\/uploads\/2020\/03\/9.2takeshita_jikken-1024x683.jpg\" alt=\"\" data-id=\"244\" data-full-url=\"https:\/\/nikkeischolarship.org\/pt\/wp\/wp-content\/uploads\/2020\/03\/9.2takeshita_jikken-scaled.jpg\" data-link=\"https:\/\/nikkeischolarship.org\/pt\/?attachment_id=244\" class=\"wp-image-244\" srcset=\"https:\/\/nikkeischolarship.org\/pt\/wp\/wp-content\/uploads\/2020\/03\/9.2takeshita_jikken-1024x683.jpg 1024w, https:\/\/nikkeischolarship.org\/pt\/wp\/wp-content\/uploads\/2020\/03\/9.2takeshita_jikken-300x200.jpg 300w, https:\/\/nikkeischolarship.org\/pt\/wp\/wp-content\/uploads\/2020\/03\/9.2takeshita_jikken-768x512.jpg 768w, https:\/\/nikkeischolarship.org\/pt\/wp\/wp-content\/uploads\/2020\/03\/9.2takeshita_jikken-1536x1024.jpg 1536w, https:\/\/nikkeischolarship.org\/pt\/wp\/wp-content\/uploads\/2020\/03\/9.2takeshita_jikken-2048x1365.jpg 2048w, https:\/\/nikkeischolarship.org\/pt\/wp\/wp-content\/uploads\/2020\/03\/9.2takeshita_jikken-600x400.jpg 600w\" sizes=\"auto, (max-width: 1024px) 100vw, 1024px\" \/><figcaption class=\"blocks-gallery-item__caption\">Realizando an\u00e1lises laboratoriais no Primate Research Institute (conducting laboratorial analyses at the Primate Research Institute) <\/figcaption><\/figure><\/li><\/ul><\/figure>\n\n\n\n<h3 class=\"midashi01\">Atrav\u00e9s do estudo no exterior, houve alguma mudan\u00e7a  na sua consci\u00eancia como Nikkei?<\/strong><\/h3>\n\n\n\n<p>Antes de vir para o Jap\u00e3o, eu n\u00e3o tinha no\u00e7\u00e3o dos problemas enfrentados pelos jovens nikkeis no Jap\u00e3o. A maioria deles tem dificuldade em se adaptar ao Jap\u00e3o e, ao inv\u00e9s de tentar se integrar \u00e0 sociedade, eles permanecem em suas comunidades locais, com uma educa\u00e7\u00e3o limitada em japon\u00eas. Isso contribui para a sua segrega\u00e7\u00e3o social e reduz as oportunidades de se desenvolver profissionalmente no Jap\u00e3o. Da mesma forma, os japoneses que vivem no Brasil enfrentam problemas semelhantes para se adaptar \u00e0s diferen\u00e7as culturais. O Brasil tem muito a oferecer em termos de biodiversidade e cultura, e o Jap\u00e3o tem as ferramentas necess\u00e1rias para explorar isso. E os nikkeis s\u00e3o o resultado de colabora\u00e7\u00f5es anteriores entre o Jap\u00e3o e o Brasil, que resultaram em benef\u00edcios m\u00fatuos. Como os nikkeis est\u00e3o trabalhando para obter o melhor dos dois pa\u00edses, devemos inspirar jovens nikkeis a perseguir seus sonhos e ajudar a fortalecer o relacionamento entre o Jap\u00e3o e o Brasil.<\/p>\n\n\n\n<h3 class=\"midashi01\">Ap\u00f3s o terminar os estudos,  pode nos contar qual o caminho que seguir\u00e1?<\/strong><\/h3>\n\n\n\n<p>Atualmente sou pesquisadora associada do Instituto de Pesquisa de Primatas (Primate Research Institute) da Universidade de Kyoto. Eu continuo minha pesquisa sobre bem-estar de primatas e auxilio na organiza\u00e7\u00e3o de workshops para promover a comunica\u00e7\u00e3o em ingl\u00eas na ci\u00eancia. Meu objetivo \u00e9 continuar as contribui\u00e7\u00f5es para a primatologia e obter experi\u00eancia de ensino para me ajudar a conseguir uma posi\u00e7\u00e3o consider\u00e1vel no futuro. Tamb\u00e9m mantenho colabora\u00e7\u00f5es com minha universidade anterior no Brasil para contribuir com a pesquisa brasileira em primatologia e fortalecer suas colabora\u00e7\u00f5es internacionais. Frequentemente fa\u00e7o palestras para estudantes de gradua\u00e7\u00e3o quando visito o Brasil, para explicar as possibilidades e os benef\u00edcios de estudar no exterior para o progresso da ci\u00eancia.<\/p>\n\n\n\n<h3 class=\"midashi01\">Deixe uma mensagem para aqueles que est\u00e3o pensando em estudar no exterior.<\/strong><\/h3>\n\n\n\n<p>Esta \u00e9 uma oportunidade \u00fanica e valiosa para desenvolver sua carreira profissional e ampliar seus conhecimentos. Para aproveitar ao m\u00e1ximo essa experi\u00eancia, preste especial aten\u00e7\u00e3o ao desenvolvimento de suas habilidades no idioma (ingl\u00eas e japon\u00eas) e procure manter um bom relacionamento com as institui\u00e7\u00f5es japonesas e do se pa\u00eds de origem, visando sempre colabora\u00e7\u00f5es Aproveite as oportunidades de viajar, experimentar e descobrir. Mais conhecimento nunca \u00e9 demais.<\/p>\n","protected":false},"excerpt":{"rendered":"Porque escolhou o Jap\u00e3o para estudar? Eu sou veterin\u00e1ria, com interesse em bem-estar e conserva\u00e7\u00e3o d...","protected":false},"author":1,"featured_media":0,"parent":0,"menu_order":0,"comment_status":"closed","ping_status":"closed","template":"","meta":{"footnotes":""},"class_list":["post-241","page","type-page","status-publish","hentry"],"_links":{"self":[{"href":"https:\/\/nikkeischolarship.org\/pt\/wp-json\/wp\/v2\/pages\/241","targetHints":{"allow":["GET"]}}],"collection":[{"href":"https:\/\/nikkeischolarship.org\/pt\/wp-json\/wp\/v2\/pages"}],"about":[{"href":"https:\/\/nikkeischolarship.org\/pt\/wp-json\/wp\/v2\/types\/page"}],"author":[{"embeddable":true,"href":"https:\/\/nikkeischolarship.org\/pt\/wp-json\/wp\/v2\/users\/1"}],"replies":[{"embeddable":true,"href":"https:\/\/nikkeischolarship.org\/pt\/wp-json\/wp\/v2\/comments?post=241"}],"version-history":[{"count":1,"href":"https:\/\/nikkeischolarship.org\/pt\/wp-json\/wp\/v2\/pages\/241\/revisions"}],"predecessor-version":[{"id":245,"href":"https:\/\/nikkeischolarship.org\/pt\/wp-json\/wp\/v2\/pages\/241\/revisions\/245"}],"wp:attachment":[{"href":"https:\/\/nikkeischolarship.org\/pt\/wp-json\/wp\/v2\/media?parent=241"}],"curies":[{"name":"wp","href":"https:\/\/api.w.org\/{rel}","templated":true}]}}