{"id":247,"date":"2020-03-05T21:37:27","date_gmt":"2020-03-05T12:37:27","guid":{"rendered":"https:\/\/nikkeischolarship.org\/pt\/?page_id=247"},"modified":"2020-03-05T21:37:28","modified_gmt":"2020-03-05T12:37:28","slug":"10nakata","status":"publish","type":"page","link":"https:\/\/nikkeischolarship.org\/pt\/10nakata\/","title":{"rendered":"10nakata"},"content":{"rendered":"\n<figure class=\"wp-block-gallery columns-1 is-cropped wp-block-gallery-1 is-layout-flex wp-block-gallery-is-layout-flex\"><ul class=\"blocks-gallery-grid\"><li class=\"blocks-gallery-item\"><figure><img loading=\"lazy\" decoding=\"async\" width=\"1024\" height=\"768\" src=\"https:\/\/nikkeischolarship.org\/pt\/wp\/wp-content\/uploads\/2020\/03\/10.2nakata_kumori-1024x768.jpg\" alt=\"\" data-id=\"248\" data-full-url=\"https:\/\/nikkeischolarship.org\/pt\/wp\/wp-content\/uploads\/2020\/03\/10.2nakata_kumori.jpg\" data-link=\"https:\/\/nikkeischolarship.org\/pt\/?attachment_id=248\" class=\"wp-image-248\" srcset=\"https:\/\/nikkeischolarship.org\/pt\/wp\/wp-content\/uploads\/2020\/03\/10.2nakata_kumori-1024x768.jpg 1024w, https:\/\/nikkeischolarship.org\/pt\/wp\/wp-content\/uploads\/2020\/03\/10.2nakata_kumori-300x225.jpg 300w, https:\/\/nikkeischolarship.org\/pt\/wp\/wp-content\/uploads\/2020\/03\/10.2nakata_kumori-768x576.jpg 768w, https:\/\/nikkeischolarship.org\/pt\/wp\/wp-content\/uploads\/2020\/03\/10.2nakata_kumori-1536x1152.jpg 1536w, https:\/\/nikkeischolarship.org\/pt\/wp\/wp-content\/uploads\/2020\/03\/10.2nakata_kumori.jpg 1600w\" sizes=\"auto, (max-width: 1024px) 100vw, 1024px\" \/><\/figure><\/li><\/ul><\/figure>\n\n\n\n<h3 class=\"midashi01\">Porque escolhou o Jap\u00e3o para estudar?<\/strong><\/h3>\n\n\n\n<p>Levei em considera\u00e7\u00e3o que o Jap\u00e3o \u00e9 um pa\u00eds investidor na educa\u00e7\u00e3o de onde eu poderia adquirir conhecimentos e apoio que n\u00e3o encontraria no meu pa\u00eds de origem.<\/p>\n\n\n\n<h3 class=\"midashi01\">Como foi a estadia no Jap\u00e3o?<\/strong><\/h3>\n\n\n\n<p>Pr\u00f3s: um pa\u00eds muito seguro que investe na educa\u00e7\u00e3o, nos estudos e na tecnologia.<br>\nContras: Viver em um pa\u00eds com a cultura e organiza\u00e7\u00e3o social muito diferente da minha, trouxe alguns estresses no dia-a-dia. <br>\nO grande diferencial da Nikkei Schorlarship \u00e9 o poder de concentrar nikkeis de toda parte do mundo mas que independente do Pa\u00eds onde nasceram, passaram por experi\u00eancias similares. Como bolsistas temos a oportunidade de desenvolver projetos e treinamentos, adquirindo experi\u00eancia com trabalho em grupo.<\/p>\n\n\n\n<h3 class=\"midashi01\">Qual foi a forma de estudos e pesquisas?<\/strong><\/h3>\n\n\n\n<p>Minha atual pesquisa gira em torno das consequ\u00eancias que o terremoto Gorkha causou nas regi\u00f5es montanhosas do Nepal em 2015. Venho desenvolvendo e aprimorando um simulador capaz de prever os deslizamentos de terra com o intuito de buscar maneiras para mitigar as consequ\u00eancias dos desastres e alertar a popula\u00e7\u00e3o local.<\/p>\n\n\n\n<h3 class=\"midashi01\">Atrav\u00e9s do estudo no exterior, houve alguma mudan\u00e7a  na sua consci\u00eancia como Nikkei?<\/strong><\/h3>\n\n\n\n<p>Minha consci\u00eancia como Nikkei ficou mais fortalecida depois de minha vinda para o Jap\u00e3o. Tivemos muitos treinamentos (HNK, YK, Summer Workshop, FNK) onde era sempre poss\u00edvel conversar sobre ser Nikkei. E essas conversas eram enriquecidas por termos Nikkeis de diferentes partes do Mundo.<\/p>\n\n\n\n<h3 class=\"midashi01\">Ap\u00f3s o terminar os estudos,  pode nos contar qual o caminho que seguir\u00e1?<\/strong><\/h3>\n\n\n\n<p>Sou pesquisadora na minha \u00e1rea de forma\u00e7\u00e3o. Estou em um projeto relacionado com os deslizamentos de terra ocorridos no Nepal at\u00e9 mar\u00e7o de 2019. Este projeto \u00e9 patrocinado pela Sociedade Japonesa para a Promo\u00e7\u00e3o da Ci\u00eancia, que forneceu apoio financeiro para a realiza\u00e7\u00e3o de pesquisas de campo no Nepal; o apoio \u00e9 \u201cDetec\u00e7\u00e3o de deforma\u00e7\u00f5es e tectos tect\u00f4nicos rasos e profundos induzidos por terremotos e sua implica\u00e7\u00e3o nas estrat\u00e9gias de conserva\u00e7\u00e3o da terra\u201d, Grant-in-Aid para Scientific Research (A), N\u00ba 26249069 (L\u00edder: Kazuo Konagai).<\/p>\n\n\n\n<h3 class=\"midashi01\">Deixe uma mensagem para aqueles que est\u00e3o pensando em estudar no exterior.<\/strong><\/h3>\n\n\n\n\n<p>Tenha em mente que a vida longe de casa nunca \u00e9 f\u00e1cil, mas essa \u00e9 uma grande oportunidade de vivenciar uma cultura diferente e ter novas experi\u00eancias pessoais e profissionais.<\/p>\n\n\n\n<figure class=\"wp-block-gallery columns-2 is-cropped wp-block-gallery-2 is-layout-flex wp-block-gallery-is-layout-flex\"><ul class=\"blocks-gallery-grid\"><li class=\"blocks-gallery-item\"><figure><img loading=\"lazy\" decoding=\"async\" width=\"1024\" height=\"768\" src=\"https:\/\/nikkeischolarship.org\/pt\/wp\/wp-content\/uploads\/2020\/03\/10.3nakata_douro-1024x768.jpg\" alt=\"\" data-id=\"250\" data-full-url=\"https:\/\/nikkeischolarship.org\/pt\/wp\/wp-content\/uploads\/2020\/03\/10.3nakata_douro.jpg\" data-link=\"https:\/\/nikkeischolarship.org\/pt\/?attachment_id=250\" class=\"wp-image-250\" srcset=\"https:\/\/nikkeischolarship.org\/pt\/wp\/wp-content\/uploads\/2020\/03\/10.3nakata_douro-1024x768.jpg 1024w, https:\/\/nikkeischolarship.org\/pt\/wp\/wp-content\/uploads\/2020\/03\/10.3nakata_douro-300x225.jpg 300w, https:\/\/nikkeischolarship.org\/pt\/wp\/wp-content\/uploads\/2020\/03\/10.3nakata_douro-768x576.jpg 768w, https:\/\/nikkeischolarship.org\/pt\/wp\/wp-content\/uploads\/2020\/03\/10.3nakata_douro-1536x1152.jpg 1536w, https:\/\/nikkeischolarship.org\/pt\/wp\/wp-content\/uploads\/2020\/03\/10.3nakata_douro.jpg 1600w\" sizes=\"auto, (max-width: 1024px) 100vw, 1024px\" \/><\/figure><\/li><li class=\"blocks-gallery-item\"><figure><img loading=\"lazy\" decoding=\"async\" width=\"1024\" height=\"682\" src=\"https:\/\/nikkeischolarship.org\/pt\/wp\/wp-content\/uploads\/2020\/03\/10.1nakata_hare-1024x682.jpg\" alt=\"\" data-id=\"249\" data-full-url=\"https:\/\/nikkeischolarship.org\/pt\/wp\/wp-content\/uploads\/2020\/03\/10.1nakata_hare.jpg\" data-link=\"https:\/\/nikkeischolarship.org\/pt\/?attachment_id=249\" class=\"wp-image-249\" srcset=\"https:\/\/nikkeischolarship.org\/pt\/wp\/wp-content\/uploads\/2020\/03\/10.1nakata_hare-1024x682.jpg 1024w, https:\/\/nikkeischolarship.org\/pt\/wp\/wp-content\/uploads\/2020\/03\/10.1nakata_hare-300x200.jpg 300w, https:\/\/nikkeischolarship.org\/pt\/wp\/wp-content\/uploads\/2020\/03\/10.1nakata_hare-768x512.jpg 768w, https:\/\/nikkeischolarship.org\/pt\/wp\/wp-content\/uploads\/2020\/03\/10.1nakata_hare-1536x1024.jpg 1536w, https:\/\/nikkeischolarship.org\/pt\/wp\/wp-content\/uploads\/2020\/03\/10.1nakata_hare-600x400.jpg 600w, https:\/\/nikkeischolarship.org\/pt\/wp\/wp-content\/uploads\/2020\/03\/10.1nakata_hare.jpg 1598w\" sizes=\"auto, (max-width: 1024px) 100vw, 1024px\" \/><\/figure><\/li><\/ul><\/figure>\n","protected":false},"excerpt":{"rendered":"Porque escolhou o Jap\u00e3o para estudar? Levei em considera\u00e7\u00e3o que o Jap\u00e3o \u00e9 um pa\u00eds investidor na educ...","protected":false},"author":1,"featured_media":0,"parent":0,"menu_order":0,"comment_status":"closed","ping_status":"closed","template":"","meta":{"footnotes":""},"class_list":["post-247","page","type-page","status-publish","hentry"],"_links":{"self":[{"href":"https:\/\/nikkeischolarship.org\/pt\/wp-json\/wp\/v2\/pages\/247","targetHints":{"allow":["GET"]}}],"collection":[{"href":"https:\/\/nikkeischolarship.org\/pt\/wp-json\/wp\/v2\/pages"}],"about":[{"href":"https:\/\/nikkeischolarship.org\/pt\/wp-json\/wp\/v2\/types\/page"}],"author":[{"embeddable":true,"href":"https:\/\/nikkeischolarship.org\/pt\/wp-json\/wp\/v2\/users\/1"}],"replies":[{"embeddable":true,"href":"https:\/\/nikkeischolarship.org\/pt\/wp-json\/wp\/v2\/comments?post=247"}],"version-history":[{"count":1,"href":"https:\/\/nikkeischolarship.org\/pt\/wp-json\/wp\/v2\/pages\/247\/revisions"}],"predecessor-version":[{"id":251,"href":"https:\/\/nikkeischolarship.org\/pt\/wp-json\/wp\/v2\/pages\/247\/revisions\/251"}],"wp:attachment":[{"href":"https:\/\/nikkeischolarship.org\/pt\/wp-json\/wp\/v2\/media?parent=247"}],"curies":[{"name":"wp","href":"https:\/\/api.w.org\/{rel}","templated":true}]}}