{"id":252,"date":"2020-03-05T21:43:37","date_gmt":"2020-03-05T12:43:37","guid":{"rendered":"https:\/\/nikkeischolarship.org\/pt\/?page_id=252"},"modified":"2020-03-05T21:43:39","modified_gmt":"2020-03-05T12:43:39","slug":"12egawa","status":"publish","type":"page","link":"https:\/\/nikkeischolarship.org\/pt\/12egawa\/","title":{"rendered":"12egawa"},"content":{"rendered":"\n<figure class=\"wp-block-gallery columns-1 is-cropped wp-block-gallery-1 is-layout-flex wp-block-gallery-is-layout-flex\"><ul class=\"blocks-gallery-grid\"><li class=\"blocks-gallery-item\"><figure><img loading=\"lazy\" decoding=\"async\" width=\"1024\" height=\"672\" src=\"https:\/\/nikkeischolarship.org\/pt\/wp\/wp-content\/uploads\/2020\/03\/12.2egawa_jikken-1024x672.jpg\" alt=\"\" data-id=\"253\" data-full-url=\"https:\/\/nikkeischolarship.org\/pt\/wp\/wp-content\/uploads\/2020\/03\/12.2egawa_jikken-scaled.jpg\" data-link=\"https:\/\/nikkeischolarship.org\/pt\/?attachment_id=253\" class=\"wp-image-253\" srcset=\"https:\/\/nikkeischolarship.org\/pt\/wp\/wp-content\/uploads\/2020\/03\/12.2egawa_jikken-1024x672.jpg 1024w, https:\/\/nikkeischolarship.org\/pt\/wp\/wp-content\/uploads\/2020\/03\/12.2egawa_jikken-300x197.jpg 300w, https:\/\/nikkeischolarship.org\/pt\/wp\/wp-content\/uploads\/2020\/03\/12.2egawa_jikken-768x504.jpg 768w, https:\/\/nikkeischolarship.org\/pt\/wp\/wp-content\/uploads\/2020\/03\/12.2egawa_jikken-1536x1008.jpg 1536w, https:\/\/nikkeischolarship.org\/pt\/wp\/wp-content\/uploads\/2020\/03\/12.2egawa_jikken-2048x1344.jpg 2048w\" sizes=\"auto, (max-width: 1024px) 100vw, 1024px\" \/><\/figure><\/li><\/ul><\/figure>\n\n\n\n<h3 class=\"midashi01\">Porque escolhou o Jap\u00e3o para estudar?<\/strong><\/h3>\n\n\n\n<p>Eu decidi estudar no Jap\u00e3o porque as universidades do Jap\u00e3o est\u00e3o dentre as melhores do mundo, portanto gostaria de obter o t\u00edtulo de doutorado de uma universidade japonesa.<\/p>\n\n\n\n<h3 class=\"midashi01\">Como foi a estadia no Jap\u00e3o?<\/strong><\/h3>\n\n\n\n<p>A vida no Jap\u00e3o \u00e9 de certa forma f\u00e1cil e complicada ao mesmo tempo. O Jap\u00e3o \u00e9 um pa\u00eds muito seguro e organizado portanto nunca me senti em perigo ou perdido mesmo nos primeiros dias. A parte complicada \u00e9 se acostumar a viver num mundo onde voc\u00ea n\u00e3o tem mais contato com as pessoas que faziam parte de sua vida, tais como familiares e amigos de longas datas. Isso pode \u00e0s vezes dar uma sensa\u00e7\u00e3o de isolamento. A Nikkei Scholarship e a NSFA fornece todo o suporte necess\u00e1rio para os novos estudantes se adaptarem \u00e0 nova vida no Jap\u00e3o. Os membros da NSFA se tornam uma fam\u00edlia quase que instant\u00e2neamente. Essa nova fam\u00edlia (que pode se tornar sua fam\u00edlia tamb\u00e9m) participa das mais diversas atividades extracurriculares seja para descontra\u00e7\u00e3o, aprendizado, atividades esportivas e at\u00e9 mesmo atividades de voluntariado. Nenhuma outra bolsa de estudos do mundo fornece este tipo de suporte para seus estudantes. \u00c9 um detalhe enorme que pode ser o fator chave para voc\u00ea poder se adaptar a um novo estilo de vida, se dedicar, dar o melhor de si e concluir seus estudos em um pa\u00eds estrangeiro. <\/p>\n\n\n\n<h3 class=\"midashi01\">Qual foi a forma de estudos e pesquisas?<\/strong><\/h3>\n\n\n\n<p>Atualmente estou desenvolvendo materiais para transplante de c\u00e9lulas tronco neurais para o tratamento de doen\u00e7as neurodegenerativas.<\/p>\n\n\n\n<h3 class=\"midashi01\">Atrav\u00e9s do estudo no exterior, houve alguma mudan\u00e7a  na sua consci\u00eancia como Nikkei?<\/strong><\/h3>\n\n\n\n<p>Ter tido a oportunidade de estudar no Jap\u00e3o abriu meus olhos para ver que ter influ\u00eancias culturais de duas na\u00e7\u00f5es t\u00e3o discrepantes como Brasil e Jap\u00e3o \u00e9 gratificante. Acredito que o nikkei tem o privil\u00e9gio de poder fazer uso combinado das melhores caracter\u00edsticas culturais do Jap\u00e3o e seu pa\u00eds de origem para superar as dificuldades e desafios profissionais e pessoais.<\/p>\n\n\n\n<h3 class=\"midashi01\">Ap\u00f3s o terminar os estudos,  pode nos contar qual o caminho que seguir\u00e1?<\/strong><\/h3>\n\n\n\n<p>Sou pesquisador p\u00f3s doutorando da Universidade de S\u00e3o Paulo, tenho como objetivo me tornar Professor desta universidade.<\/p>\n\n\n\n<h3 class=\"midashi01\">Deixe uma mensagem para aqueles que est\u00e3o pensando em estudar no exterior.<\/strong><\/h3>\n\n\n\n<p>Estudar no Jap\u00e3o \u00e9 algo que voc\u00ea deve a si mesmo. O enriquecimento pessoal, cultural e educacional que voc\u00ea vai obter \u00e9 um privil\u00e9gio inestim\u00e1vel.<\/p>\n\n\n\n<figure class=\"wp-block-gallery columns-2 is-cropped wp-block-gallery-2 is-layout-flex wp-block-gallery-is-layout-flex\"><ul class=\"blocks-gallery-grid\"><li class=\"blocks-gallery-item\"><figure><img loading=\"lazy\" decoding=\"async\" width=\"1024\" height=\"735\" src=\"https:\/\/nikkeischolarship.org\/pt\/wp\/wp-content\/uploads\/2020\/03\/12.1egawa_kime-1024x735.jpg\" alt=\"\" data-id=\"254\" data-full-url=\"https:\/\/nikkeischolarship.org\/pt\/wp\/wp-content\/uploads\/2020\/03\/12.1egawa_kime-scaled.jpg\" data-link=\"https:\/\/nikkeischolarship.org\/pt\/?attachment_id=254\" class=\"wp-image-254\" srcset=\"https:\/\/nikkeischolarship.org\/pt\/wp\/wp-content\/uploads\/2020\/03\/12.1egawa_kime-1024x735.jpg 1024w, https:\/\/nikkeischolarship.org\/pt\/wp\/wp-content\/uploads\/2020\/03\/12.1egawa_kime-300x215.jpg 300w, https:\/\/nikkeischolarship.org\/pt\/wp\/wp-content\/uploads\/2020\/03\/12.1egawa_kime-768x552.jpg 768w, https:\/\/nikkeischolarship.org\/pt\/wp\/wp-content\/uploads\/2020\/03\/12.1egawa_kime-1536x1103.jpg 1536w, https:\/\/nikkeischolarship.org\/pt\/wp\/wp-content\/uploads\/2020\/03\/12.1egawa_kime-2048x1471.jpg 2048w\" sizes=\"auto, (max-width: 1024px) 100vw, 1024px\" \/><\/figure><\/li><li class=\"blocks-gallery-item\"><figure><img loading=\"lazy\" decoding=\"async\" width=\"818\" height=\"1024\" src=\"https:\/\/nikkeischolarship.org\/pt\/wp\/wp-content\/uploads\/2020\/03\/12.3egawa_tate-818x1024.jpg\" alt=\"\" data-id=\"255\" data-full-url=\"https:\/\/nikkeischolarship.org\/pt\/wp\/wp-content\/uploads\/2020\/03\/12.3egawa_tate.jpg\" data-link=\"https:\/\/nikkeischolarship.org\/pt\/?attachment_id=255\" class=\"wp-image-255\" srcset=\"https:\/\/nikkeischolarship.org\/pt\/wp\/wp-content\/uploads\/2020\/03\/12.3egawa_tate-818x1024.jpg 818w, https:\/\/nikkeischolarship.org\/pt\/wp\/wp-content\/uploads\/2020\/03\/12.3egawa_tate-240x300.jpg 240w, https:\/\/nikkeischolarship.org\/pt\/wp\/wp-content\/uploads\/2020\/03\/12.3egawa_tate-768x961.jpg 768w, https:\/\/nikkeischolarship.org\/pt\/wp\/wp-content\/uploads\/2020\/03\/12.3egawa_tate-1228x1536.jpg 1228w, https:\/\/nikkeischolarship.org\/pt\/wp\/wp-content\/uploads\/2020\/03\/12.3egawa_tate-1637x2048.jpg 1637w, https:\/\/nikkeischolarship.org\/pt\/wp\/wp-content\/uploads\/2020\/03\/12.3egawa_tate.jpg 1836w\" sizes=\"auto, (max-width: 818px) 100vw, 818px\" \/><\/figure><\/li><\/ul><\/figure>\n","protected":false},"excerpt":{"rendered":"Porque escolhou o Jap\u00e3o para estudar? Eu decidi estudar no Jap\u00e3o porque as universidades do Jap\u00e3o es...","protected":false},"author":1,"featured_media":0,"parent":0,"menu_order":0,"comment_status":"closed","ping_status":"closed","template":"","meta":{"footnotes":""},"class_list":["post-252","page","type-page","status-publish","hentry"],"_links":{"self":[{"href":"https:\/\/nikkeischolarship.org\/pt\/wp-json\/wp\/v2\/pages\/252","targetHints":{"allow":["GET"]}}],"collection":[{"href":"https:\/\/nikkeischolarship.org\/pt\/wp-json\/wp\/v2\/pages"}],"about":[{"href":"https:\/\/nikkeischolarship.org\/pt\/wp-json\/wp\/v2\/types\/page"}],"author":[{"embeddable":true,"href":"https:\/\/nikkeischolarship.org\/pt\/wp-json\/wp\/v2\/users\/1"}],"replies":[{"embeddable":true,"href":"https:\/\/nikkeischolarship.org\/pt\/wp-json\/wp\/v2\/comments?post=252"}],"version-history":[{"count":1,"href":"https:\/\/nikkeischolarship.org\/pt\/wp-json\/wp\/v2\/pages\/252\/revisions"}],"predecessor-version":[{"id":256,"href":"https:\/\/nikkeischolarship.org\/pt\/wp-json\/wp\/v2\/pages\/252\/revisions\/256"}],"wp:attachment":[{"href":"https:\/\/nikkeischolarship.org\/pt\/wp-json\/wp\/v2\/media?parent=252"}],"curies":[{"name":"wp","href":"https:\/\/api.w.org\/{rel}","templated":true}]}}