{"id":257,"date":"2020-03-05T21:48:45","date_gmt":"2020-03-05T12:48:45","guid":{"rendered":"https:\/\/nikkeischolarship.org\/pt\/?page_id=257"},"modified":"2020-03-05T21:48:46","modified_gmt":"2020-03-05T12:48:46","slug":"18nakagawa","status":"publish","type":"page","link":"https:\/\/nikkeischolarship.org\/pt\/18nakagawa\/","title":{"rendered":"18nakagawa"},"content":{"rendered":"\n<figure class=\"wp-block-gallery columns-1 is-cropped wp-block-gallery-1 is-layout-flex wp-block-gallery-is-layout-flex\"><ul class=\"blocks-gallery-grid\"><li class=\"blocks-gallery-item\"><figure><img loading=\"lazy\" decoding=\"async\" width=\"1024\" height=\"768\" src=\"https:\/\/nikkeischolarship.org\/pt\/wp\/wp-content\/uploads\/2020\/03\/18.1nakagawa_jikken-1024x768.jpg\" alt=\"\" data-id=\"258\" data-full-url=\"https:\/\/nikkeischolarship.org\/pt\/wp\/wp-content\/uploads\/2020\/03\/18.1nakagawa_jikken.jpg\" data-link=\"https:\/\/nikkeischolarship.org\/pt\/?attachment_id=258\" class=\"wp-image-258\" srcset=\"https:\/\/nikkeischolarship.org\/pt\/wp\/wp-content\/uploads\/2020\/03\/18.1nakagawa_jikken-1024x768.jpg 1024w, https:\/\/nikkeischolarship.org\/pt\/wp\/wp-content\/uploads\/2020\/03\/18.1nakagawa_jikken-300x225.jpg 300w, https:\/\/nikkeischolarship.org\/pt\/wp\/wp-content\/uploads\/2020\/03\/18.1nakagawa_jikken-768x576.jpg 768w, https:\/\/nikkeischolarship.org\/pt\/wp\/wp-content\/uploads\/2020\/03\/18.1nakagawa_jikken-1536x1152.jpg 1536w, https:\/\/nikkeischolarship.org\/pt\/wp\/wp-content\/uploads\/2020\/03\/18.1nakagawa_jikken.jpg 1599w\" sizes=\"auto, (max-width: 1024px) 100vw, 1024px\" \/><\/figure><\/li><\/ul><\/figure>\n\n\n\n<h3 class=\"midashi01\">Porque escolhou o Jap\u00e3o para estudar?<\/strong><\/h3>\n\n\n\n<p>No Brasil conheci um pesquisador jap\u00f4nes, e com ele conversei muitas coisas sobre agricultura. A partir de ent\u00e3o, tive interesse de estudar no exterior. Escolhi o Jap\u00e3o pela alta qualidade das universidades e tamb\u00e9m por ser Nikkei, queria aprender mais sobre a cultura japonesa.<\/p>\n\n\n\n<h3 class=\"midashi01\">Como foi a estadia no Jap\u00e3o?<\/strong><\/h3>\n\n\n\n<p>A vida no Jap\u00e3o se resume em atividades no laborat\u00f3rio. Aqui h\u00e1 mais trabalho no laborat\u00f3rio do que tinha no Brasil, e \u00e0s vezes as 24 horas do dia n\u00e3o \u00e9 suficiente. Mas mesmo se fico at\u00e9 mais tarde no laborat\u00f3rio, no Jap\u00e3o \u00e9 muito seguro voltar para casa mesmo de madrugada. Talvez em outras \u00e1reas seja diferente, mas h\u00e1 muita press\u00e3o vinda do orientador para apresentar resultados e com isso h\u00e1 muito estresse.<br>\nMas h\u00e1 muitas vantagens de estudar em uma universidade no Jap\u00e3o. Na \u00e1rea biol\u00f3gica, os materiais usados para experimentos custam muito caro. No Brasil sempre havia problemas pois era universidade estadual, mas as universidades japonesas, mesmo sendo p\u00fablicas n\u00e3o h\u00e1 grandes problemas de fundo para pesquisa.<br>\nNo Jap\u00e3o tudo \u00e9 muito conveniente e as pessoas s\u00e3o gentis. Quando me tornei bolsista da Nippon Zaidan, fiz muitos amigos nikkeis. E pela NFSA, que \u00e9 a associa\u00e7\u00e3o dos bolsistas da Nippon Zaidan, pude conhecer mais n\u00e3o s\u00f3 sobre a cultura japonesa, mas tamb\u00e9m sobre a cultura de outros pa\u00edses tamb\u00e9m.<\/p>\n\n\n\n<h3 class=\"midashi01\">Qual foi a forma de estudos e pesquisas?<\/strong><\/h3>\n\n\n\n<p>Sou estudante do curso de doutorado na \u00e1rea da Agronomia, com \u00eanfase na cultura da soja. Devido \u00e0s mudan\u00e7as clim\u00e1ticas, as grandes culturas est\u00e3o sofrendo queda em produ\u00e7\u00e3o e qualidade de semente. Por isso eu estou pesquisando sobre as mudan\u00e7as nos componentes da semente de soja sob v\u00e1rios estresses do ambiente. As plantas n\u00e3o podem fugir se recebem algum tipo de estrese, ent\u00e3o pesquiso sobre as rea\u00e7\u00f5es que a planta sofre em prol do aumento da produ\u00e7\u00e3o e qualidade da soja.<\/p>\n\n\n\n<h3 class=\"midashi01\">Atrav\u00e9s do estudo no exterior, houve alguma mudan\u00e7a  na sua consci\u00eancia como Nikkei?<\/strong><\/h3>\n\n\n\n<p>Como Nikkei, j\u00e1 sabia um pouco sobre a cultura japonesa de respeitar as pessoas que est\u00e3o em um n\u00edvel mais alto que voc\u00ea, e que os japoneses quase nunca falam o que pensa, e por isso \u00e9 muito f\u00e1cil de machuc\u00e1-las com palavras. Aprendi a respeitar tudo isso com meus pais, e por isso n\u00e3o tive um choque de culturas muito grande.<\/p>\n\n\n\n<h3 class=\"midashi01\">Ap\u00f3s o terminar os estudos,  pode nos contar qual o caminho que seguir\u00e1?<\/strong><\/h3>\n\n\n\n<p>Meu sonho \u00e9 me tornar uma ponte entre o Jap\u00e3o e o Brasil na agricultura. No Brasil h\u00e1 muitos pequenos agricultores que tem uma vida muito dif\u00edcil e esfor\u00e7o pouco reconhecido. Quero usar meu conhecimento que adquiri estudando no Jap\u00e3o para dar suporte \u00e0 essas pessoas.<\/p>\n\n\n\n<h3 class=\"midashi01\">Deixe uma mensagem para aqueles que est\u00e3o pensando em estudar no exterior.<\/strong><\/h3>\n\n\n\n<p>Acredito de estudar no Jap\u00e3o \u00e9 muito dif\u00edcil, mas se voc\u00ea tem vontade de verdade em estudar aqui, lute com todas suas for\u00e7as!<\/p>\n\n\n\n<figure class=\"wp-block-gallery columns-2 is-cropped wp-block-gallery-2 is-layout-flex wp-block-gallery-is-layout-flex\"><ul class=\"blocks-gallery-grid\"><li class=\"blocks-gallery-item\"><figure><img loading=\"lazy\" decoding=\"async\" width=\"1024\" height=\"833\" src=\"https:\/\/nikkeischolarship.org\/pt\/wp\/wp-content\/uploads\/2020\/03\/18.2nakagawa_field-1024x833.jpg\" alt=\"\" data-id=\"259\" data-full-url=\"https:\/\/nikkeischolarship.org\/pt\/wp\/wp-content\/uploads\/2020\/03\/18.2nakagawa_field.jpg\" data-link=\"https:\/\/nikkeischolarship.org\/pt\/?attachment_id=259\" class=\"wp-image-259\" srcset=\"https:\/\/nikkeischolarship.org\/pt\/wp\/wp-content\/uploads\/2020\/03\/18.2nakagawa_field-1024x833.jpg 1024w, https:\/\/nikkeischolarship.org\/pt\/wp\/wp-content\/uploads\/2020\/03\/18.2nakagawa_field-300x244.jpg 300w, https:\/\/nikkeischolarship.org\/pt\/wp\/wp-content\/uploads\/2020\/03\/18.2nakagawa_field-768x625.jpg 768w, https:\/\/nikkeischolarship.org\/pt\/wp\/wp-content\/uploads\/2020\/03\/18.2nakagawa_field.jpg 1420w\" sizes=\"auto, (max-width: 1024px) 100vw, 1024px\" \/><\/figure><\/li><li class=\"blocks-gallery-item\"><figure><img loading=\"lazy\" decoding=\"async\" width=\"768\" height=\"1024\" src=\"https:\/\/nikkeischolarship.org\/pt\/wp\/wp-content\/uploads\/2020\/03\/18.3nakagawa_tsuchi-768x1024.jpg\" alt=\"\" data-id=\"260\" data-full-url=\"https:\/\/nikkeischolarship.org\/pt\/wp\/wp-content\/uploads\/2020\/03\/18.3nakagawa_tsuchi.jpg\" data-link=\"https:\/\/nikkeischolarship.org\/pt\/?attachment_id=260\" class=\"wp-image-260\" srcset=\"https:\/\/nikkeischolarship.org\/pt\/wp\/wp-content\/uploads\/2020\/03\/18.3nakagawa_tsuchi-768x1024.jpg 768w, https:\/\/nikkeischolarship.org\/pt\/wp\/wp-content\/uploads\/2020\/03\/18.3nakagawa_tsuchi-225x300.jpg 225w, https:\/\/nikkeischolarship.org\/pt\/wp\/wp-content\/uploads\/2020\/03\/18.3nakagawa_tsuchi-1153x1536.jpg 1153w, https:\/\/nikkeischolarship.org\/pt\/wp\/wp-content\/uploads\/2020\/03\/18.3nakagawa_tsuchi-1537x2048.jpg 1537w, https:\/\/nikkeischolarship.org\/pt\/wp\/wp-content\/uploads\/2020\/03\/18.3nakagawa_tsuchi.jpg 1599w\" sizes=\"auto, (max-width: 768px) 100vw, 768px\" \/><\/figure><\/li><\/ul><\/figure>\n","protected":false},"excerpt":{"rendered":"Porque escolhou o Jap\u00e3o para estudar? No Brasil conheci um pesquisador jap\u00f4nes, e com ele conversei ...","protected":false},"author":1,"featured_media":0,"parent":0,"menu_order":0,"comment_status":"closed","ping_status":"closed","template":"","meta":{"footnotes":""},"class_list":["post-257","page","type-page","status-publish","hentry"],"_links":{"self":[{"href":"https:\/\/nikkeischolarship.org\/pt\/wp-json\/wp\/v2\/pages\/257","targetHints":{"allow":["GET"]}}],"collection":[{"href":"https:\/\/nikkeischolarship.org\/pt\/wp-json\/wp\/v2\/pages"}],"about":[{"href":"https:\/\/nikkeischolarship.org\/pt\/wp-json\/wp\/v2\/types\/page"}],"author":[{"embeddable":true,"href":"https:\/\/nikkeischolarship.org\/pt\/wp-json\/wp\/v2\/users\/1"}],"replies":[{"embeddable":true,"href":"https:\/\/nikkeischolarship.org\/pt\/wp-json\/wp\/v2\/comments?post=257"}],"version-history":[{"count":1,"href":"https:\/\/nikkeischolarship.org\/pt\/wp-json\/wp\/v2\/pages\/257\/revisions"}],"predecessor-version":[{"id":261,"href":"https:\/\/nikkeischolarship.org\/pt\/wp-json\/wp\/v2\/pages\/257\/revisions\/261"}],"wp:attachment":[{"href":"https:\/\/nikkeischolarship.org\/pt\/wp-json\/wp\/v2\/media?parent=257"}],"curies":[{"name":"wp","href":"https:\/\/api.w.org\/{rel}","templated":true}]}}