{"id":263,"date":"2020-03-06T10:46:40","date_gmt":"2020-03-06T01:46:40","guid":{"rendered":"https:\/\/nikkeischolarship.org\/pt\/?page_id=263"},"modified":"2020-03-06T10:46:41","modified_gmt":"2020-03-06T01:46:41","slug":"19fuchigami","status":"publish","type":"page","link":"https:\/\/nikkeischolarship.org\/pt\/19fuchigami\/","title":{"rendered":"19fuchigami"},"content":{"rendered":"\n<figure class=\"wp-block-gallery columns-1 is-cropped wp-block-gallery-1 is-layout-flex wp-block-gallery-is-layout-flex\"><ul class=\"blocks-gallery-grid\"><li class=\"blocks-gallery-item\"><figure><img loading=\"lazy\" decoding=\"async\" width=\"960\" height=\"960\" src=\"https:\/\/nikkeischolarship.org\/pt\/wp\/wp-content\/uploads\/2020\/03\/19.2fuchigami_teien.jpg\" alt=\"\" data-id=\"264\" data-full-url=\"https:\/\/nikkeischolarship.org\/pt\/wp\/wp-content\/uploads\/2020\/03\/19.2fuchigami_teien.jpg\" data-link=\"https:\/\/nikkeischolarship.org\/pt\/?attachment_id=264\" class=\"wp-image-264\" srcset=\"https:\/\/nikkeischolarship.org\/pt\/wp\/wp-content\/uploads\/2020\/03\/19.2fuchigami_teien.jpg 960w, https:\/\/nikkeischolarship.org\/pt\/wp\/wp-content\/uploads\/2020\/03\/19.2fuchigami_teien-300x300.jpg 300w, https:\/\/nikkeischolarship.org\/pt\/wp\/wp-content\/uploads\/2020\/03\/19.2fuchigami_teien-150x150.jpg 150w, https:\/\/nikkeischolarship.org\/pt\/wp\/wp-content\/uploads\/2020\/03\/19.2fuchigami_teien-768x768.jpg 768w, https:\/\/nikkeischolarship.org\/pt\/wp\/wp-content\/uploads\/2020\/03\/19.2fuchigami_teien-240x240.jpg 240w, https:\/\/nikkeischolarship.org\/pt\/wp\/wp-content\/uploads\/2020\/03\/19.2fuchigami_teien-130x130.jpg 130w\" sizes=\"auto, (max-width: 960px) 100vw, 960px\" \/><\/figure><\/li><\/ul><\/figure>\n\n\n\n<h3 class=\"midashi01\">Porque escolhou o Jap\u00e3o para estudar?<\/strong><\/h3>\n\n\n\n<p>Meus estudos e pesquisa s\u00e3o acerca da flauta tradicional japonesa shakuhachi. Por esse motivo decidi estudar no Jap\u00e3o, local de origem deste instrumento.<\/p>\n\n\n\n<h3 class=\"midashi01\">Como \u00e9 a sua vida no Jap\u00e3o?<\/strong><\/h3>\n\n\n\n<p>Gosto muito de viver no Jap\u00e3o. Aqui h\u00e1 muitas oportunidades de desenvolvimento pessoal devido \u00e0 grande quantidade e instensidade de atividades culturais, al\u00e9m da maravilhosa universidade onde estudo, com excelente biblioteca, material, suporte para pesquisa e professores de alt\u00edssimo n\u00edvel. Al\u00e9m disso, a organiza\u00e7\u00e3o social do Jap\u00e3o \u00e9 visivelmente diferente da do Brasil, e essa experi\u00eancia tamb\u00e9m \u00e9 enriquecedora. Como membro da NFSA, digo que \u00e9 um privil\u00e9gio fazer parte deste grupo, por poder contar com apoio e suporte dos demais bolsistas, al\u00e9m da oportunidade de conhecer amigos de outros pa\u00edses e localidades.  <\/p>\n\n\n\n<h3 class=\"midashi01\">Qual \u00e9 a forma de estudos e pesquisas?<\/strong><\/h3>\n\n\n\n<p>Atualmente desenvolvo pesquisa de Doutorado na \u00c1rea de Edua\u00e7\u00e3o Musical, a respeito da flauta shakuhachi, na Universidade de M\u00fasica de Tokyo. Al\u00e9m disso, tamb\u00e9m estudo a performance com o shakuhachi no The International Shakuhachi Kenshu-kan, tocando em grupos de instrumentos tradicionais. <\/p>\n\n\n\n<h3 class=\"midashi01\">Atrav\u00e9s do estudo no exterior, houve alguma mudan\u00e7a na sua consci\u00eancia como Nikkei? <\/strong><\/h3>\n\n\n\n<p>N\u00e3o sei se algo mudou com rela\u00e7\u00e3o \u00e0 minha caracter\u00edstica nikkei, ou percep\u00e7\u00e3o da identidade pessoal. Sinto-que minha rela\u00e7\u00e3o com o shakuhachi e a m\u00fasica japonesa se aprofundou e meu objetivo \u00e9 contribuir para a difus\u00e3o dessa linda cultura.<\/p>\n\n\n\n<h3 class=\"midashi01\">Por favor conte-nos o seu sonho.<\/strong><\/h3>\n\n\n\n<p>Desenvolver no Brasil um grupo de estudos de shakuhachi para difundir a cultura japonesa ensinando m\u00fasica, bem como realizar apresenta\u00e7\u00f5es de m\u00fasica tradicional japonesa no Brasil e, se poss\u00edvel em outros pa\u00edses tamb\u00e9m.<\/p>\n\n\n\n<h3 class=\"midashi01\">Deixe uma mensagem para aqueles que est\u00e3o pensando em estudar no exterior.<\/strong><\/h3>\n\n\n\n<p>Se quiser vir ao Japao, estude muito o idioma japon\u00eas! <\/p>\n\n\n\n<figure class=\"wp-block-gallery columns-2 is-cropped wp-block-gallery-2 is-layout-flex wp-block-gallery-is-layout-flex\"><ul class=\"blocks-gallery-grid\"><li class=\"blocks-gallery-item\"><figure><img loading=\"lazy\" decoding=\"async\" width=\"720\" height=\"960\" src=\"https:\/\/nikkeischolarship.org\/pt\/wp\/wp-content\/uploads\/2020\/03\/19.1fuchigami_syakuhachi.jpg\" alt=\"\" data-id=\"265\" data-full-url=\"https:\/\/nikkeischolarship.org\/pt\/wp\/wp-content\/uploads\/2020\/03\/19.1fuchigami_syakuhachi.jpg\" data-link=\"https:\/\/nikkeischolarship.org\/pt\/?attachment_id=265\" class=\"wp-image-265\" srcset=\"https:\/\/nikkeischolarship.org\/pt\/wp\/wp-content\/uploads\/2020\/03\/19.1fuchigami_syakuhachi.jpg 720w, https:\/\/nikkeischolarship.org\/pt\/wp\/wp-content\/uploads\/2020\/03\/19.1fuchigami_syakuhachi-225x300.jpg 225w\" sizes=\"auto, (max-width: 720px) 100vw, 720px\" \/><\/figure><\/li><li class=\"blocks-gallery-item\"><figure><img loading=\"lazy\" decoding=\"async\" width=\"530\" height=\"724\" src=\"https:\/\/nikkeischolarship.org\/pt\/wp\/wp-content\/uploads\/2020\/03\/19.3fuchigami_shirokuro.jpg\" alt=\"\" data-id=\"266\" data-full-url=\"https:\/\/nikkeischolarship.org\/pt\/wp\/wp-content\/uploads\/2020\/03\/19.3fuchigami_shirokuro.jpg\" data-link=\"https:\/\/nikkeischolarship.org\/pt\/?attachment_id=266\" class=\"wp-image-266\" srcset=\"https:\/\/nikkeischolarship.org\/pt\/wp\/wp-content\/uploads\/2020\/03\/19.3fuchigami_shirokuro.jpg 530w, https:\/\/nikkeischolarship.org\/pt\/wp\/wp-content\/uploads\/2020\/03\/19.3fuchigami_shirokuro-220x300.jpg 220w, https:\/\/nikkeischolarship.org\/pt\/wp\/wp-content\/uploads\/2020\/03\/19.3fuchigami_shirokuro-440x600.jpg 440w\" sizes=\"auto, (max-width: 530px) 100vw, 530px\" \/><\/figure><\/li><\/ul><\/figure>\n","protected":false},"excerpt":{"rendered":"Porque escolhou o Jap\u00e3o para estudar? Meus estudos e pesquisa s\u00e3o acerca da flauta tradicional japon...","protected":false},"author":1,"featured_media":0,"parent":0,"menu_order":0,"comment_status":"closed","ping_status":"closed","template":"","meta":{"footnotes":""},"class_list":["post-263","page","type-page","status-publish","hentry"],"_links":{"self":[{"href":"https:\/\/nikkeischolarship.org\/pt\/wp-json\/wp\/v2\/pages\/263","targetHints":{"allow":["GET"]}}],"collection":[{"href":"https:\/\/nikkeischolarship.org\/pt\/wp-json\/wp\/v2\/pages"}],"about":[{"href":"https:\/\/nikkeischolarship.org\/pt\/wp-json\/wp\/v2\/types\/page"}],"author":[{"embeddable":true,"href":"https:\/\/nikkeischolarship.org\/pt\/wp-json\/wp\/v2\/users\/1"}],"replies":[{"embeddable":true,"href":"https:\/\/nikkeischolarship.org\/pt\/wp-json\/wp\/v2\/comments?post=263"}],"version-history":[{"count":1,"href":"https:\/\/nikkeischolarship.org\/pt\/wp-json\/wp\/v2\/pages\/263\/revisions"}],"predecessor-version":[{"id":267,"href":"https:\/\/nikkeischolarship.org\/pt\/wp-json\/wp\/v2\/pages\/263\/revisions\/267"}],"wp:attachment":[{"href":"https:\/\/nikkeischolarship.org\/pt\/wp-json\/wp\/v2\/media?parent=263"}],"curies":[{"name":"wp","href":"https:\/\/api.w.org\/{rel}","templated":true}]}}