{"id":268,"date":"2020-03-06T10:50:20","date_gmt":"2020-03-06T01:50:20","guid":{"rendered":"https:\/\/nikkeischolarship.org\/pt\/?page_id=268"},"modified":"2020-03-06T10:50:21","modified_gmt":"2020-03-06T01:50:21","slug":"22bruno","status":"publish","type":"page","link":"https:\/\/nikkeischolarship.org\/pt\/22bruno\/","title":{"rendered":"22bruno"},"content":{"rendered":"\n<figure class=\"wp-block-gallery columns-1 is-cropped wp-block-gallery-1 is-layout-flex wp-block-gallery-is-layout-flex\"><ul class=\"blocks-gallery-grid\"><li class=\"blocks-gallery-item\"><figure><img loading=\"lazy\" decoding=\"async\" width=\"306\" height=\"230\" src=\"https:\/\/nikkeischolarship.org\/pt\/wp\/wp-content\/uploads\/2020\/03\/22.1bruno_concre.jpg\" alt=\"\" data-id=\"269\" data-full-url=\"https:\/\/nikkeischolarship.org\/pt\/wp\/wp-content\/uploads\/2020\/03\/22.1bruno_concre.jpg\" data-link=\"https:\/\/nikkeischolarship.org\/pt\/?attachment_id=269\" class=\"wp-image-269\" srcset=\"https:\/\/nikkeischolarship.org\/pt\/wp\/wp-content\/uploads\/2020\/03\/22.1bruno_concre.jpg 306w, https:\/\/nikkeischolarship.org\/pt\/wp\/wp-content\/uploads\/2020\/03\/22.1bruno_concre-300x225.jpg 300w\" sizes=\"auto, (max-width: 306px) 100vw, 306px\" \/><\/figure><\/li><\/ul><\/figure>\n\n\n\n<h3 class=\"midashi01\">Porque escolhou o Jap\u00e3o para estudar?<\/strong><\/h3>\n\n\n\n<p>A tecnologia japonesa \u00e9 uma tecnologia de ponta, achei que poderia aprender alguma dessas tecnologias e aplicar no Brasil. De in\u00edcio, era apenas por essa raz\u00e3o, mas ao contr\u00e1rio de outros pa\u00edses, o Jap\u00e3o tem uma rela\u00e7\u00e3o hist\u00f3rica profunda com o Brasil, tamb\u00e9m, tinha muito interesse pelo sistema educacional e pela cultura japonesa. Al\u00e9m da tecnologia, resolvi estudar no Jap\u00e3o porque achei que seria uma oportunidade de aprender algo \u201cinvis\u00edvel\u201d, completamente diferente do Brasil, assim como sistema educacional e cultura japon\u00eas.<\/p>\n\n\n\n<h3 class=\"midashi01\">Como \u00e9 a sua vida no Jap\u00e3o?<\/strong><\/h3>\n\n\n\n<p>Eu acho que a vida no Jap\u00e3o \u00e9 o oposto de viver no Brasil. Penso que se unisse os dois modos de vidas seria um modo de vida exemplar, quase que perfeito. Morar no Jap\u00e3o, \u00e9 muito bom por quase n\u00e3o existir crimes. Por outro lado, \u00e9 dif\u00edcil infiltrar-se na sociedade japonesa, \u00e9 necess\u00e1rio muito esfor\u00e7o se voc\u00ea pretende se infiltrar na sociedade japonesa.<br>\nDe um ponto de vista econ\u00f4mico, a bolsa de estudos Nikkei Scholarship \u00e9 incrivelmente favor\u00e1vel. Desde que comecei a receber a bolsa, consegui me concentrar mais em meus estudos e pesquisas. De fato, pude receber v\u00e1rios pr\u00eamios, gra\u00e7as ao suporte da Nikkei Scholarship.<\/p>\n\n\n\n<h3 class=\"midashi01\">Qual \u00e9 a forma de estudos e pesquisas?<\/strong><\/h3>\n\n\n\n<p>O tema da minha investiga\u00e7\u00e3o \u00e9 &#8220;Os efeitos na re-passiva\u00e7\u00e3o dos vergalh\u00f5es no concreto ap\u00f3s o uso do m\u00e9todo de dessaliniza\u00e7\u00e3o electroqu\u00edmica em vergalh\u00f5es oxidados&#8221;. O prop\u00f3sito da pesquisa \u00e9 saber se, caso o m\u00e9todo de dessaliniza\u00e7\u00e3o eletroqu\u00edmico seja usado num estado em que os vergalh\u00f5es no concreto est\u00e3o oxidados, ou seja, tal mudan\u00e7a do estado da oxida\u00e7\u00e3o dos vergalh\u00f5es pode trazer algum efeito ou n\u00e3o na re-passiva\u00e7\u00e3o dos vergalh\u00f5es ap\u00f3s o uso do m\u00e9todo de dessaliniza\u00e7\u00e3o eletroqu\u00edmica. Tamb\u00e9m, considerar esses efeitos em conjunto quando o concreto cont\u00e9m agregados reativos.<\/p>\n\n\n\n<h3 class=\"midashi01\">Atrav\u00e9s do estudo no exterior, houve alguma mudan\u00e7a na sua consci\u00eancia como Nikkei? <\/strong><\/h3>\n\n\n\n<p>Mudou. At\u00e9 um certo tempo pensava que era um Nikkei. No entanto, parece que existe uma regra pr\u00e9-estabelecida em que um Nikkei precisa ter uma apar\u00eancia de japon\u00eas, nome de japon\u00eas etc. Descobri que, se voc\u00ea n\u00e3o tem tais caracter\u00edsticas, desconfiam de voc\u00ea e te discriminam de uma certa maneira.<\/p>\n\n\n\n<h3 class=\"midashi01\">Por favor conte-nos o seu sonho.<\/strong><\/h3>\n\n\n\n<p>Gostaria de aproveitar o que aprendi aqui no Jap\u00e3o e fazer pesquisas \u00fateis para o pr\u00f3ximo. Meu sonho recentemente \u00e9, se poss\u00edvel, ganhar o Pr\u00eamio Nobel.<\/p>\n\n\n\n<h3 class=\"midashi01\">Deixe uma mensagem para aqueles que est\u00e3o pensando em estudar no exterior.<\/strong><\/h3>\n\n\n\n<p>Como mensagem para pessoas que est\u00e3o pensando em estudar no Jap\u00e3o, tamb\u00e9m, para as crian\u00e7as de estrangeiros que est\u00e3o trabalhando no Jap\u00e3o, especialmente estudantes do gin\u00e1sio e do ensino m\u00e9dio: tenha v\u00e1rios sonhos! Pelo menos dois. Mesmo que um deles voc\u00ea n\u00e3o consiga alcan\u00e7ar ou ele n\u00e3o se realize, voc\u00ea ter\u00e1 o outro para batalhar por ele. Ter sonhos n\u00e3o custa nada! Acho que a tristeza de um n\u00e3o ter se realizado voc\u00ea pode transforma-la em for\u00e7a para seguir em frente e alcan\u00e7ar o outro sonho. Quando voc\u00ea n\u00e3o poder fazer isso sozinho, por favor, olhe ao seu redor. H\u00e1 muitas pessoas que colaboram com pessoas que t\u00eam sonhos. Com essas pessoas, voc\u00ea pode fazer qualquer coisa, ent\u00e3o, continue dando o seu melhor mais do que nunca.<\/p>\n\n\n\n<figure class=\"wp-block-gallery columns-2 is-cropped wp-block-gallery-2 is-layout-flex wp-block-gallery-is-layout-flex\"><ul class=\"blocks-gallery-grid\"><li class=\"blocks-gallery-item\"><figure><img loading=\"lazy\" decoding=\"async\" width=\"225\" height=\"300\" src=\"https:\/\/nikkeischolarship.org\/pt\/wp\/wp-content\/uploads\/2020\/03\/22.3ribeiro_koto.jpg\" alt=\"\" data-id=\"271\" data-full-url=\"https:\/\/nikkeischolarship.org\/pt\/wp\/wp-content\/uploads\/2020\/03\/22.3ribeiro_koto.jpg\" data-link=\"https:\/\/nikkeischolarship.org\/pt\/?attachment_id=271\" class=\"wp-image-271\"\/><\/figure><\/li><li class=\"blocks-gallery-item\"><figure><img loading=\"lazy\" decoding=\"async\" width=\"225\" height=\"300\" src=\"https:\/\/nikkeischolarship.org\/pt\/wp\/wp-content\/uploads\/2020\/03\/22.2ribeiro_gakkai.jpg\" alt=\"\" data-id=\"270\" data-full-url=\"https:\/\/nikkeischolarship.org\/pt\/wp\/wp-content\/uploads\/2020\/03\/22.2ribeiro_gakkai.jpg\" data-link=\"https:\/\/nikkeischolarship.org\/pt\/?attachment_id=270\" class=\"wp-image-270\"\/><\/figure><\/li><\/ul><\/figure>\n","protected":false},"excerpt":{"rendered":"Porque escolhou o Jap\u00e3o para estudar? A tecnologia japonesa \u00e9 uma tecnologia de ponta, achei que pod...","protected":false},"author":1,"featured_media":0,"parent":0,"menu_order":0,"comment_status":"closed","ping_status":"closed","template":"","meta":{"footnotes":""},"class_list":["post-268","page","type-page","status-publish","hentry"],"_links":{"self":[{"href":"https:\/\/nikkeischolarship.org\/pt\/wp-json\/wp\/v2\/pages\/268","targetHints":{"allow":["GET"]}}],"collection":[{"href":"https:\/\/nikkeischolarship.org\/pt\/wp-json\/wp\/v2\/pages"}],"about":[{"href":"https:\/\/nikkeischolarship.org\/pt\/wp-json\/wp\/v2\/types\/page"}],"author":[{"embeddable":true,"href":"https:\/\/nikkeischolarship.org\/pt\/wp-json\/wp\/v2\/users\/1"}],"replies":[{"embeddable":true,"href":"https:\/\/nikkeischolarship.org\/pt\/wp-json\/wp\/v2\/comments?post=268"}],"version-history":[{"count":1,"href":"https:\/\/nikkeischolarship.org\/pt\/wp-json\/wp\/v2\/pages\/268\/revisions"}],"predecessor-version":[{"id":272,"href":"https:\/\/nikkeischolarship.org\/pt\/wp-json\/wp\/v2\/pages\/268\/revisions\/272"}],"wp:attachment":[{"href":"https:\/\/nikkeischolarship.org\/pt\/wp-json\/wp\/v2\/media?parent=268"}],"curies":[{"name":"wp","href":"https:\/\/api.w.org\/{rel}","templated":true}]}}