{"id":273,"date":"2020-03-06T10:53:37","date_gmt":"2020-03-06T01:53:37","guid":{"rendered":"https:\/\/nikkeischolarship.org\/pt\/?page_id=273"},"modified":"2020-03-06T10:53:37","modified_gmt":"2020-03-06T01:53:37","slug":"24tomo","status":"publish","type":"page","link":"https:\/\/nikkeischolarship.org\/pt\/24tomo\/","title":{"rendered":"24tomo"},"content":{"rendered":"\n<figure class=\"wp-block-gallery columns-1 is-cropped wp-block-gallery-1 is-layout-flex wp-block-gallery-is-layout-flex\"><ul class=\"blocks-gallery-grid\"><li class=\"blocks-gallery-item\"><figure><img loading=\"lazy\" decoding=\"async\" width=\"408\" height=\"306\" src=\"https:\/\/nikkeischolarship.org\/pt\/wp\/wp-content\/uploads\/2020\/03\/24.2tomo_kenkyushitsu.jpg\" alt=\"\" data-id=\"274\" data-full-url=\"https:\/\/nikkeischolarship.org\/pt\/wp\/wp-content\/uploads\/2020\/03\/24.2tomo_kenkyushitsu.jpg\" data-link=\"https:\/\/nikkeischolarship.org\/pt\/?attachment_id=274\" class=\"wp-image-274\" srcset=\"https:\/\/nikkeischolarship.org\/pt\/wp\/wp-content\/uploads\/2020\/03\/24.2tomo_kenkyushitsu.jpg 408w, https:\/\/nikkeischolarship.org\/pt\/wp\/wp-content\/uploads\/2020\/03\/24.2tomo_kenkyushitsu-300x225.jpg 300w\" sizes=\"auto, (max-width: 408px) 100vw, 408px\" \/><\/figure><\/li><\/ul><\/figure>\n\n\n\n<h3 class=\"midashi01\">Porque escolhou o Jap\u00e3o para estudar?<\/strong><\/h3>\n\n\n\n<p>Estudar no Jap\u00e3o era um projeto pessoal antigo, pois sempre tive o interesse de conhecer a terra de onde vieram meus ancestrais, conhecer mais sobre a cultura, tradi\u00e7\u00e3o e modernidade deste pequeno pa\u00eds localizado do outro lado do mundo, mas reconhecido mundialmente pela sua tecnologia e educa\u00e7\u00e3o de seu povo. <\/p>\n\n\n\n<h3 class=\"midashi01\">Como \u00e9 a sua vida no Jap\u00e3o?<\/strong><\/h3>\n\n\n\n<p>Eu acredito que a vida no Jap\u00e3o \u00e9 muito conveniente, especialmente para mim que vivo em Tokyo. Mas o maior conselho que eu poderia dar para as pessoas que venham estudar aqui, \u00e9 que tentem aprender ao m\u00e1ximo a l\u00edngua japonesa antes de vir, pois existem muitos processos, principalmente os mais burocr\u00e1ticos, os quais exigem um bom conhecimento e flu\u00eancia na l\u00edngua japonesa. Por isso tenho muita gratid\u00e3o a Nikkei scholarship, pois gra\u00e7as aos kenshus organizados pelos membros da NFSA, todos os bolsistas s\u00e3o bem unidos, e foi gra\u00e7as a ajuda de alguns deles que eu consegui resolver assuntos cruciais para viver no Jap\u00e3o.<\/p>\n\n\n\n<h3 class=\"midashi01\">Qual \u00e9 a forma de estudos e pesquisas?<\/strong><\/h3>\n\n\n\n<p>De acordo com a CIA World Factbook, o Jap\u00e3o possui a segunda menor taxa de mortalidade infantil no mundo, al\u00e9m de ser reconhecido mundialmente pela not\u00e1vel baixa mortalidade dos prematuros extremos. Por isso, irei realizar uma pesquisa de Compara\u00e7\u00e3o entre as Unidades de Terapia Intensiva Neonatal no Jap\u00e3o e no Brasil, pois como todos os pa\u00edses almejam proporcionar o melhor sistema de sa\u00fade aos seus cidad\u00e3os, acredito que \u00e9 essencial avaliar as diferen\u00e7as dos resultados entre pa\u00edses, investigar quais fatores s\u00e3o respons\u00e1veis por essas diferen\u00e7as e, finalmente, aprender uns com os outros. E tamb\u00e9m estou participando em um projeto sobre a avalia\u00e7\u00e3o do impacto da distribui\u00e7\u00e3o do Caderno de Sa\u00fade Materno Infantil na Angola (\u00c1frica) para o melhoramento dos desfechos da sa\u00fade materna e infantil, onde tenho tido o privil\u00e9gio de trabalhar com uma equipe muito capacitada a qual sempre est\u00e3o me oferecendo suporte para que eu melhore o meu conhecimento.<\/p>\n\n\n\n<h3 class=\"midashi01\">Atrav\u00e9s do estudo no exterior, houve alguma mudan\u00e7a na sua consci\u00eancia como Nikkei? <\/strong><\/h3>\n\n\n\n<p>Sim, a oportunidade de estudar e viver no Jap\u00e3o possibilitou-me enxergar o pa\u00eds e sua cultura com outros olhos. Pude compreender pessoalmente os costumes, rituais e valores herdados dos meus ancestrais, o comportamento e o pensamento dos meus av\u00f3s e agora poder compreende-los. Pude valorizar o grande esfor\u00e7o dos nossos antepassados imigrantes que se esfor\u00e7aram para manter esta tradi\u00e7\u00e3o, a transmiss\u00e3o e a preserva\u00e7\u00e3o dos valores culturais nip\u00f4nicos atrav\u00e9s de in\u00fameras associa\u00e7\u00f5es, escolas e entidades em meu pa\u00eds. Agora, estou mais consciente que como nikkeijin preciso dar continuidade atrav\u00e9s do aprendizado e do compartilhamento da cultura japonesa, transmitir essa riqueza e encorajar as futuras gera\u00e7\u00f5es a conhec\u00ea-la e compreend\u00ea-la melhor a fim de preservar melhor nossa identidade cultural.<\/p>\n\n\n\n<h3 class=\"midashi01\">Por favor conte-nos o seu sonho.<\/strong><\/h3>\n\n\n\n<p>Conseguir participar e realizar grandes projetos onde eu consiga ajudar muitas pessoas como forma de agradecimento a todas estas maravilhosas oportunidades que estou tendo em minha vida, em especial as que tenho tido no Jap\u00e3o gra\u00e7as a esta bolsa de estudos.<\/p>\n\n\n\n<h3 class=\"midashi01\">Deixe uma mensagem para aqueles que est\u00e3o pensando em estudar no exterior.<\/strong><\/h3>\n\n\n\n<p>Todo o processo desde conseguir uma bolsa de estudos, entrar em uma boa universidade, adaptar a vida no Jap\u00e3o.. at\u00e9 se graduar, pode ser um caminho \u00e1rduo, mas com certeza vale muito a pena. Pois somente plantando boas sementes que se colhem \u00f3timos frutos.<\/p>\n\n\n\n<figure class=\"wp-block-gallery columns-1 is-cropped wp-block-gallery-2 is-layout-flex wp-block-gallery-is-layout-flex\"><ul class=\"blocks-gallery-grid\"><li class=\"blocks-gallery-item\"><figure><img loading=\"lazy\" decoding=\"async\" width=\"503\" height=\"482\" src=\"https:\/\/nikkeischolarship.org\/pt\/wp\/wp-content\/uploads\/2020\/03\/24.1tomo_kazoku.jpg\" alt=\"\" data-id=\"275\" data-full-url=\"https:\/\/nikkeischolarship.org\/pt\/wp\/wp-content\/uploads\/2020\/03\/24.1tomo_kazoku.jpg\" data-link=\"https:\/\/nikkeischolarship.org\/pt\/?attachment_id=275\" class=\"wp-image-275\" srcset=\"https:\/\/nikkeischolarship.org\/pt\/wp\/wp-content\/uploads\/2020\/03\/24.1tomo_kazoku.jpg 503w, https:\/\/nikkeischolarship.org\/pt\/wp\/wp-content\/uploads\/2020\/03\/24.1tomo_kazoku-300x287.jpg 300w\" sizes=\"auto, (max-width: 503px) 100vw, 503px\" \/><\/figure><\/li><\/ul><\/figure>\n","protected":false},"excerpt":{"rendered":"Porque escolhou o Jap\u00e3o para estudar? Estudar no Jap\u00e3o era um projeto pessoal antigo, pois sempre ti...","protected":false},"author":1,"featured_media":0,"parent":0,"menu_order":0,"comment_status":"closed","ping_status":"closed","template":"","meta":{"footnotes":""},"class_list":["post-273","page","type-page","status-publish","hentry"],"_links":{"self":[{"href":"https:\/\/nikkeischolarship.org\/pt\/wp-json\/wp\/v2\/pages\/273","targetHints":{"allow":["GET"]}}],"collection":[{"href":"https:\/\/nikkeischolarship.org\/pt\/wp-json\/wp\/v2\/pages"}],"about":[{"href":"https:\/\/nikkeischolarship.org\/pt\/wp-json\/wp\/v2\/types\/page"}],"author":[{"embeddable":true,"href":"https:\/\/nikkeischolarship.org\/pt\/wp-json\/wp\/v2\/users\/1"}],"replies":[{"embeddable":true,"href":"https:\/\/nikkeischolarship.org\/pt\/wp-json\/wp\/v2\/comments?post=273"}],"version-history":[{"count":1,"href":"https:\/\/nikkeischolarship.org\/pt\/wp-json\/wp\/v2\/pages\/273\/revisions"}],"predecessor-version":[{"id":276,"href":"https:\/\/nikkeischolarship.org\/pt\/wp-json\/wp\/v2\/pages\/273\/revisions\/276"}],"wp:attachment":[{"href":"https:\/\/nikkeischolarship.org\/pt\/wp-json\/wp\/v2\/media?parent=273"}],"curies":[{"name":"wp","href":"https:\/\/api.w.org\/{rel}","templated":true}]}}