{"id":277,"date":"2020-03-06T10:56:26","date_gmt":"2020-03-06T01:56:26","guid":{"rendered":"https:\/\/nikkeischolarship.org\/pt\/?page_id=277"},"modified":"2020-03-06T10:56:27","modified_gmt":"2020-03-06T01:56:27","slug":"25seino","status":"publish","type":"page","link":"https:\/\/nikkeischolarship.org\/pt\/25seino\/","title":{"rendered":"25seino"},"content":{"rendered":"\n<figure class=\"wp-block-gallery columns-1 is-cropped wp-block-gallery-1 is-layout-flex wp-block-gallery-is-layout-flex\"><ul class=\"blocks-gallery-grid\"><li class=\"blocks-gallery-item\"><figure><img loading=\"lazy\" decoding=\"async\" width=\"1024\" height=\"768\" src=\"https:\/\/nikkeischolarship.org\/pt\/wp\/wp-content\/uploads\/2020\/03\/25.1seino_soto-1024x768.jpg\" alt=\"\" data-id=\"278\" data-full-url=\"https:\/\/nikkeischolarship.org\/pt\/wp\/wp-content\/uploads\/2020\/03\/25.1seino_soto.jpg\" data-link=\"https:\/\/nikkeischolarship.org\/pt\/?attachment_id=278\" class=\"wp-image-278\" srcset=\"https:\/\/nikkeischolarship.org\/pt\/wp\/wp-content\/uploads\/2020\/03\/25.1seino_soto-1024x768.jpg 1024w, https:\/\/nikkeischolarship.org\/pt\/wp\/wp-content\/uploads\/2020\/03\/25.1seino_soto-300x225.jpg 300w, https:\/\/nikkeischolarship.org\/pt\/wp\/wp-content\/uploads\/2020\/03\/25.1seino_soto-768x576.jpg 768w, https:\/\/nikkeischolarship.org\/pt\/wp\/wp-content\/uploads\/2020\/03\/25.1seino_soto.jpg 1478w\" sizes=\"auto, (max-width: 1024px) 100vw, 1024px\" \/><\/figure><\/li><\/ul><\/figure>\n\n\n\n<h3 class=\"midashi01\">Porque escolhou o Jap\u00e3o para estudar?<\/strong><\/h3>\n\n\n\n<p>Eu decidi vir para o Jap\u00e3o pois eu trabalhava como advogada no Brasil e tinha vontade de aprender sobre o direito japon\u00eas e de estudar mais japon\u00eas para poder, futuramente, trabalhar com empresas japonesas.<\/p>\n\n\n\n<h3 class=\"midashi01\">Como \u00e9 a sua vida no Jap\u00e3o?<\/strong><\/h3>\n\n\n\n<p>A vida no Jap\u00e3o \u00e9 um pouco corrida, mas muito divertida. Fiquei muito feliz de ter a oportunidade de conhecer pessoas de pa\u00edses diferentes e aprender diferentes culturas na NFSA\u3001na escola de japon\u00eas e na universidade. Apesar da vida ser mais f\u00e1cil no Jap\u00e3o se voc\u00ea falar japon\u00eas, em v\u00e1rios lugares, especialmente em T\u00f3quio, existem pessoas que falam Ingl\u00eas, ent\u00e3o n\u00e3o tive muita dificuldade. Entretanto, eu tenho muita dificuldade com kanjis, e, visto que os uso bastante em minhas aulas pois devo ler v\u00e1rios livros em japon\u00eas, me arrependo um pouco de n\u00e3o ter estudado mais antes de vir. Ademais, viver longe da minha fam\u00edlia \u00e9 solit\u00e1rio, mas, por ter sempre os meus companheiros da NFSA, sempre tenho quem me apoie e com quem compartilho meus momentos de alegrias.<\/p>\n\n\n\n<h3 class=\"midashi01\">Qual \u00e9 a forma de estudos e pesquisas?<\/strong><\/h3>\n\n\n\n<p>Como eu me especializei em direito tribut\u00e1rio no Brasil, estudo, principalmente, o direito tribut\u00e1rio japon\u00eas.<\/p>\n\n\n\n<h3 class=\"midashi01\">Atrav\u00e9s do estudo no exterior, houve alguma mudan\u00e7a na sua consci\u00eancia como Nikkei? <\/strong><\/h3>\n\n\n\n<p>Por meio do interc\u00e2mbio, pude aprender mais sobre a cultura japonesa e conhecer outros nikkeis e passei a ter mais orgulho em ser Nikkei.<\/p>\n\n\n\n<h3 class=\"midashi01\">Por favor conte-nos o seu sonho.<\/strong><\/h3>\n\n\n\n<p>Meu sonho \u00e9 poder ser uma advogada que possa contribuir para empresas japonesas e brasileiras.<\/p>\n\n\n\n<h3 class=\"midashi01\">Deixe uma mensagem para aqueles que est\u00e3o pensando em estudar no exterior.<\/strong><\/h3>\n\n\n\n<p>Acredito que existem v\u00e1rias coisas que somente podem ser aprendidas vindo ao Jap\u00e3o. No meu caso, quando decidi pausar minha carreira para fazer o interc\u00e2mbio, fui criticada por v\u00e1rias pessoas, mas, para mim, vir ao Jap\u00e3o me criar\u00e1 v\u00e1rias possibilidades que eu n\u00e3o tinha antes, e, por isso, n\u00e3o me arrependo em nenhum momento. Al\u00e9m disso, sinto que cresci n\u00e3o somente profissionalmente como tamb\u00e9m pessoalmente com essa oportunidade. Espero que possamos estudar juntos no Jap\u00e3o!<\/p>\n","protected":false},"excerpt":{"rendered":"Porque escolhou o Jap\u00e3o para estudar? Eu decidi vir para o Jap\u00e3o pois eu trabalhava como advogada no...","protected":false},"author":1,"featured_media":0,"parent":0,"menu_order":0,"comment_status":"closed","ping_status":"closed","template":"","meta":{"footnotes":""},"class_list":["post-277","page","type-page","status-publish","hentry"],"_links":{"self":[{"href":"https:\/\/nikkeischolarship.org\/pt\/wp-json\/wp\/v2\/pages\/277","targetHints":{"allow":["GET"]}}],"collection":[{"href":"https:\/\/nikkeischolarship.org\/pt\/wp-json\/wp\/v2\/pages"}],"about":[{"href":"https:\/\/nikkeischolarship.org\/pt\/wp-json\/wp\/v2\/types\/page"}],"author":[{"embeddable":true,"href":"https:\/\/nikkeischolarship.org\/pt\/wp-json\/wp\/v2\/users\/1"}],"replies":[{"embeddable":true,"href":"https:\/\/nikkeischolarship.org\/pt\/wp-json\/wp\/v2\/comments?post=277"}],"version-history":[{"count":1,"href":"https:\/\/nikkeischolarship.org\/pt\/wp-json\/wp\/v2\/pages\/277\/revisions"}],"predecessor-version":[{"id":279,"href":"https:\/\/nikkeischolarship.org\/pt\/wp-json\/wp\/v2\/pages\/277\/revisions\/279"}],"wp:attachment":[{"href":"https:\/\/nikkeischolarship.org\/pt\/wp-json\/wp\/v2\/media?parent=277"}],"curies":[{"name":"wp","href":"https:\/\/api.w.org\/{rel}","templated":true}]}}