{"id":280,"date":"2020-03-06T11:00:26","date_gmt":"2020-03-06T02:00:26","guid":{"rendered":"https:\/\/nikkeischolarship.org\/pt\/?page_id=280"},"modified":"2021-08-27T16:11:30","modified_gmt":"2021-08-27T07:11:30","slug":"26yoshida","status":"publish","type":"page","link":"https:\/\/nikkeischolarship.org\/pt\/26yoshida\/","title":{"rendered":"26yoshida"},"content":{"rendered":"\n<figure class=\"wp-block-gallery columns-1 is-cropped wp-block-gallery-1 is-layout-flex wp-block-gallery-is-layout-flex\"><ul class=\"blocks-gallery-grid\"><li class=\"blocks-gallery-item\"><figure><img loading=\"lazy\" decoding=\"async\" width=\"1024\" height=\"768\" src=\"https:\/\/nikkeischolarship.org\/pt\/wp\/wp-content\/uploads\/2020\/03\/26.1yoshida_fujisan-1024x768.jpg\" alt=\"\" data-id=\"281\" data-full-url=\"https:\/\/nikkeischolarship.org\/pt\/wp\/wp-content\/uploads\/2020\/03\/26.1yoshida_fujisan.jpg\" data-link=\"https:\/\/nikkeischolarship.org\/pt\/?attachment_id=281\" class=\"wp-image-281\" srcset=\"https:\/\/nikkeischolarship.org\/pt\/wp\/wp-content\/uploads\/2020\/03\/26.1yoshida_fujisan-1024x768.jpg 1024w, https:\/\/nikkeischolarship.org\/pt\/wp\/wp-content\/uploads\/2020\/03\/26.1yoshida_fujisan-300x225.jpg 300w, https:\/\/nikkeischolarship.org\/pt\/wp\/wp-content\/uploads\/2020\/03\/26.1yoshida_fujisan-768x576.jpg 768w, https:\/\/nikkeischolarship.org\/pt\/wp\/wp-content\/uploads\/2020\/03\/26.1yoshida_fujisan-1536x1152.jpg 1536w, https:\/\/nikkeischolarship.org\/pt\/wp\/wp-content\/uploads\/2020\/03\/26.1yoshida_fujisan.jpg 1545w\" sizes=\"auto, (max-width: 1024px) 100vw, 1024px\" \/><\/figure><\/li><\/ul><\/figure>\n\n\n\n<h3 class=\"midashi01\">Porque escolhou o Jap\u00e3o para estudar?<\/strong><\/h3>\n\n\n\n<p>Fazer minha p\u00f3s-gradua\u00e7\u00e3o no Jap\u00e3o era o meu grande sonho desde adolescente. Sempre me senti muito conectado com a cultura japonesa e queria desempenhar uma profiss\u00e3o no futuro que relacionasse as rela\u00e7\u00f5es entre meu pa\u00eds, Brasil, e Jap\u00e3o. Por esta raz\u00e3o decidi cursar Rela\u00e7\u00e3o Internacionais na universidade e escrevi um Trabalho de Conclus\u00e3o de Curso sobre a imigra\u00e7\u00e3o de brasileiros no Jap\u00e3o. Para dar continuidade ao trabalho que desenvolvi na faculdade, vim ao Jap\u00e3o cursar meu mestrado na Universidade de Tsukuba com um orientador que \u00e9 refer\u00eancia na em minha \u00e1rea de estudos. Al\u00e9m de ter este orientador, aqui no Jap\u00e3o eu tenho f\u00e1cil acesso a comunidade brasileira e posso realizar trabalhos de campo, como entrevistas e observa\u00e7\u00e3o, que trazem mais credibilidade a minha pesquisa.<\/p>\n\n\n\n<h3 class=\"midashi01\">Como \u00e9 a sua vida no Jap\u00e3o?<\/strong><\/h3>\n\n\n\n<p>Viver no Jap\u00e3o tem sido uma oportunidade de crescimento \u00fanica na minha vida. \u00c9 a primeira vez que moro no exterior e longe da minha fam\u00edlia, por isso precisei aprender a fazer muitas coisas novas. Por exemplo, precisei aprender a fazer trabalhos dom\u00e9sticos, a administrar o meu pr\u00f3prio dinheiro, a ser mais respons\u00e1vel com meus compromissos, a cuidar melhor da minha pr\u00f3pria sa\u00fade. Todo este processo tem sido um desafio, algumas vezes dif\u00edcil, mas definitivamente hoje eu sou uma pessoa muito mais preparada para lidar com os problemas da vida do que eu era h\u00e1 2 anos atr\u00e1s.<br>\nA bolsa Nikkei Scholarship \u00e9, na minha opini\u00e3o, a melhor op\u00e7\u00e3o para jovens nikkeis que querem vir estudar no Jap\u00e3o. Esta bolsa \u00e9 diferenciada por que ela proporciona n\u00e3o s\u00f3 suporte financeiro aos estudantes, mas tamb\u00e9m proporciona possibilidades \u00fanicas como, por exemplo, fazer parte da NFSA. A NFSA \u00e9 o principal diferencia desta bolsa, ela al\u00e9m de um grupo de bolsistas, uma fam\u00edlia, todos nikkeys que compartilham muitos valores em comum e tem uma preocupa\u00e7\u00e3o significativa com o nosso papel na sociedade. Ter a oportunidade de me conectar com tantos outros bolsistas com interesses (mesmo que em \u00e1reas diferentes) semelhantes aos meus \u00e9 enriquecedor.<\/p>\n\n\n\n<h3 class=\"midashi01\">Qual \u00e9 a forma de estudos e pesquisas?<\/strong><\/h3>\n\n\n\n<p>Minha atual pesquisa \u00e9 sobre a conviv\u00eancia multicultural entre Japoneses e Brasileiros que vivem no Jap\u00e3o. Meu objetivo \u00e9 analisar o processo de adapta\u00e7\u00e3o dos imigrantes brasileiros aqui no Jap\u00e3o e identificar de que forma o contato com a cultura japonesa tem agregado na vida dos mesmos. Atualmente, estou na fase final do meu fieldwork, onde fa\u00e7o entrevistas com diversos imigrantes (de gera\u00e7\u00f5es mais velhas e mais novas) e pergunto v\u00e1rios detalhes sobre a vida dos mesmos do Jap\u00e3o. Duas das perguntas que fa\u00e7o \u00e9 \u201cO que da cultura japonesa voc\u00ea acha que n\u00f3s Brasileiros podemos aprender?\u201d e \u201cO que da cultura brasileiro voc\u00ea acha que n\u00f3s brasileiros podemos ensinar aos japoneses?\u201d. Um ponto importante desta pesquisa \u00e9 identificar as diferen\u00e7as que existem nas respostas das gera\u00e7\u00f5es mais velhas e das gera\u00e7\u00f5es mais novas, para assim identificar as<\/p>\n\n\n\n<p>din\u00e2micas da integra\u00e7\u00e3o entre brasileiros e japoneses, trazendo assim resultados mais frescos.<\/p>\n\n\n\n<h3 class=\"midashi01\">Atrav\u00e9s do estudo no exterior, houve alguma mudan\u00e7a na sua consci\u00eancia como Nikkei? <\/strong><\/h3>\n\n\n\n<p>Sim. Antes de vir morar no Jap\u00e3o, eu sentia que n\u00e3o era um brasileiro regular. Me sentia um pouco diferente dos meus amigos brasileiros que n\u00e3o s\u00e3o nikkeis, possu\u00eda gostos, valores e at\u00e9 comportamento diferente dos mesmos. Eu tinha curiosidade em saber se aqui no Jap\u00e3o eu tamb\u00e9m me sentiria da mesma forma. Chegando aqui, percebi tamb\u00e9m que eu n\u00e3o era como os japoneses, que assim como no Brasil, eu tamb\u00e9m possuo gostos, valores e comportamentos diferentes da sociedade Japonesa. A minha conclus\u00e3o, depois de muita reflex\u00e3o sobre quem eu sou, \u00e9 que possuo uma identidade transnacional e que tenho o Jap\u00e3o e o Brasil dentro de mim, mesmo que inconscientemente, que eu perten\u00e7o aos dois pa\u00edses. Quando estou no Brasil, o meu lado japon\u00eas fica mais evidente, quando estou no Jap\u00e3o meu lado brasileiro fica mais evidente devido ao contraste com as sociedades locais. Percebi que se eu usar esta identidade da forma correta eu posso me tornar um ser humano muito mais rico culturalmente. Antes de vir ao Jap\u00e3o, eu achava que ser Nikkei era simplesmente possuir sangue japon\u00eas, hoje eu entendo \u201cser nikkey\u201d como uma condi\u00e7\u00e3o que me proporciona uma vis\u00e3o muito mais ampla de mundo.<\/p>\n\n\n\n<h3 class=\"midashi01\">Por favor conte-nos o seu sonho.<\/strong><\/h3>\n\n\n\n<p>Meu sonho para o futuro \u00e9 contribuir no desenvolvimento de projetos que conectem o Brasil e o Jap\u00e3o e na cria\u00e7\u00e3o de uma sociedade mais justa e igualit\u00e1ria. Depois de dois anos no Jap\u00e3o, estou tendo a oportunidade de descobrir mais sobre mim mesmo e descobri uma grande paix\u00e3o por dar palestras e inspirar pessoas com minhas palavras. Por esse motivo, meu maior sonho atualmente \u00e9 me tornar um professor universit\u00e1rio muito qualificado e uma refer\u00eancia em meu campo de estudos. Conclu\u00ed que, com essa profiss\u00e3o, alcan\u00e7arei a vida de milhares de pessoas, contribuindo na cria\u00e7\u00e3o de uma sociedade melhor, e que \u00e9 a melhor maneira de me envolver e contribuir com meu conhecimento e minhas pesquisas para desenvolver projetos, principalmente no campo social como educa\u00e7\u00e3o e cultura, entre o Brasil e o Jap\u00e3o.<\/p>\n\n\n\n<h3 class=\"midashi01\">Deixe uma mensagem para aqueles que est\u00e3o pensando em estudar no exterior.<\/strong><\/h3>\n\n\n\n<p>Para todos que desejam vir ao Jap\u00e3o para estudar, recomendo primeiramente, que estejam conscientes que haver\u00e3o muitos desafios. Por\u00e9m, estes desafios s\u00e3o essenciais para que voc\u00ea se torne uma pessoa mais forte e mais madura, por isso, n\u00e3o desista, esta \u00e9 uma condi\u00e7\u00e3o para se crescer. Na \u00e1rea dos estudos, recomendo fazer uma pesquisa acerca de orientadores em sua \u00e1rea e sobre as possibilidades de desenvolver o seu research topic aqui. As universidades japonesas, inclusive as p\u00fablicas, costumam possuir uma \u00f3tima estrutura e por isso, voc\u00ea provavelmente acabar\u00e1 encontrando uma boa oportunidade. Finalmente, eu recomendo que abram o seu cora\u00e7\u00e3o quando chegarem aqui, se permitam aprender coisas novas e observe e reflita muito sobre n\u00e3o s\u00f3 ao que est\u00e1 ao seu redor, mas tamb\u00e9m sobre o que est\u00e1 dentro de voc\u00ea. Desta forma, voc\u00ea vai abrir sua vis\u00e3o de mundo e esta experi\u00eancia no Jap\u00e3o vai ser um grande impulso em sua vida acad\u00eamica, profissional e pessoal.<\/p>\n\n\n\n<figure class=\"wp-block-gallery columns-2 is-cropped wp-block-gallery-2 is-layout-flex wp-block-gallery-is-layout-flex\"><ul class=\"blocks-gallery-grid\"><li class=\"blocks-gallery-item\"><figure><img loading=\"lazy\" decoding=\"async\" width=\"768\" height=\"1024\" src=\"https:\/\/nikkeischolarship.org\/pt\/wp\/wp-content\/uploads\/2020\/03\/26.3yoshida_yosakoi-768x1024.jpg\" alt=\"\" data-id=\"283\" data-full-url=\"https:\/\/nikkeischolarship.org\/pt\/wp\/wp-content\/uploads\/2020\/03\/26.3yoshida_yosakoi.jpg\" data-link=\"https:\/\/nikkeischolarship.org\/pt\/?attachment_id=283\" class=\"wp-image-283\" srcset=\"https:\/\/nikkeischolarship.org\/pt\/wp\/wp-content\/uploads\/2020\/03\/26.3yoshida_yosakoi-768x1024.jpg 768w, https:\/\/nikkeischolarship.org\/pt\/wp\/wp-content\/uploads\/2020\/03\/26.3yoshida_yosakoi-225x300.jpg 225w, https:\/\/nikkeischolarship.org\/pt\/wp\/wp-content\/uploads\/2020\/03\/26.3yoshida_yosakoi.jpg 1108w\" sizes=\"auto, (max-width: 768px) 100vw, 768px\" \/><\/figure><\/li><li class=\"blocks-gallery-item\"><figure><img loading=\"lazy\" decoding=\"async\" width=\"1024\" height=\"683\" src=\"https:\/\/nikkeischolarship.org\/pt\/wp\/wp-content\/uploads\/2020\/03\/26.2yoshida_yosakoi2-1024x683.jpg\" alt=\"\" data-id=\"282\" data-full-url=\"https:\/\/nikkeischolarship.org\/pt\/wp\/wp-content\/uploads\/2020\/03\/26.2yoshida_yosakoi2.jpg\" data-link=\"https:\/\/nikkeischolarship.org\/pt\/?attachment_id=282\" class=\"wp-image-282\" srcset=\"https:\/\/nikkeischolarship.org\/pt\/wp\/wp-content\/uploads\/2020\/03\/26.2yoshida_yosakoi2-1024x683.jpg 1024w, https:\/\/nikkeischolarship.org\/pt\/wp\/wp-content\/uploads\/2020\/03\/26.2yoshida_yosakoi2-300x200.jpg 300w, https:\/\/nikkeischolarship.org\/pt\/wp\/wp-content\/uploads\/2020\/03\/26.2yoshida_yosakoi2-768x512.jpg 768w, https:\/\/nikkeischolarship.org\/pt\/wp\/wp-content\/uploads\/2020\/03\/26.2yoshida_yosakoi2-600x400.jpg 600w, https:\/\/nikkeischolarship.org\/pt\/wp\/wp-content\/uploads\/2020\/03\/26.2yoshida_yosakoi2.jpg 1500w\" sizes=\"auto, (max-width: 1024px) 100vw, 1024px\" \/><\/figure><\/li><\/ul><\/figure>\n","protected":false},"excerpt":{"rendered":"Porque escolhou o Jap\u00e3o para estudar? Fazer minha p\u00f3s-gradua\u00e7\u00e3o no Jap\u00e3o era o meu grande sonho desd...","protected":false},"author":1,"featured_media":0,"parent":0,"menu_order":0,"comment_status":"closed","ping_status":"closed","template":"","meta":{"footnotes":""},"class_list":["post-280","page","type-page","status-publish","hentry"],"_links":{"self":[{"href":"https:\/\/nikkeischolarship.org\/pt\/wp-json\/wp\/v2\/pages\/280","targetHints":{"allow":["GET"]}}],"collection":[{"href":"https:\/\/nikkeischolarship.org\/pt\/wp-json\/wp\/v2\/pages"}],"about":[{"href":"https:\/\/nikkeischolarship.org\/pt\/wp-json\/wp\/v2\/types\/page"}],"author":[{"embeddable":true,"href":"https:\/\/nikkeischolarship.org\/pt\/wp-json\/wp\/v2\/users\/1"}],"replies":[{"embeddable":true,"href":"https:\/\/nikkeischolarship.org\/pt\/wp-json\/wp\/v2\/comments?post=280"}],"version-history":[{"count":3,"href":"https:\/\/nikkeischolarship.org\/pt\/wp-json\/wp\/v2\/pages\/280\/revisions"}],"predecessor-version":[{"id":354,"href":"https:\/\/nikkeischolarship.org\/pt\/wp-json\/wp\/v2\/pages\/280\/revisions\/354"}],"wp:attachment":[{"href":"https:\/\/nikkeischolarship.org\/pt\/wp-json\/wp\/v2\/media?parent=280"}],"curies":[{"name":"wp","href":"https:\/\/api.w.org\/{rel}","templated":true}]}}