{"id":285,"date":"2020-03-06T11:09:44","date_gmt":"2020-03-06T02:09:44","guid":{"rendered":"https:\/\/nikkeischolarship.org\/pt\/?page_id=285"},"modified":"2022-01-21T17:57:33","modified_gmt":"2022-01-21T08:57:33","slug":"32nishimura","status":"publish","type":"page","link":"https:\/\/nikkeischolarship.org\/pt\/32nishimura\/","title":{"rendered":"32nishimura"},"content":{"rendered":"\n<figure class=\"wp-block-gallery columns-1 is-cropped wp-block-gallery-1 is-layout-flex wp-block-gallery-is-layout-flex\"><ul class=\"blocks-gallery-grid\"><li class=\"blocks-gallery-item\"><figure><img loading=\"lazy\" decoding=\"async\" width=\"1024\" height=\"821\" src=\"https:\/\/nikkeischolarship.org\/pt\/wp\/wp-content\/uploads\/2020\/03\/32.1nishimura_syamisen-1024x821.jpg\" alt=\"\" data-id=\"286\" data-full-url=\"https:\/\/nikkeischolarship.org\/pt\/wp\/wp-content\/uploads\/2020\/03\/32.1nishimura_syamisen.jpg\" data-link=\"https:\/\/nikkeischolarship.org\/pt\/?attachment_id=286\" class=\"wp-image-286\" srcset=\"https:\/\/nikkeischolarship.org\/pt\/wp\/wp-content\/uploads\/2020\/03\/32.1nishimura_syamisen-1024x821.jpg 1024w, https:\/\/nikkeischolarship.org\/pt\/wp\/wp-content\/uploads\/2020\/03\/32.1nishimura_syamisen-300x241.jpg 300w, https:\/\/nikkeischolarship.org\/pt\/wp\/wp-content\/uploads\/2020\/03\/32.1nishimura_syamisen-768x616.jpg 768w, https:\/\/nikkeischolarship.org\/pt\/wp\/wp-content\/uploads\/2020\/03\/32.1nishimura_syamisen.jpg 1197w\" sizes=\"auto, (max-width: 1024px) 100vw, 1024px\" \/><\/figure><\/li><\/ul><\/figure>\n\n\n\n<h3 class=\"midashi01\">Porque escolhou o Jap\u00e3o para estudar?<\/strong><\/h3>\n\n\n\n<p>Aos 11 anos de idade iniciei meus de estudos de canto de m\u00fasica japonesa (Kayokyoku) e aos 17 anos de idade, o estilo de m\u00fasica Minyo (m\u00fasica folcl\u00f3rica japonesa). Desde essa \u00e9poca, participei de v\u00e1rios eventos e concursos juntamente com os grupos de um estilo mais tradicional, Kaito Shamidaiko e Min, percorrendo em v\u00e1rios lugares do estado de S\u00e3o Paulo. Em 2013, criei um grupo de taiko na cidade onde moro, Mogi das Cruzes. Al\u00e9m do taiko, estava ensinando minyo e shamisen.<br>\nAos poucos, notei um grande interesse pelo minyo por parte das crian\u00e7as, e a partir disso, vi uma oportunidade para aprofundar meu conhecimento nessa \u00e1rea estudando no Jap\u00e3o.<\/p>\n\n\n\n<h3 class=\"midashi01\">Como \u00e9 a sua vida no Jap\u00e3o?<\/strong><\/h3>\n\n\n\n<p>Quando cheguei no Jap\u00e3o, n\u00e3o conseguia falar muito bem japon\u00eas, e por isso, tinha medo de ocorrer algum mal-entendido devido a isso. Por\u00e9m, gra\u00e7as \u00e0 ajuda e ao apoio do pessoal da Nikkei Scholarship e do pessoal da NFSA, minhas quest\u00f5es do dia a dia, como tamb\u00e9m a prepara\u00e7\u00e3o para entrar na universidade, foram tranquilas. Por ter eles ao nosso lado, percebi que n\u00e3o preciso me preocupar exacerbadamente.<\/p>\n\n\n\n<h3 class=\"midashi01\">Qual \u00e9 a forma de estudos e pesquisas?<\/strong><\/h3>\n\n\n\n<p>A partir de abril desse ano (2018), iniciei minha jornada de estudos no mestrado na \u00e1rea de musicologia da universidade Musashino. Como meu objetivo \u00e9 ensinar minyo suficientemente bem no Brasil, optei por pesquisar sobre os m\u00e9todos de ensino do minyo e atrav\u00e9s deste, poder conseguir adquirir um melhor m\u00e9todo para que possa ser aplic\u00e1vel ao pessoal do Brasil.<\/p>\n\n\n\n<h3 class=\"midashi01\">Atrav\u00e9s do estudo no exterior, houve alguma mudan\u00e7a na sua consci\u00eancia como Nikkei? <\/strong><\/h3>\n\n\n\n<p>Desde crian\u00e7a, tive uma vida voltada \u00e0 comunidade Nikkei, participando de v\u00e1rios eventos e festivais que se pareciam muitos com os do Jap\u00e3o. Sendo assim, j\u00e1 tinha consci\u00eancia de que eu tinha essa identidade de Nikkei, e sinto que mesmo depois de ter vindo ao Jap\u00e3o estudar, n\u00e3o mudou muito por enquanto. Por\u00e9m, ter essa oportunidade de estudar no Jap\u00e3o, atrav\u00e9s de um programa de bolsa de estudos muito bom para os descendentes japoneses, sinto que foi muito gratificante ser Nikkei. Al\u00e9m disso, atrav\u00e9s dessa oportunidade, poder ficar um tempo morando no Jap\u00e3o, terra dos meus av\u00f3s, \u00e9 muito emocionante e gra\u00e7as a eles, tenho essa chance de desfrutar. <\/p>\n\n\n\n<h3 class=\"midashi01\">Por favor conte-nos o seu sonho.<\/strong><\/h3>\n\n\n\n<p>Meu sonho \u00e9 ser uma excelente professora de m\u00fasica no Brasil. Gostaria de poder ensinar as m\u00fasicas japonesas \u00e0 todas as pessoas do Brasil, n\u00e3o somente para crian\u00e7as. Al\u00e9m disso, n\u00e3o somente a m\u00fasica, mas gostaria de ensinar as coisas boas que o Jap\u00e3o tem, e assim, poder expandir a cultura japonesa em todo o Brasil.<\/p>\n\n\n\n<h3 class=\"midashi01\">Deixe uma mensagem para aqueles que est\u00e3o pensando em estudar no exterior.<\/strong><\/h3>\n\n\n\n<p>Ao pessoal que est\u00e3o pensando em estudar no Jap\u00e3o,<br>\nSe voc\u00ea vier ao Jap\u00e3o, voc\u00ea conseguir\u00e1 obter v\u00e1rias experi\u00eancias que v\u00e3o contribuir para o seu crescimento pessoal.<br>\nPor isso, se voc\u00ea tiver a oportunidade de estudar no Jap\u00e3o, n\u00e3o hesite e aproveite essa chance!<\/p>\n\n\n\n<figure class=\"wp-block-gallery columns-1 is-cropped wp-block-gallery-2 is-layout-flex wp-block-gallery-is-layout-flex\"><ul class=\"blocks-gallery-grid\"><li class=\"blocks-gallery-item\"><figure><img loading=\"lazy\" decoding=\"async\" width=\"1024\" height=\"768\" src=\"https:\/\/nikkeischolarship.org\/pt\/wp\/wp-content\/uploads\/2020\/03\/32.2nishimura_omen-1024x768.jpg\" alt=\"\" data-id=\"287\" data-full-url=\"https:\/\/nikkeischolarship.org\/pt\/wp\/wp-content\/uploads\/2020\/03\/32.2nishimura_omen.jpg\" data-link=\"https:\/\/nikkeischolarship.org\/pt\/32nishimura\/32-2nishimura_omen\/\" class=\"wp-image-287\" srcset=\"https:\/\/nikkeischolarship.org\/pt\/wp\/wp-content\/uploads\/2020\/03\/32.2nishimura_omen-1024x768.jpg 1024w, https:\/\/nikkeischolarship.org\/pt\/wp\/wp-content\/uploads\/2020\/03\/32.2nishimura_omen-300x225.jpg 300w, https:\/\/nikkeischolarship.org\/pt\/wp\/wp-content\/uploads\/2020\/03\/32.2nishimura_omen-768x576.jpg 768w, https:\/\/nikkeischolarship.org\/pt\/wp\/wp-content\/uploads\/2020\/03\/32.2nishimura_omen.jpg 1478w\" sizes=\"auto, (max-width: 1024px) 100vw, 1024px\" \/><\/figure><\/li><\/ul><\/figure>\n\n\n\n<figure class=\"wp-block-gallery columns-1 is-cropped wp-block-gallery-3 is-layout-flex wp-block-gallery-is-layout-flex\"><ul class=\"blocks-gallery-grid\"><li class=\"blocks-gallery-item\"><figure><img loading=\"lazy\" decoding=\"async\" width=\"768\" height=\"1024\" src=\"https:\/\/nikkeischolarship.org\/pt\/wp\/wp-content\/uploads\/2020\/03\/32.3nishimura_ichigo-1-768x1024.jpg\" alt=\"\" data-id=\"289\" data-full-url=\"https:\/\/nikkeischolarship.org\/pt\/wp\/wp-content\/uploads\/2020\/03\/32.3nishimura_ichigo-1-scaled.jpg\" data-link=\"https:\/\/nikkeischolarship.org\/pt\/?attachment_id=289\" class=\"wp-image-289\" srcset=\"https:\/\/nikkeischolarship.org\/pt\/wp\/wp-content\/uploads\/2020\/03\/32.3nishimura_ichigo-1-768x1024.jpg 768w, https:\/\/nikkeischolarship.org\/pt\/wp\/wp-content\/uploads\/2020\/03\/32.3nishimura_ichigo-1-225x300.jpg 225w, https:\/\/nikkeischolarship.org\/pt\/wp\/wp-content\/uploads\/2020\/03\/32.3nishimura_ichigo-1-1152x1536.jpg 1152w, https:\/\/nikkeischolarship.org\/pt\/wp\/wp-content\/uploads\/2020\/03\/32.3nishimura_ichigo-1-1536x2048.jpg 1536w, https:\/\/nikkeischolarship.org\/pt\/wp\/wp-content\/uploads\/2020\/03\/32.3nishimura_ichigo-1-scaled.jpg 1920w\" sizes=\"auto, (max-width: 768px) 100vw, 768px\" \/><\/figure><\/li><\/ul><\/figure>\n","protected":false},"excerpt":{"rendered":"Porque escolhou o Jap\u00e3o para estudar? Aos 11 anos de idade iniciei meus de estudos de canto de m\u00fasic...","protected":false},"author":1,"featured_media":0,"parent":0,"menu_order":0,"comment_status":"closed","ping_status":"closed","template":"","meta":{"footnotes":""},"class_list":["post-285","page","type-page","status-publish","hentry"],"_links":{"self":[{"href":"https:\/\/nikkeischolarship.org\/pt\/wp-json\/wp\/v2\/pages\/285","targetHints":{"allow":["GET"]}}],"collection":[{"href":"https:\/\/nikkeischolarship.org\/pt\/wp-json\/wp\/v2\/pages"}],"about":[{"href":"https:\/\/nikkeischolarship.org\/pt\/wp-json\/wp\/v2\/types\/page"}],"author":[{"embeddable":true,"href":"https:\/\/nikkeischolarship.org\/pt\/wp-json\/wp\/v2\/users\/1"}],"replies":[{"embeddable":true,"href":"https:\/\/nikkeischolarship.org\/pt\/wp-json\/wp\/v2\/comments?post=285"}],"version-history":[{"count":3,"href":"https:\/\/nikkeischolarship.org\/pt\/wp-json\/wp\/v2\/pages\/285\/revisions"}],"predecessor-version":[{"id":380,"href":"https:\/\/nikkeischolarship.org\/pt\/wp-json\/wp\/v2\/pages\/285\/revisions\/380"}],"wp:attachment":[{"href":"https:\/\/nikkeischolarship.org\/pt\/wp-json\/wp\/v2\/media?parent=285"}],"curies":[{"name":"wp","href":"https:\/\/api.w.org\/{rel}","templated":true}]}}