{"id":311,"date":"2020-07-10T18:10:02","date_gmt":"2020-07-10T09:10:02","guid":{"rendered":"https:\/\/nikkeischolarship.org\/pt\/?page_id=311"},"modified":"2020-07-10T18:10:03","modified_gmt":"2020-07-10T09:10:03","slug":"37nishimura","status":"publish","type":"page","link":"https:\/\/nikkeischolarship.org\/pt\/37nishimura\/","title":{"rendered":"37nishimura"},"content":{"rendered":"\n<figure class=\"wp-block-image size-large\"><img loading=\"lazy\" decoding=\"async\" width=\"768\" height=\"1024\" src=\"https:\/\/nikkeischolarship.org\/pt\/wp\/wp-content\/uploads\/2020\/07\/IMG_0298-768x1024.jpeg\" alt=\"\" class=\"wp-image-312\" srcset=\"https:\/\/nikkeischolarship.org\/pt\/wp\/wp-content\/uploads\/2020\/07\/IMG_0298-768x1024.jpeg 768w, https:\/\/nikkeischolarship.org\/pt\/wp\/wp-content\/uploads\/2020\/07\/IMG_0298-225x300.jpeg 225w, https:\/\/nikkeischolarship.org\/pt\/wp\/wp-content\/uploads\/2020\/07\/IMG_0298-1152x1536.jpeg 1152w, https:\/\/nikkeischolarship.org\/pt\/wp\/wp-content\/uploads\/2020\/07\/IMG_0298-1536x2048.jpeg 1536w, https:\/\/nikkeischolarship.org\/pt\/wp\/wp-content\/uploads\/2020\/07\/IMG_0298-scaled.jpeg 1920w\" sizes=\"auto, (max-width: 768px) 100vw, 768px\" \/><\/figure>\n\n\n\n<h3 class=\"midashi01 wp-block-heading\">Porque escolhou o Jap\u00e3o para estudar?<\/h3>\n\n\n\n<p>Eu decidi estudar no jap\u00e3o, por varios motivos, o primerio seria que esse sempre foi o meu sonho desde crian\u00e7a, eu sempre sonhei em estudar no jap\u00e3o, grande parte por influencia do meu bisavo e avo que sempre me fizeram despertar o interesse na cultura japonesa. <br>\nOutro motivo seria para manter viva a conex\u00e3o entre minha familia brasileira e minha familia japonesa, por isso eu sempre vi a necessidade de aprender japones. <\/p>\n\n\n\n<h3 class=\"midashi01 wp-block-heading\">Como \u00e9 a sua vida no Jap\u00e3o?<\/h3>\n\n\n\n<p>Em quesitos de qualidade de vida, o jap\u00e3o \u00e9 um pa\u00eds muito bom. Diferente de algumas partes do brasil como todos sabem o jap\u00e3o \u00e9 uma pa\u00eds muito seguro, porem como minha cidade onde morava no brasil tamb\u00e9m \u00e9 muito segura eu ja estava acostumado, porem a maioria dos estrangeiros, se assusta com o qu\u00e3o seguro o jap\u00e3o. Sobre alimenta\u00e7\u00e3o o Jap\u00e3o apresenta uma variedade enorme de restaurantes, atualmente o jap\u00e3o apresenta um numero elevado de estrangeiros entao vo\u00e7e consegue encontrar todos os tipos de comida(S\u00f3 morei em tokyo entao nao sei se \u00e9 assim nas outras partes do jap\u00e3o)<br>\n\u3000O unico ponto negativo do jap\u00e3o \u00e9 a o custo de vida elevado, nesse aspecto a bolsa da mikkei scholarship \u00e9 uma ajuda divina pois sem eles n\u00e3o sei como conseguiria sustentar meus estudos no jap\u00e3o.<br>\nSobre Nikkei scholarship alem de oferecer ajuda financeira n\u00f3s sempre podemos contar com qualquer outro tipo de ajuda, pois a vida para quem nao est\u00e1 acostumado com a lingua ou cultura pode ser um tanto complicada, porem a Nikkei Scholarship sempre vai te ajudar em rela\u00e7\u00e3o a essas quest\u00f5es. <\/p>\n\n\n\n<h3 class=\"midashi01 wp-block-heading\">Qual \u00e9 a forma de estudos e pesquisas?<\/h3>\n\n\n\n<p>Atualmente eu estudo engenharia eletrica eletronica na universidade de tokai, estou no primeiro ano da faculdade e segundo ano da bolsa de estudos. Neste ano estou estudando os principios da engenharia, coisas como calculo, circuitos eletricos e algumas iniciacoes a materias expecificas como soldagem e construcao de veiculos. No futuro pretendo me aprofundar mais em relacao a motores eletricos. A universidade de tokai apresenta o projeto de &#8220;solar car&#8221; onde bianualmente eles competem numa corrida com o carro solar 100% montado na faculdade, se tudo ocorrer com planejado pretendo me juntar a essa ativade assim que possivel.<\/p>\n\n\n\n<h3 class=\"midashi01 wp-block-heading\">Atrav\u00e9s do estudo no exterior, houve alguma mudan\u00e7a na sua consci\u00eancia como Nikkei? <\/h3>\n\n\n\n<p>Minha perspectiva mudou muito, porem desde que eu era crianca eu sempre tive um envolvimente relativamente alto entao minha conciencia como nikkei nao mudou muito. Agora falando da perspectiva como nikkei esta muito maior, eu so tinha contato com nikkeis brasileiros mas depois de ter contato com nikkeis de todo mundo, eu entendi a extensao do que e ser realmente nikkei, o termo nikkei agora abranje muito mais. <\/p>\n\n\n\n<h3 class=\"midashi01 wp-block-heading\">Por favor conte-nos o seu sonho.<\/h3>\n\n\n\n<p>Meu sonho para o futuro \u00e9 tornar-se um engenheiro capaz de ajudar minha fam\u00edlia com nossa empresa. Quero garantir que todos os esfor\u00e7os que minha fam\u00edlia coloque n\u00e3o ser\u00e3o destru\u00eddos. Sonho em continuar seu legado. Eu tamb\u00e9m sonho em me tornar a ponte entre a fam\u00edlia nishimura do brasil e a fam\u00edlia nishimura do jap\u00e3o.<\/p>\n\n\n\n<h3 class=\"midashi01 wp-block-heading\">Deixe uma mensagem para aqueles que est\u00e3o pensando em estudar no exterior.<\/h3>\n\n\n\n<p>Nunca desista de seus sonhos, as vezes pode parecer impossivel, e muitas vezes seus planos podem nao ir como planejado, porem nao desista, pois esse esforco vai valer a pena no final.<\/p>\n\n\n\n<figure class=\"wp-block-image size-large\"><img loading=\"lazy\" decoding=\"async\" width=\"1024\" height=\"768\" src=\"https:\/\/nikkeischolarship.org\/pt\/wp\/wp-content\/uploads\/2020\/07\/IMG_3085-1024x768.jpeg\" alt=\"\" class=\"wp-image-313\" srcset=\"https:\/\/nikkeischolarship.org\/pt\/wp\/wp-content\/uploads\/2020\/07\/IMG_3085-1024x768.jpeg 1024w, https:\/\/nikkeischolarship.org\/pt\/wp\/wp-content\/uploads\/2020\/07\/IMG_3085-300x225.jpeg 300w, https:\/\/nikkeischolarship.org\/pt\/wp\/wp-content\/uploads\/2020\/07\/IMG_3085-768x576.jpeg 768w, https:\/\/nikkeischolarship.org\/pt\/wp\/wp-content\/uploads\/2020\/07\/IMG_3085-1536x1153.jpeg 1536w, https:\/\/nikkeischolarship.org\/pt\/wp\/wp-content\/uploads\/2020\/07\/IMG_3085.jpeg 2047w\" sizes=\"auto, (max-width: 1024px) 100vw, 1024px\" \/><\/figure>\n","protected":false},"excerpt":{"rendered":"Porque escolhou o Jap\u00e3o para estudar? Eu decidi estudar no jap\u00e3o, por varios motivos, o primerio ser...","protected":false},"author":3,"featured_media":312,"parent":0,"menu_order":0,"comment_status":"closed","ping_status":"closed","template":"","meta":{"footnotes":""},"class_list":["post-311","page","type-page","status-publish","has-post-thumbnail","hentry"],"_links":{"self":[{"href":"https:\/\/nikkeischolarship.org\/pt\/wp-json\/wp\/v2\/pages\/311","targetHints":{"allow":["GET"]}}],"collection":[{"href":"https:\/\/nikkeischolarship.org\/pt\/wp-json\/wp\/v2\/pages"}],"about":[{"href":"https:\/\/nikkeischolarship.org\/pt\/wp-json\/wp\/v2\/types\/page"}],"author":[{"embeddable":true,"href":"https:\/\/nikkeischolarship.org\/pt\/wp-json\/wp\/v2\/users\/3"}],"replies":[{"embeddable":true,"href":"https:\/\/nikkeischolarship.org\/pt\/wp-json\/wp\/v2\/comments?post=311"}],"version-history":[{"count":1,"href":"https:\/\/nikkeischolarship.org\/pt\/wp-json\/wp\/v2\/pages\/311\/revisions"}],"predecessor-version":[{"id":318,"href":"https:\/\/nikkeischolarship.org\/pt\/wp-json\/wp\/v2\/pages\/311\/revisions\/318"}],"wp:featuredmedia":[{"embeddable":true,"href":"https:\/\/nikkeischolarship.org\/pt\/wp-json\/wp\/v2\/media\/312"}],"wp:attachment":[{"href":"https:\/\/nikkeischolarship.org\/pt\/wp-json\/wp\/v2\/media?parent=311"}],"curies":[{"name":"wp","href":"https:\/\/api.w.org\/{rel}","templated":true}]}}