{"id":319,"date":"2020-07-10T18:16:35","date_gmt":"2020-07-10T09:16:35","guid":{"rendered":"https:\/\/nikkeischolarship.org\/pt\/?page_id=319"},"modified":"2020-07-10T18:16:36","modified_gmt":"2020-07-10T09:16:36","slug":"38niwa","status":"publish","type":"page","link":"https:\/\/nikkeischolarship.org\/pt\/38niwa\/","title":{"rendered":"38niwa"},"content":{"rendered":"\n<figure class=\"wp-block-image size-large\"><img loading=\"lazy\" decoding=\"async\" width=\"1024\" height=\"768\" src=\"https:\/\/nikkeischolarship.org\/pt\/wp\/wp-content\/uploads\/2020\/07\/\u6bcd\u3068.jpg\" alt=\"\" class=\"wp-image-317\" srcset=\"https:\/\/nikkeischolarship.org\/pt\/wp\/wp-content\/uploads\/2020\/07\/\u6bcd\u3068.jpg 1024w, https:\/\/nikkeischolarship.org\/pt\/wp\/wp-content\/uploads\/2020\/07\/\u6bcd\u3068-300x225.jpg 300w, https:\/\/nikkeischolarship.org\/pt\/wp\/wp-content\/uploads\/2020\/07\/\u6bcd\u3068-768x576.jpg 768w\" sizes=\"auto, (max-width: 1024px) 100vw, 1024px\" \/><\/figure>\n\n\n\n<h3 class=\"midashi01 wp-block-heading\">Porque escolhou o Jap\u00e3o para estudar?<\/h3>\n\n\n\n<p>Desde minha adolesc\u00eancia eu presenciei pela minha m\u00e3e a vida de estudante no Jap\u00e3o, cheguei at\u00e9 a morar com minha m\u00e3e enquanto ela estudava com a bolsa de estudos da NFSA na Universidade de Nagoya para o seu doutorado. Na \u00e9poca eu acreditava que estudar no Jap\u00e3o e seguir os passos da minha m\u00e3e era algo quase imposs\u00edvel, realmente um sonho, pois eu via todos os estudantes da bolsa de estudos como pessoas incr\u00edveis e quase super-her\u00f3is, por conseguir essa incr\u00edvel e rara oportunidade. Voltei para o Brasil e continuei os meus estudos, por um tempo foquei em encontrar minha paix\u00e3o e \u00e1rea que queria seguir para o meu futuro. Quando finalmente encontrei arquitetura, foquei nos estudos para ser uma aluna de destaque e durante o final da faculdade comecei a pensar, qual ser\u00e1 a pr\u00f3xima etapa? Queria continuar meus estudos em arquitetura e com ajuda dos incentivos da minha m\u00e3e, comecei a pesquisar sobre o estudo no Jap\u00e3o. Arquitetura no Jap\u00e3o \u00e9 muito diferente do Brasil e encontrei nisso uma incr\u00edvel oportunidade para crescer e ser destaque na minha \u00e1rea quando voltasse para o Brasil. <\/p>\n\n\n\n<h3 class=\"midashi01 wp-block-heading\">Como \u00e9 a sua vida no Jap\u00e3o?<\/h3>\n\n\n\n<p>Quando cheguei ao Jap\u00e3o eu tive poucas dificuldades, pois eu senti um grande apoio dos outros bolsistas da NFSA que sempre me ajudaram quando eu precisava, como uma fam\u00edlia. Isso fez o inicio da minha vida no Jap\u00e3o ser muito mais f\u00e1cil do que outras hist\u00f3rias que escutei de amigos que vieram morar no Jap\u00e3o. Morar no dormit\u00f3rio no primeiro ano tamb\u00e9m ajudou a fortalecer os meus la\u00e7os de amizade com os shinkis que entraram na bolsa de estudos comigo. E acredito que esse sentimento de fam\u00edlia que eu sinto dentro da bolsa \u00e9 tamb\u00e9m gra\u00e7as aos v\u00e1rios eventos que existem durante o ano que junta todos que est\u00e3o espalhados pelo Jap\u00e3o para trabalhar e participar juntos. A vida no Jap\u00e3o passa muito r\u00e1pido, muitas experi\u00eancias para viver, acredito que meu conselho seria aproveitar tudo ao m\u00e1ximo e tentar participar do que puder dentro do laborat\u00f3rio que entrar na universidade. Gra\u00e7as a essa bolsa de estudos tenho a oportunidade \u00fanica de estudar em uma boa universidade no Jap\u00e3o e enriquecer meus conhecimentos em design na arquitetura. <\/p>\n\n\n\n<h3 class=\"midashi01 wp-block-heading\">Qual \u00e9 a forma de estudos e pesquisas?<\/h3>\n\n\n\n<p>Estou no momento dentro do laborat\u00f3rio do professor Furuya Nobuaki, um dos melhores profissionais de arquitetura dentro da Universidade Waseda. Foi uma felicidade ser aceita neste laborat\u00f3rio que \u00e9 muito aberto para estrangeiros. No laborat\u00f3rio foco em projetos que envolvem design, pois este \u00e9 o meu foco em arquitetura no momento. Dois projetos que estou envolvida s\u00e3o sobre estudo de escolas japonesas que envolvem a natureza e outro \u00e9 de revitaliza\u00e7\u00e3o de uma \u00e1rea da cidade de Minokamo, cidade que estudei quando morei no Jap\u00e3o a mais de 10 anos atr\u00e1s. Vou iniciar minha pesquisa no ano de 2020 e o t\u00edtulo ainda n\u00e3o foi definido, mas ser\u00e1 na \u00e1rea de design em arquitetura que envolve o Brasil e o Jap\u00e3o. Envolvendo tamb\u00e9m o norte do Brasil e compara\u00e7\u00e3o entre os dois pa\u00edses. <\/p>\n\n\n\n<h3 class=\"midashi01 wp-block-heading\">Atrav\u00e9s do estudo no exterior, houve alguma mudan\u00e7a na sua consci\u00eancia como Nikkei? <\/h3>\n\n\n\n<p>Com certeza. Eu sempre morei no norte do Brasil e o \u00fanico contato que eu tinha com a cultura japonesa era saber que eu era descendente. Cresci sabendo que era Nikkei e n\u00e3o via isso como algo a se pensar muito, era natural. Por\u00e9m, desde que entrei na bolsa de estudos e comecei a escutar hist\u00f3rias, palestras, conversas com amigos, entre outros sobre a vida Nikkei, comecei a pensar mais sobre o assunto e ver at\u00e9 mesmo as minhas experi\u00eancias na vida. Hoje tenho maior consci\u00eancia do que \u00e9 ser Nikkei, dessa minha conex\u00e3o com ambos os pa\u00edses, minha responsabilidade de representar ambos, o Jap\u00e3o quando estou no Brasil, e o Brasil quando estou no Jap\u00e3o. <\/p>\n\n\n\n<h3 class=\"midashi01 wp-block-heading\">Por favor conte-nos o seu sonho.<\/h3>\n\n\n\n<p>Meu sonho neste momento \u00e9 poder usar o que aprendi no Jap\u00e3o para minha vida, n\u00e3o apenas o que eu aprendi dentro da universidade, mas tamb\u00e9m a experi\u00eancia de viver no Jap\u00e3o sozinha, algo que me ensinou muito. No meu pa\u00eds espero poder trabalhar na minha \u00e1rea e ser independente. Quando voltar para o Brasil, espero poder trabalhar por um tempo como docente e abrir um escrit\u00f3rio de arquitetura onde poderei usar combina\u00e7\u00f5es da arquitetura do Brasil e do Jap\u00e3o. <\/p>\n\n\n\n<h3 class=\"midashi01 wp-block-heading\">Deixe uma mensagem para aqueles que est\u00e3o pensando em estudar no exterior.<\/h3>\n\n\n\n<p>Tente! Sei que pode ser um pouco assustador tentar uma bolsa de estudos como essa. Todos possuem o medo de tentar e n\u00e3o conseguir, como tudo na vida. Mas como em muitas situa\u00e7\u00f5es na vida, aqui n\u00e3o tem nada a perder e mesmo que n\u00e3o consiga na primeira, tente novamente! Tente at\u00e9 conseguir, aprenda com os erros do passado, aproveitem que a bolsa \u00e9 ate os 35 anos de idade, pe\u00e7a ajuda para pessoas que est\u00e3o dentro da bolsa de estudos ou ex-bolsistas, todos v\u00e3o ajudar! Sei disso, pois foi o que eu fiz, pedi ajuda para v\u00e1rios ex-bolsistas al\u00e9m da minha m\u00e3e. Ter a oportunidade de estudar em um pa\u00eds de primeiro mundo como o Jap\u00e3o \u00e9 para poucos, e com tudo pago \u00e9 mais raro ainda. Precisa usar a oportunidade de ser Nikkei e os incentivos que temos em estudos no Jap\u00e3o. E acima de tudo, enfrentar o primeiro passo para isso, o medo de &#8220;n\u00e3o ser o suficiente\u00b4\u00b4. Encontre a confian\u00e7a, se arrisque e tente. <\/p>\n\n\n\n<figure class=\"wp-block-gallery columns-2 is-cropped wp-block-gallery-1 is-layout-flex wp-block-gallery-is-layout-flex\"><ul class=\"blocks-gallery-grid\"><li class=\"blocks-gallery-item\"><figure><img loading=\"lazy\" decoding=\"async\" width=\"1024\" height=\"682\" src=\"https:\/\/nikkeischolarship.org\/pt\/wp\/wp-content\/uploads\/2020\/07\/\u7814\u7a76\u5ba4.jpg\" alt=\"\" data-id=\"315\" data-full-url=\"https:\/\/nikkeischolarship.org\/pt\/wp\/wp-content\/uploads\/2020\/07\/\u7814\u7a76\u5ba4.jpg\" data-link=\"https:\/\/nikkeischolarship.org\/pt\/37nishimura\/%e7%a0%94%e7%a9%b6%e5%ae%a4\/\" class=\"wp-image-315\" srcset=\"https:\/\/nikkeischolarship.org\/pt\/wp\/wp-content\/uploads\/2020\/07\/\u7814\u7a76\u5ba4.jpg 1024w, https:\/\/nikkeischolarship.org\/pt\/wp\/wp-content\/uploads\/2020\/07\/\u7814\u7a76\u5ba4-300x200.jpg 300w, https:\/\/nikkeischolarship.org\/pt\/wp\/wp-content\/uploads\/2020\/07\/\u7814\u7a76\u5ba4-768x512.jpg 768w, https:\/\/nikkeischolarship.org\/pt\/wp\/wp-content\/uploads\/2020\/07\/\u7814\u7a76\u5ba4-600x400.jpg 600w\" sizes=\"auto, (max-width: 1024px) 100vw, 1024px\" \/><\/figure><\/li><li class=\"blocks-gallery-item\"><figure><img loading=\"lazy\" decoding=\"async\" width=\"960\" height=\"720\" src=\"https:\/\/nikkeischolarship.org\/pt\/wp\/wp-content\/uploads\/2020\/07\/\u6d77\u5916\u65e5\u7cfb\u4eba\u5927\u4f1a.jpg\" alt=\"\" data-id=\"314\" data-full-url=\"https:\/\/nikkeischolarship.org\/pt\/wp\/wp-content\/uploads\/2020\/07\/\u6d77\u5916\u65e5\u7cfb\u4eba\u5927\u4f1a.jpg\" data-link=\"https:\/\/nikkeischolarship.org\/pt\/37nishimura\/%e6%b5%b7%e5%a4%96%e6%97%a5%e7%b3%bb%e4%ba%ba%e5%a4%a7%e4%bc%9a\/\" class=\"wp-image-314\" srcset=\"https:\/\/nikkeischolarship.org\/pt\/wp\/wp-content\/uploads\/2020\/07\/\u6d77\u5916\u65e5\u7cfb\u4eba\u5927\u4f1a.jpg 960w, https:\/\/nikkeischolarship.org\/pt\/wp\/wp-content\/uploads\/2020\/07\/\u6d77\u5916\u65e5\u7cfb\u4eba\u5927\u4f1a-300x225.jpg 300w, https:\/\/nikkeischolarship.org\/pt\/wp\/wp-content\/uploads\/2020\/07\/\u6d77\u5916\u65e5\u7cfb\u4eba\u5927\u4f1a-768x576.jpg 768w\" sizes=\"auto, (max-width: 960px) 100vw, 960px\" \/><\/figure><\/li><\/ul><\/figure>\n","protected":false},"excerpt":{"rendered":"Porque escolhou o Jap\u00e3o para estudar? Desde minha adolesc\u00eancia eu presenciei pela minha m\u00e3e a vida d...","protected":false},"author":3,"featured_media":0,"parent":0,"menu_order":0,"comment_status":"closed","ping_status":"closed","template":"","meta":{"footnotes":""},"class_list":["post-319","page","type-page","status-publish","hentry"],"_links":{"self":[{"href":"https:\/\/nikkeischolarship.org\/pt\/wp-json\/wp\/v2\/pages\/319","targetHints":{"allow":["GET"]}}],"collection":[{"href":"https:\/\/nikkeischolarship.org\/pt\/wp-json\/wp\/v2\/pages"}],"about":[{"href":"https:\/\/nikkeischolarship.org\/pt\/wp-json\/wp\/v2\/types\/page"}],"author":[{"embeddable":true,"href":"https:\/\/nikkeischolarship.org\/pt\/wp-json\/wp\/v2\/users\/3"}],"replies":[{"embeddable":true,"href":"https:\/\/nikkeischolarship.org\/pt\/wp-json\/wp\/v2\/comments?post=319"}],"version-history":[{"count":1,"href":"https:\/\/nikkeischolarship.org\/pt\/wp-json\/wp\/v2\/pages\/319\/revisions"}],"predecessor-version":[{"id":320,"href":"https:\/\/nikkeischolarship.org\/pt\/wp-json\/wp\/v2\/pages\/319\/revisions\/320"}],"wp:attachment":[{"href":"https:\/\/nikkeischolarship.org\/pt\/wp-json\/wp\/v2\/media?parent=319"}],"curies":[{"name":"wp","href":"https:\/\/api.w.org\/{rel}","templated":true}]}}